{"id":3500,"date":"2020-11-12T14:19:19","date_gmt":"2020-11-12T13:19:19","guid":{"rendered":"http:\/\/dev.papercut.pl\/tfi\/?page_id=3500"},"modified":"2020-11-27T12:34:03","modified_gmt":"2020-11-27T11:34:03","slug":"csr-2","status":"publish","type":"page","link":"https:\/\/dev.papercut.pl\/tfi\/en\/informacje\/csr-2\/","title":{"rendered":"CSR"},"content":{"rendered":"\r\n<div class=\"main\">\r\n    <div class=\"main__bg\" style=\"background-image: url(https:\/\/dev.papercut.pl\/tfi\/wp-content\/uploads\/2020\/11\/informacje_v5.png);\"><\/div>\r\n    <div class=\"main__bg2\" style=\"background-image: url(https:\/\/dev.papercut.pl\/tfi\/wp-content\/uploads\/2020\/10\/cover_basicU.png);\"><\/div>\r\n    <div class=\"container\">\r\n        <div class=\"main__wrapper\">\r\n            <div>\r\n                                    <span class=\"subtitle\" data-aos=\"fade-up\" data-aos-delay=\"100\">CSR <\/span>\r\n                                <h1 class=\"h1\" data-aos=\"fade-up\" data-aos-delay=\"200\">We support.<\/h1>\r\n            <\/div>\r\n\r\n            <a class=\"scroll-down\" href=\"#\" data-aos=\"fade-up\" data-aos-delay=\"400\">\r\n                <span>Dowiedz si\u0119 wi\u0119cej<\/span>\r\n                <span class=\"icon icon-arrow-down\"><svg xmlns=\"http:\/\/www.w3.org\/2000\/svg\" width=\"50\" height=\"50\" viewBox=\"0 0 50 50\"><g transform=\"translate(50 50) rotate(180)\"><g fill=\"#fff\" stroke=\"#fff\" stroke-width=\"2\"><circle cx=\"25\" cy=\"25\" r=\"25\" stroke=\"none\"\/><circle cx=\"25\" cy=\"25\" r=\"24\" fill=\"none\"\/><\/g><path d=\"M9,0,7.364,1.636l6.195,6.195H0v2.338H13.558L7.364,16.364,9,18l9-9Z\" transform=\"translate(16 34) rotate(-90)\"\/><\/g><\/svg><\/span>\r\n            <\/a>\r\n        <\/div>\r\n    <\/div>\r\n<\/div>\n\n\n<div class=\"wp-block-group\"><div class=\"wp-block-group__inner-container\">\n<div class=\"wp-block-columns\">\n<div class=\"wp-block-column\">\n<h3 class=\"fade-right\">We support!<\/h3>\n\n\n\n<p>FORUM TFI is created by people whose distinguishing characteristics are openness, sensitivity and willingness to support people who were less fortunate in life.<\/p>\n\n\n\n<p>Together we search for solutions that can better the quality of life of the most needy. We believe that even the smallest help can bring great results.<\/p>\n<\/div>\n\n\n\n<div class=\"wp-block-column\">\n<figure class=\"wp-block-image size-large fade-up\"><img loading=\"lazy\" width=\"1138\" height=\"526\" src=\"http:\/\/dev.papercut.pl\/tfi\/wp-content\/uploads\/2020\/10\/Wspieramy.jpg\" alt=\"\" class=\"wp-image-3251\" srcset=\"https:\/\/dev.papercut.pl\/tfi\/wp-content\/uploads\/2020\/10\/Wspieramy.jpg 1138w, https:\/\/dev.papercut.pl\/tfi\/wp-content\/uploads\/2020\/10\/Wspieramy-1000x462.jpg 1000w, https:\/\/dev.papercut.pl\/tfi\/wp-content\/uploads\/2020\/10\/Wspieramy-768x355.jpg 768w\" sizes=\"(max-width: 1138px) 100vw, 1138px\" \/><\/figure>\n<\/div>\n<\/div>\n<\/div><\/div>\n\n\n\n<div class=\"wp-block-group has-green-background-color has-background\"><div class=\"wp-block-group__inner-container\">\n<h4 class=\"has-text-align-left\"><em><em>&#8222;I really appreciate that the company joins in on grassroots initiatives and supports the idea of aiding others.\u201d<\/em><\/em><\/h4>\n\n\n\n<p class=\"has-text-align-right\"><strong>Bartosz Pos\u0142uszny<\/strong><\/p>\n<\/div><\/div>\n\n\n\n<div class=\"wp-block-group has-gray-background-color has-background\"><div class=\"wp-block-group__inner-container\">\n<div class=\"wp-block-columns\">\n<div class=\"wp-block-column\">\n<h3 class=\"fade-right\">Akcje charytatywne<\/h3>\n\n\n\n<p>The initiatives of our employees always raise the teams\u2019 levels of empathy. The FORUM TFI Board always supports such activities, multiplying the collected assets.<\/p>\n\n\n\n<p>Recently, our team has taken part in the following events:<\/p>\n<\/div>\n\n\n\n<div class=\"wp-block-column\">\n<div class=\"wp-block-group is-style-right-slider\"><div class=\"wp-block-group__inner-container\">\n<figure class=\"wp-block-image size-large\"><img loading=\"lazy\" width=\"86\" height=\"86\" src=\"http:\/\/dev.papercut.pl\/tfi\/wp-content\/uploads\/2020\/10\/5_2.png\" alt=\"\" class=\"wp-image-3111\"\/><figcaption>\u201eSzlachetna paczka po swojemu\u201d &#8211; significant support for several families from villages near Cracow.<\/figcaption><\/figure>\n\n\n\n<figure class=\"wp-block-image size-large\"><img loading=\"lazy\" width=\"87\" height=\"84\" src=\"http:\/\/dev.papercut.pl\/tfi\/wp-content\/uploads\/2020\/10\/9.png\" alt=\"\" class=\"wp-image-3064\"\/><figcaption>\u201ePaczki od \u015awi\u0119tego Miko\u0142aja\u201d &#8211; gifts for children living in various villages near Cracow.<\/figcaption><\/figure>\n\n\n\n<figure class=\"wp-block-image size-large\"><img loading=\"lazy\" width=\"64\" height=\"85\" src=\"http:\/\/dev.papercut.pl\/tfi\/wp-content\/uploads\/2020\/10\/5_3.png\" alt=\"\" class=\"wp-image-3112\"\/><figcaption>&#8222;Krak\u00f3w Business Run&#8221; &#8211; a charity relay supporting fundation, helping amputees on an every basis.<\/figcaption><\/figure>\n\n\n\n<figure class=\"wp-block-image size-large\"><img loading=\"lazy\" width=\"95\" height=\"86\" src=\"http:\/\/dev.papercut.pl\/tfi\/wp-content\/uploads\/2020\/10\/5_1.png\" alt=\"\" class=\"wp-image-3110\"\/><figcaption>A collection campaign for necessities given to the Cracow Food Bank branch.<\/figcaption><\/figure>\n<\/div><\/div>\n<\/div>\n<\/div>\n<\/div><\/div>\n\n\n\n<div class=\"wp-block-group size-large is-resized is-style-default fade-up has-red-background-color has-background\"><div class=\"wp-block-group__inner-container\">\n<div class=\"wp-block-group is-style-counter-wrapper\"><div class=\"wp-block-group__inner-container\">\r\n<div class=\"counter\">\r\n    <div class=\"counter__number is-style-h2\" data-units=\"\" data-counter=\"648\">0<\/div>\r\n    <p class=\"counter__subtitle\">kg collected necessities as a means to help the needy<\/p>\r\n<\/div>\n\n\r\n<div class=\"counter\">\r\n    <div class=\"counter__number is-style-h2\" data-units=\"\" data-counter=\"23\">0<\/div>\r\n    <p class=\"counter__subtitle\">given smiles to children in care of the &#8222;\u0141anowa&#8221; social welfare homes<\/p>\r\n<\/div>\n\n\r\n<div class=\"counter\">\r\n    <div class=\"counter__number is-style-h2\" data-units=\"\" data-counter=\"13\">0<\/div>\r\n    <p class=\"counter__subtitle\">families were supported with nescessary equipment<\/p>\r\n<\/div><\/div><\/div>\n\n\n\n<h5 class=\"has-text-align-center\">We also proudly support families of children affected with incurable diseases. In cooperation of the Lesser Poland Hospice for Children, we finance recreational camps for children under the hospice\u2019s care during the winter and summer holidays.<\/h5>\n<\/div><\/div>\n\n\n\n<div class=\"wp-block-group has-gray-background-color has-background\"><div class=\"wp-block-group__inner-container\">\n<div class=\"wp-block-columns\">\n<div class=\"wp-block-column\">\n<h2 class=\"fade-right\">Why is it worth to work in Forum?<\/h2>\n\n\n\n<p><\/p>\n\n\n\n<p><strong>We are a brand that has existed on the market since 2007, so far we\u2019ve managed to create many innovative projects in line with our motto: \u201egroundbreaking solutions\u201d. We like being pioneers in what we do, we gladly take up challenges and talk to each other openly.<\/strong><\/p>\n\n\n\n<p class=\"has-dark-gray-color has-text-color\"><strong> <\/strong><\/p>\n<\/div>\n\n\n\n<div class=\"wp-block-column\">\n<div class=\"wp-block-group is-style-right-slider\"><div class=\"wp-block-group__inner-container\">\n<figure class=\"wp-block-image size-large is-style-default\"><img loading=\"lazy\" width=\"83\" height=\"84\" src=\"http:\/\/dev.papercut.pl\/tfi\/wp-content\/uploads\/2020\/10\/29.png\" alt=\"\" class=\"wp-image-3084\"\/><figcaption>Innovation projects.<\/figcaption><\/figure>\n\n\n\n<figure class=\"wp-block-image size-large is-style-default\"><img loading=\"lazy\" width=\"85\" height=\"84\" src=\"http:\/\/dev.papercut.pl\/tfi\/wp-content\/uploads\/2020\/10\/30.png\" alt=\"\" class=\"wp-image-3085\"\/><figcaption>Unique experience.<\/figcaption><\/figure>\n\n\n\n<figure class=\"wp-block-image size-large is-style-default\"><img loading=\"lazy\" width=\"93\" height=\"84\" src=\"http:\/\/dev.papercut.pl\/tfi\/wp-content\/uploads\/2020\/10\/31.png\" alt=\"\" class=\"wp-image-3086\"\/><figcaption>Great atmosphere.<\/figcaption><\/figure>\n<\/div><\/div>\n<\/div>\n<\/div>\n<\/div><\/div>\n","protected":false},"excerpt":{"rendered":"","protected":false},"author":3,"featured_media":0,"parent":1961,"menu_order":60,"comment_status":"closed","ping_status":"closed","template":"","meta":[],"_links":{"self":[{"href":"https:\/\/dev.papercut.pl\/tfi\/wp-json\/wp\/v2\/pages\/3500"}],"collection":[{"href":"https:\/\/dev.papercut.pl\/tfi\/wp-json\/wp\/v2\/pages"}],"about":[{"href":"https:\/\/dev.papercut.pl\/tfi\/wp-json\/wp\/v2\/types\/page"}],"author":[{"embeddable":true,"href":"https:\/\/dev.papercut.pl\/tfi\/wp-json\/wp\/v2\/users\/3"}],"replies":[{"embeddable":true,"href":"https:\/\/dev.papercut.pl\/tfi\/wp-json\/wp\/v2\/comments?post=3500"}],"version-history":[{"count":3,"href":"https:\/\/dev.papercut.pl\/tfi\/wp-json\/wp\/v2\/pages\/3500\/revisions"}],"predecessor-version":[{"id":4211,"href":"https:\/\/dev.papercut.pl\/tfi\/wp-json\/wp\/v2\/pages\/3500\/revisions\/4211"}],"up":[{"embeddable":true,"href":"https:\/\/dev.papercut.pl\/tfi\/wp-json\/wp\/v2\/pages\/1961"}],"wp:attachment":[{"href":"https:\/\/dev.papercut.pl\/tfi\/wp-json\/wp\/v2\/media?parent=3500"}],"curies":[{"name":"wp","href":"https:\/\/api.w.org\/{rel}","templated":true}]}}