{"id":3490,"date":"2020-11-12T13:54:25","date_gmt":"2020-11-12T12:54:25","guid":{"rendered":"http:\/\/dev.papercut.pl\/tfi\/?page_id=3490"},"modified":"2020-11-26T12:38:00","modified_gmt":"2020-11-26T11:38:00","slug":"information-for-shareholders","status":"publish","type":"page","link":"https:\/\/dev.papercut.pl\/tfi\/en\/informacje\/information-for-shareholders\/","title":{"rendered":"Information for Shareholders"},"content":{"rendered":"\r\n<div class=\"main\">\r\n    <div class=\"main__bg\" style=\"background-image: url(https:\/\/dev.papercut.pl\/tfi\/wp-content\/uploads\/2020\/11\/zdj-nowe-1-1.png);\"><\/div>\r\n    <div class=\"main__bg2\" style=\"background-image: url(https:\/\/dev.papercut.pl\/tfi\/wp-content\/uploads\/2020\/10\/cover_leningU.png);\"><\/div>\r\n    <div class=\"container\">\r\n        <div class=\"main__wrapper\">\r\n            <div>\r\n                                <h1 class=\"h1\" data-aos=\"fade-up\" data-aos-delay=\"200\">Information for Shareholders<\/h1>\r\n            <\/div>\r\n\r\n            <a class=\"scroll-down\" href=\"#\" data-aos=\"fade-up\" data-aos-delay=\"400\">\r\n                <span>Dowiedz si\u0119 wi\u0119cej<\/span>\r\n                <span class=\"icon icon-arrow-down\"><svg xmlns=\"http:\/\/www.w3.org\/2000\/svg\" width=\"50\" height=\"50\" viewBox=\"0 0 50 50\"><g transform=\"translate(50 50) rotate(180)\"><g fill=\"#fff\" stroke=\"#fff\" stroke-width=\"2\"><circle cx=\"25\" cy=\"25\" r=\"25\" stroke=\"none\"\/><circle cx=\"25\" cy=\"25\" r=\"24\" fill=\"none\"\/><\/g><path d=\"M9,0,7.364,1.636l6.195,6.195H0v2.338H13.558L7.364,16.364,9,18l9-9Z\" transform=\"translate(16 34) rotate(-90)\"\/><\/g><\/svg><\/span>\r\n            <\/a>\r\n        <\/div>\r\n    <\/div>\r\n<\/div>\n\n\n<div class=\"wp-block-group is-style-letter-wrapper\"><div class=\"wp-block-group__inner-container\">\n<div class=\"wp-block-columns\">\n<div class=\"wp-block-column\">\n<h3><br>A call to submit share documents in the company<\/h3>\n\n\n\n<p class=\"has-green-color has-text-color\"><a href=\"http:\/\/dev.papercut.pl\/tfi\/wp-content\/uploads\/2020\/11\/1_30.09.2020_wezwanie-do-zlozenia-akcji.pdf\" target=\"_blank\" rel=\"noreferrer noopener\">Wezwanie do z\u0142o\u017cenia dokument\u00f3w akcji w sp\u00f3\u0142ce<\/a><br><a href=\"http:\/\/dev.papercut.pl\/tfi\/wp-content\/uploads\/2020\/11\/2_wezwanie_do_zlozenia_akcji.pdf\" target=\"_blank\" rel=\"noreferrer noopener\">Wezwanie do z\u0142o\u017cenia dokument\u00f3w akcji w sp\u00f3\u0142ce<\/a><\/p>\n<\/div>\n\n\n\n<div class=\"wp-block-column\">\n<figure class=\"wp-block-image size-large fade-up is-style-with-letter\"><img loading=\"lazy\" width=\"747\" height=\"575\" src=\"http:\/\/dev.papercut.pl\/tfi\/wp-content\/uploads\/2020\/07\/typek_2.png\" alt=\"\" class=\"wp-image-2029\"\/><\/figure>\n<\/div>\n<\/div>\n<\/div><\/div>\n","protected":false},"excerpt":{"rendered":"","protected":false},"author":3,"featured_media":0,"parent":1961,"menu_order":56,"comment_status":"closed","ping_status":"closed","template":"","meta":[],"_links":{"self":[{"href":"https:\/\/dev.papercut.pl\/tfi\/wp-json\/wp\/v2\/pages\/3490"}],"collection":[{"href":"https:\/\/dev.papercut.pl\/tfi\/wp-json\/wp\/v2\/pages"}],"about":[{"href":"https:\/\/dev.papercut.pl\/tfi\/wp-json\/wp\/v2\/types\/page"}],"author":[{"embeddable":true,"href":"https:\/\/dev.papercut.pl\/tfi\/wp-json\/wp\/v2\/users\/3"}],"replies":[{"embeddable":true,"href":"https:\/\/dev.papercut.pl\/tfi\/wp-json\/wp\/v2\/comments?post=3490"}],"version-history":[{"count":5,"href":"https:\/\/dev.papercut.pl\/tfi\/wp-json\/wp\/v2\/pages\/3490\/revisions"}],"predecessor-version":[{"id":5493,"href":"https:\/\/dev.papercut.pl\/tfi\/wp-json\/wp\/v2\/pages\/3490\/revisions\/5493"}],"up":[{"embeddable":true,"href":"https:\/\/dev.papercut.pl\/tfi\/wp-json\/wp\/v2\/pages\/1961"}],"wp:attachment":[{"href":"https:\/\/dev.papercut.pl\/tfi\/wp-json\/wp\/v2\/media?parent=3490"}],"curies":[{"name":"wp","href":"https:\/\/api.w.org\/{rel}","templated":true}]}}