{"id":3404,"date":"2020-11-10T15:40:11","date_gmt":"2020-11-10T14:40:11","guid":{"rendered":"http:\/\/dev.papercut.pl\/tfi\/?page_id=3404"},"modified":"2020-11-13T17:36:02","modified_gmt":"2020-11-13T16:36:02","slug":"contact","status":"publish","type":"page","link":"https:\/\/dev.papercut.pl\/tfi\/en\/contact\/","title":{"rendered":"Contact"},"content":{"rendered":"\r\n<div class=\"main\">\r\n    <div class=\"main__bg\" style=\"background-image: url(https:\/\/dev.papercut.pl\/tfi\/wp-content\/uploads\/2020\/11\/kontakt-v0.png);\"><\/div>\r\n    <div class=\"main__bg2\" style=\"background-image: url(https:\/\/dev.papercut.pl\/tfi\/wp-content\/uploads\/2020\/10\/cover_sideU.png);\"><\/div>\r\n    <div class=\"container\">\r\n        <div class=\"main__wrapper\">\r\n            <div>\r\n                                    <span class=\"subtitle\" data-aos=\"fade-up\" data-aos-delay=\"100\">Say friendly hello<\/span>\r\n                                <h1 class=\"h1\" data-aos=\"fade-up\" data-aos-delay=\"200\">Contact details<\/h1>\r\n            <\/div>\r\n\r\n            <a class=\"scroll-down\" href=\"#\" data-aos=\"fade-up\" data-aos-delay=\"400\">\r\n                <span>Dowiedz si\u0119 wi\u0119cej<\/span>\r\n                <span class=\"icon icon-arrow-down\"><svg xmlns=\"http:\/\/www.w3.org\/2000\/svg\" width=\"50\" height=\"50\" viewBox=\"0 0 50 50\"><g transform=\"translate(50 50) rotate(180)\"><g fill=\"#fff\" stroke=\"#fff\" stroke-width=\"2\"><circle cx=\"25\" cy=\"25\" r=\"25\" stroke=\"none\"\/><circle cx=\"25\" cy=\"25\" r=\"24\" fill=\"none\"\/><\/g><path d=\"M9,0,7.364,1.636l6.195,6.195H0v2.338H13.558L7.364,16.364,9,18l9-9Z\" transform=\"translate(16 34) rotate(-90)\"\/><\/g><\/svg><\/span>\r\n            <\/a>\r\n        <\/div>\r\n    <\/div>\r\n<\/div>\n\n\n<div class=\"wp-block-group\"><div class=\"wp-block-group__inner-container\">\n<div class=\"wp-block-columns\">\n<div class=\"wp-block-column\">\n<h3>Contact details<\/h3>\n\n\n\n<p><strong>30-701 Cracow<br>Zablocie 25\/20 st.<\/strong><\/p>\n\n\n\n<p class=\"has-red-color has-text-color\"><a href=\"https:\/\/www.google.com\/maps\/place\/FORUM+Towarzystwo+Funduszy+Inwestycyjnych+S.A.\/@50.0497094,19.9591154,17z\/data=!3m1!4b1!4m5!3m4!1s0x47165b1381c0b157:0x350551fe04c43dde!8m2!3d50.049706!4d19.961304\"><strong>See on Google Maps<\/strong><\/a><\/p>\n\n\n\n<p><strong>Tel.: +48 12 429 55 93 or +48 12 429 90 09<\/strong><\/p>\n\n\n\n<p>FORUM Towarzystwo Funduszy Inwestycyjnych S.A., with its registered seat in Krak\u00f3w, at Zablocie st. 25\/20, registered in the District Court for Krak\u00f3w \u2013 \u015ar\u00f3dmie\u015bcie, XI Commercial Division of the National Court Register, under KRS number 0000264440, NIP Tax Identification Number 677 22 78 460, REGON Statistical Number 120297174, share capital of PLN 1,000,000.00, paid-up capital of PLN 1,000,000.00.<\/p>\n<\/div>\n\n\n\n<div class=\"wp-block-column\" style=\"flex-basis:5.4%\"><\/div>\n\n\n\n<div class=\"wp-block-column\">\n<h3>Contact form <\/h3>\n\n\n\n<p class=\"has-red-color has-text-color\"><strong><a href=\"http:\/\/dev.papercut.pl\/tfi\" data-type=\"page\">F<\/a><\/strong><strong><a href=\"http:\/\/dev.papercut.pl\/tfi\" data-type=\"page\">i<\/a><\/strong><strong><a href=\"http:\/\/dev.papercut.pl\/tfi\" data-type=\"page\">n<\/a><\/strong><strong><a href=\"http:\/\/dev.papercut.pl\/tfi\" data-type=\"page\">d<\/a><\/strong><strong><a href=\"http:\/\/dev.papercut.pl\/tfi\" data-type=\"page\"> <\/a><\/strong><strong><a href=\"http:\/\/dev.papercut.pl\/tfi\" data-type=\"page\">o<\/a><\/strong><strong><a href=\"http:\/\/dev.papercut.pl\/tfi\" data-type=\"page\">u<\/a><\/strong><strong><a href=\"http:\/\/dev.papercut.pl\/tfi\" data-type=\"page\">t<\/a><\/strong><strong><a href=\"http:\/\/dev.papercut.pl\/tfi\" data-type=\"page\"> <\/a><\/strong><strong><a href=\"http:\/\/dev.papercut.pl\/tfi\" data-type=\"page\">R<\/a><\/strong><strong><a href=\"http:\/\/dev.papercut.pl\/tfi\" data-type=\"page\">O<\/a><\/strong><strong><a href=\"http:\/\/dev.papercut.pl\/tfi\" data-type=\"page\">D<\/a><\/strong><strong><a href=\"http:\/\/dev.papercut.pl\/tfi\" data-type=\"page\">O<\/a><\/strong><strong><a href=\"http:\/\/dev.papercut.pl\/tfi\" data-type=\"page\"> <\/a><\/strong><strong><a href=\"http:\/\/dev.papercut.pl\/tfi\" data-type=\"page\">i<\/a><\/strong><strong><a href=\"http:\/\/dev.papercut.pl\/tfi\" data-type=\"page\">n<\/a><\/strong><strong><a href=\"http:\/\/dev.papercut.pl\/tfi\" data-type=\"page\">f<\/a><\/strong><strong><a href=\"http:\/\/dev.papercut.pl\/tfi\" data-type=\"page\">o<\/a><\/strong><strong><a href=\"http:\/\/dev.papercut.pl\/tfi\" data-type=\"page\">r<\/a><\/strong><strong><a href=\"http:\/\/dev.papercut.pl\/tfi\" data-type=\"page\">m<\/a><\/strong><strong><a href=\"http:\/\/dev.papercut.pl\/tfi\" data-type=\"page\">a<\/a><\/strong><strong><a href=\"http:\/\/dev.papercut.pl\/tfi\" data-type=\"page\">t<\/a><\/strong><strong><a href=\"http:\/\/dev.papercut.pl\/tfi\" data-type=\"page\">i<\/a><\/strong><strong><a href=\"http:\/\/dev.papercut.pl\/tfi\" data-type=\"page\">o<\/a><\/strong><strong><a href=\"http:\/\/dev.papercut.pl\/tfi\" data-type=\"page\">n<\/a><\/strong><strong><a href=\"http:\/\/dev.papercut.pl\/tfi\" data-type=\"page\">s<\/a><\/strong><a href=\"http:\/\/dev.papercut.pl\/tfi\" data-type=\"page\"><strong>.<\/strong><\/a><\/p>\n\n\n\n<div style=\"height:20px\" aria-hidden=\"true\" class=\"wp-block-spacer\"><\/div>\n\n\n<div role=\"form\" class=\"wpcf7\" id=\"wpcf7-f3203-o1\" lang=\"pl-PL\" dir=\"ltr\">\n<div class=\"screen-reader-response\"><p role=\"status\" aria-live=\"polite\" aria-atomic=\"true\"><\/p> <ul><\/ul><\/div>\n<form action=\"\/tfi\/wp-json\/wp\/v2\/pages\/3404#wpcf7-f3203-o1\" method=\"post\" class=\"wpcf7-form init demo\" novalidate=\"novalidate\" data-status=\"init\">\n<div style=\"display: none;\">\n<input type=\"hidden\" name=\"_wpcf7\" value=\"3203\" \/>\n<input type=\"hidden\" name=\"_wpcf7_version\" value=\"5.3\" \/>\n<input type=\"hidden\" name=\"_wpcf7_locale\" value=\"pl_PL\" \/>\n<input type=\"hidden\" name=\"_wpcf7_unit_tag\" value=\"wpcf7-f3203-o1\" \/>\n<input type=\"hidden\" name=\"_wpcf7_container_post\" value=\"0\" \/>\n<input type=\"hidden\" name=\"_wpcf7_posted_data_hash\" value=\"\" \/>\n<\/div>\n<div class=\"form-row\">\n<div class=\"form-input\">\n        <label>Name*<\/label><br \/>\n        <span class=\"wpcf7-form-control-wrap first-name\"><input type=\"text\" name=\"first-name\" value=\"\" size=\"40\" class=\"wpcf7-form-control wpcf7-text wpcf7-validates-as-required\" aria-required=\"true\" aria-invalid=\"false\" \/><\/span>\n    <\/div>\n<div class=\"form-input\">\n        <label>Surname*<\/label><br \/>\n        <span class=\"wpcf7-form-control-wrap last-name\"><input type=\"text\" name=\"last-name\" value=\"\" size=\"40\" class=\"wpcf7-form-control wpcf7-text wpcf7-validates-as-required\" aria-required=\"true\" aria-invalid=\"false\" \/><\/span>\n    <\/div>\n<\/div>\n<div class=\"form-row\">\n<div class=\"form-input\">\n        <label>Mobile<\/label><br \/>\n        <span class=\"wpcf7-form-control-wrap your-phone\"><input type=\"tel\" name=\"your-phone\" value=\"\" size=\"40\" class=\"wpcf7-form-control wpcf7-text wpcf7-tel wpcf7-validates-as-tel\" aria-invalid=\"false\" \/><\/span>\n    <\/div>\n<div class=\"form-input\">\n        <label>E-mail*<\/label><br \/>\n        <span class=\"wpcf7-form-control-wrap your-email\"><input type=\"email\" name=\"your-email\" value=\"\" size=\"40\" class=\"wpcf7-form-control wpcf7-text wpcf7-email wpcf7-validates-as-required wpcf7-validates-as-email\" aria-required=\"true\" aria-invalid=\"false\" \/><\/span>\n    <\/div>\n<\/div>\n<div class=\"form-input\">\n    <label>Message<\/label><br \/>\n    <span class=\"wpcf7-form-control-wrap message\"><textarea name=\"message\" cols=\"40\" rows=\"10\" class=\"wpcf7-form-control wpcf7-textarea wpcf7-validates-as-required\" aria-required=\"true\" aria-invalid=\"false\"><\/textarea><\/span>\n<\/div>\n<div class=\"form-input submit\">\n<p>Fields marked with * are required<\/p>\n<p>    <button class=\"btn btn-orange uppercase\">Send<\/button>\n<\/div>\n<div class=\"wpcf7-response-output\" aria-hidden=\"true\"><\/div><\/form><\/div>\n<\/div>\n<\/div>\n<\/div><\/div>\n","protected":false},"excerpt":{"rendered":"","protected":false},"author":3,"featured_media":0,"parent":0,"menu_order":48,"comment_status":"closed","ping_status":"closed","template":"","meta":[],"_links":{"self":[{"href":"https:\/\/dev.papercut.pl\/tfi\/wp-json\/wp\/v2\/pages\/3404"}],"collection":[{"href":"https:\/\/dev.papercut.pl\/tfi\/wp-json\/wp\/v2\/pages"}],"about":[{"href":"https:\/\/dev.papercut.pl\/tfi\/wp-json\/wp\/v2\/types\/page"}],"author":[{"embeddable":true,"href":"https:\/\/dev.papercut.pl\/tfi\/wp-json\/wp\/v2\/users\/3"}],"replies":[{"embeddable":true,"href":"https:\/\/dev.papercut.pl\/tfi\/wp-json\/wp\/v2\/comments?post=3404"}],"version-history":[{"count":6,"href":"https:\/\/dev.papercut.pl\/tfi\/wp-json\/wp\/v2\/pages\/3404\/revisions"}],"predecessor-version":[{"id":4297,"href":"https:\/\/dev.papercut.pl\/tfi\/wp-json\/wp\/v2\/pages\/3404\/revisions\/4297"}],"wp:attachment":[{"href":"https:\/\/dev.papercut.pl\/tfi\/wp-json\/wp\/v2\/media?parent=3404"}],"curies":[{"name":"wp","href":"https:\/\/api.w.org\/{rel}","templated":true}]}}