{"id":3215,"date":"2020-10-29T17:40:41","date_gmt":"2020-10-29T16:40:41","guid":{"rendered":"http:\/\/dev.papercut.pl\/tfi\/?page_id=3215"},"modified":"2020-11-26T14:46:25","modified_gmt":"2020-11-26T13:46:25","slug":"informacje-dla-akcjonariuszy","status":"publish","type":"page","link":"https:\/\/dev.papercut.pl\/tfi\/informacje\/informacje-dla-akcjonariuszy\/","title":{"rendered":"Informacje dla Akcjonariuszy"},"content":{"rendered":"\r\n<div class=\"main\">\r\n    <div class=\"main__bg\" style=\"background-image: url(https:\/\/dev.papercut.pl\/tfi\/wp-content\/uploads\/2020\/11\/zdj-nowe-1-1.png);\"><\/div>\r\n    <div class=\"main__bg2\" style=\"background-image: url(https:\/\/dev.papercut.pl\/tfi\/wp-content\/uploads\/2020\/10\/cover_leningU.png);\"><\/div>\r\n    <div class=\"container\">\r\n        <div class=\"main__wrapper\">\r\n            <div>\r\n                                <h1 class=\"h1\" data-aos=\"fade-up\" data-aos-delay=\"200\">Informacje dla Akcjonariuszy<\/h1>\r\n            <\/div>\r\n\r\n            <a class=\"scroll-down\" href=\"#\" data-aos=\"fade-up\" data-aos-delay=\"400\">\r\n                <span>Dowiedz si\u0119 wi\u0119cej<\/span>\r\n                <span class=\"icon icon-arrow-down\"><svg xmlns=\"http:\/\/www.w3.org\/2000\/svg\" width=\"50\" height=\"50\" viewBox=\"0 0 50 50\"><g transform=\"translate(50 50) rotate(180)\"><g fill=\"#fff\" stroke=\"#fff\" stroke-width=\"2\"><circle cx=\"25\" cy=\"25\" r=\"25\" stroke=\"none\"\/><circle cx=\"25\" cy=\"25\" r=\"24\" fill=\"none\"\/><\/g><path d=\"M9,0,7.364,1.636l6.195,6.195H0v2.338H13.558L7.364,16.364,9,18l9-9Z\" transform=\"translate(16 34) rotate(-90)\"\/><\/g><\/svg><\/span>\r\n            <\/a>\r\n        <\/div>\r\n    <\/div>\r\n<\/div>\n\n\n<div class=\"wp-block-group is-style-letter-wrapper\"><div class=\"wp-block-group__inner-container\">\n<div class=\"wp-block-columns\">\n<div class=\"wp-block-column\">\n<h3>Wezwanie do z\u0142o\u017cenia dokument\u00f3w akcji w sp\u00f3\u0142ce<\/h3>\n\n\n\n<p class=\"has-green-color has-text-color\">1.<a href=\"http:\/\/dev.papercut.pl\/tfi\/wp-content\/uploads\/2020\/11\/1_30.09.2020_wezwanie-do-zlozenia-akcji.pdf\" target=\"_blank\" rel=\"noreferrer noopener\">Wezwanie do z\u0142o\u017cenia dokument\u00f3w akcji w sp\u00f3\u0142ce<\/a><br>2. <a href=\"http:\/\/dev.papercut.pl\/tfi\/wp-content\/uploads\/2020\/11\/2_wezwanie_do_zlozenia_akcji.pdf\" target=\"_blank\" rel=\"noreferrer noopener\">Wezwanie do z\u0142o\u017cenia dokument\u00f3w akcji w sp\u00f3\u0142ce<\/a><\/p>\n<\/div>\n\n\n\n<div class=\"wp-block-column\">\n<figure class=\"wp-block-image size-large fade-up is-style-with-letter\"><img loading=\"lazy\" width=\"1500\" height=\"1000\" src=\"http:\/\/dev.papercut.pl\/tfi\/wp-content\/uploads\/2020\/09\/anna-rojek.png\" alt=\"\" class=\"wp-image-2808\" srcset=\"https:\/\/dev.papercut.pl\/tfi\/wp-content\/uploads\/2020\/09\/anna-rojek.png 1500w, https:\/\/dev.papercut.pl\/tfi\/wp-content\/uploads\/2020\/09\/anna-rojek-1000x667.png 1000w, https:\/\/dev.papercut.pl\/tfi\/wp-content\/uploads\/2020\/09\/anna-rojek-768x512.png 768w\" sizes=\"(max-width: 1500px) 100vw, 1500px\" \/><\/figure>\n<\/div>\n<\/div>\n<\/div><\/div>\n","protected":false},"excerpt":{"rendered":"","protected":false},"author":1,"featured_media":0,"parent":1961,"menu_order":55,"comment_status":"closed","ping_status":"closed","template":"","meta":[],"_links":{"self":[{"href":"https:\/\/dev.papercut.pl\/tfi\/wp-json\/wp\/v2\/pages\/3215"}],"collection":[{"href":"https:\/\/dev.papercut.pl\/tfi\/wp-json\/wp\/v2\/pages"}],"about":[{"href":"https:\/\/dev.papercut.pl\/tfi\/wp-json\/wp\/v2\/types\/page"}],"author":[{"embeddable":true,"href":"https:\/\/dev.papercut.pl\/tfi\/wp-json\/wp\/v2\/users\/1"}],"replies":[{"embeddable":true,"href":"https:\/\/dev.papercut.pl\/tfi\/wp-json\/wp\/v2\/comments?post=3215"}],"version-history":[{"count":8,"href":"https:\/\/dev.papercut.pl\/tfi\/wp-json\/wp\/v2\/pages\/3215\/revisions"}],"predecessor-version":[{"id":5506,"href":"https:\/\/dev.papercut.pl\/tfi\/wp-json\/wp\/v2\/pages\/3215\/revisions\/5506"}],"up":[{"embeddable":true,"href":"https:\/\/dev.papercut.pl\/tfi\/wp-json\/wp\/v2\/pages\/1961"}],"wp:attachment":[{"href":"https:\/\/dev.papercut.pl\/tfi\/wp-json\/wp\/v2\/media?parent=3215"}],"curies":[{"name":"wp","href":"https:\/\/api.w.org\/{rel}","templated":true}]}}