{"id":3157,"date":"2020-10-29T15:41:55","date_gmt":"2020-10-29T14:41:55","guid":{"rendered":"http:\/\/dev.papercut.pl\/tfi\/?page_id=3157"},"modified":"2020-11-27T12:01:09","modified_gmt":"2020-11-27T11:01:09","slug":"rodo","status":"publish","type":"page","link":"https:\/\/dev.papercut.pl\/tfi\/informacje\/rodo\/","title":{"rendered":"RODO"},"content":{"rendered":"\r\n<div class=\"main\">\r\n    <div class=\"main__bg\" style=\"background-image: url(https:\/\/dev.papercut.pl\/tfi\/wp-content\/uploads\/2020\/11\/informacje_v1-1.png);\"><\/div>\r\n    <div class=\"main__bg2\" style=\"background-image: url(https:\/\/dev.papercut.pl\/tfi\/wp-content\/uploads\/2020\/10\/cover_basicU.png);\"><\/div>\r\n    <div class=\"container\">\r\n        <div class=\"main__wrapper\">\r\n            <div>\r\n                                    <span class=\"subtitle\" data-aos=\"fade-up\" data-aos-delay=\"100\">Informacje o przetwarzaniu<br>danych osobowych<\/span>\r\n                                <h1 class=\"h1\" data-aos=\"fade-up\" data-aos-delay=\"200\">RODO<\/h1>\r\n            <\/div>\r\n\r\n            <a class=\"scroll-down\" href=\"#\" data-aos=\"fade-up\" data-aos-delay=\"400\">\r\n                <span>Dowiedz si\u0119 wi\u0119cej<\/span>\r\n                <span class=\"icon icon-arrow-down\"><svg xmlns=\"http:\/\/www.w3.org\/2000\/svg\" width=\"50\" height=\"50\" viewBox=\"0 0 50 50\"><g transform=\"translate(50 50) rotate(180)\"><g fill=\"#fff\" stroke=\"#fff\" stroke-width=\"2\"><circle cx=\"25\" cy=\"25\" r=\"25\" stroke=\"none\"\/><circle cx=\"25\" cy=\"25\" r=\"24\" fill=\"none\"\/><\/g><path d=\"M9,0,7.364,1.636l6.195,6.195H0v2.338H13.558L7.364,16.364,9,18l9-9Z\" transform=\"translate(16 34) rotate(-90)\"\/><\/g><\/svg><\/span>\r\n            <\/a>\r\n        <\/div>\r\n    <\/div>\r\n<\/div>\n\n\n<div class=\"wp-block-group is-style-letter-wrapper\"><div class=\"wp-block-group__inner-container\">\n<div class=\"wp-block-columns\">\n<div class=\"wp-block-column\">\n<h3>Informacje o przetwarzaniu danych osobowych<\/h3>\n\n\n\n<p class=\"has-green-color has-text-color\"><a class=\"\" rel=\"noreferrer noopener\" href=\"http:\/\/dev.papercut.pl\/tfi\/wp-content\/uploads\/2020\/11\/informacja_o_przetwarzaniu_danych_osobowych_dla_klientow.pdf\" target=\"_blank\">Dla Klient\u00f3w<\/a><br><a class=\"\" rel=\"noreferrer noopener\" href=\"http:\/\/dev.papercut.pl\/tfi\/wp-content\/uploads\/2020\/11\/informacja-o-przetwarzaniu-danych-osobowych-dla-dluznikow-funduszy-raport-2.pdf\" target=\"_blank\">Dla D\u0142u\u017cnik\u00f3w funduszy RAPORT<\/a><br><a class=\"\" rel=\"noreferrer noopener\" href=\"http:\/\/dev.papercut.pl\/tfi\/wp-content\/uploads\/2020\/11\/informacja-o-przetwarzaniu-danych-osobowych-dla-dluznikow-funduszu-fast-finance-nsfiz-3.pdf\" target=\"_blank\">Dla D\u0142u\u017cnik\u00f3w funduszu FAST FINANCE NSFIZ<\/a><br><a class=\"\" rel=\"noreferrer noopener\" href=\"http:\/\/dev.papercut.pl\/tfi\/wp-content\/uploads\/2020\/11\/informacja_o_przetwarzaniu_danych_osobowych_dla_kontrahentow.pdf\" target=\"_blank\">Dla Us\u0142ugobiorc\u00f3w i Kontrahent\u00f3w Towarzystwa i Funduszy<\/a><br><a class=\"\" rel=\"noreferrer noopener\" href=\"http:\/\/dev.papercut.pl\/tfi\/wp-content\/uploads\/2020\/11\/informacja_o_przetwarzaniu_danych_osobowych_dla_bylych_pracownikow_towarzystwa.pdf\" target=\"_blank\">Dla by\u0142ych Pracownik\u00f3w Towarzystwa<\/a><br><a class=\"\" rel=\"noreferrer noopener\" href=\"http:\/\/dev.papercut.pl\/tfi\/wp-content\/uploads\/2020\/11\/informacja-o-przetwarzaniu-danych-osobowych-kandydatow-w-procesie-rekrutacyjnym.pdf\" target=\"_blank\">Dla kandydat\u00f3w w procesie rekrutacyjnym<\/a><br><a class=\"\" rel=\"noreferrer noopener\" href=\"http:\/\/dev.papercut.pl\/tfi\/wp-content\/uploads\/2020\/11\/informacja_o_przetwarzaniu_danychpoa.pdf\" target=\"_blank\">Dla Pe\u0142nomocnik\u00f3w Towarzystwa i Funduszy<\/a><\/p>\n<\/div>\n\n\n\n<div class=\"wp-block-column\">\n<figure class=\"wp-block-image size-large fade-up is-style-with-letter\"><img loading=\"lazy\" width=\"747\" height=\"575\" src=\"http:\/\/dev.papercut.pl\/tfi\/wp-content\/uploads\/2020\/07\/typek_2.png\" alt=\"\" class=\"wp-image-2029\"\/><\/figure>\n<\/div>\n<\/div>\n<\/div><\/div>\n\n\n\n<p><\/p>\n","protected":false},"excerpt":{"rendered":"","protected":false},"author":1,"featured_media":0,"parent":1961,"menu_order":54,"comment_status":"closed","ping_status":"closed","template":"","meta":[],"_links":{"self":[{"href":"https:\/\/dev.papercut.pl\/tfi\/wp-json\/wp\/v2\/pages\/3157"}],"collection":[{"href":"https:\/\/dev.papercut.pl\/tfi\/wp-json\/wp\/v2\/pages"}],"about":[{"href":"https:\/\/dev.papercut.pl\/tfi\/wp-json\/wp\/v2\/types\/page"}],"author":[{"embeddable":true,"href":"https:\/\/dev.papercut.pl\/tfi\/wp-json\/wp\/v2\/users\/1"}],"replies":[{"embeddable":true,"href":"https:\/\/dev.papercut.pl\/tfi\/wp-json\/wp\/v2\/comments?post=3157"}],"version-history":[{"count":19,"href":"https:\/\/dev.papercut.pl\/tfi\/wp-json\/wp\/v2\/pages\/3157\/revisions"}],"predecessor-version":[{"id":5531,"href":"https:\/\/dev.papercut.pl\/tfi\/wp-json\/wp\/v2\/pages\/3157\/revisions\/5531"}],"up":[{"embeddable":true,"href":"https:\/\/dev.papercut.pl\/tfi\/wp-json\/wp\/v2\/pages\/1961"}],"wp:attachment":[{"href":"https:\/\/dev.papercut.pl\/tfi\/wp-json\/wp\/v2\/media?parent=3157"}],"curies":[{"name":"wp","href":"https:\/\/api.w.org\/{rel}","templated":true}]}}