{"id":2852,"date":"2020-09-09T13:33:48","date_gmt":"2020-09-09T11:33:48","guid":{"rendered":"http:\/\/dev.papercut.pl\/tfi\/?page_id=2852"},"modified":"2020-11-13T16:06:52","modified_gmt":"2020-11-13T15:06:52","slug":"kontakt","status":"publish","type":"page","link":"https:\/\/dev.papercut.pl\/tfi\/kontakt\/","title":{"rendered":"Kontakt"},"content":{"rendered":"\r\n<div class=\"main\">\r\n    <div class=\"main__bg\" style=\"background-image: url(https:\/\/dev.papercut.pl\/tfi\/wp-content\/uploads\/2020\/11\/kontakt-v0.png);\"><\/div>\r\n    <div class=\"main__bg2\" style=\"background-image: url(https:\/\/dev.papercut.pl\/tfi\/wp-content\/uploads\/2020\/10\/cover_sideU.png);\"><\/div>\r\n    <div class=\"container\">\r\n        <div class=\"main__wrapper\">\r\n            <div>\r\n                                    <span class=\"subtitle\" data-aos=\"fade-up\" data-aos-delay=\"100\">Skontaktuj si\u0119 z nami<\/span>\r\n                                <h1 class=\"h1\" data-aos=\"fade-up\" data-aos-delay=\"200\">Informacje kontaktowe<\/h1>\r\n            <\/div>\r\n\r\n            <a class=\"scroll-down\" href=\"#\" data-aos=\"fade-up\" data-aos-delay=\"400\">\r\n                <span>Dowiedz si\u0119 wi\u0119cej<\/span>\r\n                <span class=\"icon icon-arrow-down\"><svg xmlns=\"http:\/\/www.w3.org\/2000\/svg\" width=\"50\" height=\"50\" viewBox=\"0 0 50 50\"><g transform=\"translate(50 50) rotate(180)\"><g fill=\"#fff\" stroke=\"#fff\" stroke-width=\"2\"><circle cx=\"25\" cy=\"25\" r=\"25\" stroke=\"none\"\/><circle cx=\"25\" cy=\"25\" r=\"24\" fill=\"none\"\/><\/g><path d=\"M9,0,7.364,1.636l6.195,6.195H0v2.338H13.558L7.364,16.364,9,18l9-9Z\" transform=\"translate(16 34) rotate(-90)\"\/><\/g><\/svg><\/span>\r\n            <\/a>\r\n        <\/div>\r\n    <\/div>\r\n<\/div>\n\n\n<div class=\"wp-block-group\"><div class=\"wp-block-group__inner-container\">\n<div class=\"wp-block-columns\">\n<div class=\"wp-block-column\">\n<h3>Dane kontaktowe<\/h3>\n\n\n\n<p><strong>30-701 Krak\u00f3w<br>ul. Zab\u0142ocie 25\/20<\/strong><\/p>\n\n\n\n<p class=\"has-red-color has-text-color\"><a href=\"https:\/\/www.google.com\/maps\/place\/FORUM+Towarzystwo+Funduszy+Inwestycyjnych+S.A.\/@50.0497094,19.9591154,17z\/data=!3m1!4b1!4m5!3m4!1s0x47165b1381c0b157:0x350551fe04c43dde!8m2!3d50.049706!4d19.961304\"><strong>Zobacz na Google Maps<\/strong><\/a><\/p>\n\n\n\n<p><strong>Tel.: +48 12 429 55 93 lub +48 12 429 90 09<\/strong><\/p>\n\n\n\n<p>FORUM Towarzystwo Funduszy Inwestycyjnych S.A. z siedzib\u0105 w Krakowie przy ul. Zab\u0142ocie 25\/20, zarejestrowane w S\u0105dzie Rejonowym dla Krakowa &#8211; \u015ar\u00f3dmie\u015bcie, Wydzia\u0142 XI Gospodarczy KRS pod numerem 0000264440, NIP 677 22 78 460, REGON 120297174, kapita\u0142 zak\u0142adowy 1.000.000,00 PLN, kapita\u0142 wp\u0142acony 1.000.000,00 PLN.<\/p>\n<\/div>\n\n\n\n<div class=\"wp-block-column\" style=\"flex-basis:5.4%\"><\/div>\n\n\n\n<div class=\"wp-block-column\">\n<h3>Formularz kontaktowy<\/h3>\n\n\n\n<p class=\"has-red-color has-text-color\"><a href=\"http:\/\/dev.papercut.pl\/tfi\" data-type=\"page\"><strong>Prosimy o zapoznanie si\u0119 z informacj\u0105 dotycz\u0105c\u0105 ochrony danych osobowych<\/strong><\/a><\/p>\n\n\n\n<div style=\"height:20px\" aria-hidden=\"true\" class=\"wp-block-spacer\"><\/div>\n\n\n<div role=\"form\" class=\"wpcf7\" id=\"wpcf7-f6-o1\" lang=\"pl-PL\" dir=\"ltr\">\n<div class=\"screen-reader-response\"><p role=\"status\" aria-live=\"polite\" aria-atomic=\"true\"><\/p> <ul><\/ul><\/div>\n<form action=\"\/tfi\/wp-json\/wp\/v2\/pages\/2852#wpcf7-f6-o1\" method=\"post\" class=\"wpcf7-form init demo\" novalidate=\"novalidate\" data-status=\"init\">\n<div style=\"display: none;\">\n<input type=\"hidden\" name=\"_wpcf7\" value=\"6\" \/>\n<input type=\"hidden\" name=\"_wpcf7_version\" value=\"5.3\" \/>\n<input type=\"hidden\" name=\"_wpcf7_locale\" value=\"pl_PL\" \/>\n<input type=\"hidden\" name=\"_wpcf7_unit_tag\" value=\"wpcf7-f6-o1\" \/>\n<input type=\"hidden\" name=\"_wpcf7_container_post\" value=\"0\" \/>\n<input type=\"hidden\" name=\"_wpcf7_posted_data_hash\" value=\"\" \/>\n<\/div>\n<div class=\"form-row\">\n<div class=\"form-input\">\n        <label>Imi\u0119*<\/label><br \/>\n        <span class=\"wpcf7-form-control-wrap first-name\"><input type=\"text\" name=\"first-name\" value=\"\" size=\"40\" class=\"wpcf7-form-control wpcf7-text wpcf7-validates-as-required\" aria-required=\"true\" aria-invalid=\"false\" \/><\/span>\n    <\/div>\n<div class=\"form-input\">\n        <label>Nazwisko*<\/label><br \/>\n        <span class=\"wpcf7-form-control-wrap last-name\"><input type=\"text\" name=\"last-name\" value=\"\" size=\"40\" class=\"wpcf7-form-control wpcf7-text wpcf7-validates-as-required\" aria-required=\"true\" aria-invalid=\"false\" \/><\/span>\n    <\/div>\n<\/div>\n<div class=\"form-row\">\n<div class=\"form-input\">\n        <label>Telefon<\/label><br \/>\n        <span class=\"wpcf7-form-control-wrap your-phone\"><input type=\"tel\" name=\"your-phone\" value=\"\" size=\"40\" class=\"wpcf7-form-control wpcf7-text wpcf7-tel wpcf7-validates-as-tel\" aria-invalid=\"false\" \/><\/span>\n    <\/div>\n<div class=\"form-input\">\n        <label>Adres e-mail*<\/label><br \/>\n        <span class=\"wpcf7-form-control-wrap your-email\"><input type=\"email\" name=\"your-email\" value=\"\" size=\"40\" class=\"wpcf7-form-control wpcf7-text wpcf7-email wpcf7-validates-as-required wpcf7-validates-as-email\" aria-required=\"true\" aria-invalid=\"false\" \/><\/span>\n    <\/div>\n<\/div>\n<div class=\"form-input\">\n    <label>Tre\u015b\u0107<\/label><br \/>\n    <span class=\"wpcf7-form-control-wrap message\"><textarea name=\"message\" cols=\"40\" rows=\"10\" class=\"wpcf7-form-control wpcf7-textarea wpcf7-validates-as-required\" aria-required=\"true\" aria-invalid=\"false\"><\/textarea><\/span>\n<\/div>\n<div class=\"form-input submit\">\n<p>Pola oznaczone * s\u0105 wymagane<\/p>\n<p>    <button class=\"btn btn-orange uppercase\">Wy\u015blij<\/button>\n<\/div>\n<div class=\"wpcf7-response-output\" aria-hidden=\"true\"><\/div><\/form><\/div>\n<\/div>\n<\/div>\n<\/div><\/div>\n","protected":false},"excerpt":{"rendered":"","protected":false},"author":1,"featured_media":0,"parent":0,"menu_order":47,"comment_status":"closed","ping_status":"closed","template":"","meta":[],"_links":{"self":[{"href":"https:\/\/dev.papercut.pl\/tfi\/wp-json\/wp\/v2\/pages\/2852"}],"collection":[{"href":"https:\/\/dev.papercut.pl\/tfi\/wp-json\/wp\/v2\/pages"}],"about":[{"href":"https:\/\/dev.papercut.pl\/tfi\/wp-json\/wp\/v2\/types\/page"}],"author":[{"embeddable":true,"href":"https:\/\/dev.papercut.pl\/tfi\/wp-json\/wp\/v2\/users\/1"}],"replies":[{"embeddable":true,"href":"https:\/\/dev.papercut.pl\/tfi\/wp-json\/wp\/v2\/comments?post=2852"}],"version-history":[{"count":26,"href":"https:\/\/dev.papercut.pl\/tfi\/wp-json\/wp\/v2\/pages\/2852\/revisions"}],"predecessor-version":[{"id":4178,"href":"https:\/\/dev.papercut.pl\/tfi\/wp-json\/wp\/v2\/pages\/2852\/revisions\/4178"}],"wp:attachment":[{"href":"https:\/\/dev.papercut.pl\/tfi\/wp-json\/wp\/v2\/media?parent=2852"}],"curies":[{"name":"wp","href":"https:\/\/api.w.org\/{rel}","templated":true}]}}