{"id":2288,"date":"2020-09-01T15:07:03","date_gmt":"2020-09-01T13:07:03","guid":{"rendered":"http:\/\/dev.papercut.pl\/tfi\/?page_id=2288"},"modified":"2020-11-27T12:09:34","modified_gmt":"2020-11-27T11:09:34","slug":"fundusze-alternatywne","status":"publish","type":"page","link":"https:\/\/dev.papercut.pl\/tfi\/produkty\/fundusze-alternatywne\/","title":{"rendered":"Fundusze Alternatywne"},"content":{"rendered":"\r\n<div class=\"main\">\r\n    <div class=\"main__bg\" style=\"background-image: url(https:\/\/dev.papercut.pl\/tfi\/wp-content\/uploads\/2020\/11\/produkty-v3.png);\"><\/div>\r\n    <div class=\"main__bg2\" style=\"background-image: url(https:\/\/dev.papercut.pl\/tfi\/wp-content\/uploads\/2020\/10\/cover_leningU.png);\"><\/div>\r\n    <div class=\"container\">\r\n        <div class=\"main__wrapper\">\r\n            <div>\r\n                                    <span class=\"subtitle\" data-aos=\"fade-up\" data-aos-delay=\"100\">Produkty<\/span>\r\n                                <h1 class=\"h1\" data-aos=\"fade-up\" data-aos-delay=\"200\">Fundusze Alternatywne<\/h1>\r\n            <\/div>\r\n\r\n            <a class=\"scroll-down\" href=\"#\" data-aos=\"fade-up\" data-aos-delay=\"400\">\r\n                <span>Dowiedz si\u0119 wi\u0119cej<\/span>\r\n                <span class=\"icon icon-arrow-down\"><svg xmlns=\"http:\/\/www.w3.org\/2000\/svg\" width=\"50\" height=\"50\" viewBox=\"0 0 50 50\"><g transform=\"translate(50 50) rotate(180)\"><g fill=\"#fff\" stroke=\"#fff\" stroke-width=\"2\"><circle cx=\"25\" cy=\"25\" r=\"25\" stroke=\"none\"\/><circle cx=\"25\" cy=\"25\" r=\"24\" fill=\"none\"\/><\/g><path d=\"M9,0,7.364,1.636l6.195,6.195H0v2.338H13.558L7.364,16.364,9,18l9-9Z\" transform=\"translate(16 34) rotate(-90)\"\/><\/g><\/svg><\/span>\r\n            <\/a>\r\n        <\/div>\r\n    <\/div>\r\n<\/div>\n\n\n<div class=\"wp-block-group\"><div class=\"wp-block-group__inner-container\">\n<div class=\"wp-block-columns\">\n<div class=\"wp-block-column\">\n<figure class=\"wp-block-image size-large fade-up\"><img loading=\"lazy\" width=\"1180\" height=\"593\" src=\"http:\/\/dev.papercut.pl\/tfi\/wp-content\/uploads\/2020\/10\/Fundusze-alternatywne.jpg\" alt=\"\" class=\"wp-image-3247\" srcset=\"https:\/\/dev.papercut.pl\/tfi\/wp-content\/uploads\/2020\/10\/Fundusze-alternatywne.jpg 1180w, https:\/\/dev.papercut.pl\/tfi\/wp-content\/uploads\/2020\/10\/Fundusze-alternatywne-1000x503.jpg 1000w, https:\/\/dev.papercut.pl\/tfi\/wp-content\/uploads\/2020\/10\/Fundusze-alternatywne-768x386.jpg 768w\" sizes=\"(max-width: 1180px) 100vw, 1180px\" \/><\/figure>\n<\/div>\n\n\n\n<div class=\"wp-block-column\">\n<h3 class=\"fade-right\">Fundusze<br>Alternatywne<\/h3>\n\n\n\n<p><br><strong>FORUM TFI jest jednym z pionier\u00f3w w tworzeniu alternatywnych strategii inwestycyjnych<\/strong>, m.in. w obszarze nieruchomo\u015bci. Dokonywanie takich inwestycji wymaga <strong>szczeg\u00f3lnych kompetencji i doskona\u0142ej znajomo\u015bci rynku<\/strong>. <\/p>\n\n\n\n<p>Z tego powodu FORUM TFI ka\u017cdorazowo wsp\u00f3\u0142pracuje z wykwalifikowanym partnerem, kt\u00f3remu w wybranych przypadkach powierza zarz\u0105dzanie portfelem aktyw\u00f3w danego funduszu. S\u0105 to podmioty o ugruntowanej pozycji rynkowej, ciesz\u0105ce si\u0119 dobr\u0105 opini\u0105 oraz posiadaj\u0105ce odpowiednie do\u015bwiadczenie, co sprawia, \u017ce tworzone fundusze s\u0105 atrakcyjnymi formami inwestycji nawet dla najbardziej wymagaj\u0105cych inwestor\u00f3w.<\/p>\n<\/div>\n<\/div>\n<\/div><\/div>\n\n\n\n<div class=\"wp-block-group has-green-background-color has-background\"><div class=\"wp-block-group__inner-container\">\n<h4 class=\"has-text-align-center\">Forum TFI jest pionierem w zakresie tworzenia Funduszy Alternatywnych w Polsce. Od pocz\u0105tku dzia\u0142alno\u015bci utworzyli\u015bmy 15 Funduszy Alternatywnych. Stworzyli\u015bmy pierwszy w Polsce fundusz gastronomiczny, kt\u00f3ry zrealizowa\u0142 w 100% cele inwestycyjne.<\/h4>\n<\/div><\/div>\n\n\n\n<div class=\"wp-block-group\"><div class=\"wp-block-group__inner-container\">\n<div class=\"wp-block-columns\">\n<div class=\"wp-block-column\">\n<h3 class=\"fade-right\">Presti\u017cowe Inwestycje Krakowskie<\/h3>\n\n\n\n<p>Jednym z takich funduszy by\u0142 <strong>\u201ePresti\u017cowe Inwestycje Krakowskie\u201d Fundusz Inwestycyjny Zamkni\u0119ty (PIK FIZ)<\/strong>, lokuj\u0105cy aktywa inwestor\u00f3w w kamienice apartamentowe po\u0142o\u017cone w centrum Krakowa. <\/p>\n\n\n\n<p>Przyj\u0119ta strategia inwestycyjna, polegaj\u0105ca na starannej selekcji nieruchomo\u015bci i szczeg\u00f3lnej dba\u0142o\u015bci o jak najwy\u017cszy standard ich wyko\u0144czenia, <strong>umo\u017cliwi\u0142a zaoferowanie inwestorom funduszu z za\u0142o\u017con\u0105 stop\u0105 zwrotu 9% w skali roku.<\/strong> PIK FIZ zebra\u0142 od inwestor\u00f3w 30 mln z\u0142, by nast\u0119pnie w ci\u0105gu zaledwie dw\u00f3ch lat wyp\u0142aci\u0107 im wraz z odsetkami ponad 35 mln z\u0142.<\/p>\n<\/div>\n\n\n\n<div class=\"wp-block-column\">\n<figure class=\"wp-block-image size-large fade-up\"><img loading=\"lazy\" width=\"749\" height=\"424\" src=\"http:\/\/dev.papercut.pl\/tfi\/wp-content\/uploads\/2020\/11\/ulica.png\" alt=\"\" class=\"wp-image-3597\" srcset=\"https:\/\/dev.papercut.pl\/tfi\/wp-content\/uploads\/2020\/11\/ulica.png 749w, https:\/\/dev.papercut.pl\/tfi\/wp-content\/uploads\/2020\/11\/ulica-747x424.png 747w\" sizes=\"(max-width: 749px) 100vw, 749px\" \/><\/figure>\n<\/div>\n<\/div>\n<\/div><\/div>\n\n\n\n<div class=\"wp-block-group has-gray-background-color has-background\"><div class=\"wp-block-group__inner-container\">\n<div class=\"wp-block-columns\">\n<div class=\"wp-block-column\">\n<h2 class=\"fade-right\">Kluczowe success factors<\/h2>\n\n\n\n<p>Co sprawia, \u017ce osi\u0105gamy za\u0142o\u017cone cele? <\/p>\n\n\n\n<p>W naszej pracy stawiamy na synergiczne dzia\u0142anie z Inwestorami, a przede wszystkim do wsp\u00f3\u0142pracy zapraszamy jedynie najbardziej wykwalifikowany zesp\u00f3\u0142 ekspert\u00f3w. Najwa\u017cniejszym zasobem FORUM TFI jest unikatowy know-how, zdobywany przez lata do\u015bwiadczenia. Nasze czynniki sukcesu to:<\/p>\n<\/div>\n\n\n\n<div class=\"wp-block-column\">\n<div class=\"wp-block-group is-style-right-slider\"><div class=\"wp-block-group__inner-container\">\n<figure class=\"wp-block-image size-large\"><img loading=\"lazy\" width=\"80\" height=\"84\" src=\"http:\/\/dev.papercut.pl\/tfi\/wp-content\/uploads\/2020\/10\/25.png\" alt=\"\" class=\"wp-image-3080\"\/><figcaption>Know-How<\/figcaption><\/figure>\n\n\n\n<figure class=\"wp-block-image size-large\"><img loading=\"lazy\" width=\"84\" height=\"84\" src=\"http:\/\/dev.papercut.pl\/tfi\/wp-content\/uploads\/2020\/10\/26.png\" alt=\"\" class=\"wp-image-3081\"\/><figcaption>elastyczno\u015b\u0107<\/figcaption><\/figure>\n\n\n\n<figure class=\"wp-block-image size-large\"><img loading=\"lazy\" width=\"84\" height=\"84\" src=\"http:\/\/dev.papercut.pl\/tfi\/wp-content\/uploads\/2020\/10\/38.png\" alt=\"\" class=\"wp-image-3092\"\/><figcaption>kreatywno\u015b\u0107<\/figcaption><\/figure>\n\n\n\n<figure class=\"wp-block-image size-large\"><img loading=\"lazy\" width=\"102\" height=\"84\" src=\"http:\/\/dev.papercut.pl\/tfi\/wp-content\/uploads\/2020\/10\/28.png\" alt=\"\" class=\"wp-image-3083\"\/><figcaption>w\u0142a\u015bciwie dobrani partnerzy<\/figcaption><\/figure>\n<\/div><\/div>\n<\/div>\n<\/div>\n<\/div><\/div>\n\n\n\n<div class=\"wp-block-group\"><div class=\"wp-block-group__inner-container\">\n<div class=\"wp-block-columns\">\n<div class=\"wp-block-column\">\n<figure class=\"wp-block-image size-large fade-up\"><img loading=\"lazy\" width=\"749\" height=\"424\" src=\"http:\/\/dev.papercut.pl\/tfi\/wp-content\/uploads\/2020\/11\/wnetrze.png\" alt=\"\" class=\"wp-image-4081\" srcset=\"https:\/\/dev.papercut.pl\/tfi\/wp-content\/uploads\/2020\/11\/wnetrze.png 749w, https:\/\/dev.papercut.pl\/tfi\/wp-content\/uploads\/2020\/11\/wnetrze-747x424.png 747w\" sizes=\"(max-width: 749px) 100vw, 749px\" \/><\/figure>\n<\/div>\n\n\n\n<div class=\"wp-block-column\">\n<h3 class=\"fade-right\"><strong>Forum Food&amp;Friends<\/strong><\/h3>\n\n\n\n<p><strong>Forum Food &amp; Friends FIZ<\/strong> <strong>by\u0142<\/strong> <strong>natomiast pierwszym funduszem na rynku polskim, kt\u00f3ry umo\u017cliwi\u0142 Inwestorom korzystanie z turystycznego boomu, jaki mia\u0142 miejsce w Krakowie.<\/strong> <\/p>\n\n\n\n<p>Zebrane \u015brodki przeznaczone zosta\u0142y na rozw\u00f3j sieci restauracji po\u0142o\u017conych w presti\u017cowych lokalizacjach turystycznej stolicy Polski. Inwestycjami funduszu zarz\u0105dza\u0142&nbsp; partner projektu \u2013 profesjonalny podmiot od kilkunastu lat dzia\u0142aj\u0105cy w bran\u017cy restauracyjnej. Jego zadaniem by\u0142o mi\u0119dzy innymi: selekcja lokalizacji, organizacja i nadz\u00f3r nad procesem inwestycji oraz ich d\u0142ugoterminowe prowadzenie dla uzyskania stabilnego i wysokiego zysku. Pierwsze wykupy certyfikat\u00f3w inwestycyjnych inwestor\u00f3w zewn\u0119trznych rozpocz\u0119\u0142y si\u0119 zgodnie z za\u0142o\u017ceniami statutowymi \u2013 w grudniu 2016 roku i zako\u0144czy\u0142y w 2019 roku zwrotem do Inwestor\u00f3w wp\u0142aconego kapita\u0142u z uwzgl\u0119dnieniem 6% zak\u0142adanej stopy zwrotu w skali roku.<\/p>\n<\/div>\n<\/div>\n<\/div><\/div>\n\n\n\n<div class=\"wp-block-group is-style-letter-wrapper\"><div class=\"wp-block-group__inner-container\">\n<div class=\"wp-block-columns\">\n<div class=\"wp-block-column\">\n<h3>Prawdziwe partnerstwo w biznesie<\/h3>\n\n\n\n<p>Potrzebujesz rozwi\u0105za\u0144 inwestycyjnych idealnie dopasowanych do Twoich potrzeb? Cenisz sobie kompleksowe podej\u015bcie i zaanga\u017cowanych partner\u00f3w biznesowych?<\/p>\n\n\n\n<p>Zapraszamy do kontaktu, zawsze ch\u0119tnie porozmawiamy o mo\u017cliwych p\u0142aszczyznach do wsp\u00f3\u0142pracy!<\/p>\n\n\n\n<div class=\"wp-block-buttons\">\n<div class=\"wp-block-button is-style-btn-red\"><a class=\"wp-block-button__link\" href=\"http:\/\/dev.papercut.pl\/tfi\/kontakt\/\">Poznajmy si\u0119!<\/a><\/div>\n<\/div>\n<\/div>\n\n\n\n<div class=\"wp-block-column\">\n<figure class=\"wp-block-image size-large fade-up is-style-with-letter\"><img loading=\"lazy\" width=\"1848\" height=\"711\" src=\"http:\/\/dev.papercut.pl\/tfi\/wp-content\/uploads\/2020\/10\/2-1.png\" alt=\"\" class=\"wp-image-3187\" srcset=\"https:\/\/dev.papercut.pl\/tfi\/wp-content\/uploads\/2020\/10\/2-1.png 1848w, https:\/\/dev.papercut.pl\/tfi\/wp-content\/uploads\/2020\/10\/2-1-1000x385.png 1000w, https:\/\/dev.papercut.pl\/tfi\/wp-content\/uploads\/2020\/10\/2-1-768x295.png 768w, https:\/\/dev.papercut.pl\/tfi\/wp-content\/uploads\/2020\/10\/2-1-1536x591.png 1536w\" sizes=\"(max-width: 1848px) 100vw, 1848px\" \/><\/figure>\n<\/div>\n<\/div>\n\n\n\n<p><\/p>\n<\/div><\/div>\n\n\n\n<div class=\"wp-block-group has-red-background-color has-background\"><div class=\"wp-block-group__inner-container\">\n<h2 class=\"has-text-align-center\">Praca w Forum TFI<\/h2>\n\n\n\n<p class=\"has-text-align-center\"><strong>Chcesz wej\u015b\u0107 w \u015bwiat wielkiego biznesu i zarz\u0105dza\u0107 portfelami naszych klient\u00f3w. Ucz si\u0119 sztuki inwestowania od najlepszych. <\/strong><\/p>\n\n\n\n<p class=\"has-text-align-center\"><strong>Aktualnie nie prowadzimy proces\u00f3w rekrutacyjnych, ale je\u015bli my\u015blisz, \u017ce pasujesz do naszej firmy, a do tego chcesz zdoby\u0107 unikalne do\u015bwiadczenie na rynku kapita\u0142owym pracuj\u0105c w \u015bwietnej organizacji &#8211; skontaktuj si\u0119 z nami, ch\u0119tnie Ci\u0119 poznamy!<\/strong><\/p>\n\n\n\n<div class=\"wp-block-buttons aligncenter\">\n<div class=\"wp-block-button is-style-outline\"><a class=\"wp-block-button__link\" href=\"http:\/\/dev.papercut.pl\/tfi\/kontakt\/\">Poznajmy si\u0119<\/a><\/div>\n<\/div>\n<\/div><\/div>\n\n\n\n<div class=\"wp-block-group has-gray-background-color has-background\"><div class=\"wp-block-group__inner-container\">\n<div class=\"wp-block-group is-style-list-item-wrapper\"><div class=\"wp-block-group__inner-container\">\r\n<div class=\"list-item fade-columns\" >\r\n    <div class=\"list-item__content\">\r\n        <div class=\"list-item__icon\">\r\n            <img src=\"https:\/\/dev.papercut.pl\/tfi\/wp-content\/uploads\/2020\/10\/1_1.png\" alt=\"\">\r\n        <\/div>\r\n        <h4 class=\"list-item__title\">Fundusze<br>Dedykowane<\/h4>\r\n        <div class=\"list-item__text\"><p>Dzi\u0119ki funduszom dedykowanym mo\u017cliwe jest skuteczne zrestrukturyzowanie aktyw\u00f3w i wypracowanie optymalnych rozwi\u0105za\u0144 (prawnych i biznesowych) do realizacji wybranej strategii. Mo\u017cna r\u00f3wnie\u017c zapewni\u0107 poufno\u015b\u0107 i anonimowo\u015b\u0107 dla prowadzonych operacji biznesowych. Bezpiecznie przekaza\u0107 aktywa swoim potomkom, umo\u017cliwi\u0107 lokowanie nadwy\u017cek finansowych w innowacyjne przedsi\u0119wzi\u0119cia.<\/p>\n<\/div>\r\n    <\/div>\r\n            <a href=\"http:\/\/dev.papercut.pl\/tfi\/produkty\/fundusze-dedykowane\/\" class=\"btn btn-red btn-red-small\">Czytaj dalej<\/a>\r\n    <\/div>\n\n\r\n<div class=\"list-item fade-columns\" >\r\n    <div class=\"list-item__content\">\r\n        <div class=\"list-item__icon\">\r\n            <img src=\"https:\/\/dev.papercut.pl\/tfi\/wp-content\/uploads\/2020\/10\/1_2.png\" alt=\"\">\r\n        <\/div>\r\n        <h4 class=\"list-item__title\">Fundusze<br>Sekurytyzacyjne<\/h4>\r\n        <div class=\"list-item__text\"><p>Aktywno\u015b\u0107 inwestycyjna opiera si\u0119 g\u0142\u00f3wnie na inwestowaniu w portfele wierzytelno\u015bci masowych. Fundusze sekurytyzacyjne mog\u0105 by\u0107 tworzone jako wehiku\u0142y inwestycyjne dla inwestor\u00f3w pasywnych jako ciekawa alternatywa dla lokowania \u015brodk\u00f3w w klasyczne instrumenty finansowe. Ich przeznaczeniem mo\u017ce by\u0107 r\u00f3wnie\u017c przynoszenie Grupie Inwestycyjnej zysk\u00f3w nakierowanej na aktywa trudne.<\/p>\n<\/div>\r\n    <\/div>\r\n            <a href=\"http:\/\/dev.papercut.pl\/tfi\/produkty\/fundusze-sekurytyzacyjne\/\" class=\"btn btn-red btn-red-small\">Czytaj dalej<\/a>\r\n    <\/div><\/div><\/div>\n\n\n\n<p><\/p>\n<\/div><\/div>\n","protected":false},"excerpt":{"rendered":"","protected":false},"author":1,"featured_media":0,"parent":2231,"menu_order":10,"comment_status":"closed","ping_status":"closed","template":"","meta":[],"_links":{"self":[{"href":"https:\/\/dev.papercut.pl\/tfi\/wp-json\/wp\/v2\/pages\/2288"}],"collection":[{"href":"https:\/\/dev.papercut.pl\/tfi\/wp-json\/wp\/v2\/pages"}],"about":[{"href":"https:\/\/dev.papercut.pl\/tfi\/wp-json\/wp\/v2\/types\/page"}],"author":[{"embeddable":true,"href":"https:\/\/dev.papercut.pl\/tfi\/wp-json\/wp\/v2\/users\/1"}],"replies":[{"embeddable":true,"href":"https:\/\/dev.papercut.pl\/tfi\/wp-json\/wp\/v2\/comments?post=2288"}],"version-history":[{"count":38,"href":"https:\/\/dev.papercut.pl\/tfi\/wp-json\/wp\/v2\/pages\/2288\/revisions"}],"predecessor-version":[{"id":4194,"href":"https:\/\/dev.papercut.pl\/tfi\/wp-json\/wp\/v2\/pages\/2288\/revisions\/4194"}],"up":[{"embeddable":true,"href":"https:\/\/dev.papercut.pl\/tfi\/wp-json\/wp\/v2\/pages\/2231"}],"wp:attachment":[{"href":"https:\/\/dev.papercut.pl\/tfi\/wp-json\/wp\/v2\/media?parent=2288"}],"curies":[{"name":"wp","href":"https:\/\/api.w.org\/{rel}","templated":true}]}}