{"id":2234,"date":"2020-08-31T21:41:12","date_gmt":"2020-08-31T19:41:12","guid":{"rendered":"http:\/\/dev.papercut.pl\/tfi\/?page_id=2234"},"modified":"2020-11-27T17:58:59","modified_gmt":"2020-11-27T16:58:59","slug":"fundusze-sekurytyzacyjne","status":"publish","type":"page","link":"https:\/\/dev.papercut.pl\/tfi\/produkty\/fundusze-sekurytyzacyjne\/","title":{"rendered":"Fundusze Sekurytyzacyjne"},"content":{"rendered":"\r\n<div class=\"main\">\r\n    <div class=\"main__bg\" style=\"background-image: url(https:\/\/dev.papercut.pl\/tfi\/wp-content\/uploads\/2020\/11\/produkty-v2.png);\"><\/div>\r\n    <div class=\"main__bg2\" style=\"background-image: url(https:\/\/dev.papercut.pl\/tfi\/wp-content\/uploads\/2020\/10\/cover_leningU.png);\"><\/div>\r\n    <div class=\"container\">\r\n        <div class=\"main__wrapper\">\r\n            <div>\r\n                                    <span class=\"subtitle\" data-aos=\"fade-up\" data-aos-delay=\"100\">Produkty<\/span>\r\n                                <h1 class=\"h1\" data-aos=\"fade-up\" data-aos-delay=\"200\">Fundusze Sekurytyzacyjne<\/h1>\r\n            <\/div>\r\n\r\n            <a class=\"scroll-down\" href=\"#\" data-aos=\"fade-up\" data-aos-delay=\"400\">\r\n                <span>Dowiedz si\u0119 wi\u0119cej<\/span>\r\n                <span class=\"icon icon-arrow-down\"><svg xmlns=\"http:\/\/www.w3.org\/2000\/svg\" width=\"50\" height=\"50\" viewBox=\"0 0 50 50\"><g transform=\"translate(50 50) rotate(180)\"><g fill=\"#fff\" stroke=\"#fff\" stroke-width=\"2\"><circle cx=\"25\" cy=\"25\" r=\"25\" stroke=\"none\"\/><circle cx=\"25\" cy=\"25\" r=\"24\" fill=\"none\"\/><\/g><path d=\"M9,0,7.364,1.636l6.195,6.195H0v2.338H13.558L7.364,16.364,9,18l9-9Z\" transform=\"translate(16 34) rotate(-90)\"\/><\/g><\/svg><\/span>\r\n            <\/a>\r\n        <\/div>\r\n    <\/div>\r\n<\/div>\n\n\n<div class=\"wp-block-group\"><div class=\"wp-block-group__inner-container\">\n<div class=\"wp-block-columns\">\n<div class=\"wp-block-column\">\n<figure class=\"wp-block-image size-large fade-up\"><img loading=\"lazy\" width=\"1920\" height=\"1524\" src=\"http:\/\/dev.papercut.pl\/tfi\/wp-content\/uploads\/2020\/10\/FUNDUSZE-2-01-1920x1524.png\" alt=\"\" class=\"wp-image-2956\" srcset=\"https:\/\/dev.papercut.pl\/tfi\/wp-content\/uploads\/2020\/10\/FUNDUSZE-2-01-1920x1524.png 1920w, https:\/\/dev.papercut.pl\/tfi\/wp-content\/uploads\/2020\/10\/FUNDUSZE-2-01-1000x794.png 1000w, https:\/\/dev.papercut.pl\/tfi\/wp-content\/uploads\/2020\/10\/FUNDUSZE-2-01-768x610.png 768w, https:\/\/dev.papercut.pl\/tfi\/wp-content\/uploads\/2020\/10\/FUNDUSZE-2-01-1536x1219.png 1536w, https:\/\/dev.papercut.pl\/tfi\/wp-content\/uploads\/2020\/10\/FUNDUSZE-2-01-2048x1626.png 2048w\" sizes=\"(max-width: 1920px) 100vw, 1920px\" \/><\/figure>\n<\/div>\n\n\n\n<div class=\"wp-block-column\">\n<div class=\"wp-block-group\"><div class=\"wp-block-group__inner-container\">\n<h3 class=\"fade-right\"><strong>Fundusze<\/strong><br>S<strong>ekurytyzacyjne<\/strong><\/h3>\n\n\n\n<p><strong>Fundusze sekurytyzacyjne<\/strong> s\u0105 szczeg\u00f3lnym typem <strong>funduszy inwestycyjnych zamkni\u0119tych<\/strong>, b\u0119d\u0105cych alternatywnymi funduszami inwestycyjnymi poddanymi \u015bcis\u0142ym ograniczeniom inwestycyjnym. <\/p>\n\n\n\n<p>Ich aktywno\u015b\u0107 skupia si\u0119 <strong>g\u0142\u00f3wnie na inwestowaniu w portfele wierzytelno\u015bci<\/strong>, <strong>papiery warto\u015bciowe inkorporuj\u0105ce wierzytelno\u015bci pieni\u0119\u017cne oraz prawa do \u015bwiadcze\u0144 z tytu\u0142u okre\u015blonych wierzytelno\u015bci<\/strong>. Najcz\u0119\u015bciej fundusze te s\u0105 elementem grupy kapita\u0142owej skupionej wok\u00f3\u0142 firmy windykacyjnej, kt\u00f3rej umo\u017cliwiaj\u0105 nabywanie portfeli wierzytelno\u015bci bankowych. Fundusze sekurytyzacyjne s\u0105 tak\u017ce tworzone jako wehiku\u0142y inwestycyjne dla inwestor\u00f3w pasywnych \u2013 w takim przypadku <strong>inwestycja w certyfikaty inwestycyjne<\/strong> funduszu jest <strong>interesuj\u0105c\u0105 alternatyw\u0105<\/strong> dla lokowania \u015brodk\u00f3w w klasyczne instrumenty finansowe.<\/p>\n<\/div><\/div>\n<\/div>\n<\/div>\n<\/div><\/div>\n\n\n\n<div class=\"wp-block-group has-gray-background-color has-background\"><div class=\"wp-block-group__inner-container\">\n<div class=\"wp-block-columns\">\n<div class=\"wp-block-column\">\n<h2 class=\"fade-right\">Dla kogo s\u0105 fundusze <strong>sekurytyzacyjne<\/strong>?<\/h2>\n<\/div>\n\n\n\n<div class=\"wp-block-column\">\n<div class=\"wp-block-group is-style-right-slider\"><div class=\"wp-block-group__inner-container\">\n<figure class=\"wp-block-image size-large\"><img loading=\"lazy\" width=\"84\" height=\"75\" src=\"http:\/\/dev.papercut.pl\/tfi\/wp-content\/uploads\/2020\/10\/6_4.png\" alt=\"\" class=\"wp-image-3117\"\/><figcaption>Dla Inwestor\u00f3w pasywnych szukaj\u0105cych ciekawej alternatywy inwestycyjnej<\/figcaption><\/figure>\n\n\n\n<figure class=\"wp-block-image size-large\"><img loading=\"lazy\" width=\"85\" height=\"85\" src=\"http:\/\/dev.papercut.pl\/tfi\/wp-content\/uploads\/2020\/10\/36.png\" alt=\"\" class=\"wp-image-3090\"\/><figcaption>Dla grup kapita\u0142owych maj\u0105cych w portfelu serwisera wierzytelno\u015bci<\/figcaption><\/figure>\n\n\n\n<figure class=\"wp-block-image size-large\"><img loading=\"lazy\" width=\"96\" height=\"84\" src=\"http:\/\/dev.papercut.pl\/tfi\/wp-content\/uploads\/2020\/10\/16.png\" alt=\"\" class=\"wp-image-3071\"\/><figcaption>Dla Inwestor\u00f3w instytucjonalnych<\/figcaption><\/figure>\n<\/div><\/div>\n<\/div>\n<\/div>\n<\/div><\/div>\n\n\n\n<div class=\"wp-block-group is-style-list-item-wrapper\"><div class=\"wp-block-group__inner-container\">\r\n<div class=\"list-item fade-columns\" >\r\n    <div class=\"list-item__content\">\r\n        <div class=\"list-item__icon\">\r\n            <img src=\"https:\/\/dev.papercut.pl\/tfi\/wp-content\/uploads\/2020\/10\/30.png\" alt=\"\">\r\n        <\/div>\r\n        <h4 class=\"list-item__title\">Rodzaje funduszy sekurytyzacyjnych<\/h4>\r\n        <div class=\"list-item__text\"><p>S\u0105 dwa warianty funduszy sekurytyzacyjnych: <strong>standaryzowany i niestandaryzowany<\/strong>.<\/p>\n<p>Standaryzowane fundusze sekurytyzacyjne s\u0105 tworzone jako fundusze z wydzielonymi subfunduszami, natomiast niestandaryzowane fundusze sekurytyzacyjne mog\u0105, ale nie musz\u0105 mie\u0107 wydzielonych subfunduszy. Fundusz sekurytyzacyjny nie mo\u017ce udziela\u0107 po\u017cyczek, gwarancji ani por\u0119cze\u0144. Fundusze sekurytyzacyjne mog\u0105 inwestowa\u0107 w: okre\u015blon\u0105 pul\u0119 wierzytelno\u015bci, papiery inkorporuj\u0105ce wierzytelno\u015bci pieni\u0119\u017cne lub prawa do \u015bwiadcze\u0144 z tytu\u0142u danych wierzytelno\u015bci.<\/p>\n<\/div>\r\n    <\/div>\r\n    <\/div>\n\n\r\n<div class=\"list-item fade-columns\" >\r\n    <div class=\"list-item__content\">\r\n        <div class=\"list-item__icon\">\r\n            <img src=\"https:\/\/dev.papercut.pl\/tfi\/wp-content\/uploads\/2020\/10\/20.png\" alt=\"\">\r\n        <\/div>\r\n        <h4 class=\"list-item__title\"> Portfel <br> funduszu<\/h4>\r\n        <div class=\"list-item__text\"><p>Portfel funduszu sekurytyzacyjnego jest zwykle <strong>obs\u0142ugiwany przez zarz\u0105dzaj\u0105cego portfelem<\/strong> \u2013 profesjonalny podmiot prowadz\u0105cy dzia\u0142alno\u015b\u0107 na podstawie zezwolenia Komisji Nadzoru Finansowego.<\/p>\n<p>Zadaniem zarz\u0105dzaj\u0105cego jest mi\u0119dzy innymi analiza i selekcja nabywanych portfeli oraz organizacja i nadz\u00f3r nad procesem windykacji. Do portfela funduszu nabywa si\u0119 pul\u0119 wierzytelno\u015bci, czyli jednolite rodzajowo wierzytelno\u015bci, przynosz\u0105ce regularny przep\u0142yw kapita\u0142u.<\/p>\n<\/div>\r\n    <\/div>\r\n    <\/div>\n\n\r\n<div class=\"list-item fade-columns\" >\r\n    <div class=\"list-item__content\">\r\n        <div class=\"list-item__icon\">\r\n            <img src=\"https:\/\/dev.papercut.pl\/tfi\/wp-content\/uploads\/2020\/10\/42.png\" alt=\"\">\r\n        <\/div>\r\n        <h4 class=\"list-item__title\">Otoczenie funduszu sekurytyzacyjnego<\/h4>\r\n        <div class=\"list-item__text\"><p>Fundusz inwestycyjny mo\u017ce dzia\u0142a\u0107 <strong>jedynie w zorganizowanej strukturze z udzia\u0142em wyspecjalizowanych podmiot\u00f3w posiadaj\u0105cych najwy\u017csze kompetencje<\/strong>. <\/p>\n<p>Certyfikaty naszych funduszy zawsze spe\u0142niaj\u0105 najwy\u017csze standardy dzi\u0119ki re\u017cimowi kontroli Komisji Nadzoru Finansowego i wsp\u00f3\u0142pracy wy\u0142\u0105cznie z wyspecjalizowanymi Zarz\u0105dzaj\u0105cymi posiadaj\u0105cymi udokumentowane kompetencje. Wsp\u00f3\u0142pracujemy r\u00f3wnie\u017c ze specjalistycznymi podmiotami odpowiedzialnymi za wycen\u0119 i ksi\u0119gowo\u015b\u0107.<\/p>\n<\/div>\r\n    <\/div>\r\n    <\/div><\/div><\/div>\n\n\n\n<div class=\"wp-block-group size-large is-resized is-style-default fade-up has-red-background-color has-background\"><div class=\"wp-block-group__inner-container\">\n<h3 class=\"has-text-align-center\">Fundusze Sekurytyzacyjne<\/h3>\n\n\n\n<div class=\"wp-block-group is-style-counter-wrapper\"><div class=\"wp-block-group__inner-container\">\r\n<div class=\"counter\">\r\n    <div class=\"counter__number is-style-h2\" data-units=\"\" data-counter=\"16\">0<\/div>\r\n    <p class=\"counter__subtitle\">funduszy sekurytyzacyjnych<\/p>\r\n<\/div>\n\n\r\n<div class=\"counter\">\r\n    <div class=\"counter__number is-style-h2\" data-units=\"mld\" data-counter=\"1.2\">0mld<\/div>\r\n    <p class=\"counter__subtitle\">z\u0142 warto\u015b\u0107 aktyw\u00f3w pod zarz\u0105dzaniem<\/p>\r\n<\/div>\n\n\r\n<div class=\"counter\">\r\n    <div class=\"counter__number is-style-h2\" data-units=\"\" data-counter=\"11\">0<\/div>\r\n    <p class=\"counter__subtitle\">podmiot\u00f3w serwisuj\u0105cych wierzytelno\u015bci, z kt\u00f3rymi wsp\u00f3\u0142pracowali\u015bmy<\/p>\r\n<\/div><\/div><\/div>\n<\/div><\/div>\n\n\n\n<div class=\"wp-block-group\"><div class=\"wp-block-group__inner-container\">\n<div class=\"wp-block-group\"><div class=\"wp-block-group__inner-container\">\n<div class=\"wp-block-columns\">\n<div class=\"wp-block-column\">\n<h3 class=\"fade-right\">Fundusze o konstrukcjach unikalnych<\/h3>\n\n\n\n<p><strong>Pod zarz\u0105dzaniem FORUM TFI stworzono fundusze o konstrukcjach unikalnych na polskim rynku, b\u0119d\u0105ce odpowiedzi\u0105 na indywidualne oczekiwania uczestnik\u00f3w.<\/strong><\/p>\n\n\n\n<p>Szczeg\u00f3lne miejsce w tej kategorii nale\u017cy si\u0119 funduszom NSFIZ \u201eRaport\u201d, kt\u00f3re powsta\u0142y w ramach strategicznej wsp\u00f3\u0142pracy pomi\u0119dzy Forum TFI i Sp\u00f3\u0142k\u0105 Raport S.A. Dzi\u0119ki swojej unikalnej konstrukcji i udokumentowanej historii Fundusze typu Raport s\u0105 jedn\u0105 z najcz\u0119\u015bciej wybieranych mo\u017cliwo\u015bci inwestycyjnych przez naszych Inwestor\u00f3w.<\/p>\n<\/div>\n\n\n\n<div class=\"wp-block-column\">\n<figure class=\"wp-block-image size-large fade-up\"><img loading=\"lazy\" width=\"749\" height=\"424\" src=\"http:\/\/dev.papercut.pl\/tfi\/wp-content\/uploads\/2020\/11\/spotkanie.png\" alt=\"\" class=\"wp-image-3596\" srcset=\"https:\/\/dev.papercut.pl\/tfi\/wp-content\/uploads\/2020\/11\/spotkanie.png 749w, https:\/\/dev.papercut.pl\/tfi\/wp-content\/uploads\/2020\/11\/spotkanie-747x424.png 747w\" sizes=\"(max-width: 749px) 100vw, 749px\" \/><\/figure>\n\n\n\n<p><\/p>\n<\/div>\n<\/div>\n<\/div><\/div>\n\n\n\n<div style=\"height:60px\" aria-hidden=\"true\" class=\"wp-block-spacer\"><\/div>\n\n\n\n<div class=\"wp-block-group\"><div class=\"wp-block-group__inner-container\">\n<div class=\"wp-block-columns\">\n<div class=\"wp-block-column\">\n<figure class=\"wp-block-image size-large fade-up\"><img loading=\"lazy\" width=\"749\" height=\"424\" src=\"http:\/\/dev.papercut.pl\/tfi\/wp-content\/uploads\/2020\/11\/podpis.png\" alt=\"\" class=\"wp-image-3595\" srcset=\"https:\/\/dev.papercut.pl\/tfi\/wp-content\/uploads\/2020\/11\/podpis.png 749w, https:\/\/dev.papercut.pl\/tfi\/wp-content\/uploads\/2020\/11\/podpis-747x424.png 747w\" sizes=\"(max-width: 749px) 100vw, 749px\" \/><\/figure>\n<\/div>\n\n\n\n<div class=\"wp-block-column\">\n<h3 class=\"fade-right\">NSFIZ &#8222;Raport&#8221;<\/h3>\n\n\n\n<p>Fundusze Raport 2 NSFIZ, Raport 3 NSFIZ i Raport 4 NSFIZ zebra\u0142y od inwestor\u00f3w ponad 75 mln z\u0142, oferuj\u0105c zak\u0142adane stopy zwrotu na poziomie 8,2% &#8211; 13% w skali roku. W ci\u0105gu trzech lat od przydzia\u0142u certyfikat\u00f3w inwestycyjnych wyp\u0142aci\u0142y im ca\u0142o\u015b\u0107 wp\u0142aconego kapita\u0142u wraz z odsetkami na kwot\u0119 blisko 95 mln z\u0142.<\/p>\n\n\n\n<p>Utworzony w 2014 roku Raport 6 NSFIZ zebra\u0142 od swoich inwestor\u00f3w 42 mln z\u0142, przy zak\u0142adanej stopie zwrotu na poziomie 7,5% w skali roku. Do chwili obecnej zwr\u00f3ci\u0142 im kapita\u0142 o warto\u015bci 39 mln z\u0142, co stanowi 92% kapita\u0142u wp\u0142aconego; wraz z odsetkami fundusz ten wyp\u0142aci\u0142 inwestorom ju\u017c ponad 45 mln z\u0142.<\/p>\n<\/div>\n<\/div>\n<\/div><\/div>\n<\/div><\/div>\n\n\n\n<div class=\"wp-block-group has-gray-background-color has-background\"><div class=\"wp-block-group__inner-container\">\n<div class=\"wp-block-columns\">\n<div class=\"wp-block-column\">\n<h2 class=\"fade-right\">Nasze specjalizacje<\/h2>\n\n\n\n<p>Mamy do\u015bwiadczenie w zarz\u0105dzaniu wieloma z\u0142o\u017conymi procesami inwestycyjnymi w ramach funduszy sekurytyzacyjnych, kt\u00f3re uwzgl\u0119dnia\u0142y wierzytelno\u015bci r\u00f3\u017cnych typ\u00f3w. Do tej pory pochwali\u0107 mo\u017cemy si\u0119 wsp\u00f3\u0142prac\u0105 z 11 zewn\u0119trznymi zarz\u0105dzaj\u0105cymi.<\/p>\n<\/div>\n\n\n\n<div class=\"wp-block-column\">\n<div class=\"wp-block-group is-style-right-slider\"><div class=\"wp-block-group__inner-container\">\n<figure class=\"wp-block-image size-large\"><img loading=\"lazy\" width=\"88\" height=\"84\" src=\"http:\/\/dev.papercut.pl\/tfi\/wp-content\/uploads\/2020\/10\/15.png\" alt=\"\" class=\"wp-image-3070\"\/><figcaption>Mass Media<\/figcaption><\/figure>\n\n\n\n<figure class=\"wp-block-image size-large\"><img loading=\"lazy\" width=\"96\" height=\"84\" src=\"http:\/\/dev.papercut.pl\/tfi\/wp-content\/uploads\/2020\/10\/16.png\" alt=\"\" class=\"wp-image-3071\"\/><figcaption>Bankowe<\/figcaption><\/figure>\n\n\n\n<figure class=\"wp-block-image size-large\"><img loading=\"lazy\" width=\"80\" height=\"84\" src=\"http:\/\/dev.papercut.pl\/tfi\/wp-content\/uploads\/2020\/10\/17.png\" alt=\"\" class=\"wp-image-3072\"\/><figcaption>Ubezpieczeniowe<\/figcaption><\/figure>\n\n\n\n<figure class=\"wp-block-image size-large\"><img loading=\"lazy\" width=\"83\" height=\"85\" src=\"http:\/\/dev.papercut.pl\/tfi\/wp-content\/uploads\/2020\/10\/18.png\" alt=\"\" class=\"wp-image-3073\"\/><figcaption>Telekomunikacyjne<\/figcaption><\/figure>\n\n\n\n<figure class=\"wp-block-image size-large\"><img loading=\"lazy\" width=\"86\" height=\"84\" src=\"http:\/\/dev.papercut.pl\/tfi\/wp-content\/uploads\/2020\/10\/19.png\" alt=\"\" class=\"wp-image-3074\"\/><figcaption>Zabezpieczone Hipotecznie<\/figcaption><\/figure>\n\n\n\n<figure class=\"wp-block-image size-large\"><img loading=\"lazy\" width=\"96\" height=\"84\" src=\"http:\/\/dev.papercut.pl\/tfi\/wp-content\/uploads\/2020\/10\/20.png\" alt=\"\" class=\"wp-image-3075\"\/><figcaption>Zabezpieczone Materialnie<\/figcaption><\/figure>\n\n\n\n<figure class=\"wp-block-image size-large\"><img loading=\"lazy\" width=\"85\" height=\"84\" src=\"http:\/\/dev.papercut.pl\/tfi\/wp-content\/uploads\/2020\/10\/21.png\" alt=\"\" class=\"wp-image-3076\"\/><figcaption>Niezabezpieczone<\/figcaption><\/figure>\n\n\n\n<figure class=\"wp-block-image size-large\"><img loading=\"lazy\" width=\"85\" height=\"86\" src=\"http:\/\/dev.papercut.pl\/tfi\/wp-content\/uploads\/2020\/10\/4_1.png\" alt=\"\" class=\"wp-image-3104\"\/><figcaption>Pakiety specjalistyczne<\/figcaption><\/figure>\n\n\n\n<figure class=\"wp-block-image size-large\"><img loading=\"lazy\" width=\"85\" height=\"86\" src=\"http:\/\/dev.papercut.pl\/tfi\/wp-content\/uploads\/2020\/07\/\u0421\u0433\u0440\u0443\u043f\u043f\u0438\u0440\u043e\u0432\u0430\u0442\u044c-148.png\" alt=\"\" class=\"wp-image-1737\"\/><figcaption>Obs\u0142ugiwane przez jednego serwisera<\/figcaption><\/figure>\n\n\n\n<figure class=\"wp-block-image size-large\"><img loading=\"lazy\" width=\"85\" height=\"85\" src=\"http:\/\/dev.papercut.pl\/tfi\/wp-content\/uploads\/2020\/10\/24.png\" alt=\"\" class=\"wp-image-3079\"\/><figcaption>Obs\u0142ugiwane przez wielu serwiser\u00f3w<\/figcaption><\/figure>\n<\/div><\/div>\n<\/div>\n<\/div>\n<\/div><\/div>\n\n\n\n<div class=\"wp-block-group is-style-letter-wrapper\"><div class=\"wp-block-group__inner-container\">\n<div class=\"wp-block-columns\">\n<div class=\"wp-block-column\">\n<h3>Prawdziwe partnerstwo w biznesie.<\/h3>\n\n\n\n<p>Potrzebujesz rozwi\u0105za\u0144 inwestycyjnych idealnie dopasowanych do Twoich potrzeb? Cenisz sobie kompleksowe podej\u015bcie i zaanga\u017cowanych partner\u00f3w biznesowych?<\/p>\n\n\n\n<p>Zapraszamy do kontaktu, zawsze ch\u0119tnie porozmawiamy o mo\u017cliwych p\u0142aszczyznach do wsp\u00f3\u0142pracy!<\/p>\n\n\n\n<div class=\"wp-block-buttons\">\n<div class=\"wp-block-button is-style-btn-red\"><a class=\"wp-block-button__link\" href=\"http:\/\/dev.papercut.pl\/tfi\/kontakt\/\">Poznajmy si\u0119!<\/a><\/div>\n<\/div>\n<\/div>\n\n\n\n<div class=\"wp-block-column\">\n<figure class=\"wp-block-image size-large fade-up is-style-with-letter\"><img loading=\"lazy\" width=\"1920\" height=\"917\" src=\"http:\/\/dev.papercut.pl\/tfi\/wp-content\/uploads\/2020\/11\/Ludzie_v4.png\" alt=\"\" class=\"wp-image-3587\" srcset=\"https:\/\/dev.papercut.pl\/tfi\/wp-content\/uploads\/2020\/11\/Ludzie_v4.png 1920w, https:\/\/dev.papercut.pl\/tfi\/wp-content\/uploads\/2020\/11\/Ludzie_v4-1000x478.png 1000w, https:\/\/dev.papercut.pl\/tfi\/wp-content\/uploads\/2020\/11\/Ludzie_v4-768x367.png 768w, https:\/\/dev.papercut.pl\/tfi\/wp-content\/uploads\/2020\/11\/Ludzie_v4-1536x734.png 1536w\" sizes=\"(max-width: 1920px) 100vw, 1920px\" \/><\/figure>\n<\/div>\n<\/div>\n\n\n\n<p><\/p>\n<\/div><\/div>\n\n\n\n<div class=\"wp-block-group has-red-background-color has-background\"><div class=\"wp-block-group__inner-container\">\n<h2 class=\"has-text-align-center\">Praca w Forum TFI<\/h2>\n\n\n\n<p class=\"has-text-align-center\"><strong>Chcesz wej\u015b\u0107 w \u015bwiat wielkiego biznesu i zarz\u0105dza\u0107 portfelami naszych klient\u00f3w. Ucz si\u0119 sztuki inwestowania od najlepszych. <\/strong><\/p>\n\n\n\n<p class=\"has-text-align-center\"><strong>Aktualnie nie prowadzimy proces\u00f3w rekrutacyjnych, ale je\u015bli my\u015blisz, \u017ce pasujesz do naszej firmy, a do tego chcesz zdoby\u0107 unikalne do\u015bwiadczenie na rynku kapita\u0142owym pracuj\u0105c w \u015bwietnej organizacji &#8211; skontaktuj si\u0119 z nami, ch\u0119tnie Ci\u0119 poznamy!<\/strong><\/p>\n\n\n\n<div class=\"wp-block-buttons aligncenter\">\n<div class=\"wp-block-button is-style-outline\"><a class=\"wp-block-button__link\" href=\"http:\/\/dev.papercut.pl\/tfi\/kontakt\/\">Poznajmy si\u0119<\/a><\/div>\n<\/div>\n<\/div><\/div>\n\n\n\n<div class=\"wp-block-group has-gray-background-color has-background\"><div class=\"wp-block-group__inner-container\">\n<div class=\"wp-block-group is-style-list-item-wrapper\"><div class=\"wp-block-group__inner-container\">\r\n<div class=\"list-item fade-columns\" >\r\n    <div class=\"list-item__content\">\r\n        <div class=\"list-item__icon\">\r\n            <img src=\"https:\/\/dev.papercut.pl\/tfi\/wp-content\/uploads\/2020\/10\/1_1.png\" alt=\"\">\r\n        <\/div>\r\n        <h4 class=\"list-item__title\">Fundusze<br>Dedykowane<\/h4>\r\n        <div class=\"list-item__text\"><p>Dzi\u0119ki funduszom dedykowanym mo\u017cliwe jest skuteczne zrestrukturyzowanie aktyw\u00f3w i wypracowanie optymalnych rozwi\u0105za\u0144 (prawnych i biznesowych) do realizacji wybranej strategii. Mo\u017cna r\u00f3wnie\u017c zapewni\u0107 poufno\u015b\u0107 i anonimowo\u015b\u0107 dla prowadzonych operacji biznesowych. Bezpiecznie przekaza\u0107 aktywa swoim potomkom, umo\u017cliwi\u0107 lokowanie nadwy\u017cek finansowych w innowacyjne przedsi\u0119wzi\u0119cia.<\/p>\n<\/div>\r\n    <\/div>\r\n            <a href=\"http:\/\/dev.papercut.pl\/tfi\/produkty\/fundusze-dedykowane\/\" class=\"btn btn-red btn-red-small\">Czytaj dalej<\/a>\r\n    <\/div>\n\n\r\n<div class=\"list-item fade-columns\" >\r\n    <div class=\"list-item__content\">\r\n        <div class=\"list-item__icon\">\r\n            <img src=\"https:\/\/dev.papercut.pl\/tfi\/wp-content\/uploads\/2020\/10\/1_3.png\" alt=\"\">\r\n        <\/div>\r\n        <h4 class=\"list-item__title\">Fundusze<br>Alternatywne<\/h4>\r\n        <div class=\"list-item__text\"><p>Dokonywanie inwestycji poprzez fundusze alternatywne wymaga szczeg\u00f3lnych kompetencji i know-how rynkowego. Jeste\u015bmy pionierem w tworzeniu alternatywnych strategii inwestycyjnych w Polsce, ka\u017cdorazowo wsp\u00f3\u0142pracujemy z wykwalifikowanym partnerem, kt\u00f3remu w wybranych przypadkach powierzamy zarz\u0105dzaniem portfelem aktyw\u00f3w.<\/p>\n<\/div>\r\n    <\/div>\r\n            <a href=\"http:\/\/dev.papercut.pl\/tfi\/produkty\/fundusze-alternatywne\/\" class=\"btn btn-red btn-red-small\">Czytaj dalej<\/a>\r\n    <\/div><\/div><\/div>\n<\/div><\/div>\n\n\n\n<div class=\"wp-block-group has-gray-background-color has-background\"><div class=\"wp-block-group__inner-container\">\n<h2 class=\"has-text-align-center fade-right\">Lista funduszy sekurytyzacyjnych<br>FORUM TFI<\/h2>\n\n\n\n<div class=\"wp-block-columns\">\n<div class=\"wp-block-column\">\n<p><strong>DEBT COLLECT<br><\/strong>Niestandaryzowany sekurytyzacyjny fundusz inwestycyjny zamkni\u0119ty<br><br><strong>FORUM WIERZYTELNO\u015aCI<br><\/strong>Niestandaryzowany sekurytyzacyjny fundusz inwestycyjny zamkni\u0119ty<\/p>\n\n\n\n<p><strong>MEDIUS<br><\/strong>Niestandaryzowany sekurytyzacyjny fundusz inwestycyjny zamkni\u0119ty<\/p>\n\n\n\n<p><strong>RAPORT 10<br><\/strong>Niestandaryzowany sekurytyzacyjny fundusz inwestycyjny zamkni\u0119ty<\/p>\n\n\n\n<p><strong>RAPORT 3<br><\/strong>Niestandaryzowany sekurytyzacyjny fundusz inwestycyjny zamkni\u0119ty<\/p>\n\n\n\n<p><strong>RAPORT 7<br><\/strong>Niestandaryzowany sekurytyzacyjny fundusz inwestycyjny zamkni\u0119ty<\/p>\n\n\n\n<p><strong>RAPORT 9<br><\/strong>Niestandaryzowany sekurytyzacyjny fundusz inwestycyjny zamkni\u0119ty<\/p>\n\n\n\n<p><\/p>\n<\/div>\n\n\n\n<div class=\"wp-block-column\">\n<p><strong><strong>RCM-GNB-2015-1<\/strong><br><\/strong>Niestandaryzowany sekurytyzacyjny fundusz inwestycyjny zamkni\u0119ty w likwidacji<\/p>\n\n\n\n<p><strong>TAKTO<br><\/strong>Niestandaryzowany sekurytyzacyjny fundusz inwestycyjny zamkni\u0119ty<\/p>\n\n\n\n<p><strong><strong>UNIFUND<\/strong><br><\/strong>Niestandaryzowany sekurytyzacyjny fundusz inwestycyjny zamkni\u0119ty w likwidacji<\/p>\n\n\n\n<p><strong><strong>FAST FINANCE<\/strong><br><\/strong>Niestandaryzowany sekurytyzacyjny fundusz inwestycyjny zamkni\u0119ty<\/p>\n\n\n\n<p><strong><strong>RCM-GNB-2015-2<\/strong><br><\/strong>Niestandaryzowany sekurytyzacyjny fundusz inwestycyjny zamkni\u0119ty w likwidacji<\/p>\n\n\n\n<p><strong>ULTIMO<br><\/strong>Niestandaryzowany sekurytyzacyjny fundusz inwestycyjny zamkni\u0119ty<\/p>\n<\/div>\n\n\n\n<div class=\"wp-block-column\">\n<p><strong><strong>INFORMACJE DLA INWESTOR\u00d3W &#8211; RAPORT 10 NSFIZ<\/strong><br><\/strong>Emisja certyfikat\u00f3w inwestycyjnych serii B5<\/p>\n\n\n\n<p><strong>PROTEGAT 1<br><\/strong>Niestandaryzowany sekurytyzacyjny fundusz inwestycyjny zamkni\u0119ty<\/p>\n\n\n\n<p><strong>RAPORT 11<br><\/strong>Niestandaryzowany sekurytyzacyjny fundusz inwestycyjny zamkni\u0119ty<\/p>\n\n\n\n<p><strong>RAPORT 6<br><\/strong>Niestandaryzowany sekurytyzacyjny fundusz inwestycyjny zamkni\u0119ty w likwidacji<\/p>\n\n\n\n<p><strong>RAPORT 8<br><\/strong>Niestandaryzowany sekurytyzacyjny fundusz inwestycyjny zamkni\u0119ty<\/p>\n\n\n\n<p><strong>RAPORT<br><\/strong>Niestandaryzowany sekurytyzacyjny fundusz inwestycyjny zamkni\u0119ty<\/p>\n<\/div>\n<\/div>\n<\/div><\/div>\n","protected":false},"excerpt":{"rendered":"","protected":false},"author":1,"featured_media":0,"parent":2231,"menu_order":7,"comment_status":"closed","ping_status":"closed","template":"","meta":[],"_links":{"self":[{"href":"https:\/\/dev.papercut.pl\/tfi\/wp-json\/wp\/v2\/pages\/2234"}],"collection":[{"href":"https:\/\/dev.papercut.pl\/tfi\/wp-json\/wp\/v2\/pages"}],"about":[{"href":"https:\/\/dev.papercut.pl\/tfi\/wp-json\/wp\/v2\/types\/page"}],"author":[{"embeddable":true,"href":"https:\/\/dev.papercut.pl\/tfi\/wp-json\/wp\/v2\/users\/1"}],"replies":[{"embeddable":true,"href":"https:\/\/dev.papercut.pl\/tfi\/wp-json\/wp\/v2\/comments?post=2234"}],"version-history":[{"count":72,"href":"https:\/\/dev.papercut.pl\/tfi\/wp-json\/wp\/v2\/pages\/2234\/revisions"}],"predecessor-version":[{"id":4190,"href":"https:\/\/dev.papercut.pl\/tfi\/wp-json\/wp\/v2\/pages\/2234\/revisions\/4190"}],"up":[{"embeddable":true,"href":"https:\/\/dev.papercut.pl\/tfi\/wp-json\/wp\/v2\/pages\/2231"}],"wp:attachment":[{"href":"https:\/\/dev.papercut.pl\/tfi\/wp-json\/wp\/v2\/media?parent=2234"}],"curies":[{"name":"wp","href":"https:\/\/api.w.org\/{rel}","templated":true}]}}