{"id":2231,"date":"2020-08-31T21:39:47","date_gmt":"2020-08-31T19:39:47","guid":{"rendered":"http:\/\/dev.papercut.pl\/tfi\/?page_id=2231"},"modified":"2020-11-27T18:13:16","modified_gmt":"2020-11-27T17:13:16","slug":"produkty","status":"publish","type":"page","link":"https:\/\/dev.papercut.pl\/tfi\/produkty\/","title":{"rendered":"Produkty"},"content":{"rendered":"\r\n<div class=\"main\">\r\n    <div class=\"main__bg\" style=\"background-image: url(https:\/\/dev.papercut.pl\/tfi\/wp-content\/uploads\/2020\/11\/produkty-v0.png);\"><\/div>\r\n    <div class=\"main__bg2\" style=\"background-image: url(https:\/\/dev.papercut.pl\/tfi\/wp-content\/uploads\/2020\/10\/cover_sideU.png);\"><\/div>\r\n    <div class=\"container\">\r\n        <div class=\"main__wrapper\">\r\n            <div>\r\n                                    <span class=\"subtitle\" data-aos=\"fade-up\" data-aos-delay=\"100\">Produkty<\/span>\r\n                                <h1 class=\"h1\" data-aos=\"fade-up\" data-aos-delay=\"200\">Nasza Oferta<\/h1>\r\n            <\/div>\r\n\r\n            <a class=\"scroll-down\" href=\"#\" data-aos=\"fade-up\" data-aos-delay=\"400\">\r\n                <span>Dowiedz si\u0119 wi\u0119cej<\/span>\r\n                <span class=\"icon icon-arrow-down\"><svg xmlns=\"http:\/\/www.w3.org\/2000\/svg\" width=\"50\" height=\"50\" viewBox=\"0 0 50 50\"><g transform=\"translate(50 50) rotate(180)\"><g fill=\"#fff\" stroke=\"#fff\" stroke-width=\"2\"><circle cx=\"25\" cy=\"25\" r=\"25\" stroke=\"none\"\/><circle cx=\"25\" cy=\"25\" r=\"24\" fill=\"none\"\/><\/g><path d=\"M9,0,7.364,1.636l6.195,6.195H0v2.338H13.558L7.364,16.364,9,18l9-9Z\" transform=\"translate(16 34) rotate(-90)\"\/><\/g><\/svg><\/span>\r\n            <\/a>\r\n        <\/div>\r\n    <\/div>\r\n<\/div>\n\n\n<div class=\"wp-block-group has-gray-background-color has-background\"><div class=\"wp-block-group__inner-container\">\n<h2 class=\"has-text-align-center fade-right\" id=\"fade-up\">Nasza oferta<\/h2>\n\n\n\n<p class=\"has-text-align-center is-style-limit-width fade-up\"><strong>Oferujemy skorzystanie z naszych unikalnych kompetencji i do\u015bwiadczenia wykwalifikowanej kadry, kt\u00f3rej<br>know-how, ogl\u0105d ca\u0142ego rynku kapita\u0142owego, elastyczne i kreatywne podej\u015bcie do tworzenia innowacyjnych mechanizm\u00f3w inwestycyjnych stanowi warto\u015b\u0107 dodan\u0105 do ka\u017cdego nowego projektu.<\/strong> <strong>Tworzymy rozwi\u0105zania szyte na miar\u0119 dla klient\u00f3w indywidualnych i korporacyjnych.<\/strong><\/p>\n\n\n\n<div class=\"wp-block-group is-style-list is-style-list-item-wrapper\"><div class=\"wp-block-group__inner-container\">\r\n<div class=\"list-item fade-columns\" >\r\n    <div class=\"list-item__content\">\r\n        <div class=\"list-item__icon\">\r\n            <img src=\"https:\/\/dev.papercut.pl\/tfi\/wp-content\/uploads\/2020\/10\/1_1.png\" alt=\"\">\r\n        <\/div>\r\n        <h4 class=\"list-item__title\">Fundusze<br> Dedykowane<\/h4>\r\n        <div class=\"list-item__text\"><p>Dzi\u0119ki funduszom dedykowanym mo\u017cliwe jest skuteczne zrestrukturyzowanie aktyw\u00f3w i wypracowanie optymalnych rozwi\u0105za\u0144 (prawnych i biznesowych) do realizacji wybranej strategii. Mo\u017cna r\u00f3wnie\u017c zapewni\u0107 poufno\u015b\u0107 i anonimowo\u015b\u0107 dla prowadzonych operacji biznesowych, bezpiecznie przekaza\u0107 aktywa swoim potomkom, umo\u017cliwi\u0107 lokowanie nadwy\u017cek finansowych w innowacyjne przedsi\u0119wzi\u0119cia.<\/p>\n<\/div>\r\n    <\/div>\r\n            <a href=\"http:\/\/dev.papercut.pl\/tfi\/produkty\/fundusze-dedykowane\/\" class=\"btn btn-red btn-red-small\">Czytaj dalej<\/a>\r\n    <\/div>\n\n\r\n<div class=\"list-item fade-columns\" >\r\n    <div class=\"list-item__content\">\r\n        <div class=\"list-item__icon\">\r\n            <img src=\"https:\/\/dev.papercut.pl\/tfi\/wp-content\/uploads\/2020\/07\/\u0421\u0433\u0440\u0443\u043f\u043f\u0438\u0440\u043e\u0432\u0430\u0442\u044c-333.png\" alt=\"\">\r\n        <\/div>\r\n        <h4 class=\"list-item__title\">Fundusze <br> Sekurytyzacyjne<\/h4>\r\n        <div class=\"list-item__text\"><p>Aktywno\u015b\u0107 inwestycyjna opiera si\u0119 g\u0142\u00f3wnie na inwestowaniu w portfele wierzytelno\u015bci masowych. Fundusze sekurytyzacyjne mog\u0105 by\u0107 tworzone jako wehiku\u0142y inwestycyjne dla inwestor\u00f3w pasywnych jako ciekawa alternatywa dla lokowania \u015brodk\u00f3w w klasyczne instrumenty finansowe. Ich przeznaczeniem mo\u017ce by\u0107 r\u00f3wnie\u017c przynoszenie Grupie Inwestycyjnej zysk\u00f3w nakierowanej na aktywa trudne. <\/p>\n<\/div>\r\n    <\/div>\r\n            <a href=\"http:\/\/dev.papercut.pl\/tfi\/produkty\/fundusze-sekurytyzacyjne\/\" class=\"btn btn-red btn-red-small\">Czytaj dalej<\/a>\r\n    <\/div>\n\n\r\n<div class=\"list-item fade-columns\" >\r\n    <div class=\"list-item__content\">\r\n        <div class=\"list-item__icon\">\r\n            <img src=\"https:\/\/dev.papercut.pl\/tfi\/wp-content\/uploads\/2020\/07\/\u0421\u0433\u0440\u0443\u043f\u043f\u0438\u0440\u043e\u0432\u0430\u0442\u044c-149.png\" alt=\"\">\r\n        <\/div>\r\n        <h4 class=\"list-item__title\">Fundusze<br> Alternatywne<\/h4>\r\n        <div class=\"list-item__text\"><p>Dokonywanie inwestycji poprzez fundusze alternatywne wymaga szczeg\u00f3lnych kompetencji i know-how rynkowego. Jeste\u015bmy pionierem w tworzeniu alternatywnych strategii inwestycyjnych w Polsce, ka\u017cdorazowo wsp\u00f3\u0142pracujemy z wykwalifikowanym partnerem, kt\u00f3remu w wybranych przypadkach powierzamy zarz\u0105dzaniem portfelem aktyw\u00f3w.<\/p>\n<\/div>\r\n    <\/div>\r\n            <a href=\"http:\/\/dev.papercut.pl\/tfi\/produkty\/fundusze-alternatywne\/\" class=\"btn btn-red btn-red-small\">Czytaj dalej<\/a>\r\n    <\/div><\/div><\/div>\n<\/div><\/div>\n\n\n\n<div class=\"wp-block-group has-red-background-color has-background\"><div class=\"wp-block-group__inner-container\">\n<h3 class=\"has-text-align-center is-style-h2\">FORUM TFI to 13 lat do\u015bwiaczenia<\/h3>\n\n\n\n<div class=\"wp-block-group is-style-counter-wrapper\"><div class=\"wp-block-group__inner-container\">\r\n<div class=\"counter\">\r\n    <div class=\"counter__number is-style-h2\" data-units=\"\" data-counter=\"147\">0<\/div>\r\n    <p class=\"counter__subtitle\">Utworzonych Funduszy Inwestycyjnych<\/p>\r\n<\/div>\n\n\r\n<div class=\"counter\">\r\n    <div class=\"counter__number is-style-h2\" data-units=\"\" data-counter=\"500 \">0<\/div>\r\n    <p class=\"counter__subtitle\">Milion\u00f3w z\u0142 pozyskanego finansowania<\/p>\r\n<\/div>\n\n\r\n<div class=\"counter\">\r\n    <div class=\"counter__number is-style-h2\" data-units=\"\" data-counter=\"7.5\">0<\/div>\r\n    <p class=\"counter__subtitle\">Miliarda z\u0142 aktyw\u00f3w pod zarz\u0105dzaniem<\/p>\r\n<\/div><\/div><\/div>\n<\/div><\/div>\n\n\n\n<div class=\"wp-block-group is-style-letter-wrapper\"><div class=\"wp-block-group__inner-container\">\n<h2 class=\"has-text-align-center is-style-h2\">Strefa inwestora<\/h2>\n\n\n\n<div class=\"wp-block-columns\">\n<div class=\"wp-block-column\">\n<h3>Tradycyjnie \u0142amiemy schematy<\/h3>\n\n\n\n<p>Szanujemy ka\u017cd\u0105 powierzon\u0105 nam z\u0142ot\u00f3wk\u0119 i wiemy jak wa\u017cna jest dla ka\u017cdego Inwestora bie\u017c\u0105ca informacja o stanie inwestycji. W ka\u017cdej chwili mo\u017cna zobaczy\u0107 wyniki finansowe w dedykowanej platformie dla naszych Inwestor\u00f3w. Z nami zawsze jeste\u015bcie Pa\u0144stwo na bie\u017c\u0105co. <\/p>\n\n\n\n<div class=\"wp-block-buttons\">\n<div class=\"wp-block-button is-style-btn-red\"><a class=\"wp-block-button__link\" href=\"https:\/\/strefa.forumtfi.pl\/logowanie\">Zaloguj si\u0119 do Strefy Inwestora<\/a><\/div>\n<\/div>\n<\/div>\n\n\n\n<div class=\"wp-block-column\">\n<figure class=\"wp-block-image size-large is-style-with-letter fade-up\"><img loading=\"lazy\" width=\"1571\" height=\"704\" src=\"http:\/\/dev.papercut.pl\/tfi\/wp-content\/uploads\/2020\/10\/1-1.png\" alt=\"\" class=\"wp-image-3186\" srcset=\"https:\/\/dev.papercut.pl\/tfi\/wp-content\/uploads\/2020\/10\/1-1.png 1571w, https:\/\/dev.papercut.pl\/tfi\/wp-content\/uploads\/2020\/10\/1-1-1000x448.png 1000w, https:\/\/dev.papercut.pl\/tfi\/wp-content\/uploads\/2020\/10\/1-1-768x344.png 768w, https:\/\/dev.papercut.pl\/tfi\/wp-content\/uploads\/2020\/10\/1-1-1536x688.png 1536w\" sizes=\"(max-width: 1571px) 100vw, 1571px\" \/><\/figure>\n<\/div>\n<\/div>\n<\/div><\/div>\n","protected":false},"excerpt":{"rendered":"","protected":false},"author":1,"featured_media":0,"parent":0,"menu_order":4,"comment_status":"closed","ping_status":"closed","template":"","meta":[],"_links":{"self":[{"href":"https:\/\/dev.papercut.pl\/tfi\/wp-json\/wp\/v2\/pages\/2231"}],"collection":[{"href":"https:\/\/dev.papercut.pl\/tfi\/wp-json\/wp\/v2\/pages"}],"about":[{"href":"https:\/\/dev.papercut.pl\/tfi\/wp-json\/wp\/v2\/types\/page"}],"author":[{"embeddable":true,"href":"https:\/\/dev.papercut.pl\/tfi\/wp-json\/wp\/v2\/users\/1"}],"replies":[{"embeddable":true,"href":"https:\/\/dev.papercut.pl\/tfi\/wp-json\/wp\/v2\/comments?post=2231"}],"version-history":[{"count":9,"href":"https:\/\/dev.papercut.pl\/tfi\/wp-json\/wp\/v2\/pages\/2231\/revisions"}],"predecessor-version":[{"id":5573,"href":"https:\/\/dev.papercut.pl\/tfi\/wp-json\/wp\/v2\/pages\/2231\/revisions\/5573"}],"wp:attachment":[{"href":"https:\/\/dev.papercut.pl\/tfi\/wp-json\/wp\/v2\/media?parent=2231"}],"curies":[{"name":"wp","href":"https:\/\/api.w.org\/{rel}","templated":true}]}}