{"id":2210,"date":"2020-08-31T20:25:33","date_gmt":"2020-08-31T18:25:33","guid":{"rendered":"http:\/\/dev.papercut.pl\/tfi\/?page_id=2210"},"modified":"2020-11-27T12:33:56","modified_gmt":"2020-11-27T11:33:56","slug":"csr","status":"publish","type":"page","link":"https:\/\/dev.papercut.pl\/tfi\/informacje\/csr\/","title":{"rendered":"CSR"},"content":{"rendered":"\r\n<div class=\"main\">\r\n    <div class=\"main__bg\" style=\"background-image: url(https:\/\/dev.papercut.pl\/tfi\/wp-content\/uploads\/2020\/11\/informacje_v5.png);\"><\/div>\r\n    <div class=\"main__bg2\" style=\"background-image: url(https:\/\/dev.papercut.pl\/tfi\/wp-content\/uploads\/2020\/10\/cover_basicU.png);\"><\/div>\r\n    <div class=\"container\">\r\n        <div class=\"main__wrapper\">\r\n            <div>\r\n                                    <span class=\"subtitle\" data-aos=\"fade-up\" data-aos-delay=\"100\">CSR <\/span>\r\n                                <h1 class=\"h1\" data-aos=\"fade-up\" data-aos-delay=\"200\">Wspieramy<\/h1>\r\n            <\/div>\r\n\r\n            <a class=\"scroll-down\" href=\"#\" data-aos=\"fade-up\" data-aos-delay=\"400\">\r\n                <span>Dowiedz si\u0119 wi\u0119cej<\/span>\r\n                <span class=\"icon icon-arrow-down\"><svg xmlns=\"http:\/\/www.w3.org\/2000\/svg\" width=\"50\" height=\"50\" viewBox=\"0 0 50 50\"><g transform=\"translate(50 50) rotate(180)\"><g fill=\"#fff\" stroke=\"#fff\" stroke-width=\"2\"><circle cx=\"25\" cy=\"25\" r=\"25\" stroke=\"none\"\/><circle cx=\"25\" cy=\"25\" r=\"24\" fill=\"none\"\/><\/g><path d=\"M9,0,7.364,1.636l6.195,6.195H0v2.338H13.558L7.364,16.364,9,18l9-9Z\" transform=\"translate(16 34) rotate(-90)\"\/><\/g><\/svg><\/span>\r\n            <\/a>\r\n        <\/div>\r\n    <\/div>\r\n<\/div>\n\n\n<div class=\"wp-block-group\"><div class=\"wp-block-group__inner-container\">\n<div class=\"wp-block-columns\">\n<div class=\"wp-block-column\">\n<h3 class=\"fade-right\">Wspieramy!<\/h3>\n\n\n\n<p>FORUM TFI tworz\u0105 ludzie, kt\u00f3rych cechuje otwarto\u015b\u0107, wra\u017cliwo\u015b\u0107 i ch\u0119\u0107 wsparcia os\u00f3b, kt\u00f3rym \u017cycie nie da\u0142o du\u017cych szans. <\/p>\n\n\n\n<p>Wsp\u00f3lnie szukamy rozwi\u0105za\u0144, kt\u00f3re mog\u0105 poprawi\u0107 jako\u015b\u0107 \u017cycia najbardziej potrzebuj\u0105cych. Wierzymy, \u017ce nawet ma\u0142a pomoc mo\u017ce przynie\u015b\u0107 wielki efekt.<\/p>\n<\/div>\n\n\n\n<div class=\"wp-block-column\">\n<figure class=\"wp-block-image size-large fade-up\"><img loading=\"lazy\" width=\"1138\" height=\"526\" src=\"http:\/\/dev.papercut.pl\/tfi\/wp-content\/uploads\/2020\/10\/Wspieramy.jpg\" alt=\"\" class=\"wp-image-3251\" srcset=\"https:\/\/dev.papercut.pl\/tfi\/wp-content\/uploads\/2020\/10\/Wspieramy.jpg 1138w, https:\/\/dev.papercut.pl\/tfi\/wp-content\/uploads\/2020\/10\/Wspieramy-1000x462.jpg 1000w, https:\/\/dev.papercut.pl\/tfi\/wp-content\/uploads\/2020\/10\/Wspieramy-768x355.jpg 768w\" sizes=\"(max-width: 1138px) 100vw, 1138px\" \/><\/figure>\n<\/div>\n<\/div>\n<\/div><\/div>\n\n\n\n<div class=\"wp-block-group has-green-background-color has-background\"><div class=\"wp-block-group__inner-container\">\n<h4 class=\"has-text-align-left\"><em>\u201eCiesz\u0119, si\u0119, \u017ce w pracy mamy mo\u017cliwo\u015b\u0107 i czas na wsparcie innych. Doceniam, \u017ce firma w\u0142\u0105cza si\u0119 w akcje oddolne i wspiera idee pomagania.\u201d<\/em><\/h4>\n\n\n\n<p class=\"has-text-align-right\"><strong>Bartosz Pos\u0142uszny<\/strong><\/p>\n<\/div><\/div>\n\n\n\n<div class=\"wp-block-group has-gray-background-color has-background\"><div class=\"wp-block-group__inner-container\">\n<div class=\"wp-block-columns\">\n<div class=\"wp-block-column\">\n<h3 class=\"fade-right\">Akcje charytatywne<\/h3>\n\n\n\n<p>Inicjatywy naszych pracownik\u00f3w zawsze wyzwalaj\u0105 w zespole nowe pok\u0142ady empatii. FORUM TFI zawsze wspiera takie dzia\u0142ania, multiplikuj\u0105c zebrane \u015brodki. <\/p>\n\n\n\n<p>W ostatnim czasie nasz zesp\u00f3\u0142 wzi\u0105\u0142 udzia\u0142 w nast\u0119puj\u0105cych akcjach:<\/p>\n<\/div>\n\n\n\n<div class=\"wp-block-column\">\n<div class=\"wp-block-group is-style-right-slider\"><div class=\"wp-block-group__inner-container\">\n<figure class=\"wp-block-image size-large\"><img loading=\"lazy\" width=\"86\" height=\"86\" src=\"http:\/\/dev.papercut.pl\/tfi\/wp-content\/uploads\/2020\/10\/5_2.png\" alt=\"\" class=\"wp-image-3111\"\/><figcaption>\u201eSzlachetna paczka po swojemu\u201d &#8211; znacz\u0105ca pomoc dla kilku rodzin z podkrakowskich wsi.<\/figcaption><\/figure>\n\n\n\n<figure class=\"wp-block-image size-large\"><img loading=\"lazy\" width=\"87\" height=\"84\" src=\"http:\/\/dev.papercut.pl\/tfi\/wp-content\/uploads\/2020\/10\/9.png\" alt=\"\" class=\"wp-image-3064\"\/><figcaption>\u201ePaczki od \u015awi\u0119tego Miko\u0142aja\u201d &#8211; podarunki dla dzieci z kilku oddzia\u0142\u00f3w Dom\u00f3w Pomocy Spo\u0142ecznej \u201e\u0141anowa\u201d w Krakowie (owoce, s\u0142odycze, filmy, gry i puzzle).<\/figcaption><\/figure>\n\n\n\n<figure class=\"wp-block-image size-large\"><img loading=\"lazy\" width=\"64\" height=\"85\" src=\"http:\/\/dev.papercut.pl\/tfi\/wp-content\/uploads\/2020\/10\/5_3.png\" alt=\"\" class=\"wp-image-3112\"\/><figcaption>&#8222;Krak\u00f3w Business Run&#8221; &#8211; charytatywny bieg w formie sztafety, wspieraj\u0105cy dzia\u0142ania Fundacji Ja\u015bka Meli \u201ePoza Horyzonty\u201d, kt\u00f3ra na co dzie\u0144 pomaga osobom po amputacjach.<\/figcaption><\/figure>\n\n\n\n<figure class=\"wp-block-image size-large\"><img loading=\"lazy\" width=\"95\" height=\"86\" src=\"http:\/\/dev.papercut.pl\/tfi\/wp-content\/uploads\/2020\/10\/5_1.png\" alt=\"\" class=\"wp-image-3110\"\/><figcaption>Zbi\u00f3rka najpotrzebniejszych artyku\u0142\u00f3w dla krakowskiego oddzia\u0142u banku \u017cywno\u015bci.<\/figcaption><\/figure>\n<\/div><\/div>\n<\/div>\n<\/div>\n<\/div><\/div>\n\n\n\n<div class=\"wp-block-group size-large is-resized is-style-default fade-up has-red-background-color has-background\"><div class=\"wp-block-group__inner-container\">\n<div class=\"wp-block-group is-style-counter-wrapper\"><div class=\"wp-block-group__inner-container\">\r\n<div class=\"counter\">\r\n    <div class=\"counter__number is-style-h2\" data-units=\"\" data-counter=\"648\">0<\/div>\r\n    <p class=\"counter__subtitle\">kg najpotrzebniejszych materia\u0142\u00f3w zebrali\u015bmy w ramach pomocy najbardziej potrzebuj\u0105cym<\/p>\r\n<\/div>\n\n\r\n<div class=\"counter\">\r\n    <div class=\"counter__number is-style-h2\" data-units=\"\" data-counter=\"23\">0<\/div>\r\n    <p class=\"counter__subtitle\">podopiecznym Dom\u00f3w pomocy spo\u0142ecznej \u201e\u0141anowa\u201d w Krakowie podarowali\u015bmy u\u015bmiech<\/p>\r\n<\/div>\n\n\r\n<div class=\"counter\">\r\n    <div class=\"counter__number is-style-h2\" data-units=\"\" data-counter=\"13\">0<\/div>\r\n    <p class=\"counter__subtitle\">rodzin z podkrakowskich wsi otrzyma\u0142o od nas najpotrzebniejszy sprz\u0119t i wyposa\u017cenie dom\u00f3w<\/p>\r\n<\/div><\/div><\/div>\n\n\n\n<h5 class=\"has-text-align-center\">Z dum\u0105 wspieramy tak\u017ce rodziny, kt\u00f3rych dzieci dotyka nieuleczalna choroba. <br>Wsp\u00f3\u0142pracuj\u0105c z Ma\u0142opolskim Hospicjum dla Dzieci finansujemy obozy wypoczynkowe dla podopiecznych hospicjum (ferie zimowe i wakacje).<\/h5>\n<\/div><\/div>\n\n\n\n<div class=\"wp-block-group has-gray-background-color has-background\"><div class=\"wp-block-group__inner-container\">\n<div class=\"wp-block-columns\">\n<div class=\"wp-block-column\">\n<h2 class=\"fade-right\">Dlaczego warto pracowa\u0107 w TFI?<\/h2>\n\n\n\n<p><\/p>\n\n\n\n<p><strong>FORUM TFI to niezale\u017cna instytucja finansowa, przez wiele lat skutecznie dzia\u0142aj\u0105ca na rynku finansowym. Jeste\u015bmy pr\u0119\u017cnie rozwijaj\u0105c\u0105 si\u0119 na rynku finansowym instytucj\u0105, kt\u00f3ra stale d\u0105\u017cy do rozwoju.<\/strong><\/p>\n\n\n\n<p class=\"has-dark-gray-color has-text-color\"><strong> <\/strong><\/p>\n<\/div>\n\n\n\n<div class=\"wp-block-column\">\n<div class=\"wp-block-group is-style-right-slider\"><div class=\"wp-block-group__inner-container\">\n<figure class=\"wp-block-image size-large is-style-default\"><img loading=\"lazy\" width=\"83\" height=\"84\" src=\"http:\/\/dev.papercut.pl\/tfi\/wp-content\/uploads\/2020\/10\/29.png\" alt=\"\" class=\"wp-image-3084\"\/><figcaption>Ciekawe projekty<\/figcaption><\/figure>\n\n\n\n<figure class=\"wp-block-image size-large is-style-default\"><img loading=\"lazy\" width=\"85\" height=\"84\" src=\"http:\/\/dev.papercut.pl\/tfi\/wp-content\/uploads\/2020\/10\/30.png\" alt=\"\" class=\"wp-image-3085\"\/><figcaption>Unikalne do\u015bwiadczenie<\/figcaption><\/figure>\n\n\n\n<figure class=\"wp-block-image size-large is-style-default\"><img loading=\"lazy\" width=\"93\" height=\"84\" src=\"http:\/\/dev.papercut.pl\/tfi\/wp-content\/uploads\/2020\/10\/31.png\" alt=\"\" class=\"wp-image-3086\"\/><figcaption>Przyjazna atmosfera<\/figcaption><\/figure>\n<\/div><\/div>\n<\/div>\n<\/div>\n<\/div><\/div>\n","protected":false},"excerpt":{"rendered":"","protected":false},"author":1,"featured_media":0,"parent":1961,"menu_order":59,"comment_status":"closed","ping_status":"closed","template":"","meta":[],"_links":{"self":[{"href":"https:\/\/dev.papercut.pl\/tfi\/wp-json\/wp\/v2\/pages\/2210"}],"collection":[{"href":"https:\/\/dev.papercut.pl\/tfi\/wp-json\/wp\/v2\/pages"}],"about":[{"href":"https:\/\/dev.papercut.pl\/tfi\/wp-json\/wp\/v2\/types\/page"}],"author":[{"embeddable":true,"href":"https:\/\/dev.papercut.pl\/tfi\/wp-json\/wp\/v2\/users\/1"}],"replies":[{"embeddable":true,"href":"https:\/\/dev.papercut.pl\/tfi\/wp-json\/wp\/v2\/comments?post=2210"}],"version-history":[{"count":35,"href":"https:\/\/dev.papercut.pl\/tfi\/wp-json\/wp\/v2\/pages\/2210\/revisions"}],"predecessor-version":[{"id":4209,"href":"https:\/\/dev.papercut.pl\/tfi\/wp-json\/wp\/v2\/pages\/2210\/revisions\/4209"}],"up":[{"embeddable":true,"href":"https:\/\/dev.papercut.pl\/tfi\/wp-json\/wp\/v2\/pages\/1961"}],"wp:attachment":[{"href":"https:\/\/dev.papercut.pl\/tfi\/wp-json\/wp\/v2\/media?parent=2210"}],"curies":[{"name":"wp","href":"https:\/\/api.w.org\/{rel}","templated":true}]}}