{"id":2139,"date":"2020-08-28T16:02:17","date_gmt":"2020-08-28T14:02:17","guid":{"rendered":"http:\/\/dev.papercut.pl\/tfi\/?page_id=2139"},"modified":"2020-11-27T08:51:47","modified_gmt":"2020-11-27T07:51:47","slug":"kariera","status":"publish","type":"page","link":"https:\/\/dev.papercut.pl\/tfi\/informacje\/kariera\/","title":{"rendered":"Kariera"},"content":{"rendered":"\r\n<div class=\"main\">\r\n    <div class=\"main__bg\" style=\"background-image: url(https:\/\/dev.papercut.pl\/tfi\/wp-content\/uploads\/2020\/11\/informacje_v4.png);\"><\/div>\r\n    <div class=\"main__bg2\" style=\"background-image: url(https:\/\/dev.papercut.pl\/tfi\/wp-content\/uploads\/2020\/10\/cover_sideU.png);\"><\/div>\r\n    <div class=\"container\">\r\n        <div class=\"main__wrapper\">\r\n            <div>\r\n                                <h1 class=\"h1\" data-aos=\"fade-up\" data-aos-delay=\"200\">Kariera<\/h1>\r\n            <\/div>\r\n\r\n            <a class=\"scroll-down\" href=\"#\" data-aos=\"fade-up\" data-aos-delay=\"400\">\r\n                <span>Dowiedz si\u0119 wi\u0119cej<\/span>\r\n                <span class=\"icon icon-arrow-down\"><svg xmlns=\"http:\/\/www.w3.org\/2000\/svg\" width=\"50\" height=\"50\" viewBox=\"0 0 50 50\"><g transform=\"translate(50 50) rotate(180)\"><g fill=\"#fff\" stroke=\"#fff\" stroke-width=\"2\"><circle cx=\"25\" cy=\"25\" r=\"25\" stroke=\"none\"\/><circle cx=\"25\" cy=\"25\" r=\"24\" fill=\"none\"\/><\/g><path d=\"M9,0,7.364,1.636l6.195,6.195H0v2.338H13.558L7.364,16.364,9,18l9-9Z\" transform=\"translate(16 34) rotate(-90)\"\/><\/g><\/svg><\/span>\r\n            <\/a>\r\n        <\/div>\r\n    <\/div>\r\n<\/div>\n\n\n<div class=\"wp-block-group\"><div class=\"wp-block-group__inner-container\">\n<div class=\"wp-block-columns\">\n<div class=\"wp-block-column\">\n<h3 class=\"fade-right\">Rekrutacja TFI<\/h3>\n\n\n\n<p>Witaj w jedynym Towarzystwie Funduszy Inwestycyjnych w Krakowie, w kt\u00f3rym mo\u017cesz w praktyce zdoby\u0107 do\u015bwiadczenie w inwestycjach na rynku kapita\u0142owym. <\/p>\n\n\n\n<p>Jeste\u015bmy mark\u0105, kt\u00f3ra istnieje na rynku od 2007 roku, w swojej historii stworzyli\u015bmy wiele innowacyjnych projekt\u00f3w kieruj\u0105c si\u0119 naszym mottem: <strong>\u201etradycyjnie \u0142amiemy schematy\u201d<\/strong>. Lubimy by\u0107 pionierami w tym co robimy, ch\u0119tnie podejmujemy wyzwania i otwarcie ze sob\u0105 rozmawiamy.<\/p>\n\n\n\n<p><\/p>\n<\/div>\n\n\n\n<div class=\"wp-block-column\">\n<figure class=\"wp-block-image size-large fade-up\"><img loading=\"lazy\" width=\"1202\" height=\"599\" src=\"http:\/\/dev.papercut.pl\/tfi\/wp-content\/uploads\/2020\/10\/rekrutacja.jpg\" alt=\"\" class=\"wp-image-3250\" srcset=\"https:\/\/dev.papercut.pl\/tfi\/wp-content\/uploads\/2020\/10\/rekrutacja.jpg 1202w, https:\/\/dev.papercut.pl\/tfi\/wp-content\/uploads\/2020\/10\/rekrutacja-1000x498.jpg 1000w, https:\/\/dev.papercut.pl\/tfi\/wp-content\/uploads\/2020\/10\/rekrutacja-768x383.jpg 768w\" sizes=\"(max-width: 1202px) 100vw, 1202px\" \/><\/figure>\n<\/div>\n<\/div>\n<\/div><\/div>\n\n\n\n<div class=\"wp-block-group has-green-background-color has-background\"><div class=\"wp-block-group__inner-container\">\n<div style=\"height:20px\" aria-hidden=\"true\" class=\"wp-block-spacer\"><\/div>\n\n\n\n<h4 class=\"has-text-align-center\"><strong>Zosta\u0144 cz\u0119\u015bci\u0105 naszego zespo\u0142u i skorzystaj z szansy na zdobycie unikalnego do\u015bwiadczenia.<\/strong><\/h4>\n\n\n\n<div style=\"height:20px\" aria-hidden=\"true\" class=\"wp-block-spacer\"><\/div>\n<\/div><\/div>\n\n\n\n<div class=\"wp-block-group\"><div class=\"wp-block-group__inner-container\">\n<div class=\"wp-block-columns\">\n<div class=\"wp-block-column\">\n<h2 class=\"fade-right\">Dlaczego warto pracowa\u0107 w TFI?<\/h2>\n\n\n\n<p>W FORUM TFI wierzymy, \u017ce p\u0142aska struktura, \u015bwietna atmosfera i wyj\u0105tkowe wn\u0119trza s\u0105 kluczem to satysfakcji w codziennej pracy.<\/p>\n<\/div>\n\n\n\n<div class=\"wp-block-column\">\n<div class=\"wp-block-group is-style-right-slider\"><div class=\"wp-block-group__inner-container\">\n<figure class=\"wp-block-image size-large\"><img loading=\"lazy\" width=\"81\" height=\"84\" src=\"http:\/\/dev.papercut.pl\/tfi\/wp-content\/uploads\/2020\/10\/32.png\" alt=\"\" class=\"wp-image-3087\"\/><figcaption>P\u0142aska struktura<\/figcaption><\/figure>\n\n\n\n<figure class=\"wp-block-image size-large\"><img loading=\"lazy\" width=\"85\" height=\"84\" src=\"http:\/\/dev.papercut.pl\/tfi\/wp-content\/uploads\/2020\/10\/34.png\" alt=\"\" class=\"wp-image-3088\"\/><figcaption>Jedyne TFI w Krakowie<\/figcaption><\/figure>\n\n\n\n<figure class=\"wp-block-image size-large\"><img loading=\"lazy\" width=\"73\" height=\"84\" src=\"http:\/\/dev.papercut.pl\/tfi\/wp-content\/uploads\/2020\/10\/35.png\" alt=\"\" class=\"wp-image-3089\"\/><figcaption>Mo\u017cliwo\u015b\u0107 zdobycia praktycznego do\u015bwiadczenia<\/figcaption><\/figure>\n<\/div><\/div>\n<\/div>\n<\/div>\n<\/div><\/div>\n\n\n\n<div class=\"wp-block-group size-large is-resized is-style-default fade-up has-red-background-color has-background\"><div class=\"wp-block-group__inner-container\">\n<div class=\"wp-block-group is-style-counter-wrapper\"><div class=\"wp-block-group__inner-container\">\r\n<div class=\"counter\">\r\n    <div class=\"counter__number is-style-h2\" data-units=\"\" data-counter=\"147\">0<\/div>\r\n    <p class=\"counter__subtitle\">stworzone fundusze inwestycyjne<\/p>\r\n<\/div>\n\n\r\n<div class=\"counter\">\r\n    <div class=\"counter__number is-style-h2\" data-units=\"%\" data-counter=\"100\">0%<\/div>\r\n    <p class=\"counter__subtitle\">unikalnego know-how<\/p>\r\n<\/div>\n\n\r\n<div class=\"counter\">\r\n    <div class=\"counter__number is-style-h2\" data-units=\"\" data-counter=\"53\">0<\/div>\r\n    <p class=\"counter__subtitle\">zaanga\u017cowanych specjalist\u00f3w<\/p>\r\n<\/div><\/div><\/div>\n<\/div><\/div>\n\n\n\n<div class=\"wp-block-group\"><div class=\"wp-block-group__inner-container\">\n<h2 class=\"has-text-align-center fade-right\">Dodatkowe zalety pracy w TFI<\/h2>\n\n\n\n<div class=\"wp-block-group is-style-list-item-wrapper\"><div class=\"wp-block-group__inner-container\">\r\n<div class=\"list-item fade-columns\" >\r\n    <div class=\"list-item__content\">\r\n        <div class=\"list-item__icon\">\r\n            <img src=\"https:\/\/dev.papercut.pl\/tfi\/wp-content\/uploads\/2020\/10\/35.png\" alt=\"\">\r\n        <\/div>\r\n        <h4 class=\"list-item__title\">Benefity<\/h4>\r\n        <div class=\"list-item__text\"><p>Nasi pracownicy maj\u0105 dost\u0119p do karty Multisport, prywatnej opieki medycznej i bogatego pakietu socjalnego. <\/p>\n<\/div>\r\n    <\/div>\r\n    <\/div>\n\n\r\n<div class=\"list-item fade-columns\" >\r\n    <div class=\"list-item__content\">\r\n        <div class=\"list-item__icon\">\r\n            <img src=\"https:\/\/dev.papercut.pl\/tfi\/wp-content\/uploads\/2020\/10\/6_3.png\" alt=\"\">\r\n        <\/div>\r\n        <h4 class=\"list-item__title\"> Komfort<\/h4>\r\n        <div class=\"list-item__text\"><p>Nie boimy si\u0119 smogowych dni \u2013 w ka\u017cdym pokoju zamontowali\u015bmy oczyszczacz powietrza, nie straszny nam te\u017c letni upa\u0142 \u2013 mamy klimatyzacj\u0119<\/p>\n<\/div>\r\n    <\/div>\r\n    <\/div>\n\n\r\n<div class=\"list-item fade-columns\" >\r\n    <div class=\"list-item__content\">\r\n        <div class=\"list-item__icon\">\r\n            <img src=\"https:\/\/dev.papercut.pl\/tfi\/wp-content\/uploads\/2020\/10\/5_2.png\" alt=\"\">\r\n        <\/div>\r\n        <h4 class=\"list-item__title\"> Ma\u0142e przyjemno\u015bci<\/h4>\r\n        <div class=\"list-item__text\"><p>Wierzymy w ma\u0142e przyjemno\u015bci, dlatego zapewniamy pyszn\u0105 kaw\u0119, \u015bwie\u017ce owoce i napoje (tylko w szklanych butelkach, bo cenimy r\u00f3wnie\u017c \u015brodowisko).<\/p>\n<\/div>\r\n    <\/div>\r\n    <\/div><\/div><\/div>\n\n\n\n<p><\/p>\n<\/div><\/div>\n\n\n\n<div class=\"wp-block-group is-style-zero-margin-bottom\"><div class=\"wp-block-group__inner-container\">\n<h2 class=\"has-text-align-center is-style-h2 fade-right\">Poznaj ludzi TFI<\/h2>\n\n\n\n<h3 class=\"is-style-h3 fade-right\">Zarz\u0105d<\/h3>\n\n\n\n<div class=\"wp-block-group is-style-letter-slider\"><div class=\"wp-block-group__inner-container\">\r\n<div class=\"letter-item\" >\r\n    <div class=\"letter-item__content\">\r\n                    <a href=\"http:\/\/dev.papercut.pl\/tfi\/o-nas\/mateusz-sarapata-2\/\" class=\"letter-item__avatar\">\r\n                <img src=\"https:\/\/dev.papercut.pl\/tfi\/wp-content\/themes\/tfi\/dist\/img\/letter-1.svg\" alt=\"\" class=\"letter-item__letter\"> \r\n                <img src=\"https:\/\/dev.papercut.pl\/tfi\/wp-content\/uploads\/2020\/09\/mateusz-sarapata.png\" class=\"letter-item__avatar--image\" alt=\"\">\r\n            <\/a>\r\n         \r\n        <span class=\"letter-item__position\">Prezes Zarz\u0105du<\/span>\r\n                    <a href=\"http:\/\/dev.papercut.pl\/tfi\/o-nas\/mateusz-sarapata-2\/\" class=\"letter-item__name\">Mateusz Sarapata<\/a>\r\n         \r\n    <\/div>\r\n<\/div>\n\n\r\n<div class=\"letter-item\" >\r\n    <div class=\"letter-item__content\">\r\n                    <a href=\"http:\/\/dev.papercut.pl\/tfi\/o-nas\/michal-miskowiec\/\" class=\"letter-item__avatar\">\r\n                <img src=\"https:\/\/dev.papercut.pl\/tfi\/wp-content\/themes\/tfi\/dist\/img\/letter-2.svg\" alt=\"\" class=\"letter-item__letter\"> \r\n                <img src=\"https:\/\/dev.papercut.pl\/tfi\/wp-content\/uploads\/2020\/09\/michal-miskowiec.png\" class=\"letter-item__avatar--image\" alt=\"\">\r\n            <\/a>\r\n         \r\n        <span class=\"letter-item__position\">Wiceprezes Zarz\u0105du<\/span>\r\n                    <a href=\"http:\/\/dev.papercut.pl\/tfi\/o-nas\/michal-miskowiec\/\" class=\"letter-item__name\">Micha\u0142 Mi\u015bkowiec<\/a>\r\n         \r\n    <\/div>\r\n<\/div>\n\n\r\n<div class=\"letter-item\" >\r\n    <div class=\"letter-item__content\">\r\n                    <a href=\"http:\/\/dev.papercut.pl\/tfi\/o-nas\/dr-anna-rojek\/\" class=\"letter-item__avatar\">\r\n                <img src=\"https:\/\/dev.papercut.pl\/tfi\/wp-content\/themes\/tfi\/dist\/img\/letter-3.svg\" alt=\"\" class=\"letter-item__letter\"> \r\n                <img src=\"https:\/\/dev.papercut.pl\/tfi\/wp-content\/uploads\/2020\/09\/anna-rojek.png\" class=\"letter-item__avatar--image\" alt=\"\">\r\n            <\/a>\r\n         \r\n        <span class=\"letter-item__position\">Cz\u0142onek Zarz\u0105du<\/span>\r\n                    <a href=\"http:\/\/dev.papercut.pl\/tfi\/o-nas\/dr-anna-rojek\/\" class=\"letter-item__name\">Dr Anna Rojek<\/a>\r\n         \r\n    <\/div>\r\n<\/div><\/div><\/div>\n<\/div><\/div>\n\n\n\n<div class=\"wp-block-group\"><div class=\"wp-block-group__inner-container\">\n<h2 class=\"is-style-h3 fade-right\">Kluczowi ludzie TFI<\/h2>\n\n\n\n<div class=\"wp-block-group is-style-people-slider\"><div class=\"wp-block-group__inner-container\">\n<figure class=\"wp-block-image size-large\"><a href=\"http:\/\/dev.papercut.pl\/tfi\/o-nas\/aleksandra-urban-kawalec-cfa\/\"><img loading=\"lazy\" width=\"1500\" height=\"1000\" src=\"http:\/\/dev.papercut.pl\/tfi\/wp-content\/uploads\/2020\/09\/Aleksandra-Urban-Kawalec.png\" alt=\"\" class=\"wp-image-2814\" srcset=\"https:\/\/dev.papercut.pl\/tfi\/wp-content\/uploads\/2020\/09\/Aleksandra-Urban-Kawalec.png 1500w, https:\/\/dev.papercut.pl\/tfi\/wp-content\/uploads\/2020\/09\/Aleksandra-Urban-Kawalec-1000x667.png 1000w, https:\/\/dev.papercut.pl\/tfi\/wp-content\/uploads\/2020\/09\/Aleksandra-Urban-Kawalec-768x512.png 768w\" sizes=\"(max-width: 1500px) 100vw, 1500px\" \/><\/a><figcaption>Aleksandra Urban-Kawalec CFA<\/figcaption><\/figure>\n\n\n\n<figure class=\"wp-block-image size-large\"><a href=\"http:\/\/dev.papercut.pl\/tfi\/o-nas\/tomasz-pasiut\/\"><img loading=\"lazy\" width=\"238\" height=\"231\" src=\"http:\/\/dev.papercut.pl\/tfi\/wp-content\/uploads\/2020\/10\/pasiut-small2.png\" alt=\"\" class=\"wp-image-2975\"\/><\/a><figcaption>Tomasz Pasiut<\/figcaption><\/figure>\n\n\n\n<figure class=\"wp-block-image size-large\"><a href=\"http:\/\/dev.papercut.pl\/tfi\/o-nas\/maciej-podlecki\/\"><img loading=\"lazy\" width=\"1500\" height=\"1000\" src=\"http:\/\/dev.papercut.pl\/tfi\/wp-content\/uploads\/2020\/11\/zdj1.png\" alt=\"\" class=\"wp-image-3380\" srcset=\"https:\/\/dev.papercut.pl\/tfi\/wp-content\/uploads\/2020\/11\/zdj1.png 1500w, https:\/\/dev.papercut.pl\/tfi\/wp-content\/uploads\/2020\/11\/zdj1-1000x667.png 1000w, https:\/\/dev.papercut.pl\/tfi\/wp-content\/uploads\/2020\/11\/zdj1-768x512.png 768w\" sizes=\"(max-width: 1500px) 100vw, 1500px\" \/><\/a><figcaption>Maciej Pod\u0142\u0119cki<\/figcaption><\/figure>\n\n\n\n<figure class=\"wp-block-image size-large\"><img loading=\"lazy\" width=\"1500\" height=\"1000\" src=\"http:\/\/dev.papercut.pl\/tfi\/wp-content\/uploads\/2020\/11\/zdj2.png\" alt=\"\" class=\"wp-image-3381\" srcset=\"https:\/\/dev.papercut.pl\/tfi\/wp-content\/uploads\/2020\/11\/zdj2.png 1500w, https:\/\/dev.papercut.pl\/tfi\/wp-content\/uploads\/2020\/11\/zdj2-1000x667.png 1000w, https:\/\/dev.papercut.pl\/tfi\/wp-content\/uploads\/2020\/11\/zdj2-768x512.png 768w\" sizes=\"(max-width: 1500px) 100vw, 1500px\" \/><figcaption>Aleksandra Otwinowska<\/figcaption><\/figure>\n\n\n\n<figure class=\"wp-block-image size-large\"><a href=\"http:\/\/dev.papercut.pl\/tfi\/o-nas\/izabela-hyb\/\"><img loading=\"lazy\" width=\"1501\" height=\"1001\" src=\"http:\/\/dev.papercut.pl\/tfi\/wp-content\/uploads\/2020\/11\/avatarFem.png\" alt=\"\" class=\"wp-image-3379\" srcset=\"https:\/\/dev.papercut.pl\/tfi\/wp-content\/uploads\/2020\/11\/avatarFem.png 1501w, https:\/\/dev.papercut.pl\/tfi\/wp-content\/uploads\/2020\/11\/avatarFem-1000x667.png 1000w, https:\/\/dev.papercut.pl\/tfi\/wp-content\/uploads\/2020\/11\/avatarFem-768x512.png 768w\" sizes=\"(max-width: 1501px) 100vw, 1501px\" \/><\/a><figcaption>Izabela Hyb<\/figcaption><\/figure>\n\n\n\n<figure class=\"wp-block-image size-large\"><img loading=\"lazy\" width=\"1500\" height=\"1000\" src=\"http:\/\/dev.papercut.pl\/tfi\/wp-content\/uploads\/2020\/09\/Michal-Maro.png\" alt=\"\" class=\"wp-image-2819\" srcset=\"https:\/\/dev.papercut.pl\/tfi\/wp-content\/uploads\/2020\/09\/Michal-Maro.png 1500w, https:\/\/dev.papercut.pl\/tfi\/wp-content\/uploads\/2020\/09\/Michal-Maro-1000x667.png 1000w, https:\/\/dev.papercut.pl\/tfi\/wp-content\/uploads\/2020\/09\/Michal-Maro-768x512.png 768w\" sizes=\"(max-width: 1500px) 100vw, 1500px\" \/><figcaption>Micha\u0142 Maro<\/figcaption><\/figure>\n\n\n\n<figure class=\"wp-block-image size-large\"><a href=\"http:\/\/dev.papercut.pl\/tfi\/o-nas\/kamil-nowak\/\"><img loading=\"lazy\" width=\"1500\" height=\"1000\" src=\"http:\/\/dev.papercut.pl\/tfi\/wp-content\/uploads\/2020\/09\/Kamil-Nowak.png\" alt=\"\" class=\"wp-image-2822\" srcset=\"https:\/\/dev.papercut.pl\/tfi\/wp-content\/uploads\/2020\/09\/Kamil-Nowak.png 1500w, https:\/\/dev.papercut.pl\/tfi\/wp-content\/uploads\/2020\/09\/Kamil-Nowak-1000x667.png 1000w, https:\/\/dev.papercut.pl\/tfi\/wp-content\/uploads\/2020\/09\/Kamil-Nowak-768x512.png 768w\" sizes=\"(max-width: 1500px) 100vw, 1500px\" \/><\/a><figcaption>Kamil Nowak<\/figcaption><\/figure>\n\n\n\n<figure class=\"wp-block-image size-large\"><a href=\"http:\/\/dev.papercut.pl\/tfi\/o-nas\/janusz-baran-executive-mba-2\/\"><img loading=\"lazy\" width=\"1500\" height=\"1000\" src=\"http:\/\/dev.papercut.pl\/tfi\/wp-content\/uploads\/2020\/09\/janusz-baran.png\" alt=\"\" class=\"wp-image-2821\" srcset=\"https:\/\/dev.papercut.pl\/tfi\/wp-content\/uploads\/2020\/09\/janusz-baran.png 1500w, https:\/\/dev.papercut.pl\/tfi\/wp-content\/uploads\/2020\/09\/janusz-baran-1000x667.png 1000w, https:\/\/dev.papercut.pl\/tfi\/wp-content\/uploads\/2020\/09\/janusz-baran-768x512.png 768w\" sizes=\"(max-width: 1500px) 100vw, 1500px\" \/><\/a><figcaption>Janusz Baran<\/figcaption><\/figure>\n\n\n\n<figure class=\"wp-block-image size-large\"><img loading=\"lazy\" width=\"1500\" height=\"1000\" src=\"http:\/\/dev.papercut.pl\/tfi\/wp-content\/uploads\/2020\/09\/Iwona-Fraczkiewicz.png\" alt=\"\" class=\"wp-image-2820\" srcset=\"https:\/\/dev.papercut.pl\/tfi\/wp-content\/uploads\/2020\/09\/Iwona-Fraczkiewicz.png 1500w, https:\/\/dev.papercut.pl\/tfi\/wp-content\/uploads\/2020\/09\/Iwona-Fraczkiewicz-1000x667.png 1000w, https:\/\/dev.papercut.pl\/tfi\/wp-content\/uploads\/2020\/09\/Iwona-Fraczkiewicz-768x512.png 768w\" sizes=\"(max-width: 1500px) 100vw, 1500px\" \/><figcaption>Iwona Fr\u0105czkiewicz<\/figcaption><\/figure>\n<\/div><\/div>\n<\/div><\/div>\n\n\n\n<div class=\"wp-block-group has-red-background-color has-background\"><div class=\"wp-block-group__inner-container\">\n<div class=\"wp-block-columns\">\n<div class=\"wp-block-column\" style=\"flex-basis:66.66%\">\n<h4>Je\u015bli nie widzisz idealnej propozycji dla siebie, ale czujesz, \u017ce warto by\u0142oby si\u0119 pozna\u0107 \u2013 skontaktuj si\u0119 z nami!<\/h4>\n\n\n\n<p>Wy\u015blij swoje CV, napisz kilka s\u0142\u00f3w na sw\u00f3j temat i poznajmy si\u0119!<\/p>\n<\/div>\n\n\n\n<div class=\"wp-block-column\" style=\"flex-basis:33.33%\">\n<div style=\"height:40px\" aria-hidden=\"true\" class=\"wp-block-spacer\"><\/div>\n\n\n\n<div class=\"wp-block-buttons is-content-justification-center\">\n<div class=\"wp-block-button is-style-outline\"><a class=\"wp-block-button__link\" href=\"http:\/\/dev.papercut.pl\/tfi\/kontakt\/\">Poznajmy si\u0119<\/a><\/div>\n<\/div>\n<\/div>\n<\/div>\n<\/div><\/div>\n","protected":false},"excerpt":{"rendered":"","protected":false},"author":1,"featured_media":0,"parent":1961,"menu_order":61,"comment_status":"closed","ping_status":"closed","template":"","meta":[],"_links":{"self":[{"href":"https:\/\/dev.papercut.pl\/tfi\/wp-json\/wp\/v2\/pages\/2139"}],"collection":[{"href":"https:\/\/dev.papercut.pl\/tfi\/wp-json\/wp\/v2\/pages"}],"about":[{"href":"https:\/\/dev.papercut.pl\/tfi\/wp-json\/wp\/v2\/types\/page"}],"author":[{"embeddable":true,"href":"https:\/\/dev.papercut.pl\/tfi\/wp-json\/wp\/v2\/users\/1"}],"replies":[{"embeddable":true,"href":"https:\/\/dev.papercut.pl\/tfi\/wp-json\/wp\/v2\/comments?post=2139"}],"version-history":[{"count":77,"href":"https:\/\/dev.papercut.pl\/tfi\/wp-json\/wp\/v2\/pages\/2139\/revisions"}],"predecessor-version":[{"id":5517,"href":"https:\/\/dev.papercut.pl\/tfi\/wp-json\/wp\/v2\/pages\/2139\/revisions\/5517"}],"up":[{"embeddable":true,"href":"https:\/\/dev.papercut.pl\/tfi\/wp-json\/wp\/v2\/pages\/1961"}],"wp:attachment":[{"href":"https:\/\/dev.papercut.pl\/tfi\/wp-json\/wp\/v2\/media?parent=2139"}],"curies":[{"name":"wp","href":"https:\/\/api.w.org\/{rel}","templated":true}]}}