{"id":2032,"date":"2020-07-29T10:13:48","date_gmt":"2020-07-29T08:13:48","guid":{"rendered":"http:\/\/dev.papercut.pl\/tfi\/?page_id=2032"},"modified":"2020-11-27T13:01:58","modified_gmt":"2020-11-27T12:01:58","slug":"fundusze-dedykowane","status":"publish","type":"page","link":"https:\/\/dev.papercut.pl\/tfi\/produkty\/fundusze-dedykowane\/","title":{"rendered":"Fundusze Dedykowane"},"content":{"rendered":"\r\n<div class=\"main\">\r\n    <div class=\"main__bg\" style=\"background-image: url(https:\/\/dev.papercut.pl\/tfi\/wp-content\/uploads\/2020\/11\/produkty-v1.png);\"><\/div>\r\n    <div class=\"main__bg2\" style=\"background-image: url(https:\/\/dev.papercut.pl\/tfi\/wp-content\/uploads\/2020\/10\/cover_leningU.png);\"><\/div>\r\n    <div class=\"container\">\r\n        <div class=\"main__wrapper\">\r\n            <div>\r\n                                    <span class=\"subtitle\" data-aos=\"fade-up\" data-aos-delay=\"100\">Produkty<\/span>\r\n                                <h1 class=\"h1\" data-aos=\"fade-up\" data-aos-delay=\"200\">Fundusze Dedykowane<\/h1>\r\n            <\/div>\r\n\r\n            <a class=\"scroll-down\" href=\"#\" data-aos=\"fade-up\" data-aos-delay=\"400\">\r\n                <span>Dowiedz si\u0119 wi\u0119cej<\/span>\r\n                <span class=\"icon icon-arrow-down\"><svg xmlns=\"http:\/\/www.w3.org\/2000\/svg\" width=\"50\" height=\"50\" viewBox=\"0 0 50 50\"><g transform=\"translate(50 50) rotate(180)\"><g fill=\"#fff\" stroke=\"#fff\" stroke-width=\"2\"><circle cx=\"25\" cy=\"25\" r=\"25\" stroke=\"none\"\/><circle cx=\"25\" cy=\"25\" r=\"24\" fill=\"none\"\/><\/g><path d=\"M9,0,7.364,1.636l6.195,6.195H0v2.338H13.558L7.364,16.364,9,18l9-9Z\" transform=\"translate(16 34) rotate(-90)\"\/><\/g><\/svg><\/span>\r\n            <\/a>\r\n        <\/div>\r\n    <\/div>\r\n<\/div>\n\n\n<div class=\"wp-block-group\"><div class=\"wp-block-group__inner-container\">\n<div class=\"wp-block-columns\">\n<div class=\"wp-block-column is-vertically-aligned-center\">\n<div class=\"wp-block-group\"><div class=\"wp-block-group__inner-container\">\n<figure class=\"wp-block-image size-large fade-up\"><img loading=\"lazy\" width=\"1132\" height=\"594\" src=\"http:\/\/dev.papercut.pl\/tfi\/wp-content\/uploads\/2020\/10\/fundusze-dedykowane.jpg\" alt=\"\" class=\"wp-image-3248\" srcset=\"https:\/\/dev.papercut.pl\/tfi\/wp-content\/uploads\/2020\/10\/fundusze-dedykowane.jpg 1132w, https:\/\/dev.papercut.pl\/tfi\/wp-content\/uploads\/2020\/10\/fundusze-dedykowane-1000x525.jpg 1000w, https:\/\/dev.papercut.pl\/tfi\/wp-content\/uploads\/2020\/10\/fundusze-dedykowane-768x403.jpg 768w\" sizes=\"(max-width: 1132px) 100vw, 1132px\" \/><\/figure>\n<\/div><\/div>\n<\/div>\n\n\n\n<div class=\"wp-block-column\">\n<div class=\"wp-block-group\"><div class=\"wp-block-group__inner-container\">\n<h3 class=\"is-style-h3 fade-right\">Fundusze<br>Dedykowane<\/h3>\n\n\n\n<p><strong>Fundusze dedykowane dzia\u0142aj\u0105 w formule funduszy inwestycyjnych zamkni\u0119tych, b\u0119d\u0105cych alternatywnymi funduszami inwestycyjnymi.<\/strong><\/p>\n\n\n\n<p><br>S\u0105 one tworzone w odpowiedzi na indywidualne zapotrzebowanie inwestor\u00f3w celem realizacji r\u00f3\u017cnych cel\u00f3w biznesowych poprzez zastosowanie ustrukturyzowanego mechanizmu inwestycyjnego<br>i realizacj\u0119 przyj\u0119tej strategii.<\/p>\n<\/div><\/div>\n<\/div>\n<\/div>\n<\/div><\/div>\n\n\n\n<div class=\"wp-block-group has-green-background-color has-background\"><div class=\"wp-block-group__inner-container\">\n<h4 class=\"has-text-align-center\">Utworzyli\u015bmy ponad 90 funduszy<br>dedykowanych dla r\u00f3\u017cnych podmiot\u00f3w.<\/h4>\n<\/div><\/div>\n\n\n\n<div class=\"wp-block-group has-gray-background-color has-background\"><div class=\"wp-block-group__inner-container\">\n<div class=\"wp-block-columns\">\n<div class=\"wp-block-column\">\n<h3 class=\"fade-right\">Zastosowanie funduszy dedykowanych<\/h3>\n\n\n\n<p>Ze wzgl\u0119du na zr\u00f3\u017cnicowanie potrzeby inwestor\u00f3w <strong>ka\u017cdy taki<br>fundusz jest projektowany odr\u0119bnie<\/strong>. Pierwszym etapem we wsp\u00f3\u0142pracy z nami jest dog\u0142\u0119bna analiza potrzeb i korzy\u015bci p\u0142yn\u0105cych z ustrukturyzowania biznesu w formie Funduszu Inwestycyjnego Zamkni\u0119tego.<\/p>\n\n\n\n<p>Fundusze Dedykowane mog\u0105 by\u0107 tworzone, aby realizowa\u0107 zr\u00f3\u017cnicowane potrzeby, najcz\u0119\u015bciej wyst\u0119puj\u0105ce benefity to:<\/p>\n<\/div>\n\n\n\n<div class=\"wp-block-column is-style-right-slider\">\n<div class=\"wp-block-group is-style-inline-slider\"><div class=\"wp-block-group__inner-container\">\n<figure class=\"wp-block-image size-large\"><img loading=\"lazy\" width=\"84\" height=\"82\" src=\"http:\/\/dev.papercut.pl\/tfi\/wp-content\/uploads\/2020\/10\/7.png\" alt=\"\" class=\"wp-image-3062\"\/><figcaption>organizacja i restrukturyzacja aktyw\u00f3w inwestora; celem nadrz\u0119dnym jest wypracowanie optymalnych i efektywnych (prawnie i biznesowo) narz\u0119dzi umo\u017cliwiaj\u0105cych realizacj\u0119 strategii wybranej przez inwestora<\/figcaption><\/figure>\n\n\n\n<figure class=\"wp-block-image size-large\"><img loading=\"lazy\" width=\"84\" height=\"84\" src=\"http:\/\/dev.papercut.pl\/tfi\/wp-content\/uploads\/2020\/10\/11.png\" alt=\"\" class=\"wp-image-3066\"\/><figcaption>zapewnienie poufno\u015bci i anonimowo\u015bci dla prowadzonych operacji biznesowych, w tym umo\u017cliwienie bezpiecznego transferu mi\u0119dzypokoleniowego<\/figcaption><\/figure>\n\n\n\n<figure class=\"wp-block-image size-large\"><img loading=\"lazy\" width=\"86\" height=\"84\" src=\"http:\/\/dev.papercut.pl\/tfi\/wp-content\/uploads\/2020\/10\/10.png\" alt=\"\" class=\"wp-image-3065\"\/><figcaption>dywersyfikacja struktury w\u0142a\u015bcicielskiej<\/figcaption><\/figure>\n\n\n\n<figure class=\"wp-block-image size-large\"><img loading=\"lazy\" width=\"98\" height=\"84\" src=\"http:\/\/dev.papercut.pl\/tfi\/wp-content\/uploads\/2020\/10\/8.png\" alt=\"\" class=\"wp-image-3063\"\/><figcaption>umo\u017cliwienie lokowania nadwy\u017cek finansowych w innowacyjne przedsi\u0119wzi\u0119cia i inwestycje daj\u0105ce stop\u0119 zwrotu przekraczaj\u0105c\u0105 \u015bredni\u0105 rynkow\u0105 przy zachowaniu wysokiego marginesu bezpiecze\u0144stwa inwestycji prowadzonych w strukturze funduszu inwestycyjnego zamkni\u0119tego<\/figcaption><\/figure>\n\n\n\n<figure class=\"wp-block-image size-large\"><img loading=\"lazy\" width=\"96\" height=\"84\" src=\"http:\/\/dev.papercut.pl\/tfi\/wp-content\/uploads\/2020\/10\/16.png\" alt=\"\" class=\"wp-image-3071\"\/><figcaption>zwi\u0119kszenie wiarygodno\u015bci dla bank\u00f3w i innych podmiot\u00f3w operuj\u0105cych na danym rynku ze wzgl\u0119du na przejrzysto\u015b\u0107 funkcjonowania funduszu<\/figcaption><\/figure>\n<\/div><\/div>\n\n\n\n<p><\/p>\n<\/div>\n<\/div>\n<\/div><\/div>\n\n\n\n<div class=\"wp-block-group has-red-background-color has-background\"><div class=\"wp-block-group__inner-container\">\n<div class=\"wp-block-columns\">\n<div class=\"wp-block-column\" style=\"flex-basis:66.66%\">\n<h4>Tworzymy r\u00f3wnie\u017c indywidualne koncepcje inwestycyjne oparte o sekurytyzowane wierzytelno\u015bci.<\/h4>\n\n\n\n<p><\/p>\n<\/div>\n\n\n\n<div class=\"wp-block-column\" style=\"flex-basis:33.33%\">\n<div class=\"wp-block-buttons is-content-justification-center\">\n<div class=\"wp-block-button is-style-outline\"><a class=\"wp-block-button__link\" href=\"http:\/\/dev.papercut.pl\/tfi\/produkty\/fundusze-sekurytyzacyjne\/\" rel=\"http:\/\/dev.papercut.pl\/tfi\/produkty\/fundusze-sekurytyzacyjne\/\">Fundusze sekurytyzacyjne<\/a><\/div>\n<\/div>\n<\/div>\n<\/div>\n\n\n\n<p><\/p>\n<\/div><\/div>\n\n\n\n<div class=\"wp-block-group has-green-background-color has-background\"><div class=\"wp-block-group__inner-container\">\n<div class=\"wp-block-columns\">\n<div class=\"wp-block-column\" style=\"flex-basis:66.66%\">\n<h4>Jeste\u015bmy pionierami w tworzeniu innowacyjnych modeli inwestycyjnych w ramach Funduszy Alternatywnych.<\/h4>\n\n\n\n<p><\/p>\n<\/div>\n\n\n\n<div class=\"wp-block-column\" style=\"flex-basis:33.33%\">\n<div class=\"wp-block-buttons is-content-justification-center\">\n<div class=\"wp-block-button is-style-outline\"><a class=\"wp-block-button__link\" href=\"http:\/\/dev.papercut.pl\/tfi\/produkty\/fundusze-alternatywne\/\" rel=\"http:\/\/dev.papercut.pl\/tfi\/produkty\/fundusze-alternatywne\/\">Fundusze alternatywne<\/a><\/div>\n<\/div>\n<\/div>\n<\/div>\n\n\n\n<p><\/p>\n<\/div><\/div>\n\n\n\n<div class=\"wp-block-group\"><div class=\"wp-block-group__inner-container\">\n<div class=\"wp-block-columns\">\n<div class=\"wp-block-column\">\n<figure class=\"wp-block-image size-large fade-up\"><img loading=\"lazy\" width=\"1920\" height=\"1112\" src=\"http:\/\/dev.papercut.pl\/tfi\/wp-content\/uploads\/2020\/10\/FUNDUSZE2-01-1920x1112.png\" alt=\"\" class=\"wp-image-2982\" srcset=\"https:\/\/dev.papercut.pl\/tfi\/wp-content\/uploads\/2020\/10\/FUNDUSZE2-01-1920x1112.png 1920w, https:\/\/dev.papercut.pl\/tfi\/wp-content\/uploads\/2020\/10\/FUNDUSZE2-01-1000x579.png 1000w, https:\/\/dev.papercut.pl\/tfi\/wp-content\/uploads\/2020\/10\/FUNDUSZE2-01-768x445.png 768w, https:\/\/dev.papercut.pl\/tfi\/wp-content\/uploads\/2020\/10\/FUNDUSZE2-01-1536x889.png 1536w, https:\/\/dev.papercut.pl\/tfi\/wp-content\/uploads\/2020\/10\/FUNDUSZE2-01-2048x1186.png 2048w\" sizes=\"(max-width: 1920px) 100vw, 1920px\" \/><\/figure>\n<\/div>\n\n\n\n<div class=\"wp-block-column\">\n<h3 class=\"fade-rigt\"><strong>Czym jest fundusz inwestycyjny zamkni\u0119ty?<\/strong><\/h3>\n\n\n\n<p>Fundusz inwestycyjny dzia\u0142aj\u0105cy na zasadach zamkni\u0119tego funduszu inwestycyjnego jest jedn\u0105 <strong>z praktycznych form inwestowania aktyw\u00f3w finansowych<\/strong> w oparciu o przygotowan\u0105 wcze\u015bniej polityk\u0119 inwestycyjn\u0105. Inwestorzy korzystaj\u0105cy z mo\u017cliwo\u015bci zamkni\u0119tych funduszy inwestycyjnych utrzymuj\u0105 <strong>realn\u0105 kontrol\u0119<\/strong> nad zainwestowanymi aktywami oraz maj\u0105 mo\u017cliwo\u015b\u0107 <strong>bezpiecznego przechowywania i inwestowania aktyw\u00f3w<\/strong>, kt\u00f3re s\u0105 ustawowo wy\u0142\u0105czone z maj\u0105tku TFI. Utworzenie FIZ mo\u017ce zosta\u0107 zainicjowane przez osob\u0119 fizyczn\u0105 lub podmiot gospodarczy.<\/p>\n<\/div>\n<\/div>\n<\/div><\/div>\n\n\n\n<div class=\"wp-block-group\"><div class=\"wp-block-group__inner-container\">\n<div class=\"wp-block-columns\">\n<div class=\"wp-block-column\" style=\"flex-basis:33.33%\">\n<h3 class=\"fade-right\">Certyfikaty<br>Inwestycyjne<\/h3>\n\n\n\n<p><strong>Certyfikaty inwestycyjne<\/strong> w funduszach niepublicznych mo\u017cna pozyska\u0107 poprzez dedykowan\u0105 emisj\u0119, kierowan\u0105 do inwestor\u00f3w indywidualnych i instytucjonalnych. <\/p>\n\n\n\n<p>Certyfikaty inwestycyjne funduszy inwestycyjnych zamkni\u0119tych mog\u0105 by\u0107 dopuszczone do obrotu na rynku regulowanym lub w alternatywnym systemie obrotu. <\/p>\n<\/div>\n\n\n\n<div class=\"wp-block-column\" style=\"flex-basis:66.66%\">\n<div class=\"wp-block-image fade-up\"><figure class=\"alignleft size-large\"><img loading=\"lazy\" width=\"1920\" height=\"1329\" src=\"http:\/\/dev.papercut.pl\/tfi\/wp-content\/uploads\/2020\/10\/INFORMACJE-01-2-1920x1329.png\" alt=\"\" class=\"wp-image-2983\" srcset=\"https:\/\/dev.papercut.pl\/tfi\/wp-content\/uploads\/2020\/10\/INFORMACJE-01-2-1920x1329.png 1920w, https:\/\/dev.papercut.pl\/tfi\/wp-content\/uploads\/2020\/10\/INFORMACJE-01-2-1000x692.png 1000w, https:\/\/dev.papercut.pl\/tfi\/wp-content\/uploads\/2020\/10\/INFORMACJE-01-2-768x532.png 768w, https:\/\/dev.papercut.pl\/tfi\/wp-content\/uploads\/2020\/10\/INFORMACJE-01-2-1536x1063.png 1536w, https:\/\/dev.papercut.pl\/tfi\/wp-content\/uploads\/2020\/10\/INFORMACJE-01-2-2048x1418.png 2048w\" sizes=\"(max-width: 1920px) 100vw, 1920px\" \/><\/figure><\/div>\n<\/div>\n<\/div>\n<\/div><\/div>\n\n\n\n<div class=\"wp-block-group\"><div class=\"wp-block-group__inner-container\">\n<h2 class=\"has-text-align-center fade-right\"><strong>Dlaczego FORUM TFI?<\/strong><\/h2>\n\n\n\n<div class=\"wp-block-group is-style-list-item-wrapper\"><div class=\"wp-block-group__inner-container\">\r\n<div class=\"list-item fade-columns\" >\r\n    <div class=\"list-item__content\">\r\n        <div class=\"list-item__icon\">\r\n            <img src=\"https:\/\/dev.papercut.pl\/tfi\/wp-content\/uploads\/2020\/10\/28.png\" alt=\"\">\r\n        <\/div>\r\n        <h4 class=\"list-item__title\"><\/h4>\r\n        <div class=\"list-item__text\"><p><b>Rozwi\u0105zanie szyte na miar\u0119.<\/b><\/p>\n<p>Wsp\u00f3\u0142pracuj\u0105c z FORUM TFI ka\u017cdy Inwestor funduszu inwestycyjnego zamkni\u0119tego otrzymuje indywidualnie stworzone rozwi\u0105zanie szyte na miar\u0119 pod konkretny projekt.<\/p>\n<\/div>\r\n    <\/div>\r\n    <\/div>\n\n\r\n<div class=\"list-item fade-columns\" >\r\n    <div class=\"list-item__content\">\r\n        <div class=\"list-item__icon\">\r\n            <img src=\"https:\/\/dev.papercut.pl\/tfi\/wp-content\/uploads\/2020\/10\/37.png\" alt=\"\">\r\n        <\/div>\r\n        <h4 class=\"list-item__title\"><\/h4>\r\n        <div class=\"list-item__text\"><p><b>Wysokie kwalifikacje.<\/b><\/p>\n<p>Wykwalifikowana i do\u015bwiadczona kadra FORUM TFI udzieli wsparcia na ka\u017cdym etapie projektu od stworzenia struktury inwestycyjnej dopasowanej do potrzeb po codzienne wsparcie operacyjne. <\/p>\n<\/div>\r\n    <\/div>\r\n    <\/div>\n\n\r\n<div class=\"list-item fade-columns\" >\r\n    <div class=\"list-item__content\">\r\n        <div class=\"list-item__icon\">\r\n            <img src=\"https:\/\/dev.papercut.pl\/tfi\/wp-content\/uploads\/2020\/10\/39.png\" alt=\"\">\r\n        <\/div>\r\n        <h4 class=\"list-item__title\"><\/h4>\r\n        <div class=\"list-item__text\"><p><b>Wsparcie ekspert\u00f3w.<\/b><\/p>\n<p>Od 2007 roku wsp\u00f3\u0142pracujemy z wieloma sprawdzonymi podmiotami \u015bwiadcz\u0105cymi us\u0142ugi doradztwa prawnego, podatkowego, audytorami, depozytariuszami, podmiotami wyceniaj\u0105cymi aktywa. <\/p>\n<\/div>\r\n    <\/div>\r\n    <\/div>\n\n\r\n<div class=\"list-item fade-columns\" >\r\n    <div class=\"list-item__content\">\r\n        <div class=\"list-item__icon\">\r\n            <img src=\"https:\/\/dev.papercut.pl\/tfi\/wp-content\/uploads\/2020\/10\/41.png\" alt=\"\">\r\n        <\/div>\r\n        <h4 class=\"list-item__title\"><\/h4>\r\n        <div class=\"list-item__text\"><p><b>Profesjonalizm.<\/b><\/p>\n<p>Zawsze na pierwszym miejscu stawiamy posiadane kompetencje i profesjonalizm. <\/p>\n<\/div>\r\n    <\/div>\r\n    <\/div>\n\n\r\n<div class=\"list-item fade-columns\" >\r\n    <div class=\"list-item__content\">\r\n        <div class=\"list-item__icon\">\r\n            <img src=\"https:\/\/dev.papercut.pl\/tfi\/wp-content\/uploads\/2020\/10\/5_1.png\" alt=\"\">\r\n        <\/div>\r\n        <h4 class=\"list-item__title\"><\/h4>\r\n        <div class=\"list-item__text\"><p><b>Przewaga nad konkurencj\u0105.<\/b><\/p>\n<p>Naszymi przewagami konkurencyjnymi s\u0105: zdobyte przez wiele lat do\u015bwiadczenie, doskona\u0142e d\u0142ugofalowe relacje z ca\u0142ym otoczeniem biznesowym, niezale\u017cno\u015b\u0107 i elastyczno\u015b\u0107 oraz doskona\u0142a kadra. <\/p>\n<\/div>\r\n    <\/div>\r\n    <\/div>\n\n\r\n<div class=\"list-item fade-columns\" >\r\n    <div class=\"list-item__content\">\r\n        <div class=\"list-item__icon\">\r\n            <img src=\"https:\/\/dev.papercut.pl\/tfi\/wp-content\/uploads\/2020\/10\/29.png\" alt=\"\">\r\n        <\/div>\r\n        <h4 class=\"list-item__title\"><\/h4>\r\n        <div class=\"list-item__text\"><p><b>Osi\u0105gane wyniki.<\/b><\/p>\n<p>Jeste\u015bmy nastawieni na realizacj\u0119 cel\u00f3w wyznaczonych wsp\u00f3lnie z naszymi Klientami. <\/p>\n<\/div>\r\n    <\/div>\r\n    <\/div><\/div><\/div>\n\n\n\n<p><\/p>\n<\/div><\/div>\n\n\n\n<div class=\"wp-block-group is-style-letter-wrapper\"><div class=\"wp-block-group__inner-container\">\n<div class=\"wp-block-columns\">\n<div class=\"wp-block-column\">\n<h3>Prawdziwe partnerstwo w biznesie<\/h3>\n\n\n\n<p>Potrzebujesz rozwi\u0105za\u0144 inwestycyjnych idealnie dopasowanych do Twoich potrzeb? Cenisz sobie kompleksowe podej\u015bcie i zaanga\u017cowanych partner\u00f3w biznesowych?<\/p>\n\n\n\n<p>Zapraszamy do kontaktu, zawsze ch\u0119tnie porozmawiamy o mo\u017cliwych p\u0142aszczyznach do wsp\u00f3\u0142pracy!<\/p>\n\n\n\n<div class=\"wp-block-buttons\">\n<div class=\"wp-block-button is-style-btn-red\"><a class=\"wp-block-button__link\" href=\"http:\/\/dev.papercut.pl\/tfi\/kontakt\/\">Poznajmy si\u0119!<\/a><\/div>\n<\/div>\n<\/div>\n\n\n\n<div class=\"wp-block-column\">\n<figure class=\"wp-block-image size-large fade-up is-style-with-letter\"><img loading=\"lazy\" width=\"1848\" height=\"711\" src=\"http:\/\/dev.papercut.pl\/tfi\/wp-content\/uploads\/2020\/10\/2-1.png\" alt=\"\" class=\"wp-image-3187\" srcset=\"https:\/\/dev.papercut.pl\/tfi\/wp-content\/uploads\/2020\/10\/2-1.png 1848w, https:\/\/dev.papercut.pl\/tfi\/wp-content\/uploads\/2020\/10\/2-1-1000x385.png 1000w, https:\/\/dev.papercut.pl\/tfi\/wp-content\/uploads\/2020\/10\/2-1-768x295.png 768w, https:\/\/dev.papercut.pl\/tfi\/wp-content\/uploads\/2020\/10\/2-1-1536x591.png 1536w\" sizes=\"(max-width: 1848px) 100vw, 1848px\" \/><\/figure>\n<\/div>\n<\/div>\n\n\n\n<p><\/p>\n<\/div><\/div>\n\n\n\n<div class=\"wp-block-group is-style-list-item-wrapper\"><div class=\"wp-block-group__inner-container\">\r\n<div class=\"list-item fade-columns\" >\r\n    <div class=\"list-item__content\">\r\n        <div class=\"list-item__icon\">\r\n            <img src=\"https:\/\/dev.papercut.pl\/tfi\/wp-content\/uploads\/2020\/10\/1_2.png\" alt=\"\">\r\n        <\/div>\r\n        <h4 class=\"list-item__title\">Fundusze<br>Sekurytyzacyjne<\/h4>\r\n        <div class=\"list-item__text\"><p>Aktywno\u015b\u0107 inwestycyjna opiera si\u0119 g\u0142\u00f3wnie na inwestowaniu w portfele wierzytelno\u015bci masowych. Fundusze sekurytyzacyjne mog\u0105 by\u0107 tworzone jako wehiku\u0142y inwestycyjne dla inwestor\u00f3w pasywnych jako ciekawa alternatywa dla lokowania \u015brodk\u00f3w w klasyczne instrumenty finansowe. Ich przeznaczeniem mo\u017ce by\u0107 r\u00f3wnie\u017c przynoszenie Grupie Inwestycyjnej zysk\u00f3w nakierowanej na aktywa trudne.<\/p>\n<\/div>\r\n    <\/div>\r\n            <a href=\"http:\/\/dev.papercut.pl\/tfi\/produkty\/fundusze-sekurytyzacyjne\/\" class=\"btn btn-red btn-red-small\">Czytaj dalej<\/a>\r\n    <\/div>\n\n\r\n<div class=\"list-item fade-columns\" >\r\n    <div class=\"list-item__content\">\r\n        <div class=\"list-item__icon\">\r\n            <img src=\"https:\/\/dev.papercut.pl\/tfi\/wp-content\/uploads\/2020\/10\/1_3.png\" alt=\"\">\r\n        <\/div>\r\n        <h4 class=\"list-item__title\">Fundusze<br>Alternatywne<\/h4>\r\n        <div class=\"list-item__text\"><p>Dokonywanie inwestycji poprzez fundusze alternatywne wymaga szczeg\u00f3lnych kompetencji i know-how rynkowego. Jeste\u015bmy pionierem w tworzeniu alternatywnych strategii inwestycyjnych w Polsce, ka\u017cdorazowo wsp\u00f3\u0142pracujemy z wykwalifikowanym partnerem, kt\u00f3remu w wybranych przypadkach powierzamy zarz\u0105dzaniem portfelem aktyw\u00f3w.<\/p>\n<\/div>\r\n    <\/div>\r\n            <a href=\"http:\/\/dev.papercut.pl\/tfi\/produkty\/fundusze-alternatywne\/\" class=\"btn btn-red btn-red-small\">Czytaj dalej<\/a>\r\n    <\/div><\/div><\/div>\n\n\n\n<div class=\"wp-block-group has-gray-background-color has-background\"><div class=\"wp-block-group__inner-container\">\n<h2 class=\"has-text-align-center fade-right\">Lista funduszy dedykowanych<br>FORUM TFI<\/h2>\n\n\n\n<div class=\"wp-block-columns\">\n<div class=\"wp-block-column\">\n<p><strong>CENTAURUS<br><\/strong>Fundusz Inwestycyjny Zamkni\u0119ty<br><br>\n<strong>AUGEBIT<br><\/strong>Fundusz Inwestycyjny Zamkni\u0119ty<\/p>\n\n\n\n<p><strong>FORUM 105<br><\/strong>Fundusz Inwestycyjny Zamkni\u0119ty<\/p>\n\n\n\n<p><strong>FORUM 109<br><\/strong>Fundusz Inwestycyjny Zamkni\u0119ty<\/p>\n\n\n\n<p><strong>FORUM 51<br><\/strong>Fundusz Inwestycyjny Zamkni\u0119ty<\/p>\n\n\n\n<p><strong>FORUM 77<br><\/strong>Fundusz Inwestycyjny Zamkni\u0119ty<\/p>\n\n\n\n<p><strong>FORUM 79<br><\/strong>Fundusz Inwestycyjny Zamkni\u0119ty<\/p>\n\n\n\n<p><strong>GIOVANNI<br><\/strong>Fundusz Inwestycyjny Zamkni\u0119ty<\/p>\n\n\n\n<p><strong>GOLUB GETHOUSE PROPERTY FUND II<br><\/strong>Fundusz Inwestycyjny Zamkni\u0119ty<\/p>\n\n\n\n<p><strong>HSB INVEST<br><\/strong>Fundusz Inwestycyjny Zamkni\u0119ty<\/p>\n\n\n\n<p><strong>MJM&amp;CO<br><\/strong>Fundusz Inwestycyjny Zamkni\u0119ty<\/p>\n\n\n\n<p><strong>P1<br><\/strong>Fundusz Inwestycyjny Zamkni\u0119ty<\/p>\n\n\n\n<p><\/p>\n<\/div>\n\n\n\n<div class=\"wp-block-column\">\n<p><strong><strong>FORUM 87<\/strong><br><\/strong>Fundusz Inwestycyjny Zamkni\u0119ty<\/p>\n\n\n\n<p><strong>FORUM FUND 1<br><\/strong>Fundusz Inwestycyjny Zamkni\u0119ty Aktyw\u00f3w Niepublicznych<\/p>\n\n\n\n<p><strong><strong>FORUM IV<\/strong><br><\/strong>Fundusz Inwestycyjny Zamkni\u0119ty<\/p>\n\n\n\n<p><strong><strong>FORUM XVII<\/strong><br><\/strong>Fundusz Inwestycyjny Zamkni\u0119ty<\/p>\n\n\n\n<p><strong><strong>FORUM XXVI <\/strong><br><\/strong>Fundusz Inwestycyjny Zamkni\u0119ty w likwidacji<\/p>\n\n\n\n<p><strong>GO FUND PROPERTY<br><\/strong>Fundusz Inwestycyjny Zamkni\u0119ty<\/p>\n\n\n\n<p><strong>COMARCH CORPORATE FINANCE<br><\/strong>Fundusz Inwestycyjny Zamkni\u0119ty<\/p>\n\n\n\n<p><strong>FORUM 107<br><\/strong>Fundusz Inwestycyjny Zamkni\u0119ty<\/p>\n\n\n\n<p><strong>FORUM 110<br><\/strong>Fundusz Inwestycyjny Zamkni\u0119ty<\/p>\n\n\n\n<p><strong>FORUM 50<br><\/strong>Fundusz Inwestycyjny Zamkni\u0119ty<\/p>\n\n\n\n<p><strong>FORUM 54<br><\/strong>Fundusz Inwestycyjny Zamkni\u0119ty<\/p>\n\n\n\n<p><strong>SPD<br><\/strong>Fundusz Inwestycyjny Zamkni\u0119ty<\/p>\n<\/div>\n\n\n\n<div class=\"wp-block-column\">\n<p><strong><strong>GOLUB GETHOUSE PROPERTY FUND<\/strong><br><\/strong>Fundusz Inwestycyjny Zamkni\u0119ty<\/p>\n\n\n\n<p><strong>LOKUM DEWELOPER<br><\/strong>Fundusz Inwestycyjny Zamkni\u0119ty<\/p>\n\n\n\n<p><strong>MP INWESTORS <br><\/strong>Fundusz Inwestycyjny Zamkni\u0119ty Aktyw\u00f3w Niepublicznych<\/p>\n\n\n\n<p><strong>POLSKI DEWELOPERSKI<br><\/strong>Fundusz Inwestycyjny Zamkni\u0119ty<\/p>\n\n\n\n<p><strong>VENDO<br><\/strong>Fundusz Inwestycyjny Zamkni\u0119ty Aktyw\u00f3w Niepublicznych<\/p>\n\n\n\n<p><strong>ANGEL POLAND GROUP<br><\/strong>Fundusz Inwestycyjny Zamkni\u0119ty w likwidacji<\/p>\n\n\n\n<p><strong>FORUM 78<br><\/strong>Fundusz Inwestycyjny Zamkni\u0119ty<\/p>\n\n\n\n<p><strong>FORUM 82<br><\/strong>Fundusz Inwestycyjny Zamkni\u0119ty<\/p>\n\n\n\n<p><strong>FORUM 90<br><\/strong>Fundusz Inwestycyjny Zamkni\u0119ty<\/p>\n\n\n\n<p><strong>FORUM FUNDUSZ INWESTYCYJNY ZAMKNI\u0118TY SEKTORA NIERUCHOMO\u015aCI 2<\/strong><\/p>\n\n\n\n<p><strong>FORUM X<br><\/strong>Fundusz Inwestycyjny Zamkni\u0119ty<\/p>\n\n\n\n<p><strong>FORUM XXIII<br><\/strong>Fundusz Inwestycyjny Zamkni\u0119ty<\/p>\n<\/div>\n<\/div>\n<\/div><\/div>\n\n\n\n<div class=\"wp-block-group has-red-background-color has-background\"><div class=\"wp-block-group__inner-container\">\n<h4 class=\"has-text-align-center\">W ka\u017cdej chwili mo\u017cesz \u015bledzi\u0107 wyniki<br>i informacje swoich Funduszy w Strefie Inwestora<\/h4>\n\n\n\n<div class=\"wp-block-buttons is-content-justification-center\">\n<div class=\"wp-block-button is-style-outline\"><a class=\"wp-block-button__link\" href=\"https:\/\/strefa.forumtfi.pl\/logowanie\">Logowanie<\/a><\/div>\n<\/div>\n\n\n\n<p><\/p>\n<\/div><\/div>\n","protected":false},"excerpt":{"rendered":"","protected":false},"author":1,"featured_media":0,"parent":2231,"menu_order":5,"comment_status":"closed","ping_status":"closed","template":"","meta":[],"_links":{"self":[{"href":"https:\/\/dev.papercut.pl\/tfi\/wp-json\/wp\/v2\/pages\/2032"}],"collection":[{"href":"https:\/\/dev.papercut.pl\/tfi\/wp-json\/wp\/v2\/pages"}],"about":[{"href":"https:\/\/dev.papercut.pl\/tfi\/wp-json\/wp\/v2\/types\/page"}],"author":[{"embeddable":true,"href":"https:\/\/dev.papercut.pl\/tfi\/wp-json\/wp\/v2\/users\/1"}],"replies":[{"embeddable":true,"href":"https:\/\/dev.papercut.pl\/tfi\/wp-json\/wp\/v2\/comments?post=2032"}],"version-history":[{"count":91,"href":"https:\/\/dev.papercut.pl\/tfi\/wp-json\/wp\/v2\/pages\/2032\/revisions"}],"predecessor-version":[{"id":5561,"href":"https:\/\/dev.papercut.pl\/tfi\/wp-json\/wp\/v2\/pages\/2032\/revisions\/5561"}],"up":[{"embeddable":true,"href":"https:\/\/dev.papercut.pl\/tfi\/wp-json\/wp\/v2\/pages\/2231"}],"wp:attachment":[{"href":"https:\/\/dev.papercut.pl\/tfi\/wp-json\/wp\/v2\/media?parent=2032"}],"curies":[{"name":"wp","href":"https:\/\/api.w.org\/{rel}","templated":true}]}}