{"id":2,"date":"2020-03-27T19:23:46","date_gmt":"2020-03-27T18:23:46","guid":{"rendered":"http:\/\/local.allbim\/?page_id=2"},"modified":"2020-11-21T14:26:47","modified_gmt":"2020-11-21T13:26:47","slug":"strona-glowna","status":"publish","type":"page","link":"https:\/\/dev.papercut.pl\/tfi\/","title":{"rendered":"Strona g\u0142\u00f3wna"},"content":{"rendered":"\r\n<div class=\"main\">\r\n    <div class=\"main__bg\" style=\"background-image: url(https:\/\/dev.papercut.pl\/tfi\/wp-content\/uploads\/2020\/11\/doDemo-scaled.jpg);\"><\/div>\r\n    <div class=\"main__bg2\" style=\"background-image: url(https:\/\/dev.papercut.pl\/tfi\/wp-content\/uploads\/2020\/09\/wyciete_U_Z_TLA.png);\"><\/div>\r\n    <div class=\"container\">\r\n        <div class=\"main__wrapper\">\r\n            <div>\r\n                                    <span class=\"subtitle\" data-aos=\"fade-up\" data-aos-delay=\"100\">W FORUM<\/span>\r\n                                <h1 class=\"h1\" data-aos=\"fade-up\" data-aos-delay=\"200\">Tradycyjnie <br>\u0141amiemy Schematy<\/h1>\r\n            <\/div>\r\n\r\n            <a class=\"scroll-down\" href=\"#\" data-aos=\"fade-up\" data-aos-delay=\"400\">\r\n                <span>Dowiedz si\u0119 wi\u0119cej<\/span>\r\n                <span class=\"icon icon-arrow-down\"><svg xmlns=\"http:\/\/www.w3.org\/2000\/svg\" width=\"50\" height=\"50\" viewBox=\"0 0 50 50\"><g transform=\"translate(50 50) rotate(180)\"><g fill=\"#fff\" stroke=\"#fff\" stroke-width=\"2\"><circle cx=\"25\" cy=\"25\" r=\"25\" stroke=\"none\"\/><circle cx=\"25\" cy=\"25\" r=\"24\" fill=\"none\"\/><\/g><path d=\"M9,0,7.364,1.636l6.195,6.195H0v2.338H13.558L7.364,16.364,9,18l9-9Z\" transform=\"translate(16 34) rotate(-90)\"\/><\/g><\/svg><\/span>\r\n            <\/a>\r\n        <\/div>\r\n    <\/div>\r\n<\/div>\n\n\n<div class=\"wp-block-group\"><div class=\"wp-block-group__inner-container\">\n<h2 class=\"has-text-align-center is-style-h2 fade-right\">O nas<\/h2>\n\n\n\n<div class=\"wp-block-columns\">\n<div class=\"wp-block-column\" style=\"flex-basis:40%\">\n<h3 class=\"has-text-align-left is-style-h1\">Tradycyjnie \u0142amiemy schematy<\/h3>\n\n\n\n<p><strong>Zapewniamy naszym Klientom kompleksow\u0105 obs\u0142ug\u0119 w zakresie inwestycji kapita\u0142owych<\/strong> <strong>na terenie ca\u0142ej Polski<\/strong>.<\/p>\n\n\n\n<p>FORUM TFI S.A. jest niezale\u017cn\u0105, wyspecjalizowan\u0105 w obs\u0142udze, administracji i zarz\u0105dzaniu r\u00f3\u017cnymi instrumentami biznesowymi. Sp\u00f3\u0142ka istnieje na rynku funduszy inwestycyjnych od 2007 roku. Wsp\u00f3lnie z naszymi Klientami stworzyli\u015bmy prawie <strong>150 innowacyjnych wehiku\u0142\u00f3w inwestycyjnych<\/strong>, osi\u0105gaj\u0105cych dla naszych Inwestor\u00f3w ponadprzeci\u0119tne zwroty. W naszej historii zarz\u0105dzali\u015bmy aktywami, kt\u00f3rych \u0142\u0105czna warto\u015b\u0107 wynosi\u0142a prawie <strong>30.000.000.000 z\u0142.<\/strong><\/p>\n\n\n\n<div class=\"wp-block-buttons\">\n<div class=\"wp-block-button is-style-btn-orange is-style-btn-red\"><a class=\"wp-block-button__link\" href=\"http:\/\/dev.papercut.pl\/tfi\/o-nas\/\">Czytaj dalej<\/a><\/div>\n<\/div>\n<\/div>\n\n\n\n<div class=\"wp-block-column\">\n<div class=\"wp-block-image fade-up\"><figure class=\"alignleft size-large\"><img loading=\"lazy\" width=\"1180\" height=\"593\" src=\"http:\/\/dev.papercut.pl\/tfi\/wp-content\/uploads\/2020\/10\/Fundusze-alternatywne.jpg\" alt=\"\" class=\"wp-image-3247\" srcset=\"https:\/\/dev.papercut.pl\/tfi\/wp-content\/uploads\/2020\/10\/Fundusze-alternatywne.jpg 1180w, https:\/\/dev.papercut.pl\/tfi\/wp-content\/uploads\/2020\/10\/Fundusze-alternatywne-1000x503.jpg 1000w, https:\/\/dev.papercut.pl\/tfi\/wp-content\/uploads\/2020\/10\/Fundusze-alternatywne-768x386.jpg 768w\" sizes=\"(max-width: 1180px) 100vw, 1180px\" \/><\/figure><\/div>\n\n\n\n<p><\/p>\n<\/div>\n<\/div>\n\n\n\n<p><\/p>\n<\/div><\/div>\n\n\n\n<div class=\"wp-block-group has-red-background-color has-background\"><div class=\"wp-block-group__inner-container\">\n<h3 class=\"has-text-align-center is-style-h2\">FORUM TFI to 13 lat do\u015bwiaczenia<\/h3>\n\n\n\n<div class=\"wp-block-group is-style-counter-wrapper\"><div class=\"wp-block-group__inner-container\">\r\n<div class=\"counter\">\r\n    <div class=\"counter__number is-style-h2\" data-units=\"\" data-counter=\"147\">0<\/div>\r\n    <p class=\"counter__subtitle\">Utworzonych Funduszy Inwestycyjnych<\/p>\r\n<\/div>\n\n\r\n<div class=\"counter\">\r\n    <div class=\"counter__number is-style-h2\" data-units=\"\" data-counter=\"500 \">0<\/div>\r\n    <p class=\"counter__subtitle\">Milion\u00f3w z\u0142 pozyskanego finansowania<\/p>\r\n<\/div>\n\n\r\n<div class=\"counter\">\r\n    <div class=\"counter__number is-style-h2\" data-units=\"\" data-counter=\"7.5\">0<\/div>\r\n    <p class=\"counter__subtitle\">Miliarda z\u0142 aktyw\u00f3w pod zarz\u0105dzaniem<\/p>\r\n<\/div><\/div><\/div>\n<\/div><\/div>\n\n\n\n<div class=\"wp-block-group has-gray-background-color has-background\"><div class=\"wp-block-group__inner-container\">\n<div class=\"wp-block-columns\">\n<div class=\"wp-block-column\">\n<h2 class=\"fade-right\">Kluczowe success factors<\/h2>\n\n\n\n<p>Co sprawia, \u017ce osi\u0105gamy za\u0142o\u017cone cele? <\/p>\n\n\n\n<p>W naszej pracy stawiamy synergiczne dzia\u0142anie z Inwestorami, a przede wszystkim do wsp\u00f3\u0142pracy zapraszamy jedynie najbardziej wykwalifikowany zesp\u00f3\u0142 ekspert\u00f3w. Najwa\u017cniejszym zasobem FORUM TFI jest unikatowy know-how, zdobywany przez lata do\u015bwiadczenia. Nasze czynniki sukcesu to:<\/p>\n<\/div>\n\n\n\n<div class=\"wp-block-column\">\n<div class=\"wp-block-group is-style-right-slider\"><div class=\"wp-block-group__inner-container\">\n<figure class=\"wp-block-image size-large\"><img loading=\"lazy\" width=\"80\" height=\"84\" src=\"http:\/\/dev.papercut.pl\/tfi\/wp-content\/uploads\/2020\/10\/25.png\" alt=\"\" class=\"wp-image-3080\"\/><figcaption>Know-How<\/figcaption><\/figure>\n\n\n\n<figure class=\"wp-block-image size-large\"><img loading=\"lazy\" width=\"84\" height=\"84\" src=\"http:\/\/dev.papercut.pl\/tfi\/wp-content\/uploads\/2020\/10\/26.png\" alt=\"\" class=\"wp-image-3081\"\/><figcaption>elastyczno\u015b\u0107<\/figcaption><\/figure>\n\n\n\n<figure class=\"wp-block-image size-large\"><img loading=\"lazy\" width=\"84\" height=\"84\" src=\"http:\/\/dev.papercut.pl\/tfi\/wp-content\/uploads\/2020\/10\/38.png\" alt=\"\" class=\"wp-image-3092\"\/><figcaption>kreatywno\u015b\u0107<\/figcaption><\/figure>\n\n\n\n<figure class=\"wp-block-image size-large\"><img loading=\"lazy\" width=\"102\" height=\"84\" src=\"http:\/\/dev.papercut.pl\/tfi\/wp-content\/uploads\/2020\/10\/28.png\" alt=\"\" class=\"wp-image-3083\"\/><figcaption>w\u0142a\u015bciwie dobrani partnerzy<\/figcaption><\/figure>\n<\/div><\/div>\n<\/div>\n<\/div>\n<\/div><\/div>\n\n\n\n<div class=\"wp-block-group has-gray-background-color has-background\"><div class=\"wp-block-group__inner-container\">\n<h2 class=\"has-text-align-center fade-right\" id=\"fade-up\">Nasza oferta<\/h2>\n\n\n\n<p class=\"has-text-align-center is-style-limit-width fade-up\"><strong>Oferujemy skorzystanie z naszych unikalnych kompetencji i do\u015bwiadczenia wykfalifikowanej kadry, kt\u00f3rej know-how, ogl\u0105d ca\u0142ego rynku kapita\u0142owego, elastyczne i kreatywne podej\u015bcie do tworzenia innowacyjnych mechanizm\u00f3w inwestycyjnych stanowi warto\u015b\u0107 dodan\u0105 do ka\u017cdego nowego projektu.<\/strong> <strong>Tworzymy rozwi\u0105zania szyte na miar\u0119 dla klient\u00f3w indywidualnych i korporacyjnych.<\/strong><\/p>\n\n\n\n<div class=\"wp-block-group is-style-list is-style-list-item-wrapper\"><div class=\"wp-block-group__inner-container\">\r\n<div class=\"list-item fade-columns\" >\r\n    <div class=\"list-item__content\">\r\n        <div class=\"list-item__icon\">\r\n            <img src=\"https:\/\/dev.papercut.pl\/tfi\/wp-content\/uploads\/2020\/10\/1_1.png\" alt=\"\">\r\n        <\/div>\r\n        <h4 class=\"list-item__title\">Fundusze<br> Dedykowane<\/h4>\r\n        <div class=\"list-item__text\"><p>Dzi\u0119ki funduszom dedykowanym mo\u017cliwe jest skuteczne zrestrukturyzowanie aktyw\u00f3w i wypracowanie optymalnych rozwi\u0105za\u0144 (prawnych i biznesowych) do realizacji wybranej strategii. Mo\u017cna r\u00f3wnie\u017c zapewni\u0107 poufno\u015b\u0107 i anonimowo\u015b\u0107 dla prowadzonych operacji biznesowych. Bezpiecznie przekaza\u0107 aktywa swoim potomkom, umo\u017cliwi\u0107 lokowanie nadwy\u017cek finansowych w innowacyjne przedsi\u0119wzi\u0119cia.<\/p>\n<\/div>\r\n    <\/div>\r\n            <a href=\"http:\/\/dev.papercut.pl\/tfi\/produkty\/fundusze-dedykowane\/\" class=\"btn btn-red btn-red-small\">Czytaj dalej<\/a>\r\n    <\/div>\n\n\r\n<div class=\"list-item fade-columns\" >\r\n    <div class=\"list-item__content\">\r\n        <div class=\"list-item__icon\">\r\n            <img src=\"https:\/\/dev.papercut.pl\/tfi\/wp-content\/uploads\/2020\/07\/\u0421\u0433\u0440\u0443\u043f\u043f\u0438\u0440\u043e\u0432\u0430\u0442\u044c-333.png\" alt=\"\">\r\n        <\/div>\r\n        <h4 class=\"list-item__title\">Fundusze <br> Sekurytyzacyjne<\/h4>\r\n        <div class=\"list-item__text\"><p>Aktywno\u015b\u0107 inwestycyjna opiera si\u0119 g\u0142\u00f3wnie na inwestowaniu w portfele wierzytelno\u015bci masowych. Fundusze sekurytyzacyjne mog\u0105 by\u0107 tworzone jako wehiku\u0142y inwestycyjne dla inwestor\u00f3w pasywnych jako ciekawa alternatywa dla lokowania \u015brodk\u00f3w w klasyczne instrumenty finansowe. Ich przeznaczeniem mo\u017ce by\u0107 r\u00f3wnie\u017c przynoszenie Grupie Inwestycyjnej zysk\u00f3w nakierowanej na aktywa trudne. <\/p>\n<\/div>\r\n    <\/div>\r\n            <a href=\"http:\/\/dev.papercut.pl\/tfi\/produkty\/fundusze-sekurytyzacyjne\/\" class=\"btn btn-red btn-red-small\">Czytaj dalej<\/a>\r\n    <\/div>\n\n\r\n<div class=\"list-item fade-columns\" >\r\n    <div class=\"list-item__content\">\r\n        <div class=\"list-item__icon\">\r\n            <img src=\"https:\/\/dev.papercut.pl\/tfi\/wp-content\/uploads\/2020\/07\/\u0421\u0433\u0440\u0443\u043f\u043f\u0438\u0440\u043e\u0432\u0430\u0442\u044c-149.png\" alt=\"\">\r\n        <\/div>\r\n        <h4 class=\"list-item__title\">Fundusze<br> Alternatywne<\/h4>\r\n        <div class=\"list-item__text\"><p>Dokonywanie inwestycji poprzez fundusze alternatywne wymaga szczeg\u00f3lnych kompetencji i know-how rynkowego. Jeste\u015bmy pionierem w tworzeniu alternatywnych strategii inwestycyjnych w Polsce, ka\u017cdorazowo wsp\u00f3\u0142pracujemy z wykwalifikowanym partnerem, kt\u00f3remu w wybranych przypadkach powierzamy zarz\u0105dzaniem portfelem aktyw\u00f3w.<\/p>\n<\/div>\r\n    <\/div>\r\n            <a href=\"http:\/\/dev.papercut.pl\/tfi\/produkty\/fundusze-alternatywne\/\" class=\"btn btn-red btn-red-small\">Czytaj dalej<\/a>\r\n    <\/div><\/div><\/div>\n<\/div><\/div>\n\n\n\n<div class=\"wp-block-group is-style-letter-wrapper\"><div class=\"wp-block-group__inner-container\">\n<div class=\"wp-block-columns\">\n<div class=\"wp-block-column\">\n<h3>Kompleksowa obs\u0142uga Twojego Biznesu.<\/h3>\n\n\n\n<p>Chcesz rozwin\u0105\u0107 sw\u00f3j biznes i dowiedzie\u0107 si\u0119 jakie korzy\u015bci p\u0142yn\u0105 z korzystania ze struktury Funduszu Inwestycyjnego? Zastanawiasz si\u0119 jak bezpiecznie przekaza\u0107 maj\u0105tek swoim dzieciom?<\/p>\n\n\n\n<p>Skontaktuj si\u0119 z nami!<\/p>\n\n\n\n<div class=\"wp-block-buttons\">\n<div class=\"wp-block-button is-style-btn-red\"><a class=\"wp-block-button__link\" href=\"http:\/\/dev.papercut.pl\/tfi\/kontakt\/\">Skontaktuj si\u0119 z nami<\/a><\/div>\n<\/div>\n<\/div>\n\n\n\n<div class=\"wp-block-column\">\n<figure class=\"wp-block-image size-large fade-up is-style-with-letter\"><img loading=\"lazy\" width=\"1500\" height=\"1000\" src=\"http:\/\/dev.papercut.pl\/tfi\/wp-content\/uploads\/2020\/09\/Kamil-Nowak.png\" alt=\"\" class=\"wp-image-2822\" srcset=\"https:\/\/dev.papercut.pl\/tfi\/wp-content\/uploads\/2020\/09\/Kamil-Nowak.png 1500w, https:\/\/dev.papercut.pl\/tfi\/wp-content\/uploads\/2020\/09\/Kamil-Nowak-1000x667.png 1000w, https:\/\/dev.papercut.pl\/tfi\/wp-content\/uploads\/2020\/09\/Kamil-Nowak-768x512.png 768w\" sizes=\"(max-width: 1500px) 100vw, 1500px\" \/><\/figure>\n<\/div>\n<\/div>\n\n\n\n<p><\/p>\n<\/div><\/div>\n\n\n\n<div class=\"wp-block-group size-large is-resized is-style-default fade-up has-white-color has-green-background-color has-text-color has-background\"><div class=\"wp-block-group__inner-container\">\n<div class=\"wp-block-group is-style-counter-wrapper\"><div class=\"wp-block-group__inner-container\">\r\n<div class=\"counter\">\r\n    <div class=\"counter__number is-style-h2\" data-units=\"\" data-counter=\"147\">0<\/div>\r\n    <p class=\"counter__subtitle\">stworzone fundusze inwestycyjne<\/p>\r\n<\/div>\n\n\r\n<div class=\"counter\">\r\n    <div class=\"counter__number is-style-h2\" data-units=\"%\" data-counter=\"100\">0%<\/div>\r\n    <p class=\"counter__subtitle\">unikalnego know-how<\/p>\r\n<\/div>\n\n\r\n<div class=\"counter\">\r\n    <div class=\"counter__number is-style-h2\" data-units=\"\" data-counter=\"53\">0<\/div>\r\n    <p class=\"counter__subtitle\">zaanga\u017cowanych specjalist\u00f3w<\/p>\r\n<\/div><\/div><\/div>\n<\/div><\/div>\n\n\n\n<div class=\"wp-block-group\"><div class=\"wp-block-group__inner-container\">\n<h2 class=\"has-text-align-center is-style-h2 fade-right\">Informacje<\/h2>\n\n\n\n<div class=\"wp-block-columns\">\n<div class=\"wp-block-column\">\n<figure class=\"wp-block-image size-large is-resized is-style-default fade-up\"><img loading=\"lazy\" width=\"1219\" height=\"529\" src=\"http:\/\/dev.papercut.pl\/tfi\/wp-content\/uploads\/2020\/10\/lad-korporacyjny.jpg\" alt=\"\" class=\"wp-image-3249\" srcset=\"https:\/\/dev.papercut.pl\/tfi\/wp-content\/uploads\/2020\/10\/lad-korporacyjny.jpg 1219w, https:\/\/dev.papercut.pl\/tfi\/wp-content\/uploads\/2020\/10\/lad-korporacyjny-1000x434.jpg 1000w, https:\/\/dev.papercut.pl\/tfi\/wp-content\/uploads\/2020\/10\/lad-korporacyjny-768x333.jpg 768w\" sizes=\"(max-width: 1219px) 100vw, 1219px\" \/><\/figure>\n<\/div>\n\n\n\n<div class=\"wp-block-column\">\n<p><\/p>\n\n\n\n<h3 class=\"is-style-h1\">Chcesz wiedzie\u0107 wi\u0119cej?<\/h3>\n\n\n\n<p>FORUM TFI&nbsp; S.A. funkcjonuje jako niezale\u017cna instytucja zarz\u0105dzaj\u0105ca zamkni\u0119tymi funduszami inwestycyjnymi oraz tworz\u0105ca nowe, jako\u015bciowe rozwi\u0105zania na rynku finansowym. W proponowanych klientom modelach inwestowania kierujemy si\u0119 innowacyjnym i kreatywnym podej\u015bciem. Dowiedz si\u0119 wi\u0119cej o tym, jak wygl\u0105da nasz \u0142ad korporacyjny i jakimi warto\u015bciami si\u0119 kierujemy.<\/p>\n\n\n\n<div class=\"wp-block-buttons\">\n<div class=\"wp-block-button is-style-btn-red\"><a class=\"wp-block-button__link\" href=\"http:\/\/dev.papercut.pl\/tfi\/informacje\/\">Dowiedz si\u0119 wi\u0119cej<\/a><\/div>\n<\/div>\n<\/div>\n<\/div>\n<\/div><\/div>\n\n\n\n<div class=\"wp-block-group is-style-small-margin has-gray-background-color has-background\"><div class=\"wp-block-group__inner-container\">\n<h2 class=\"has-text-align-center fade-right is-style-h2\">Artyku\u0142y<\/h2>\n\n\n<div class=\"news-list\">\r\n<div class=\"news-box\" data-aos=\"fade-up\">\r\n    <a href=\"https:\/\/dev.papercut.pl\/tfi\/fundusze-nieruchomosciowe-forum-tfi-realizuja-planowane-zyski\/\" class=\"news-box__image\">\r\n                    <img src=\"https:\/\/dev.papercut.pl\/tfi\/wp-content\/uploads\/2020\/11\/zdj-nowe-1-1-747x424.png\" alt=\"Fundusze nieruchomo\u015bciowe Forum TFI realizuj\u0105 planowane zyski\">\r\n                \r\n    <\/a>\r\n    <div class=\"news-box__content\">\r\n        <div class=\"news-box__text\">\r\n            <a href=\"https:\/\/dev.papercut.pl\/tfi\/fundusze-nieruchomosciowe-forum-tfi-realizuja-planowane-zyski\/\" class=\"news-box__content--title\">Fundusze nieruchomo\u015bciowe Forum TFI realizuj\u0105 planowane zyski<\/a>\r\n            <p class=\"news-excerpt\">Rynek produkt\u00f3w finansowych oferowanych przez polskie towarzystwa funduszy inwestycyjnych jest pe\u0142en pu\u0142apek, a inwestowanie na nim to cz\u0119sto \u017ar\u00f3d\u0142o niepewno\u015bci. Jednak nawet na tak trudnym rynku istniej\u0105 produkty daj\u0105ce inwestorom<\/p>\r\n        <\/div>\r\n        <a href=\"https:\/\/dev.papercut.pl\/tfi\/fundusze-nieruchomosciowe-forum-tfi-realizuja-planowane-zyski\/\" class=\"btn btn-red btn-red-small\">Czytaj wi\u0119cej<\/a>\r\n    <\/div>\r\n<\/div>\r\n<div class=\"news-box\" data-aos=\"fade-up\">\r\n    <a href=\"https:\/\/dev.papercut.pl\/tfi\/konieczna-pomoc-dla-emitentow-obligacji-korporacyjnych\/\" class=\"news-box__image\">\r\n                    <img src=\"https:\/\/dev.papercut.pl\/tfi\/wp-content\/uploads\/2020\/11\/zdj-nowe-2-747x424.png\" alt=\"Konieczna pomoc dla emitent\u00f3w obligacji korporacyjnych\">\r\n                \r\n    <\/a>\r\n    <div class=\"news-box__content\">\r\n        <div class=\"news-box__text\">\r\n            <a href=\"https:\/\/dev.papercut.pl\/tfi\/konieczna-pomoc-dla-emitentow-obligacji-korporacyjnych\/\" class=\"news-box__content--title\">Konieczna pomoc dla emitent\u00f3w obligacji korporacyjnych<\/a>\r\n            <p class=\"news-excerpt\">Polscy emitenci obligacji apeluj\u0105 do rz\u0105du o podj\u0119cie \u2013 wzorem innych kraj\u00f3w \u2013 pilnej interwencji na rynku obligacji korporacyjnych. Brak skoordynowanej pomocy, skierowanej do emitent\u00f3w i r\u00f3wnocze\u015bnie do og\u00f3\u0142u inwestor\u00f3w,<\/p>\r\n        <\/div>\r\n        <a href=\"https:\/\/dev.papercut.pl\/tfi\/konieczna-pomoc-dla-emitentow-obligacji-korporacyjnych\/\" class=\"btn btn-red btn-red-small\">Czytaj wi\u0119cej<\/a>\r\n    <\/div>\r\n<\/div>\r\n<div class=\"news-box\" data-aos=\"fade-up\">\r\n    <a href=\"https:\/\/dev.papercut.pl\/tfi\/fundusze-inwestycyjne-zamkniete-co-warto-o-nich-wiedziec\/\" class=\"news-box__image\">\r\n                    <img src=\"https:\/\/dev.papercut.pl\/tfi\/wp-content\/uploads\/2020\/09\/shutterstock_525950377-747x424.png\" alt=\"Fundusze Inwestycyjne Zamkni\u0119te &#8211; co warto o nich wiedzie\u0107\">\r\n                \r\n    <\/a>\r\n    <div class=\"news-box__content\">\r\n        <div class=\"news-box__text\">\r\n            <a href=\"https:\/\/dev.papercut.pl\/tfi\/fundusze-inwestycyjne-zamkniete-co-warto-o-nich-wiedziec\/\" class=\"news-box__content--title\">Fundusze Inwestycyjne Zamkni\u0119te &#8211; co warto o nich wiedzie\u0107<\/a>\r\n            <p class=\"news-excerpt\">Fundusze inwestycyjne zamkni\u0119te, tzw. (FIZ), to forma zbiorowego inwestowania, kt\u00f3ra ma na celu pomna\u017canie kapita\u0142u. Przy funduszach inwestycyjnych zamkni\u0119tych inwestor otrzymuje nie jednostk\u0119 uczestnictwa, a certyfikat inwestycyjny, kt\u00f3ry nale\u017cy do<\/p>\r\n        <\/div>\r\n        <a href=\"https:\/\/dev.papercut.pl\/tfi\/fundusze-inwestycyjne-zamkniete-co-warto-o-nich-wiedziec\/\" class=\"btn btn-red btn-red-small\">Czytaj wi\u0119cej<\/a>\r\n    <\/div>\r\n<\/div><\/div><\/div><\/div>\n\n\n\n<div class=\"wp-block-group is-style-letter-wrapper\"><div class=\"wp-block-group__inner-container\">\n<h2 class=\"has-text-align-center is-style-h2\">Strefa inwestora<\/h2>\n\n\n\n<div class=\"wp-block-columns\">\n<div class=\"wp-block-column\">\n<h3>Tradycyjnie \u0142amiemy schematy<\/h3>\n\n\n\n<p>Szanujemy ka\u017cd\u0105 powierzon\u0105 nam z\u0142ot\u00f3wk\u0119 i wiemy jak wa\u017cna jest dla ka\u017cdego Inwestora bie\u017c\u0105ca informacja o stanie inwestycji. W ka\u017cdej chwili mo\u017cna zobaczy\u0107 wyniki finansowe w dedykowanej platformie dla naszych Inwestor\u00f3w. Z nami zawsze jeste\u015bcie Pa\u0144stwo na bie\u017c\u0105co. <\/p>\n\n\n\n<div class=\"wp-block-buttons\">\n<div class=\"wp-block-button is-style-btn-red\"><a class=\"wp-block-button__link\" href=\"https:\/\/strefa.forumtfi.pl\/logowanie\" target=\"_blank\" rel=\"noreferrer noopener\">Zaloguj si\u0119 do Strefy Inwestora<\/a><\/div>\n<\/div>\n<\/div>\n\n\n\n<div class=\"wp-block-column\">\n<figure class=\"wp-block-image size-large is-style-with-letter fade-up\"><img loading=\"lazy\" width=\"1571\" height=\"704\" src=\"http:\/\/dev.papercut.pl\/tfi\/wp-content\/uploads\/2020\/10\/1-1.png\" alt=\"\" class=\"wp-image-3186\" srcset=\"https:\/\/dev.papercut.pl\/tfi\/wp-content\/uploads\/2020\/10\/1-1.png 1571w, https:\/\/dev.papercut.pl\/tfi\/wp-content\/uploads\/2020\/10\/1-1-1000x448.png 1000w, https:\/\/dev.papercut.pl\/tfi\/wp-content\/uploads\/2020\/10\/1-1-768x344.png 768w, https:\/\/dev.papercut.pl\/tfi\/wp-content\/uploads\/2020\/10\/1-1-1536x688.png 1536w\" sizes=\"(max-width: 1571px) 100vw, 1571px\" \/><\/figure>\n<\/div>\n<\/div>\n<\/div><\/div>\n\n\n\n<div class=\"wp-block-group has-gray-background-color has-background\"><div class=\"wp-block-group__inner-container\">\n<div class=\"wp-block-columns\">\n<div class=\"wp-block-column\">\n<h2 class=\"fade-right\">Dlaczego warto pracowa\u0107 w TFI?<\/h2>\n\n\n\n<p><\/p>\n\n\n\n<p><strong>FORUM TFI to niezale\u017cna instytucja finansowa, przez wiele lat skutecznie dzia\u0142aj\u0105ca na rynku kapita\u0142owym. Jeste\u015bmy znani z innowacyjnego i otwartego spojrzenia na biznes. W pracy szczerze ze sob\u0105 rozmawiamy i lubimy trudne wyzwania.<\/strong><\/p>\n\n\n\n<p class=\"has-dark-gray-color has-text-color\"><strong> <\/strong><\/p>\n<\/div>\n\n\n\n<div class=\"wp-block-column\">\n<div class=\"wp-block-group is-style-right-slider\"><div class=\"wp-block-group__inner-container\">\n<figure class=\"wp-block-image size-large is-style-default\"><img loading=\"lazy\" width=\"83\" height=\"84\" src=\"http:\/\/dev.papercut.pl\/tfi\/wp-content\/uploads\/2020\/10\/29.png\" alt=\"\" class=\"wp-image-3084\"\/><figcaption>Ciekawe projekty<\/figcaption><\/figure>\n\n\n\n<figure class=\"wp-block-image size-large is-style-default\"><img loading=\"lazy\" width=\"85\" height=\"84\" src=\"http:\/\/dev.papercut.pl\/tfi\/wp-content\/uploads\/2020\/10\/30.png\" alt=\"\" class=\"wp-image-3085\"\/><figcaption>Unikalne do\u015bwiadczenie<\/figcaption><\/figure>\n\n\n\n<figure class=\"wp-block-image size-large is-style-default\"><img loading=\"lazy\" width=\"93\" height=\"84\" src=\"http:\/\/dev.papercut.pl\/tfi\/wp-content\/uploads\/2020\/10\/31.png\" alt=\"\" class=\"wp-image-3086\"\/><figcaption>Przyjazna atmosfera<\/figcaption><\/figure>\n<\/div><\/div>\n<\/div>\n<\/div>\n\n\n\n<div class=\"wp-block-buttons\">\n<div class=\"wp-block-button is-style-btn-red\"><a class=\"wp-block-button__link\" href=\"http:\/\/dev.papercut.pl\/tfi\/informacje\/kariera\/\" rel=\"http:\/\/dev.papercut.pl\/tfi\/informacje\/kariera\/\">Kariera w Forum<\/a><\/div>\n<\/div>\n<\/div><\/div>\n\n\n\n<p><\/p>\n","protected":false},"excerpt":{"rendered":"","protected":false},"author":1,"featured_media":0,"parent":0,"menu_order":2,"comment_status":"closed","ping_status":"open","template":"templates\/home.php","meta":[],"_links":{"self":[{"href":"https:\/\/dev.papercut.pl\/tfi\/wp-json\/wp\/v2\/pages\/2"}],"collection":[{"href":"https:\/\/dev.papercut.pl\/tfi\/wp-json\/wp\/v2\/pages"}],"about":[{"href":"https:\/\/dev.papercut.pl\/tfi\/wp-json\/wp\/v2\/types\/page"}],"author":[{"embeddable":true,"href":"https:\/\/dev.papercut.pl\/tfi\/wp-json\/wp\/v2\/users\/1"}],"replies":[{"embeddable":true,"href":"https:\/\/dev.papercut.pl\/tfi\/wp-json\/wp\/v2\/comments?post=2"}],"version-history":[{"count":330,"href":"https:\/\/dev.papercut.pl\/tfi\/wp-json\/wp\/v2\/pages\/2\/revisions"}],"predecessor-version":[{"id":5427,"href":"https:\/\/dev.papercut.pl\/tfi\/wp-json\/wp\/v2\/pages\/2\/revisions\/5427"}],"wp:attachment":[{"href":"https:\/\/dev.papercut.pl\/tfi\/wp-json\/wp\/v2\/media?parent=2"}],"curies":[{"name":"wp","href":"https:\/\/api.w.org\/{rel}","templated":true}]}}