{"id":1961,"date":"2020-07-23T23:44:22","date_gmt":"2020-07-23T21:44:22","guid":{"rendered":"http:\/\/local.tfi\/?page_id=1961"},"modified":"2020-11-13T16:14:43","modified_gmt":"2020-11-13T15:14:43","slug":"informacje","status":"publish","type":"page","link":"https:\/\/dev.papercut.pl\/tfi\/informacje\/","title":{"rendered":"Informacje"},"content":{"rendered":"\r\n<div class=\"main\">\r\n    <div class=\"main__bg\" style=\"background-image: url(https:\/\/dev.papercut.pl\/tfi\/wp-content\/uploads\/2020\/11\/informacje_v0.png);\"><\/div>\r\n    <div class=\"main__bg2\" style=\"background-image: url(https:\/\/dev.papercut.pl\/tfi\/wp-content\/uploads\/2020\/10\/cover_leningU.png);\"><\/div>\r\n    <div class=\"container\">\r\n        <div class=\"main__wrapper\">\r\n            <div>\r\n                                <h1 class=\"h1\" data-aos=\"fade-up\" data-aos-delay=\"200\">Informacje <br>publiczne<\/h1>\r\n            <\/div>\r\n\r\n            <a class=\"scroll-down\" href=\"#\" data-aos=\"fade-up\" data-aos-delay=\"400\">\r\n                <span>Dowiedz si\u0119 wi\u0119cej<\/span>\r\n                <span class=\"icon icon-arrow-down\"><svg xmlns=\"http:\/\/www.w3.org\/2000\/svg\" width=\"50\" height=\"50\" viewBox=\"0 0 50 50\"><g transform=\"translate(50 50) rotate(180)\"><g fill=\"#fff\" stroke=\"#fff\" stroke-width=\"2\"><circle cx=\"25\" cy=\"25\" r=\"25\" stroke=\"none\"\/><circle cx=\"25\" cy=\"25\" r=\"24\" fill=\"none\"\/><\/g><path d=\"M9,0,7.364,1.636l6.195,6.195H0v2.338H13.558L7.364,16.364,9,18l9-9Z\" transform=\"translate(16 34) rotate(-90)\"\/><\/g><\/svg><\/span>\r\n            <\/a>\r\n        <\/div>\r\n    <\/div>\r\n<\/div>\n\n\n<div class=\"wp-block-group\"><div class=\"wp-block-group__inner-container\">\n<p class=\"has-text-align-center\">Sprawd\u017a informacje publiczne dotycz\u0105ce prowadzonej dzia\u0142alno\u015bci przez FORUM TFI.<\/p>\n\n\n\n<p><\/p>\n\n\n<div class=\"info\">\r\n    <div class=\"info__head\">\r\n        <h3 class=\"h3 title\">Data<\/h3>\r\n\r\n        <div class=\"info__sort\">\r\n            <div class=\"info__sort--group\">\r\n                <span>od<\/span>\r\n                <input type=\"date\" name=\"startDate\">\r\n            <\/div>\r\n            <div class=\"info__sort--group\">\r\n                <span>do<\/span>\r\n                <input type=\"date\" name=\"endDate\">\r\n\r\n            <\/div>\r\n        <\/div>\r\n    <\/div>\r\n\r\n    <script type=\"text\/javascript\">\r\n        jQuery(document).ready(function($) {\r\n            var ajaxurl = 'https:\/\/dev.papercut.pl\/tfi\/wp-admin\/admin-ajax.php';\r\n\r\n            function cvf_load_all_posts(page, startDate, endDate){\r\n                $(\".pagination_loading\").fadeIn().css('opacity', 0.4);\r\n                $(\".info__head\").fadeIn().css('opacity', 0.4);\r\n\r\n                var data = {\r\n                    page: page,\r\n                    startDate: startDate,\r\n                    endDate: endDate,\r\n                    category: 'informacje',\r\n                    action: \"demo-pagination-load-posts\"\r\n                };\r\n\r\n                $.post(ajaxurl, data, function(response) {\r\n                    $(\".pagination_container\").html(response);\r\n                    $(\".pagination_loading\").css({'opacity': 1, 'transition': 'all .2s ease-in-out'});\r\n                    $(\".info__head\").css({'opacity': 1, 'transition': 'all .2s ease-in-out'});\r\n                });\r\n            }\r\n\r\n            \/\/ Load page 1 as the default\r\n            cvf_load_all_posts(1);\r\n\r\n            \/\/ Handle the clicks\r\n            var startDate, endDate;\r\n\r\n            $('input[name=\"startDate\"], input[name=\"endDate\"]').on('change', function() {\r\n                startDate = $('input[name=\"startDate\"]').val() ? $('input[name=\"startDate\"]').val() : '1970-01-01';\r\n                endDate = $('input[name=\"endDate\"]').val() ? $('input[name=\"endDate\"]').val() : '2099-01-01';\r\n                cvf_load_all_posts(1, startDate, endDate);\r\n            });\r\n\r\n            \/\/ $('input[name=\"startDate\"]').on('change', function() {\r\n            \/\/     startDate = $(this).val();\r\n            \/\/     cvf_load_all_posts(1, startDate, '2099-01-01');\r\n            \/\/ });\r\n\r\n            \/\/ $('input[name=\"endDate\"]').on('change', function() {\r\n            \/\/     endDate = $(this).val();\r\n            \/\/     cvf_load_all_posts(1, '1970-01-01', endDate);\r\n            \/\/ });\r\n\r\n            $(document).on('click', '.pagination_container .pagination li.active', function(){\r\n                console.log('click');\r\n                var page = $(this).attr('p');\r\n                if (startDate == '') startDate = '1970-01-01';\r\n                if (endDate == '') endDate = '2099-01-01';\r\n                cvf_load_all_posts(page, startDate, endDate);\r\n            });\r\n\r\n        });\r\n    <\/script>\r\n    <div class=\"pagination_loading\">\r\n        <div class=\"pagination_container\">\r\n            <div class=\"pagination-content\"><\/div>\r\n        <\/div>\r\n    <\/div>\r\n\r\n<\/div>\r\n\r\n<\/div><\/div>\n\n\n\n<div class=\"wp-block-group has-red-background-color has-background\"><div class=\"wp-block-group__inner-container\">\n<h3 class=\"has-text-align-center is-style-h2\">TFI Forum to 28 lat do\u015bwiadczenia<\/h3>\n\n\n\n<div class=\"wp-block-group is-style-counter-wrapper\"><div class=\"wp-block-group__inner-container\">\r\n<div class=\"counter\">\r\n    <div class=\"counter__number is-style-h2\" data-units=\"\" data-counter=\"+150\">0<\/div>\r\n    <p class=\"counter__subtitle\">Utworzonych Funduszy Inwestycyjnych<\/p>\r\n<\/div>\n\n\r\n<div class=\"counter\">\r\n    <div class=\"counter__number is-style-h2\" data-units=\"\" data-counter=\"500 \">0<\/div>\r\n    <p class=\"counter__subtitle\">Milion\u00f3w pozyskanego finansowania<\/p>\r\n<\/div>\n\n\r\n<div class=\"counter\">\r\n    <div class=\"counter__number is-style-h2\" data-units=\"\" data-counter=\"7.5\">0<\/div>\r\n    <p class=\"counter__subtitle\">Miliarda aktyw\u00f3w pod zarz\u0105dzaniem<\/p>\r\n<\/div><\/div><\/div>\n<\/div><\/div>\n\n\n\n<div class=\"wp-block-group has-gray-background-color has-background\"><div class=\"wp-block-group__inner-container\">\n<div class=\"wp-block-columns\">\n<div class=\"wp-block-column\">\n<h2 class=\"fade-right\">Dlaczego warto pracowa\u0107 w TFI?<\/h2>\n\n\n\n<p><\/p>\n\n\n\n<p><strong>FORUM TFI to niezale\u017cna instytucja finansowa, przez wiele lat skutecznie dzia\u0142aj\u0105ca na rynku finansowym. Jeste\u015bmy pr\u0119\u017cnie rozwijaj\u0105c\u0105 si\u0119 na rynku finansowym instytucj\u0105, kt\u00f3ra stale d\u0105\u017cy do rozwoju.<\/strong><\/p>\n\n\n\n<p class=\"has-dark-gray-color has-text-color\"><strong> <\/strong><\/p>\n<\/div>\n\n\n\n<div class=\"wp-block-column\">\n<div class=\"wp-block-group is-style-right-slider\"><div class=\"wp-block-group__inner-container\">\n<figure class=\"wp-block-image size-large is-style-default\"><img loading=\"lazy\" width=\"83\" height=\"84\" src=\"http:\/\/dev.papercut.pl\/tfi\/wp-content\/uploads\/2020\/10\/29.png\" alt=\"\" class=\"wp-image-3084\"\/><figcaption>Ciekawe projekty<\/figcaption><\/figure>\n\n\n\n<figure class=\"wp-block-image size-large is-style-default\"><img loading=\"lazy\" width=\"85\" height=\"84\" src=\"http:\/\/dev.papercut.pl\/tfi\/wp-content\/uploads\/2020\/10\/30.png\" alt=\"\" class=\"wp-image-3085\"\/><figcaption>Unikalne do\u015bwiadczenie<\/figcaption><\/figure>\n\n\n\n<figure class=\"wp-block-image size-large is-style-default\"><img loading=\"lazy\" width=\"93\" height=\"84\" src=\"http:\/\/dev.papercut.pl\/tfi\/wp-content\/uploads\/2020\/10\/31.png\" alt=\"\" class=\"wp-image-3086\"\/><figcaption>Przyjazna atmosfera<\/figcaption><\/figure>\n<\/div><\/div>\n<\/div>\n<\/div>\n<\/div><\/div>\n\n\n\n<div class=\"wp-block-group is-style-list-item-wrapper\"><div class=\"wp-block-group__inner-container\">\r\n<div class=\"list-item fade-columns\" >\r\n    <div class=\"list-item__content\">\r\n        <div class=\"list-item__icon\">\r\n            <img src=\"https:\/\/dev.papercut.pl\/tfi\/wp-content\/uploads\/2020\/10\/1_1.png\" alt=\"\">\r\n        <\/div>\r\n        <h4 class=\"list-item__title\">Fundusze<br>Dedykowane<\/h4>\r\n        <div class=\"list-item__text\"><p>Dzi\u0119ki funduszom dedykowanym mo\u017cliwe jest skuteczne zrestrukturyzowanie aktyw\u00f3w i wypracowanie optymalnych rozwi\u0105za\u0144 (prawnych i biznesowych) do realizacji wybranej strategii. Mo\u017cna r\u00f3wnie\u017c zapewni\u0107 poufno\u015b\u0107 i anonimowo\u015b\u0107 dla prowadzonych operacji biznesowych. Bezpiecznie przekaza\u0107 aktywa swoim potomkom, umo\u017cliwi\u0107 lokowanie nadwy\u017cek finansowych w innowacyjne przedsi\u0119wzi\u0119cia.<\/p>\n<\/div>\r\n    <\/div>\r\n            <a href=\"http:\/\/dev.papercut.pl\/tfi\/produkty\/fundusze-dedykowane\/\" class=\"btn btn-red btn-red-small\">Czytaj dalej<\/a>\r\n    <\/div>\n\n\r\n<div class=\"list-item fade-columns\" >\r\n    <div class=\"list-item__content\">\r\n        <div class=\"list-item__icon\">\r\n            <img src=\"https:\/\/dev.papercut.pl\/tfi\/wp-content\/uploads\/2020\/10\/1_2.png\" alt=\"\">\r\n        <\/div>\r\n        <h4 class=\"list-item__title\">Fundusze<br>Sekurytyzacyjne<\/h4>\r\n        <div class=\"list-item__text\"><p>Aktywno\u015b\u0107 inwestycyjna opiera si\u0119 g\u0142\u00f3wnie na inwestowaniu w portfele wierzytelno\u015bci masowych. Fundusze sekurytyzacyjne mog\u0105 by\u0107 tworzone jako wehiku\u0142y inwestycyjne dla inwestor\u00f3w pasywnych jako ciekawa alternatywa dla lokowania \u015brodk\u00f3w w klasyczne instrumenty finansowe. Ich przeznaczeniem mo\u017ce by\u0107 r\u00f3wnie\u017c przynoszenie Grupie Inwestycyjnej zysk\u00f3w nakierowanej na aktywa trudne.<\/p>\n<\/div>\r\n    <\/div>\r\n            <a href=\"http:\/\/dev.papercut.pl\/tfi\/produkty\/fundusze-sekurytyzacyjne\/\" class=\"btn btn-red btn-red-small\">Czytaj dalej<\/a>\r\n    <\/div>\n\n\r\n<div class=\"list-item fade-columns\" >\r\n    <div class=\"list-item__content\">\r\n        <div class=\"list-item__icon\">\r\n            <img src=\"https:\/\/dev.papercut.pl\/tfi\/wp-content\/uploads\/2020\/10\/1_3.png\" alt=\"\">\r\n        <\/div>\r\n        <h4 class=\"list-item__title\">Fundusze<br>Alternatywne<\/h4>\r\n        <div class=\"list-item__text\"><p>Dokonywanie inwestycji poprzez fundusze alternatywne wymaga szczeg\u00f3lnych kompetencji i know-how rynkowego. Jeste\u015bmy pionierem w tworzeniu alternatywnych strategii inwestycyjnych w Polsce, ka\u017cdorazowo wsp\u00f3\u0142pracujemy z wykwalifikowanym partnerem, kt\u00f3remu w wybranych przypadkach powierzamy zarz\u0105dzaniem portfelem aktyw\u00f3w.<\/p>\n<\/div>\r\n    <\/div>\r\n            <a href=\"http:\/\/dev.papercut.pl\/tfi\/produkty\/fundusze-alternatywne\/\" class=\"btn btn-red btn-red-small\">Czytaj dalej<\/a>\r\n    <\/div><\/div><\/div>\n","protected":false},"excerpt":{"rendered":"","protected":false},"author":1,"featured_media":0,"parent":0,"menu_order":49,"comment_status":"closed","ping_status":"closed","template":"templates\/home.php","meta":[],"_links":{"self":[{"href":"https:\/\/dev.papercut.pl\/tfi\/wp-json\/wp\/v2\/pages\/1961"}],"collection":[{"href":"https:\/\/dev.papercut.pl\/tfi\/wp-json\/wp\/v2\/pages"}],"about":[{"href":"https:\/\/dev.papercut.pl\/tfi\/wp-json\/wp\/v2\/types\/page"}],"author":[{"embeddable":true,"href":"https:\/\/dev.papercut.pl\/tfi\/wp-json\/wp\/v2\/users\/1"}],"replies":[{"embeddable":true,"href":"https:\/\/dev.papercut.pl\/tfi\/wp-json\/wp\/v2\/comments?post=1961"}],"version-history":[{"count":29,"href":"https:\/\/dev.papercut.pl\/tfi\/wp-json\/wp\/v2\/pages\/1961\/revisions"}],"predecessor-version":[{"id":4199,"href":"https:\/\/dev.papercut.pl\/tfi\/wp-json\/wp\/v2\/pages\/1961\/revisions\/4199"}],"wp:attachment":[{"href":"https:\/\/dev.papercut.pl\/tfi\/wp-json\/wp\/v2\/media?parent=1961"}],"curies":[{"name":"wp","href":"https:\/\/api.w.org\/{rel}","templated":true}]}}