{"id":111,"date":"2021-01-23T08:58:40","date_gmt":"2021-01-23T07:58:40","guid":{"rendered":"http:\/\/local.polskachmura\/?page_id=111"},"modified":"2021-02-02T12:45:21","modified_gmt":"2021-02-02T11:45:21","slug":"czlonkowie","status":"publish","type":"page","link":"https:\/\/dev.papercut.pl\/polskachmura\/czlonkowie\/","title":{"rendered":"Cz\u0142onkowie"},"content":{"rendered":"\n<div class=\"wp-block-columns\">\n<div class=\"wp-block-column\">\n<div class=\"wp-block-image\"><figure class=\"aligncenter size-large\"><a href=\"https:\/\/www.assecods.pl\/\"><img loading=\"lazy\" width=\"305\" height=\"152\" src=\"http:\/\/local.polskachmura\/wp-content\/uploads\/2021\/01\/asseco-dc.png\" alt=\"\" class=\"wp-image-127\" srcset=\"https:\/\/dev.papercut.pl\/polskachmura\/wp-content\/uploads\/2021\/01\/asseco-dc.png 305w, https:\/\/dev.papercut.pl\/polskachmura\/wp-content\/uploads\/2021\/01\/asseco-dc-300x150.png 300w\" sizes=\"(max-width: 305px) 100vw, 305px\" \/><\/a><\/figure><\/div>\n<\/div>\n\n\n\n<div class=\"wp-block-column\">\n<h2 class=\"is-style-large-header\">Asseco Data Systems<\/h2>\n\n\n\n<p>Jeste\u015bmy najwi\u0119kszym dostawc\u0105 rozwi\u0105za\u0144 informatycznych w Europie \u015brodkowo-wschodniej, a nasze dzia\u0142ania si\u0119gaj\u0105 tam, gdzie technologia i biznes wspieraj\u0105 codzienne \u017cycie. Jako wiarygodny dostawca produkt\u00f3w i us\u0142ug dbamy o zapewnienie technologii dla du\u017cych podmiot\u00f3w m.in. z sektora finans\u00f3w, medycyny, czy administracji publicznej oraz dla SMB.<\/p>\n\n\n\n<p>Us\u0142ugi Cloud i Data Center &#8211; to przede wszystkim dzia\u0142anie efektywne, kt\u00f3re \u0142\u0105czy zaplecze technologiczne, do\u015bwiadczenie oraz innowacyjne podej\u015bcie do mo\u017cliwo\u015bci jakie stawia ekosystem chmury. Dostarczamy rozwi\u0105zania oparte na technologiach wiod\u0105cych dostawc\u00f3w chmurowych takich jak Azure, Google Cloud, AWS, czy Oracle Cloud. Efektywna transformacja do chmury odbywa si\u0119 przy udziale certyfikowanych ekspert\u00f3w, dzi\u0119ki czemu opracowujemy precyzyjn\u0105 strategi\u0119 adopcji chmury, aby nowe \u015brodowisko IT by\u0142o idealnie dopasowane do potrzeb. Zapewniamy spektrum modeli chmurowych, dzi\u0119ki kt\u00f3rym dopasowana konfiguracja oraz us\u0142ugi, zapewniaj\u0105 lepsze funkcjonowanie organizacji. Przeniesienie do chmury mo\u017ce przynie\u015b\u0107 znacz\u0105ce oszcz\u0119dno\u015bci, je\u015bli zostanie odpowiednio przeprowadzone. Zapraszamy do dialogu technicznego.<\/p>\n<\/div>\n<\/div>\n\n\n\n<hr class=\"wp-block-separator is-style-wide\"\/>\n\n\n\n<div class=\"wp-block-columns\">\n<div class=\"wp-block-column\">\n<div class=\"wp-block-image\"><figure class=\"aligncenter size-large\"><a href=\"https:\/\/compaas.pl\/\"><img src=\"http:\/\/dev.papercut.pl\/polskachmura\/wp-content\/uploads\/2021\/01\/comPaas.svg\" alt=\"\" class=\"wp-image-134\"\/><\/a><\/figure><\/div>\n<\/div>\n\n\n\n<div class=\"wp-block-column\">\n<h2 class=\"is-style-large-header\">ComPaas Consulting<\/h2>\n\n\n\n<p>zesp\u00f3\u0142 specjalist\u00f3w o wszechstronnej wiedzy o ERP oraz szerokich kompetencjach systemowych, biznesowych i technicznych popartych wieloletnim do\u015bwiadczeniem w bran\u017cy IT. Ponadprzeci\u0119tne umiej\u0119tno\u015bci zespo\u0142u kszta\u0142towa\u0142y si\u0119 trakcie wieloletniej wsp\u00f3\u0142pracy z producentami system\u00f3w ERP, w\u0142\u0105czaj\u0105c w to budow\u0119 koncepcji i rozw\u00f3j system\u00f3w na przestrzeni 20 lat. W\u0142a\u015bnie dlatego s\u0105 w stanie \u015bwiadczy\u0107 kompleksowe us\u0142ugi w zakresie consultingu zakupu, przy wdro\u017ceniu oraz w trakcie utrzymania i rozbudowy systemu ERP.<\/p>\n<\/div>\n<\/div>\n\n\n\n<hr class=\"wp-block-separator is-style-wide\"\/>\n\n\n\n<div class=\"wp-block-columns\">\n<div class=\"wp-block-column\">\n<div class=\"wp-block-image\"><figure class=\"aligncenter size-large is-resized\"><a href=\"https:\/\/www.equinix.pl\/\"><img loading=\"lazy\" src=\"http:\/\/dev.papercut.pl\/polskachmura\/wp-content\/uploads\/2021\/01\/Equinix.png\" alt=\"\" class=\"wp-image-146\" width=\"195\" height=\"105\" srcset=\"https:\/\/dev.papercut.pl\/polskachmura\/wp-content\/uploads\/2021\/01\/Equinix.png 390w, https:\/\/dev.papercut.pl\/polskachmura\/wp-content\/uploads\/2021\/01\/Equinix-300x162.png 300w\" sizes=\"(max-width: 195px) 100vw, 195px\" \/><\/a><\/figure><\/div>\n<\/div>\n\n\n\n<div class=\"wp-block-column\">\n<h2 class=\"is-style-large-header\">Equinix, Inc. (Nasdaq: EQIX)<\/h2>\n\n\n\n<p>to globalny dostawca infrastruktury cyfrowej, kt\u00f3ry umo\u017cliwia cyfrowym liderom wykorzystanie zaufanej platformy do bezpo\u015bredniego \u0142\u0105czenia element\u00f3w infrastruktury le\u017c\u0105cej u podstaw ich dzia\u0142alno\u015bci i b\u0119d\u0105cej \u017ar\u00f3d\u0142em ich sukcesu. Equinix umo\u017cliwia firmom dost\u0119p do wszystkich w\u0142a\u015bciwych miejsc, partner\u00f3w i mo\u017cliwo\u015bci, kt\u00f3rych potrzebuj\u0105, \u017ceby budowa\u0107 i wzmacnia\u0107 swoj\u0105 przewag\u0119 konkurencyjn\u0105. Dzi\u0119ki Equinix mog\u0105 skalowa\u0107 w spos\u00f3b zwinny, przyspiesza\u0107 uruchamianie us\u0142ug cyfrowych oraz dostarcza\u0107 \u015bwiatowej klasy do\u015bwiadczenia i pomna\u017ca\u0107 ich warto\u015b\u0107.<\/p>\n<\/div>\n<\/div>\n\n\n\n<hr class=\"wp-block-separator is-style-wide\"\/>\n\n\n\n<div class=\"wp-block-columns\">\n<div class=\"wp-block-column\">\n<div class=\"wp-block-image\"><figure class=\"aligncenter size-large is-resized\"><a href=\"https:\/\/infomex.pl\/\"><img loading=\"lazy\" src=\"http:\/\/dev.papercut.pl\/polskachmura\/wp-content\/uploads\/2021\/01\/informex.png\" alt=\"\" class=\"wp-image-135\" width=\"225\" height=\"94\"\/><\/a><\/figure><\/div>\n<\/div>\n\n\n\n<div class=\"wp-block-column\">\n<h2 class=\"is-style-large-header\">Infomex<\/h2>\n\n\n\n<p>to 25 lat do\u015bwiadczenia, 5 tysi\u0119cy klient\u00f3w oraz 100 doskonale przeszkolonych pracownik\u00f3w. Infomex pomaga swoim klientom rozwija\u0107 prowadzony biznes dzi\u0119ki nowoczesnym i sprawdzonym technologiom, indywidualnie dopasowanym do potrzeb oraz oczekiwa\u0144 odbiorcy. W ofercie firmy znajduj\u0105 si\u0119 kompleksowe rozwi\u0105zania z dziedziny Data Center i chmury obliczeniowej, oprogramowania biznesowego oraz infrastruktury IT. Do\u015bwiadczona kadra techniczna \u2013 in\u017cynier\u00f3w, programist\u00f3w, analityk\u00f3w oraz project manager\u00f3w jak r\u00f3wnie\u017c zesp\u00f3\u0142 R&amp;D, ServiceDesk dzia\u0142aj\u0105cy w modelu 24\/7\/365 oraz w\u0142asne Data Center sprawiaj\u0105, \u017ce Infomex jest w stanie zrealizowa\u0107 najbardziej z\u0142o\u017cone projekty teleinformatyczne. Pocz\u0105wszy od analizy potrzeb klienta oraz zaprojektowania dedykowanego rozwi\u0105zania, poprzez stworzenie \u015brodowiska w ramach PoC, uruchomienie produkcyjne, na administracji ko\u0144cz\u0105c \u2013 projekty prowadzimy w spos\u00f3b kompleksowy, k\u0142ad\u0105c du\u017cy nacisk na jako\u015b\u0107 oraz bezpiecze\u0144stwo, czego najlepszym dowodem s\u0105 posiadane certyfikaty ISO9001 oraz ISO27001.<\/p>\n<\/div>\n<\/div>\n\n\n\n<hr class=\"wp-block-separator is-style-wide\"\/>\n\n\n\n<div class=\"wp-block-columns\">\n<div class=\"wp-block-column\">\n<div class=\"wp-block-image\"><figure class=\"aligncenter size-large is-resized\"><a href=\"https:\/\/www.netia.pl\/pl\/srednie-i-duze-firmy\/produkty\/data-center-cloud\/data-center\"><img loading=\"lazy\" src=\"http:\/\/dev.papercut.pl\/polskachmura\/wp-content\/uploads\/2021\/01\/LOGOTYP-NETIA-1024x382.jpg\" alt=\"\" class=\"wp-image-147\" width=\"300\" height=\"96\"\/><\/a><\/figure><\/div>\n<\/div>\n\n\n\n<div class=\"wp-block-column\">\n<h2 class=\"is-style-large-header\">Netia<\/h2>\n\n\n\n<p>jeden z najwi\u0119kszych operator\u00f3w telekomunikacyjnych, cz\u0119\u015b\u0107 Grupy Cyfrowy Polsat. Netia dostarcza m.in. kompleksowe, przyjazne w u\u017cytkowaniu rozwi\u0105zania komunikacyjne on-line: szybki, stacjonarny dost\u0119p do internetu, zaawansowane us\u0142ugi transmisji danych oraz TV i multimedialn\u0105 rozrywk\u0119. Us\u0142ugi Netii skierowane s\u0105 do u\u017cytkownik\u00f3w prywatnych, firm oraz instytucji. Sp\u00f3\u0142ka zatrudnia niemal 2 tys. os\u00f3b w 70 lokalizacjach w ca\u0142ej Polsce. W sk\u0142ad GK Netia wchodz\u0105 m.in.: Netia S.A., Internetia Sp. z o.o., Petrotel Sp. z o.o., TK Telekom Sp. z o.o.&nbsp;<\/p>\n<\/div>\n<\/div>\n\n\n\n<hr class=\"wp-block-separator is-style-wide\"\/>\n\n\n\n<div class=\"wp-block-columns\">\n<div class=\"wp-block-column\">\n<div class=\"wp-block-image\"><figure class=\"aligncenter size-large is-resized\"><a href=\"https:\/\/pnt.opole.pl\/index.php\/pl\/\"><img loading=\"lazy\" src=\"http:\/\/dev.papercut.pl\/polskachmura\/wp-content\/uploads\/2021\/01\/logotyp-PNT-w-Opolu-1024x538.jpg\" alt=\"\" class=\"wp-image-148\" width=\"256\" height=\"135\" srcset=\"https:\/\/dev.papercut.pl\/polskachmura\/wp-content\/uploads\/2021\/01\/logotyp-PNT-w-Opolu-1024x538.jpg 1024w, https:\/\/dev.papercut.pl\/polskachmura\/wp-content\/uploads\/2021\/01\/logotyp-PNT-w-Opolu-300x158.jpg 300w, https:\/\/dev.papercut.pl\/polskachmura\/wp-content\/uploads\/2021\/01\/logotyp-PNT-w-Opolu-768x404.jpg 768w, https:\/\/dev.papercut.pl\/polskachmura\/wp-content\/uploads\/2021\/01\/logotyp-PNT-w-Opolu.jpg 1134w\" sizes=\"(max-width: 256px) 100vw, 256px\" \/><\/a><\/figure><\/div>\n<\/div>\n\n\n\n<div class=\"wp-block-column\">\n<h2 class=\"is-style-large-header\">Park Naukowo-Technologiczny w Opolu Sp. z o. o.<\/h2>\n\n\n\n<p>powsta\u0142 8 listopada 2012 roku z inicjatywy Prezydenta Miasta Opola. Jest instytucj\u0105, kt\u00f3ra ma wspiera\u0107 innowacyjne przedsi\u0119wzi\u0119cia gospodarcze oraz ma\u0142e i \u015brednie przedsi\u0119biorstwa, kt\u00f3re chcia\u0142yby te technologie wdra\u017ca\u0107 oraz udziela\u0107 informacji inwestorom i tw\u00f3rcom.<\/p>\n\n\n\n<p>PNT w Opolu jest miejscem wsp\u00f3\u0142pracy nauki i biznesu, stwarza mo\u017cliwo\u015b\u0107 poszukiwania i wdra\u017cania nowych rozwi\u0105za\u0144 technologicznych na styku tych dw\u00f3ch \u015bwiat\u00f3w. Tworzy r\u00f3wnie\u017c korzystne warunki dla rozwoju gospodarczego i naukowego miasta Opola oraz ca\u0142ego regionu poprzez pomoc ju\u017c istniej\u0105cym, jak r\u00f3wnie\u017c nowo powstaj\u0105cym inicjatywom. Sp\u00f3\u0142ka jest platform\u0105 wsp\u00f3\u0142pracy dla \u015brodowisk biznesowych i naukowych, po\u015brednio tworzy nowe miejsca pracy dla wykszta\u0142conych na opolskich uczelniach m\u0142odych ludzi. Dzi\u0119ki utworzeniu Parku proinnowacyjne opolskie firmy uzyskuj\u0105 dost\u0119p do specjalistycznych laboratori\u00f3w badawczych, zaawansowanego \u015brodowiska teleinformatycznego, pomieszcze\u0144 biurowych o wysokim standardzie oraz wszelkiej innej niezb\u0119dnej infrastruktury i us\u0142ug koniecznych do prowadzenia dzia\u0142alno\u015bci, z korzy\u015bci\u0105 dla spo\u0142eczno\u015bci lokalnych miasta i regionu.&nbsp;<\/p>\n<\/div>\n<\/div>\n\n\n\n<hr class=\"wp-block-separator is-style-wide\"\/>\n\n\n\n<div class=\"wp-block-columns\">\n<div class=\"wp-block-column\">\n<div class=\"wp-block-image\"><figure class=\"aligncenter size-large is-resized\"><a href=\"https:\/\/polcom.com.pl\/\"><img loading=\"lazy\" src=\"http:\/\/dev.papercut.pl\/polskachmura\/wp-content\/uploads\/2021\/01\/polcom.png\" alt=\"\" class=\"wp-image-136\" width=\"314\" height=\"92\" srcset=\"https:\/\/dev.papercut.pl\/polskachmura\/wp-content\/uploads\/2021\/01\/polcom.png 627w, https:\/\/dev.papercut.pl\/polskachmura\/wp-content\/uploads\/2021\/01\/polcom-300x88.png 300w\" sizes=\"(max-width: 314px) 100vw, 314px\" \/><\/a><\/figure><\/div>\n<\/div>\n\n\n\n<div class=\"wp-block-column\">\n<h2 class=\"is-style-large-header\">Polcom<\/h2>\n\n\n\n<p>Polcom od prawie 30 lat dzia\u0142a na rynku polskim i europejskim. Pocz\u0105tkowo firma by\u0142a integratorem IT i koncentrowa\u0142a si\u0119 us\u0142ugach w zakresie przechowywania danych. Obecnie Polcom posiada zesp\u00f3\u0142 najnowocze\u015bniejszych w Polsce o\u015brodk\u00f3w przetwarzania danych zlokalizowanych pod Krakowem i Katowicami, w oparciu o kt\u00f3re \u015bwiadczy us\u0142ugi udost\u0119pniania mocy obliczeniowej. Dzi\u0119ki temu klienci firmy otrzymuj\u0105 unikaln\u0105 jako\u015b\u0107 na polskim rynku, pozwalaj\u0105c\u0105 na uruchomienie dowolnych aplikacji. Pozwala to na rozpocz\u0119cie jakkolwiek du\u017cego projektu informatycznego i swobodn\u0105 zmian\u0119 jego parametr\u00f3w w czasie. Dowodem na najwy\u017csz\u0105 jako\u015b\u0107 us\u0142ug Polcom s\u0105 mi\u0119dzynarodowe certyfikaty \u2013 m.in. ISO 9001, ISO 27001, ISO 27017 \u2013 dokumentuj\u0105ce spe\u0142nianie standard\u00f3w zarz\u0105dzania bezpiecze\u0144stwem informacji oraz zarz\u0105dzania jako\u015bci\u0105 w organizacji. Dzi\u0119ki natomiast indywidualnemu podej\u015bciu firmy do potrzeb klient\u00f3w, cieszy si\u0119 ona uznaniem na rynku, co skutkuje d\u0142ugofalowymi relacjami biznesowymi. W\u015br\u00f3d grona klient\u00f3w Polcom znajduj\u0105 si\u0119 m.in. Allegro, Polimex &#8211; Mostostal, Skanska, Grupa Nowy Styl, Amway, Polaris czy Carrefour.<\/p>\n<\/div>\n<\/div>\n\n\n\n<hr class=\"wp-block-separator is-style-wide\"\/>\n\n\n\n<div class=\"wp-block-columns\">\n<div class=\"wp-block-column\">\n<div class=\"wp-block-image\"><figure class=\"aligncenter size-large\"><a href=\"https:\/\/sinersio.com\/\"><img src=\"http:\/\/dev.papercut.pl\/polskachmura\/wp-content\/uploads\/2021\/01\/sinersion.svg\" alt=\"\" class=\"wp-image-138\"\/><\/a><\/figure><\/div>\n<\/div>\n\n\n\n<div class=\"wp-block-column\">\n<h2 class=\"is-style-large-header\">Sinersio Polska<\/h2>\n\n\n\n<p>Sinersio Polska to dynamicznie rozwijaj\u0105ca si\u0119 firma, dzia\u0142aj\u0105ca w bran\u017cy IT od 2009 roku. Specjalizujemy si\u0119 w dostarczaniu rozwi\u0105za\u0144 opartych na modelu chmury obliczeniowej. Posiadamy w\u0142asny, niezawodny i bezpieczny obiekt Data Center, zlokalizowany na terenie Parku Technologicznego Interior w Nowej Soli w pobli\u017cu Zielonej G\u00f3ry. Sinersio Data Center zosta\u0142o otwarte w 2013 roku i jest jednym z najnowocze\u015bniejszych o\u015brodk\u00f3w przetwarzania danych w Polsce. Obiekt zosta\u0142 zaprojektowany i wybudowany zgodnie z mi\u0119dzynarodowym standardem TIA-942 w klasie TIER III, a przed oddaniem do u\u017cytku przeszed\u0142 testy obci\u0105\u017ceniowe. Firma Sinersio Polska przechodzi obecnie proces certyfikacji potwierdzaj\u0105cy spe\u0142nianie standard\u00f3w zarz\u0105dzania bezpiecze\u0144stwem informacji oraz zarz\u0105dzania jako\u015bci\u0105 w organizacji (ISO 9001 i ISO\/IEC 27001). In\u017cynierowie z Sinersio Polska stworzyli w\u0142asn\u0105 chmur\u0119 obliczeniow\u0105 Sinersio Cloud oraz wyr\u00f3\u017cniaj\u0105cy si\u0119 na polskim rynku system do tworzenia kopii bezpiecze\u0144stwa danych&nbsp; &#8211; TotalBackup. Z rozwi\u0105za\u0144 tych korzystaj\u0105 korporacje, \u015brednie i ma\u0142e firmy, banki, szpitale i administracja publiczna w ca\u0142ej Polsce.&nbsp;<\/p>\n<\/div>\n<\/div>\n\n\n\n<hr class=\"wp-block-separator is-style-wide\"\/>\n\n\n\n<div class=\"wp-block-columns\">\n<div class=\"wp-block-column\">\n<div class=\"wp-block-image\"><figure class=\"aligncenter size-large\"><a href=\"https:\/\/www.talex.pl\/pl\/\"><img src=\"http:\/\/dev.papercut.pl\/polskachmura\/wp-content\/uploads\/2021\/01\/talex.svg\" alt=\"\" class=\"wp-image-139\"\/><\/a><\/figure><\/div>\n<\/div>\n\n\n\n<div class=\"wp-block-column\">\n<h2 class=\"is-style-large-header\">Talex S.A.<\/h2>\n\n\n\n<p>Talex S.A. to firma za\u0142o\u017cona 1989 r. przez trzech polskich in\u017cynier\u00f3w, pasjonat\u00f3w informatyki, kt\u00f3rzy do dnia dzisiejszego ca\u0142y czas dbaj\u0105 o to, by zachowa\u0142a sw\u00f3j pierwotny charakter. Od pocz\u0105tku przy\u015bwieca nam jeden cel, by robi\u0107 dobr\u0105 informatyk\u0119 i rozwi\u0105zywa\u0107 nawet najbardziej skomplikowane problemy. Jeste\u015bmy dostawc\u0105 zaawansowanych technologicznie us\u0142ug i produkt\u00f3w IT, wspieraj\u0105cych procesy biznesowe. Dzi\u0119ki multidyscyplinarnym kompetencjom i 30-letniemu do\u015bwiadczeniu oferujemy zaawansowane us\u0142ugi Cloud Computing dla wymagaj\u0105cych klient\u00f3w z r\u00f3\u017cnych bran\u017c. Zaufa\u0142y nam m.in. instytucje finansowe, koncerny automotive oraz jedna z najwi\u0119kszych platform handlowych w Europie. Jako jedyna firma w Polsce posiadamy dwa centra przetwarzania danych z certyfikatem EN 50600 klasy IV zlokalizowane w Poznaniu i Wroc\u0142awiu. Oba o\u015brodki mog\u0105 by\u0107 wykorzystywane r\u00f3wnocze\u015bnie jako Data Center podstawowe i zapasowe (Disaster Recovery Center).<\/p>\n<\/div>\n<\/div>\n\n\n\n<hr class=\"wp-block-separator is-style-wide\"\/>\n\n\n\n<div class=\"wp-block-columns\">\n<div class=\"wp-block-column\">\n<div class=\"wp-block-image\"><figure class=\"aligncenter size-large is-resized\"><a href=\"https:\/\/wcss.pl\/\"><img loading=\"lazy\" src=\"http:\/\/dev.papercut.pl\/polskachmura\/wp-content\/uploads\/2021\/01\/scss.svg\" alt=\"\" class=\"wp-image-137\" width=\"74\" height=\"105\"\/><\/a><\/figure><\/div>\n<\/div>\n\n\n\n<div class=\"wp-block-column\">\n<h2 class=\"is-style-large-header\">Wroc\u0142awskie Centrum Sieciowo &#8211; Superkomputerowe<\/h2>\n\n\n\n<p>Wroc\u0142awskie Centrum Sieciowo-Superkomputerowe jest jednostk\u0105 <a href=\"http:\/\/www.pwr.wroc.pl\/\">Politechniki Wroc\u0142awskiej<\/a> o charakterze mi\u0119dzyuczelnianym. Powsta\u0142o&nbsp; w 1994 roku, a jego g\u0142\u00f3wnymi zadaniami s\u0105: eksploatacja i rozbudowa Wroc\u0142awskiej Akademickiej Sieci Komputerowej (WASK), eksploatacja i rozbudowa komputer\u00f3w du\u017cej mocy (KDM), eksploatacja i rozw\u00f3j sieciowych us\u0142ug informacyjnych dla wszystkich uczelni wy\u017cszych i instytut\u00f3w badawczych z obszaru Dolnego \u015al\u0105ska.<\/p>\n<\/div>\n<\/div>\n","protected":false},"excerpt":{"rendered":"<p>Asseco Data Systems Jeste\u015bmy najwi\u0119kszym dostawc\u0105 rozwi\u0105za\u0144 informatycznych w Europie \u015brodkowo-wschodniej, a nasze dzia\u0142ania si\u0119gaj\u0105 tam, gdzie technologia i biznes wspieraj\u0105 codzienne \u017cycie. Jako wiarygodny dostawca produkt\u00f3w i us\u0142ug dbamy o zapewnienie technologii dla du\u017cych podmiot\u00f3w m.in. z sektora finans\u00f3w, medycyny, czy administracji publicznej oraz dla SMB. Us\u0142ugi Cloud i Data Center &#8211; to przede [&hellip;]<\/p>\n","protected":false},"author":1,"featured_media":0,"parent":0,"menu_order":7,"comment_status":"closed","ping_status":"closed","template":"","meta":[],"_links":{"self":[{"href":"https:\/\/dev.papercut.pl\/polskachmura\/wp-json\/wp\/v2\/pages\/111"}],"collection":[{"href":"https:\/\/dev.papercut.pl\/polskachmura\/wp-json\/wp\/v2\/pages"}],"about":[{"href":"https:\/\/dev.papercut.pl\/polskachmura\/wp-json\/wp\/v2\/types\/page"}],"author":[{"embeddable":true,"href":"https:\/\/dev.papercut.pl\/polskachmura\/wp-json\/wp\/v2\/users\/1"}],"replies":[{"embeddable":true,"href":"https:\/\/dev.papercut.pl\/polskachmura\/wp-json\/wp\/v2\/comments?post=111"}],"version-history":[{"count":16,"href":"https:\/\/dev.papercut.pl\/polskachmura\/wp-json\/wp\/v2\/pages\/111\/revisions"}],"predecessor-version":[{"id":211,"href":"https:\/\/dev.papercut.pl\/polskachmura\/wp-json\/wp\/v2\/pages\/111\/revisions\/211"}],"wp:attachment":[{"href":"https:\/\/dev.papercut.pl\/polskachmura\/wp-json\/wp\/v2\/media?parent=111"}],"curies":[{"name":"wp","href":"https:\/\/api.w.org\/{rel}","templated":true}]}}