{"id":925,"date":"2023-12-17T17:08:44","date_gmt":"2023-12-17T16:08:44","guid":{"rendered":"https:\/\/dev.papercut.pl\/ncn\/?page_id=925"},"modified":"2023-12-17T17:08:44","modified_gmt":"2023-12-17T16:08:44","slug":"polityka-cookies","status":"publish","type":"page","link":"https:\/\/dev.papercut.pl\/ncn\/polityka-cookies\/","title":{"rendered":"Polityka cookies"},"content":{"rendered":"\n<p>Informujemy, \u017ce strona www.eosc.gov.pl u\u017cywa plik\u00f3w cookies w celach funkcjonalnych, aby u\u0142atwi\u0107 u\u017cytkownikom korzystanie z witryny oraz w celu tworzenia anonimowych statystyk serwisu. Ustawienia dotycz\u0105ce cookies zmieni\u0107 mo\u017cna w przegl\u0105darce internetowej, przy czym brak zmiany tych ustawie\u0144 oznacza akceptacj\u0119 dla plik\u00f3w cookies.<\/p>\n","protected":false},"excerpt":{"rendered":"<p>Informujemy, \u017ce strona www.eosc.gov.pl u\u017cywa plik\u00f3w cookies w celach funkcjonalnych, aby u\u0142atwi\u0107 u\u017cytkownikom korzystanie z witryny oraz w celu tworzenia anonimowych statystyk serwisu. Ustawienia dotycz\u0105ce cookies zmieni\u0107 mo\u017cna w przegl\u0105darce internetowej, przy czym brak zmiany tych ustawie\u0144 oznacza akceptacj\u0119 dla plik\u00f3w cookies.<\/p>\n","protected":false},"author":1,"featured_media":0,"parent":0,"menu_order":4,"comment_status":"closed","ping_status":"closed","template":"","meta":{"_acf_changed":false,"footnotes":""},"class_list":["post-925","page","type-page","status-publish","hentry"],"acf":[],"_links":{"self":[{"href":"https:\/\/dev.papercut.pl\/ncn\/wp-json\/wp\/v2\/pages\/925","targetHints":{"allow":["GET"]}}],"collection":[{"href":"https:\/\/dev.papercut.pl\/ncn\/wp-json\/wp\/v2\/pages"}],"about":[{"href":"https:\/\/dev.papercut.pl\/ncn\/wp-json\/wp\/v2\/types\/page"}],"author":[{"embeddable":true,"href":"https:\/\/dev.papercut.pl\/ncn\/wp-json\/wp\/v2\/users\/1"}],"replies":[{"embeddable":true,"href":"https:\/\/dev.papercut.pl\/ncn\/wp-json\/wp\/v2\/comments?post=925"}],"version-history":[{"count":1,"href":"https:\/\/dev.papercut.pl\/ncn\/wp-json\/wp\/v2\/pages\/925\/revisions"}],"predecessor-version":[{"id":926,"href":"https:\/\/dev.papercut.pl\/ncn\/wp-json\/wp\/v2\/pages\/925\/revisions\/926"}],"wp:attachment":[{"href":"https:\/\/dev.papercut.pl\/ncn\/wp-json\/wp\/v2\/media?parent=925"}],"curies":[{"name":"wp","href":"https:\/\/api.w.org\/{rel}","templated":true}]}}