{"id":922,"date":"2023-12-17T17:06:36","date_gmt":"2023-12-17T16:06:36","guid":{"rendered":"https:\/\/dev.papercut.pl\/ncn\/?page_id=922"},"modified":"2023-12-17T17:19:57","modified_gmt":"2023-12-17T16:19:57","slug":"polityka-prywatnosci-2","status":"publish","type":"page","link":"https:\/\/dev.papercut.pl\/ncn\/polityka-prywatnosci-2\/","title":{"rendered":"Polityka prywatno\u015bci"},"content":{"rendered":"\n<p><strong>1. Postanowienia og\u00f3lne<\/strong><\/p>\n\n\n\n<p>W niniejszej Polityce Prywatno\u015bci przedstawiono, w jaki spos\u00f3b s\u0105 gromadzone, przetwarzane i przechowywane dane osobowe niezb\u0119dne do \u015bwiadczenia us\u0142ug dost\u0119pnych na stronie eosc.gov.pl.<\/p>\n\n\n\n<p>U\u017cytkownik niniejszym akceptuje zasady zawarte w Polityce Prywatno\u015bci.<\/p>\n\n\n\n<p><strong>2. Dane zbierane automatycznie<\/strong><\/p>\n\n\n\n<p>Administrator nie pozyskuje danych osobowych bez zgody U\u017cytkownika. Zbierane s\u0105 wy\u0142\u0105cznie dane, kt\u00f3re nie s\u0105 personalne, takie jak informacje o korzystaniu ze strony eosc.gov.pl oraz dane demograficzne. Ten automatyczny proces zbierania danych nie pozwala na jednoznaczn\u0105 identyfikacj\u0119 U\u017cytkownika.<\/p>\n\n\n\n<p>Dane zbierane &nbsp;automatycznie mog\u0105 by\u0107 u\u017cywane przez Administratora w celu poprawy jako\u015bci \u015bwiadczonych us\u0142ug, zw\u0142aszcza w przypadku wykrycia b\u0142\u0119d\u00f3w na stronie eosc.gov.pl. W takich sytuacjach dane zbierane automatycznie obejmuj\u0105 informacje o b\u0142\u0119dach na stronie eosc.gov.pl w chwili wyst\u0105pienia b\u0142\u0119du, w tym o stanie urz\u0105dzenia mobilnego U\u017cytkownika, identyfikacji urz\u0105dzenia mobilnego U\u017cytkownika oraz fizycznej lokalizacji tego urz\u0105dzenia w chwili wyst\u0105pienia b\u0142\u0119du.<\/p>\n\n\n\n<p>Nie ma mo\u017cliwo\u015bci zmiany lub usuni\u0119cia danych zbieranych automatycznie.<\/p>\n\n\n\n<p><strong>3. Dane zbierane w celu nawi\u0105zania kontaktu<\/strong><\/p>\n\n\n\n<p>W przypadku, gdy U\u017cytkownik nawi\u0105zuje kontakt z Administratorem za pomoc\u0105 formularza &#8222;Napisz do nas&#8221; lub formularza \u201eZg\u0142o\u015b wydarzenie\u201d, wymagane s\u0105 nast\u0119puj\u0105ce dane: imi\u0119, nazwisko, nazwa instytucji oraz adres e-mail. W formularzu \u201eZg\u0142o\u015b wydarzenie\u201d dodatkowo wymagane s\u0105 nast\u0119puj\u0105ce dane: data wydarzenia, miejsce wydarzenia, nawa wydarzenia, nazwa organizatora, termin rejestracji, link do strony, a tak\u017ce informacje dotycz\u0105ce formy przeprowadzenia wydarzenia (stacjonarna, hybrydowa, online) oraz ewentualnej op\u0142aty za udzia\u0142. Przekazanie tych danych jest dobrowolne, ale stanowi podstaw\u0119 do nawi\u0105zania kontaktu zwrotnego Administratora z U\u017cytkownikiem i umo\u017cliwia Administratorowi weryfikacj\u0119 U\u017cytkownika. Dane uzyskane w celu nawi\u0105zania kontaktu b\u0119d\u0105 wykorzystywane wy\u0142\u0105cznie do umo\u017cliwienia poprawnej, efektywnej i pe\u0142nej komunikacji pomi\u0119dzy Administratorem a U\u017cytkownikiem.<\/p>\n\n\n\n<p><strong>4. Przetwarzanie danych osobowych (RODO)<\/strong><\/p>\n\n\n\n<p>Administratorem Pani\/Pana danych osobowych jest Narodowe Centrum Nauki z siedzib\u0105 w Krakowie przy ul. Twardowskiego 16, 30-312 Krak\u00f3w. Kontakt do Inspektora Ochrony Danych: iod@ncn.gov.pl. Pe\u0142na tre\u015b\u0107 klauzuli informacyjnej odno\u015bnie przetwarzania Pani\/Pana danych znajduje si\u0119 na stronie internetowej: https:\/\/www.ncn.gov.pl\/dane-osobowe<\/p>\n\n\n\n<p>Administrator zastrzega sobie prawo wprowadzenia zmian w Polityce Prywatno\u015bci, o czym poinformuje U\u017cytkownika za po\u015brednictwem strony eosc.gov.pl.<\/p>\n","protected":false},"excerpt":{"rendered":"<p>1. Postanowienia og\u00f3lne W niniejszej Polityce Prywatno\u015bci przedstawiono, w jaki spos\u00f3b s\u0105 gromadzone, przetwarzane i przechowywane dane osobowe niezb\u0119dne do \u015bwiadczenia us\u0142ug dost\u0119pnych na stronie eosc.gov.pl. U\u017cytkownik niniejszym akceptuje zasady zawarte w Polityce Prywatno\u015bci. 2. Dane zbierane automatycznie Administrator nie pozyskuje danych osobowych bez zgody U\u017cytkownika. Zbierane s\u0105 wy\u0142\u0105cznie dane, kt\u00f3re nie s\u0105 personalne, takie jak informacje o korzystaniu ze strony eosc.gov.pl oraz dane demograficzne. Ten automatyczny proces zbierania danych nie pozwala na jednoznaczn\u0105 identyfikacj\u0119 U\u017cytkownika. Dane zbierane &nbsp;automatycznie mog\u0105 by\u0107 u\u017cywane przez Administratora w celu poprawy jako\u015bci \u015bwiadczonych us\u0142ug, zw\u0142aszcza w przypadku wykrycia b\u0142\u0119d\u00f3w na stronie eosc.gov.pl. W takich sytuacjach dane zbierane automatycznie obejmuj\u0105 informacje o b\u0142\u0119dach na stronie eosc.gov.pl w chwili wyst\u0105pienia b\u0142\u0119du, w tym o stanie urz\u0105dzenia mobilnego U\u017cytkownika, identyfikacji urz\u0105dzenia mobilnego U\u017cytkownika oraz fizycznej lokalizacji tego urz\u0105dzenia w chwili wyst\u0105pienia b\u0142\u0119du. Nie ma mo\u017cliwo\u015bci zmiany lub usuni\u0119cia danych zbieranych automatycznie. 3. Dane zbierane w celu nawi\u0105zania kontaktu W przypadku, gdy U\u017cytkownik nawi\u0105zuje kontakt z Administratorem za pomoc\u0105 formularza &#8222;Napisz do nas&#8221; lub formularza \u201eZg\u0142o\u015b wydarzenie\u201d, wymagane s\u0105 nast\u0119puj\u0105ce dane: imi\u0119, nazwisko, nazwa instytucji oraz adres e-mail. W formularzu \u201eZg\u0142o\u015b wydarzenie\u201d dodatkowo wymagane s\u0105 nast\u0119puj\u0105ce dane: data wydarzenia, miejsce wydarzenia, nawa wydarzenia, nazwa organizatora, termin rejestracji, link do strony, a tak\u017ce informacje dotycz\u0105ce formy przeprowadzenia wydarzenia (stacjonarna, hybrydowa, online) oraz ewentualnej op\u0142aty za udzia\u0142. Przekazanie tych danych jest dobrowolne, ale stanowi podstaw\u0119 do nawi\u0105zania kontaktu zwrotnego Administratora z U\u017cytkownikiem i umo\u017cliwia Administratorowi weryfikacj\u0119 U\u017cytkownika. Dane uzyskane w celu nawi\u0105zania kontaktu b\u0119d\u0105 wykorzystywane wy\u0142\u0105cznie do umo\u017cliwienia poprawnej, efektywnej i pe\u0142nej komunikacji pomi\u0119dzy Administratorem a U\u017cytkownikiem. 4. Przetwarzanie danych osobowych (RODO) Administratorem Pani\/Pana danych osobowych jest Narodowe Centrum Nauki z siedzib\u0105 w Krakowie przy ul. Twardowskiego 16, 30-312 Krak\u00f3w. Kontakt do Inspektora Ochrony Danych: iod@ncn.gov.pl. Pe\u0142na tre\u015b\u0107 klauzuli informacyjnej odno\u015bnie przetwarzania Pani\/Pana danych znajduje si\u0119 na stronie internetowej: https:\/\/www.ncn.gov.pl\/dane-osobowe Administrator zastrzega sobie prawo wprowadzenia zmian w Polityce Prywatno\u015bci, o czym poinformuje U\u017cytkownika za po\u015brednictwem strony eosc.gov.pl.<\/p>\n","protected":false},"author":1,"featured_media":0,"parent":0,"menu_order":6,"comment_status":"closed","ping_status":"closed","template":"","meta":{"_acf_changed":false,"footnotes":""},"class_list":["post-922","page","type-page","status-publish","hentry"],"acf":[],"_links":{"self":[{"href":"https:\/\/dev.papercut.pl\/ncn\/wp-json\/wp\/v2\/pages\/922","targetHints":{"allow":["GET"]}}],"collection":[{"href":"https:\/\/dev.papercut.pl\/ncn\/wp-json\/wp\/v2\/pages"}],"about":[{"href":"https:\/\/dev.papercut.pl\/ncn\/wp-json\/wp\/v2\/types\/page"}],"author":[{"embeddable":true,"href":"https:\/\/dev.papercut.pl\/ncn\/wp-json\/wp\/v2\/users\/1"}],"replies":[{"embeddable":true,"href":"https:\/\/dev.papercut.pl\/ncn\/wp-json\/wp\/v2\/comments?post=922"}],"version-history":[{"count":2,"href":"https:\/\/dev.papercut.pl\/ncn\/wp-json\/wp\/v2\/pages\/922\/revisions"}],"predecessor-version":[{"id":939,"href":"https:\/\/dev.papercut.pl\/ncn\/wp-json\/wp\/v2\/pages\/922\/revisions\/939"}],"wp:attachment":[{"href":"https:\/\/dev.papercut.pl\/ncn\/wp-json\/wp\/v2\/media?parent=922"}],"curies":[{"name":"wp","href":"https:\/\/api.w.org\/{rel}","templated":true}]}}