{"id":7,"date":"2023-09-13T14:21:52","date_gmt":"2023-09-13T12:21:52","guid":{"rendered":"https:\/\/dev.papercut.pl\/ncn\/?page_id=7"},"modified":"2023-12-17T17:46:38","modified_gmt":"2023-12-17T16:46:38","slug":"eosc","status":"publish","type":"page","link":"https:\/\/dev.papercut.pl\/ncn\/eosc\/","title":{"rendered":"EOSC"},"content":{"rendered":"\n<div class=\"wp-block-columns is-style-mobile-reverse is-layout-flex wp-container-core-columns-is-layout-9d6595d7 wp-block-columns-is-layout-flex\">\n<div class=\"wp-block-column is-layout-flow wp-block-column-is-layout-flow\" style=\"flex-basis:33.33%\">\n<div class=\"wp-block-group is-style-default has-green-background-color has-background\"><div class=\"wp-block-group__inner-container is-layout-constrained wp-block-group-is-layout-constrained\">\n<h2 class=\"wp-block-heading is-style-h3 has-white-color has-text-color\"><strong>EOSC <em>Strategic Research and Innovation Agenda<\/em> (SRIA) i <em>Multiannual Roadmap <\/em>(MAR)<\/strong><\/h2>\n\n\n\n<p class=\"has-white-color has-text-color\">W marcu 2021 roku Komisja Europejska opublikowa\u0142a Strategiczny Program Bada\u0144 i Innowacji (SRIA) dla EOSC. Dokument SRIA opiera si\u0119 na wieloletnich do\u015bwiadczeniach z podejmowanych dzia\u0142a\u0144 w ramach projekt\u00f3w europejskich na rzecz EOSC, wynikach prac grup roboczych, analizach oraz wynikach otwartych konsultacji przeprowadzonych wok\u00f3\u0142 dokument\u00f3w technicznych i raport\u00f3w zwi\u0105zanych z otwartym dost\u0119pem do danych.<\/p>\n\n\n\n<p class=\"has-white-color has-text-color\">Dokument SRIA sk\u0142ada si\u0119 z dziewi\u0119ciu sekcji, spo\u015br\u00f3d kt\u00f3rych szczeg\u00f3lnie istotna cz\u0119\u015b\u0107 dotyczy zasad przewodnich (<em>Guiding Principles<\/em>) oraz obejmuje g\u0142\u00f3wne zalecenia dla EOSC w perspektywie najbli\u017cszych lat, w tym:<\/p>\n\n\n\n<ul class=\"is-style-white has-white-color has-text-color wp-block-list\">\n<li>wielostronno\u015b\u0107 i wielopodmiotowo\u015b\u0107;<\/li>\n\n\n\n<li>otwarto\u015b\u0107 zgodnie z zasad\u0105 \u201eNauka tak otwarta, jak to mo\u017cliwe i tak zamkni\u0119ta, jak to konieczne\u201d;<\/li>\n\n\n\n<li>zasady przewodnie FAIR (Findable, Accessible, Interoperable, Reusable);<\/li>\n\n\n\n<li>wytyczne dla federacji infrastruktur informatycznych wspieraj\u0105cych EOSC;<\/li>\n\n\n\n<li>kluczowe us\u0142ugi dla wsparcia tworzenia \u015brodowisk w modelu otwartej nauki.<\/li>\n<\/ul>\n\n\n\n<div class=\"wp-block-buttons is-layout-flex wp-block-buttons-is-layout-flex\">\n<div class=\"wp-block-button\"><a class=\"wp-block-button__link has-green-color has-white-background-color has-text-color has-background wp-element-button\" href=\"https:\/\/eosc.eu\/sria-mar\" target=\"_blank\" rel=\"noreferrer noopener\">Czytaj wi\u0119cej<\/a><\/div>\n<\/div>\n<\/div><\/div>\n\n\n\n<div class=\"wp-block-group is-style-bg--secondaryBorder\"><div class=\"wp-block-group__inner-container is-layout-constrained wp-block-group-is-layout-constrained\">\n<h2 class=\"wp-block-heading is-style-h3 has-raspberry-color has-text-color\"><strong>Partnerstwo EOSC<\/strong><\/h2>\n\n\n\n<p>Partnerstwo EOSC zosta\u0142o zawi\u0105zane pomi\u0119dzy Komisj\u0105 Europejsk\u0105 i Stowarzyszeniem EOSC w 2021 roku by zrealizowa\u0107 cele EOSC okre\u015blone w <em>Memorandum of Understanding<\/em> (MoU). EOSC jest partnerstwem wsp\u00f3\u0142programowanym, co oznacza, \u017ce strony zobowi\u0105zuj\u0105 si\u0119 do osi\u0105gni\u0119cia okre\u015blonych cel\u00f3w merytorycznych.<\/p>\n\n\n\n<p>Dokument okre\u015bla zadania obu stron do 2030 roku. Komisja Europejska zobowi\u0105za\u0142a si\u0119 do sfinansowania w tym okresie projekt\u00f3w o \u0142\u0105cznej warto\u015bci 490 mln EUR, a Stowarzyszenie \u2013 do wykazania wk\u0142ad\u00f3w niefinansowych (tzw. <em>in-kind contributions<\/em>) o warto\u015bci 500 mln EUR. Uwzgl\u0119dnia r\u00f3wnie\u017c podstawowe zasady raportowania tych wk\u0142ad\u00f3w (w postaci <em>Additional Activities Plan<\/em>), a tak\u017ce monitorowania wska\u017anik\u00f3w w osi\u0105ganiu cel\u00f3w EOSC (jako <em>Key Performance Identitcators<\/em>, KPI).<\/p>\n\n\n\n<div class=\"wp-block-buttons is-layout-flex wp-block-buttons-is-layout-flex\">\n<div class=\"wp-block-button\"><a class=\"wp-block-button__link has-white-color has-raspberry-background-color has-text-color has-background wp-element-button\" href=\"https:\/\/www.eosc.eu\/sites\/default\/files\/EOSC_Memorandum_30_July_2021.pdf\" target=\"_blank\" rel=\"noreferrer noopener\">Memorandum of Understanding<\/a><\/div>\n<\/div>\n\n\n\n<div class=\"wp-block-buttons is-layout-flex wp-block-buttons-is-layout-flex\">\n<div class=\"wp-block-button\"><a class=\"wp-block-button__link has-white-color has-raspberry-background-color has-text-color has-background wp-element-button\" href=\"https:\/\/eosc.eu\/monitoring-reporting\" target=\"_blank\" rel=\"noreferrer noopener\">EOSC Monitoring and Reporting<\/a><\/div>\n<\/div>\n<\/div><\/div>\n\n\n\n<h2 class=\"wp-block-heading is-style-h2 has-green-color has-text-color\">Celem EOSC jest rozw\u00f3j \u015brodowiska badawczego w Europie.<\/h2>\n<\/div>\n\n\n\n<div class=\"wp-block-column is-layout-flow wp-block-column-is-layout-flow\" style=\"flex-basis:66.66%\">\n<p><strong>O EOSC<\/strong><\/p>\n\n\n\n<p>Celem EOSC jest rozw\u00f3j \u015brodowiska badawczego w Europie, zgodnie z ide\u0105 otwartej nauki i w oparciu o rozwi\u0105zania chmurowe, w kt\u00f3rym naukowcy b\u0119d\u0105 mogli znajdowa\u0107, ponownie wykorzystywa\u0107 i udost\u0119pnia\u0107 dane, narz\u0119dzia i us\u0142ugi, i dzi\u0119ki temu \u2013 bardziej efektywnie prowadzi\u0107 badania.<\/p>\n\n\n\n<p>Pomys\u0142 narodzi\u0142 si\u0119 w&nbsp;2015&nbsp;roku jako spos\u00f3b na przyspieszenie rozwoju nauki i innowacji. Projekt EOSC zainicjowa\u0142a Komisja Europejska w celu zbudowania konkurencyjnej gospodarki opartej na wiedzy poprzez rozw\u00f3j infrastruktury zapewniaj\u0105cej otwarty dost\u0119p do danych badawczych. Obecnie w t\u0119 inicjatyw\u0119 s\u0105 zaanga\u017cowane, poza Komisj\u0105 Europejsk\u0105, rz\u0105dy pa\u0144stw cz\u0142onkowskich i stowarzyszonych UE, a tak\u017ce instytucje naukowo-badawcze. &nbsp;<\/p>\n\n\n\n<p>Dzi\u0119ki wirtualnemu \u015brodowisku EOSC dane b\u0119d\u0105 mog\u0142y by\u0107 przechowywane, udost\u0119pniane i ponownie wykorzystywane przez naukowc\u00f3w z r\u00f3\u017cnych kraj\u00f3w i reprezentuj\u0105cych r\u00f3\u017cne dziedziny naukowe, zgodnie z zasadami FAIR (<em>Findable, Accessible, Interoperable, Reusable<\/em>).<\/p>\n\n\n\n<p>Dotychczas EOSC by\u0142 wdra\u017cany w dw\u00f3ch fazach. W pierwszej fazie, obejmuj\u0105cej okres od 2018 do 2020 roku, Komisja Europejska przeprowadzi\u0142a szereg konkurs\u00f3w w ramach programu Horyzont 2020. Zainwestowano w\u00f3wczas ok. 250 mln EUR w projekty dotycz\u0105ce EOSC. W obecnej fazie (lata: 2021 do 2030) EOSC jest wdra\u017cany w ramach wsp\u00f3\u0142programowanego Partnerstwa EOSC.<\/p>\n\n\n\n<hr class=\"wp-block-separator has-text-color has-green-color has-alpha-channel-opacity has-green-background-color has-background\"\/>\n\n\n\n<p><strong>Zarz\u0105d Tr\u00f3jstronny (<em>Tripartite Governance<\/em>)<\/strong><\/p>\n\n\n\n<p>Strategiczny rozw\u00f3j EOSCa jest koordynowany przez Uni\u0119 Europejsk\u0105 reprezentowan\u0105 przez Komisj\u0119 Europejsk\u0105, rz\u0105dy pa\u0144stw cz\u0142onkowskich i stowarzyszonych UE, a tak\u017ce Stowarzyszenie EOSC (EOSC Association) \u2013 organizacj\u0119 skupiaj\u0105c\u0105 m.in. uczelnie, agencje finansuj\u0105ce badania dostawc\u00f3w us\u0142ug informatycznych. Przedstawiciele rz\u0105d\u00f3w pa\u0144stw cz\u0142onkowskich i stowarzyszonych UE wsp\u00f3\u0142pracuj\u0105 w ramach EOSC Steering Board, grupy eksperckiej Komisji Europejskiej.<\/p>\n\n\n\n<p>Wsp\u00f3\u0142praca tr\u00f3jstronna jest realizowana m.in. w ramach tzw. Tripartie Event \u2013 raz do roku odbywa si\u0119 na poziomie europejskim seria debat z udzia\u0142em przedstawicieli KE, EOSC Steering Board i Stowarzyszenia EOSC na temat strategii rozwoju EOSC, a tak\u017ce kierunk\u00f3w wsp\u00f3\u0142pracy tr\u00f3jstronnej. Podobne wydarzenia s\u0105 realizowane na poziomie krajowym, jako National Tripartite Events, w kt\u00f3rych r\u00f3wnie\u017c bior\u0105 udzia\u0142 przedstawiciele zaanga\u017cowanych stron (Komisji Europejskiej, Stowarzyszenia EOSC, przedstawicieli rz\u0105du, a tak\u017ce krajowych interesariuszy).<\/p>\n\n\n\n<hr class=\"wp-block-separator has-text-color has-green-color has-alpha-channel-opacity has-green-background-color has-background\"\/>\n\n\n\n<p><strong>Komisja Europejska<\/strong><\/p>\n\n\n\n<p>Komisja Europejska wspiera rozwijanie ekosystemu EOSC m.in. w ramach konkurs\u00f3w INFRAEOSC (<em>Enabling an operational, open and FAIR EOSC ecosystem<\/em>).<\/p>\n\n\n\n<div class=\"wp-block-buttons is-layout-flex wp-block-buttons-is-layout-flex\">\n<div class=\"wp-block-button\"><a class=\"wp-block-button__link has-white-color has-green-background-color has-text-color has-background wp-element-button\" href=\"https:\/\/dev.papercut.pl\/ncn\/konkursy\/\" target=\"_blank\" rel=\"noreferrer noopener\">Informacje o konkursach<\/a><\/div>\n<\/div>\n\n\n\n<hr class=\"wp-block-separator has-text-color has-green-color has-alpha-channel-opacity has-green-background-color has-background\"\/>\n\n\n\n<p><strong>Stowarzyszenie EOSC (EOSC Association)<\/strong><\/p>\n\n\n\n<p>W lipcu 2020 roku cztery organizacje \u2013 G\u00c9ANT, CESAER, CSIC i GARR \u2013 za\u0142o\u017cy\u0142y Stowarzyszenie EOSC. Stowarzyszenie liczy ponad 150 cz\u0142onk\u00f3w oraz 60 tzw. obserwator\u00f3w. O cz\u0142onkostwo w nim mog\u0105 aplikowa\u0107 instytucje badawcze, organizacje finansuj\u0105ce badania, dostawcy us\u0142ug IT. Misj\u0105 stowarzyszenia jest post\u0119p w otwartej nauce, inspirowanie edukacji, pobudzanie innowacji oraz promowanie dost\u0119pno\u015bci i przejrzysto\u015bci w nauce.<\/p>\n\n\n\n<p>W Stowarzyszeniu EOSC mo\u017cna uczestniczy\u0107 w trzech formach:<\/p>\n\n\n\n<ul class=\"is-style-green wp-block-list\">\n<li>jako Cz\u0142onek (<em>Member<\/em>) \u2013 uczestniczy w pracach Stowarzyszenia EOSC, ma prawo udzia\u0142u w procesie podejmowania decyzji (prawo do g\u0142osowania);<\/li>\n\n\n\n<li>jako Obserwator (<em>Observer<\/em>) \u2013 uczestniczy w pracach Stowarzyszenia EOSC bez prawa udzia\u0142u w procesie podejmowania decyzji (bez prawa do g\u0142osowania);<\/li>\n\n\n\n<li>jako krajowa Organizacja Przedstawicielska (<em>Mandated Organisation<\/em>) \u2013 mianowana przez rz\u0105d danego kraju.<\/li>\n<\/ul>\n\n\n\n<p>W ramach Stowarzyszenia dzia\u0142aj\u0105 Grupy Zadaniowe (<em>Task Forces<\/em>), kt\u00f3rych celem jest podj\u0119cie dyskusji i wypracowanie rozwi\u0105za\u0144 w poszczeg\u00f3lnych obszarach niezb\u0119dnych do wdro\u017cenia EOSC.&nbsp;&nbsp;<\/p>\n\n\n\n<div class=\"wp-block-buttons is-layout-flex wp-block-buttons-is-layout-flex\">\n<div class=\"wp-block-button\"><a class=\"wp-block-button__link has-white-color has-green-background-color has-text-color has-background wp-element-button\" href=\"https:\/\/eosc.eu\/\" target=\"_blank\" rel=\"noreferrer noopener\">Stowarzyszenie EOSC <\/a><\/div>\n\n\n\n<div class=\"wp-block-button\"><a class=\"wp-block-button__link has-white-color has-green-background-color has-text-color has-background wp-element-button\" href=\"https:\/\/dev.papercut.pl\/ncn\/siec-eosc-polska\/polscy-eksperci-w-eosc-task-forces\/\" target=\"_blank\" rel=\"noreferrer noopener\">Lista polskich przedstawicieli w EOSC Association Task Forces<\/a><\/div>\n<\/div>\n\n\n\n<hr class=\"wp-block-separator has-text-color has-green-color has-alpha-channel-opacity has-green-background-color has-background\"\/>\n\n\n\n<p><strong>EOSC Steering Board<\/strong><\/p>\n\n\n\n<p>EOSC Steering Board jest grup\u0105 eksperck\u0105 Komisji Europejskiej w zakresie EOSC. Sk\u0142ada si\u0119 z przedstawicieli rz\u0105d\u00f3w pa\u0144stw cz\u0142onkowskich i stowarzyszonych UE. Jej kluczowym zadaniem jest koordynacja dzia\u0142a\u0144 w zakresie otwartej nauki na poziomie rz\u0105d\u00f3w. Ma to zosta\u0107 zrealizowane m.in. poprzez &nbsp;utworzenie systemu monitorowania krajowych wk\u0142ad\u00f3w do EOSC, a tak\u017ce opracowanie za\u0142o\u017ce\u0144 dla odpowiednich polityk na poziomie europejskim, krajowym i instytucjonalnym w zakresie otwartej nauki.&nbsp; &nbsp;<\/p>\n\n\n\n<p>Od 2021 roku przedstawicielami Polski w EOSC SB s\u0105:<\/p>\n\n\n\n<ul class=\"is-style-green wp-block-list\">\n<li>Aneta Pazik-Aybar (Narodowe Centrum Nauki) \u2013 jako g\u0142\u00f3wny delegat<\/li>\n\n\n\n<li>Marcin Micha\u0142owski (Ministerstwo Edukacji i Nauki) \u2013 jako zast\u0119pca g\u0142\u00f3wnego delegata<\/li>\n<\/ul>\n\n\n\n<div class=\"wp-block-buttons is-layout-flex wp-block-buttons-is-layout-flex\">\n<div class=\"wp-block-button\"><a class=\"wp-block-button__link has-white-color has-green-background-color has-text-color has-background wp-element-button\" href=\"https:\/\/ec.europa.eu\/transparency\/expert-groups-register\/screen\/expert-groups\/consult?lang=en&amp;groupID=3756\" target=\"_blank\" rel=\"noreferrer noopener\">EOSC Steering Board<\/a><\/div>\n<\/div>\n<\/div>\n<\/div>\n","protected":false},"excerpt":{"rendered":"<p>EOSC Strategic Research and Innovation Agenda (SRIA) i Multiannual Roadmap (MAR) W marcu 2021 roku Komisja Europejska opublikowa\u0142a Strategiczny Program Bada\u0144 i Innowacji (SRIA) dla EOSC. Dokument SRIA opiera si\u0119 na wieloletnich do\u015bwiadczeniach z podejmowanych dzia\u0142a\u0144 w ramach projekt\u00f3w europejskich na rzecz EOSC, wynikach prac grup roboczych, analizach oraz wynikach otwartych konsultacji przeprowadzonych wok\u00f3\u0142 dokument\u00f3w technicznych i raport\u00f3w zwi\u0105zanych z otwartym dost\u0119pem do danych. Dokument SRIA sk\u0142ada si\u0119 z dziewi\u0119ciu sekcji, spo\u015br\u00f3d kt\u00f3rych szczeg\u00f3lnie istotna cz\u0119\u015b\u0107 dotyczy zasad przewodnich (Guiding Principles) oraz obejmuje g\u0142\u00f3wne zalecenia dla EOSC w perspektywie najbli\u017cszych lat, w tym: Partnerstwo EOSC Partnerstwo EOSC zosta\u0142o zawi\u0105zane pomi\u0119dzy Komisj\u0105 Europejsk\u0105 i Stowarzyszeniem EOSC w 2021 roku by zrealizowa\u0107 cele EOSC okre\u015blone w Memorandum of Understanding (MoU). EOSC jest partnerstwem wsp\u00f3\u0142programowanym, co oznacza, \u017ce strony zobowi\u0105zuj\u0105 si\u0119 do osi\u0105gni\u0119cia okre\u015blonych cel\u00f3w merytorycznych. Dokument okre\u015bla zadania obu stron do 2030 roku. Komisja Europejska zobowi\u0105za\u0142a si\u0119 do sfinansowania w tym okresie projekt\u00f3w o \u0142\u0105cznej warto\u015bci 490 mln EUR, a Stowarzyszenie \u2013 do wykazania wk\u0142ad\u00f3w niefinansowych (tzw. in-kind contributions) o warto\u015bci 500 mln EUR. Uwzgl\u0119dnia r\u00f3wnie\u017c podstawowe zasady raportowania tych wk\u0142ad\u00f3w (w postaci Additional Activities Plan), a tak\u017ce monitorowania wska\u017anik\u00f3w w osi\u0105ganiu cel\u00f3w EOSC (jako Key Performance Identitcators, KPI). Celem EOSC jest rozw\u00f3j \u015brodowiska badawczego w Europie. O EOSC Celem EOSC jest rozw\u00f3j \u015brodowiska badawczego w Europie, zgodnie z ide\u0105 otwartej nauki i w oparciu o rozwi\u0105zania chmurowe, w kt\u00f3rym naukowcy b\u0119d\u0105 mogli znajdowa\u0107, ponownie wykorzystywa\u0107 i udost\u0119pnia\u0107 dane, narz\u0119dzia i us\u0142ugi, i dzi\u0119ki temu \u2013 bardziej efektywnie prowadzi\u0107 badania. Pomys\u0142 narodzi\u0142 si\u0119 w&nbsp;2015&nbsp;roku jako spos\u00f3b na przyspieszenie rozwoju nauki i innowacji. Projekt EOSC zainicjowa\u0142a Komisja Europejska w celu zbudowania konkurencyjnej gospodarki opartej na wiedzy poprzez rozw\u00f3j infrastruktury zapewniaj\u0105cej otwarty dost\u0119p do danych badawczych. Obecnie w t\u0119 inicjatyw\u0119 s\u0105 zaanga\u017cowane, poza Komisj\u0105 Europejsk\u0105, rz\u0105dy pa\u0144stw cz\u0142onkowskich i stowarzyszonych UE, a tak\u017ce instytucje naukowo-badawcze. &nbsp; Dzi\u0119ki wirtualnemu \u015brodowisku EOSC dane b\u0119d\u0105 mog\u0142y by\u0107 przechowywane, udost\u0119pniane i ponownie wykorzystywane przez naukowc\u00f3w z r\u00f3\u017cnych kraj\u00f3w i reprezentuj\u0105cych r\u00f3\u017cne dziedziny naukowe, zgodnie z zasadami FAIR (Findable, Accessible, Interoperable, Reusable). Dotychczas EOSC by\u0142 wdra\u017cany w dw\u00f3ch fazach. W pierwszej fazie, obejmuj\u0105cej okres od 2018 do 2020 roku, Komisja Europejska przeprowadzi\u0142a szereg konkurs\u00f3w w ramach programu Horyzont 2020. Zainwestowano w\u00f3wczas ok. 250 mln EUR w projekty dotycz\u0105ce EOSC. W obecnej fazie (lata: 2021 do 2030) EOSC jest wdra\u017cany w ramach wsp\u00f3\u0142programowanego Partnerstwa EOSC. Zarz\u0105d Tr\u00f3jstronny (Tripartite Governance) Strategiczny rozw\u00f3j EOSCa jest koordynowany przez Uni\u0119 Europejsk\u0105 reprezentowan\u0105 przez Komisj\u0119 Europejsk\u0105, rz\u0105dy pa\u0144stw cz\u0142onkowskich i stowarzyszonych UE, a tak\u017ce Stowarzyszenie EOSC (EOSC Association) \u2013 organizacj\u0119 skupiaj\u0105c\u0105 m.in. uczelnie, agencje finansuj\u0105ce badania dostawc\u00f3w us\u0142ug informatycznych. Przedstawiciele rz\u0105d\u00f3w pa\u0144stw cz\u0142onkowskich i stowarzyszonych UE wsp\u00f3\u0142pracuj\u0105 w ramach EOSC Steering Board, grupy eksperckiej Komisji Europejskiej. Wsp\u00f3\u0142praca tr\u00f3jstronna jest realizowana m.in. w ramach tzw. Tripartie Event \u2013 raz do roku odbywa si\u0119 na poziomie europejskim seria debat z udzia\u0142em przedstawicieli KE, EOSC Steering Board i Stowarzyszenia EOSC na temat strategii rozwoju EOSC, a tak\u017ce kierunk\u00f3w wsp\u00f3\u0142pracy tr\u00f3jstronnej. Podobne wydarzenia s\u0105 realizowane na poziomie krajowym, jako National Tripartite Events, w kt\u00f3rych r\u00f3wnie\u017c bior\u0105 udzia\u0142 przedstawiciele zaanga\u017cowanych stron (Komisji Europejskiej, Stowarzyszenia EOSC, przedstawicieli rz\u0105du, a tak\u017ce krajowych interesariuszy). Komisja Europejska Komisja Europejska wspiera rozwijanie ekosystemu EOSC m.in. w ramach konkurs\u00f3w INFRAEOSC (Enabling an operational, open and FAIR EOSC ecosystem). Stowarzyszenie EOSC (EOSC Association) W lipcu 2020 roku cztery organizacje \u2013 G\u00c9ANT, CESAER, CSIC i GARR \u2013 za\u0142o\u017cy\u0142y Stowarzyszenie EOSC. Stowarzyszenie liczy ponad 150 cz\u0142onk\u00f3w oraz 60 tzw. obserwator\u00f3w. O cz\u0142onkostwo w nim mog\u0105 aplikowa\u0107 instytucje badawcze, organizacje finansuj\u0105ce badania, dostawcy us\u0142ug IT. Misj\u0105 stowarzyszenia jest post\u0119p w otwartej nauce, inspirowanie edukacji, pobudzanie innowacji oraz promowanie dost\u0119pno\u015bci i przejrzysto\u015bci w nauce. W Stowarzyszeniu EOSC mo\u017cna uczestniczy\u0107 w trzech formach: W ramach Stowarzyszenia dzia\u0142aj\u0105 Grupy Zadaniowe (Task Forces), kt\u00f3rych celem jest podj\u0119cie dyskusji i wypracowanie rozwi\u0105za\u0144 w poszczeg\u00f3lnych obszarach niezb\u0119dnych do wdro\u017cenia EOSC.&nbsp;&nbsp; EOSC Steering Board EOSC Steering Board jest grup\u0105 eksperck\u0105 Komisji Europejskiej w zakresie EOSC. Sk\u0142ada si\u0119 z przedstawicieli rz\u0105d\u00f3w pa\u0144stw cz\u0142onkowskich i stowarzyszonych UE. Jej kluczowym zadaniem jest koordynacja dzia\u0142a\u0144 w zakresie otwartej nauki na poziomie rz\u0105d\u00f3w. Ma to zosta\u0107 zrealizowane m.in. poprzez &nbsp;utworzenie systemu monitorowania krajowych wk\u0142ad\u00f3w do EOSC, a tak\u017ce opracowanie za\u0142o\u017ce\u0144 dla odpowiednich polityk na poziomie europejskim, krajowym i instytucjonalnym w zakresie otwartej nauki.&nbsp; &nbsp; Od 2021 roku przedstawicielami Polski w EOSC SB s\u0105:<\/p>\n","protected":false},"author":1,"featured_media":0,"parent":0,"menu_order":10,"comment_status":"closed","ping_status":"closed","template":"","meta":{"_acf_changed":false,"footnotes":""},"class_list":["post-7","page","type-page","status-publish","hentry"],"acf":[],"_links":{"self":[{"href":"https:\/\/dev.papercut.pl\/ncn\/wp-json\/wp\/v2\/pages\/7","targetHints":{"allow":["GET"]}}],"collection":[{"href":"https:\/\/dev.papercut.pl\/ncn\/wp-json\/wp\/v2\/pages"}],"about":[{"href":"https:\/\/dev.papercut.pl\/ncn\/wp-json\/wp\/v2\/types\/page"}],"author":[{"embeddable":true,"href":"https:\/\/dev.papercut.pl\/ncn\/wp-json\/wp\/v2\/users\/1"}],"replies":[{"embeddable":true,"href":"https:\/\/dev.papercut.pl\/ncn\/wp-json\/wp\/v2\/comments?post=7"}],"version-history":[{"count":81,"href":"https:\/\/dev.papercut.pl\/ncn\/wp-json\/wp\/v2\/pages\/7\/revisions"}],"predecessor-version":[{"id":952,"href":"https:\/\/dev.papercut.pl\/ncn\/wp-json\/wp\/v2\/pages\/7\/revisions\/952"}],"wp:attachment":[{"href":"https:\/\/dev.papercut.pl\/ncn\/wp-json\/wp\/v2\/media?parent=7"}],"curies":[{"name":"wp","href":"https:\/\/api.w.org\/{rel}","templated":true}]}}