{"id":30,"date":"2023-09-13T14:25:09","date_gmt":"2023-09-13T12:25:09","guid":{"rendered":"https:\/\/dev.papercut.pl\/ncn\/?page_id=30"},"modified":"2023-12-17T16:32:45","modified_gmt":"2023-12-17T15:32:45","slug":"projekty-infraeosc","status":"publish","type":"page","link":"https:\/\/dev.papercut.pl\/ncn\/siec-eosc-polska\/projekty-infraeosc\/","title":{"rendered":"Projekty infraEOSC"},"content":{"rendered":"\n<div class=\"wp-block-columns is-layout-flex wp-container-core-columns-is-layout-9d6595d7 wp-block-columns-is-layout-flex\">\n<div class=\"wp-block-column is-layout-flow wp-block-column-is-layout-flow\" style=\"flex-basis:33.33%\">\n<h2 class=\"wp-block-heading has-green-color has-text-color\">Skills4EOSC<\/h2>\n<\/div>\n\n\n\n<div class=\"wp-block-column is-layout-flow wp-block-column-is-layout-flow\" style=\"flex-basis:66.66%\">\n<p><strong>Pe\u0142na nazwa projektu<\/strong>:<strong>&nbsp;<\/strong>Tworzenie ekosystemu szkoleniowego dla nauki otwartej i zgodnej z zasadami FAIR <strong>Akronim projektu:<\/strong> Skills4EOSC <strong>Numer projektu:&nbsp;<\/strong>101058527 <strong>Okres realizacji projektu: <\/strong>01.09.2022-31.08.2025 <strong>Lider projektu: <\/strong>CONSORTIUM GARR <strong>Kontakt:<\/strong> Raimundas Tuminauskas, raimis@man.poznan.pl, 61 858 2129 <strong>Rola polskiego podmiotu: <\/strong>partner<\/p>\n\n\n\n<p><strong>Polscy partnerzy: <\/strong><\/p>\n\n\n\n<p>Pozna\u0144skie Centrum Superkomputerowo\u2011Sieciowe afiliowane przy Instytucie Chemii Bioorganicznej Polskiej Akademii Nauk<\/p>\n\n\n\n<h3 class=\"wp-block-heading\">Cele projektu<\/h3>\n\n\n\n<p>Celami projektu Skills4EOSC s\u0105:<\/p>\n\n\n\n<ol class=\"is-style-green wp-block-list\">\n<li>Mapowanie profili kariery zwi\u0105zanych z otwart\u0105 nauk\u0105 oraz definicja minimalnego zbioru umiej\u0119tno\u015bci (\u201eMinimum Viable Skillset\u201d (MVS)) dla ka\u017cdego profilu przez wsp\u00f3lne tworzenie; stworzenie wsp\u00f3lnego modelu ramowego dla uznania umiej\u0119tno\u015bci otwartej nauki uzyskanych przez student\u00f3w uniwersytet\u00f3w, wyk\u0142adowc\u00f3w, oraz nowych profesjona\u0142\u00f3w podczas \u015bcie\u017cki akademicznej albo procesu kszta\u0142cenia ustawicznego.<\/li>\n\n\n\n<li>Definicja metodologii oraz procesu zapewnienia jako\u015bci dla materia\u0142\u00f3w szkoleniowych otwartej nauki, zarz\u0105dzania ich cyklem \u017cycia takim obrazem powi\u0119kszaj\u0105c mo\u017cliwo\u015bci powt\u00f3rnego u\u017cycia.<\/li>\n\n\n\n<li>Propozycja szkole\u0144 na temat otwartej nauki oraz u\u017cywania danych w procesach polityki opartej na ewidencje dla urz\u0119dnik\u00f3w i decydent\u00f3w, wzmacniaj\u0105c o\u015brodki kompetencji, naukowc\u00f3w oraz \u201eszczerych po\u015brednik\u00f3w\u201d (\u201ehonest brokers\u201d) przez udost\u0119pnienie zasob\u00f3w dla wykonania szkole\u0144.<\/li>\n\n\n\n<li>Definicja podstaw otwartej nauki oraz nauki wymagaj\u0105cej du\u017cej ilo\u015bci danych dla uwzgl\u0119dnienia w procesie wyksztalcenia r\u00f3\u017cnych stopni jako umiej\u0119tno\u015bci kluczowe niezb\u0119dne dla ka\u017cdego uczestnika procesu naukowego<\/li>\n\n\n\n<li>Projektowanie i implementacja modelu wsp\u00f3\u0142pracy mi\u0119dzy krajowymi i regionalnymi o\u015brodkami kompetencji oraz mi\u0119dzynarodowymi infrastrukturami oraz \u015brodowiskami naukowymi dla wprowadzenia wyspecjalizowanych kompetencji otwartej nauki.<\/li>\n\n\n\n<li>Wsparcie proces\u00f3w kszta\u0142cenia ustawicznego przez sieci profesjona\u0142\u00f3w jako \u015brodowisko umo\u017cliwiaj\u0105ce dyskusje, wsp\u00f3lne tworzenie, oraz wymian\u0119 dobrych praktyk mi\u0119dzy specjalistami otwartej nauki oraz naukowcami.<\/li>\n\n\n\n<li>Koordynacja krajowych, regionalnych i dziedzinowych o\u015brodk\u00f3w kompetencji (Competence Center) otwartej nauki oraz EOSC w Europie korzystaj\u0105c z takich sieci dla szeroko obejmuj\u0105cej sieci wsparcia u\u017cytkownik\u00f3w oraz \u015brodowiska harmonicznego pozyskania umiej\u0119tno\u015bci.<\/li>\n\n\n\n<li>Utworzenie i implementacja strategii wsp\u00f3\u0142pracy z stronami zainteresowanymi z cel\u0105 wsp\u00f3lnego tworzenia i promocji wynik\u00f3w projektu, tworzenia relacji partnerskich dla wdro\u017cenia wynik\u00f3w projektu w jak najszerszym gronie.<\/li>\n\n\n\n<li>Ustanowienie synergii z kluczowymi aktorami w Pa\u0144stwach cz\u0142onkowskich i w \u015brodowisku EOSC, oraz z programami wyksztalcenia na poziomie krajowych, regionalnym i og\u00f3lnoeuropejskim dla maksymalizacji wp\u0142ywu dzia\u0142alno\u015bci oraz wynik\u00f3w projektu uk\u0142adaj\u0105c drog\u0119 dla trwa\u0142o\u015bci d\u0142ugoterminowej.<\/li>\n<\/ol>\n\n\n\n<h3 class=\"wp-block-heading\">Zadania polskiego partnera<\/h3>\n\n\n\n<p>Polski partner odpowiedzialny za:<\/p>\n\n\n\n<ol class=\"is-style-green wp-block-list\">\n<li>Ustalenie relacji z o\u015brodkami kompetencji oraz przedstawicielami \u015brodowiska otwartej nauki w kraju, z innymi stronami zainteresowanymi, przedstawicielami rz\u0105du, decydentami.<\/li>\n\n\n\n<li>Dostarczenie infrastruktury i us\u0142ug niezb\u0119dnych dla realizacji podstawowych funkcji o\u015brodk\u00f3w kompetencji.<\/li>\n\n\n\n<li>Koordynacj\u0119 zadania ustalenia synergii z programami wspieraj\u0105cymi otwart\u0105 nauk\u0119 na poziomie krajowym, regionalnym oraz og\u00f3lnoeuropejskim.<\/li>\n\n\n\n<li>Koordynacj\u0119 zadania projektowania i realizacji spr\u0119\u017ceni zwrotnej w procesie tworzenia tre\u015bci minimalnych umiej\u0119tno\u015bci dla grup potencjalnych profili, oraz metodyki \u201eFAIR-by-design\u201d dostosowanej do materia\u0142\u00f3w szkoleniowych.<\/li>\n\n\n\n<li>Koordynacj\u0119 zadania maj\u0105cego na celi formu\u0142owanie rekomendacji trwa\u0142o\u015bci dzia\u0142a\u0144 sieci o\u015brodk\u00f3w kompetencji poza terminem projektu.<\/li>\n<\/ol>\n\n\n\n<div class=\"wp-block-buttons is-layout-flex wp-block-buttons-is-layout-flex\">\n<div class=\"wp-block-button\"><a class=\"wp-block-button__link has-green-color has-white-background-color has-text-color has-background wp-element-button\" href=\"http:\/\/skills4eosc.eu\" target=\"_blank\" rel=\"noreferrer noopener\">Link do strony<\/a><\/div>\n<\/div>\n<\/div>\n<\/div>\n\n\n\n<hr class=\"wp-block-separator has-text-color has-green-color has-alpha-channel-opacity has-green-background-color has-background\"\/>\n\n\n\n<div class=\"wp-block-columns is-layout-flex wp-container-core-columns-is-layout-9d6595d7 wp-block-columns-is-layout-flex\">\n<div class=\"wp-block-column is-layout-flow wp-block-column-is-layout-flow\" style=\"flex-basis:33.33%\">\n<h2 class=\"wp-block-heading is-style-h2 has-green-color has-text-color\">AI4EOSC<\/h2>\n<\/div>\n\n\n\n<div class=\"wp-block-column is-layout-flow wp-block-column-is-layout-flow\" style=\"flex-basis:66.66%\">\n<p><strong>Pe\u0142na nazwa projektu: <\/strong>Artificial Intelligence for the European Open Science Cloud &#8211; Sztuczna iinteligencja dla europejskiej chmury otwartej nauki<strong> Akronim projektu<\/strong>:<strong>&nbsp;<\/strong>AI4EOSC <strong>Numer projektu:&nbsp;<\/strong>101058593 <strong>Okres realizacji projektu: <\/strong>09.01.2022-31.08.2025 <strong>Lider projektu: <\/strong>AGENCIA ESTATAL CONSEJO SUPERIOR DE INVESTIGACIONES CIENTIFICAS &#8211; CSIC <strong>Kontakt:<\/strong> Marcin Plociennik, marcinp@man.poznan.pl, +48 618 582 181 <strong>Rola polskiego podmiotu: <\/strong>koordynator zadania<\/p>\n\n\n\n<p><strong>Polscy partnerzy:<\/strong><\/p>\n\n\n\n<ul class=\"is-style-green wp-block-list\">\n<li>Pozna\u0144skie Centrum Superkomputerowo\u2011Sieciowe afiliowane przy Instytucie Chemii Bioorganicznej Polskiej Akademii Nauk<\/li>\n\n\n\n<li>Wielkopolski O\u015brodek Doradztwa Rolniczego w Poznaniu<\/li>\n<\/ul>\n\n\n\n<h3 class=\"wp-block-heading\">Cele projektu<\/h3>\n\n\n\n<p>Projekt AI4EOSC (sztuczna inteligencja dla europejskiej chmury otwartej nauki) dostarczy ulepszony zestaw zaawansowanych us\u0142ug do opracowywania modeli i aplikacji sztucznej inteligencji (AI), uczenia maszynowego (ML) i g\u0142\u0119bokiego uczenia si\u0119 (DL) w europejskiej chmurze otwartej nauki ( EOSC). Us\u0142ugi te s\u0105 po\u0142\u0105czone w kompleksow\u0105 platform\u0119 zapewniaj\u0105c\u0105 zaawansowane funkcje, takie jak nauczanie rozproszone I sfederowane ; us\u0142ugi zwi\u0105zane z metadanymi dotycz\u0105ce pochodzenia dla modeli AI\/ML\/DL; us\u0142ugi przetwarzania danych sterowane zdarzeniami lub \u015bwiadczenie us\u0142ug AI\/ML\/DL w oparciu o przetwarzanie bezserwerowe. Aby zapewni\u0107 t\u0119 wyspecjalizowan\u0105 platform\u0119 obliczeniow\u0105, projekt opiera si\u0119 na wynikach projektu DEEP-Hybrid-DataCloud oraz platformie obliczeniowej i us\u0142ugach EOSC. Ponadto AI4EOSC oferuje komponenty dostosowywania w celu zapewnienia szytych na miar\u0119 wdro\u017ce\u0144 platformy, dostosowuj\u0105c si\u0119 do zmieniaj\u0105cych si\u0119 potrzeb u\u017cytkownik\u00f3w. G\u0142\u00f3wnymi rezultatami projektu AI4EOSC b\u0119d\u0105: nowe us\u0142ugi dla naukowc\u00f3w w zakresie wykorzystania AI; wymierny wzrost liczby zaawansowanych, konfigurowalnych us\u0142ug wysokiego poziomu dost\u0119pnych za po\u015brednictwem platformy Portal EOSC; nowy kana\u0142 wspieraj\u0105cy budowanie spo\u0142eczno\u015bci praktyk\u00f3w EOSC w zakresie sztucznej inteligencji i uczenia maszynowego.<\/p>\n\n\n\n<h3 class=\"wp-block-heading\">Zadania polskiego partnera<\/h3>\n\n\n\n<p>PCSS jest szczeg\u00f3lnie aktywny w obszarze zastosowa\u0144 technologii w rolnictwie, \u015bwiadcz\u0105c us\u0142ugi dla administracji publicznej, organ\u00f3w rz\u0105dowych i rolnik\u00f3w. Jako partner przypadku u\u017cycia \u201eScenariusz zintegrowanej ochrony ro\u015blin\u201d wraz z Wielkopolskim Centrum Doradztwa Rolniczego opracowuj\u0105 rozwi\u0105zanie oparte na sztucznej inteligencji do rozpoznawania chor\u00f3b ro\u015blin i zintegruj\u0105 wyniki, w ramach eksploatacji, z krajow\u0105 platform\u0105 doradcz\u0105 oraz zaoferuj\u0105 dane r\u00f3wnie\u017c do innych system\u00f3w. PCSS odpowiada za pakiet roboczy dotycz\u0105cy wsp\u00f3\u0142pracy projektu z innymi inicjatywami i propagacji wynik\u00f3w projektu, b\u0119d\u0105c jednym z g\u0142\u00f3wnych partner\u00f3w \u0142\u0105cznikowych z innymi inicjatywami i sektorem prywatnym. PCSS odpowiada tak\u017ce za dzia\u0142alno\u015b\u0107 szkoleniow\u0105 w projekcie.<\/p>\n\n\n\n<div class=\"wp-block-buttons is-layout-flex wp-block-buttons-is-layout-flex\">\n<div class=\"wp-block-button\"><a class=\"wp-block-button__link has-green-color has-white-background-color has-text-color has-background wp-element-button\" href=\"https:\/\/ai4eosc.eu\/\" target=\"_blank\" rel=\"noreferrer noopener\">Link do strony<\/a><\/div>\n<\/div>\n<\/div>\n<\/div>\n\n\n\n<hr class=\"wp-block-separator has-text-color has-green-color has-alpha-channel-opacity has-green-background-color has-background\"\/>\n\n\n\n<div class=\"wp-block-columns is-layout-flex wp-container-core-columns-is-layout-9d6595d7 wp-block-columns-is-layout-flex\">\n<div class=\"wp-block-column is-layout-flow wp-block-column-is-layout-flow\" style=\"flex-basis:33.33%\">\n<h2 class=\"wp-block-heading is-style-h2 has-green-color has-text-color has-link-color wp-elements-8f70a89885a2ead14ceb70cc180a7e31\">EOSC Focus<\/h2>\n<\/div>\n\n\n\n<div class=\"wp-block-column is-layout-flow wp-block-column-is-layout-flow\" style=\"flex-basis:66.66%\">\n<p><strong>Pe\u0142na nazwa projektu: <\/strong>EOSC Focus (Focusing on Open, Collaboration and Useful Science)<strong> Akronim projektu<\/strong>:<strong>\u00a0<\/strong>EOSC Focus <strong>Numer projektu:\u00a0<\/strong>101058527 <strong>Okres realizacji projektu: <\/strong>01.06.2022-31.05.2025 <strong>Lider projektu: <\/strong>EUROPEAN OPEN SCIENCE CLOUD ASSOCIATION AISBL (EOSCAssociation) <strong>Kontakt:<\/strong> Aneta Pazik-Aybar, aneta.pazik@ncn.gov.pl <strong>Rola polskiego podmiotu: <\/strong>partner<\/p>\n\n\n\n<p><strong>Polscy partnerzy:<\/strong><\/p>\n\n\n\n<p>Narodowe Centrum Nauki<\/p>\n\n\n\n<h3 class=\"wp-block-heading\">Cele projektu<\/h3>\n\n\n\n<p>Cele projektu EOSC Focus (Focusing on Open, Collaboration and Useful Science) to:<\/p>\n\n\n\n<ul class=\"is-style-green wp-block-list\">\n<li>Zapewnienie efektywnego Forum dla interesariuszy<\/li>\n\n\n\n<li>Utrwalenie i wzmacnianie istniej\u0105cych ram monitorowania<\/li>\n\n\n\n<li>Identyfikacja potrzeb w zakresie strategicznych zmian w kontek\u015bcie przysz\u0142ych rewizji SRIA<\/li>\n\n\n\n<li>Opracowywanie i testowanie modeli pozyskiwania zasob\u00f3w dla zr\u00f3wnowa\u017conego rozwoju EOSC<\/li>\n\n\n\n<li>Wdro\u017cenie zasad uczestnictwa w EOSC (ang. <em>Rules of Participation<\/em>, RoP)<\/li>\n\n\n\n<li>Wsp\u00f3\u0142praca z projektami EOSC, innymi partnerstwami i mi\u0119dzynarodowymi inicjatywami<\/li>\n\n\n\n<li>Plan zarz\u0105dzania jako\u015bci\u0105 i ryzykiem projektu (ang. <em>Project Quality and Risk Management Plan<\/em>)<\/li>\n\n\n\n<li>Plan Zarz\u0105dzania Danymi (ang. <em>Data Management Plan<\/em>)<\/li>\n\n\n\n<li>Wyb\u00f3r wska\u017anik\u00f3w KPI (<em>Key Performance Indicators<\/em>), kt\u00f3re b\u0119d\u0105 raportowane przez projekty w ramach programu Horyzont Europa<\/li>\n\n\n\n<li>Raport roczny opublikowany przez Stowarzyszenie EOSC i weryfikacja ram monitorowania (pierwsze wydanie)<\/li>\n\n\n\n<li>Plan Technicznej Wsp\u00f3\u0142pracy z innymi Partnerstwami Europejskimi i istotnymi inicjatywami<\/li>\n\n\n\n<li>Modele pozyskiwania zasob\u00f3w<\/li>\n\n\n\n<li>Raport w formie p\u00f3\u0142rocznego przegl\u0105du dotycz\u0105cego technicznych dzia\u0142a\u0144 EOSC zgodnie z ETCC<\/li>\n\n\n\n<li>Raport roczny opublikowany przez Stowarzyszenie EOSC i weryfikacja ram monitorowania (drugie wydanie)<\/li>\n\n\n\n<li>Raport roczny opublikowany przez Stowarzyszenie EOSC i weryfikacja ram monitorowania (trzecie wydanie)<\/li>\n\n\n\n<li>Raport dotycz\u0105cy technicznej wsp\u00f3\u0142pracy z innymi Partnerstwami Europejskimi i powi\u0105zanymi z nimi inicjatywami<\/li>\n\n\n\n<li>Aktualizacja Strategicznego Programu Bada\u0144 i Innowacji (SRIA)<\/li>\n\n\n\n<li>Analiza obecnej sytuacji pod k\u0105tem zr\u00f3wnowa\u017conego rozwoju oraz plany\/kwestie dotycz\u0105ce przysz\u0142ych dzia\u0142a\u0144<\/li>\n\n\n\n<li>Analiza i ocena dzia\u0142a\u0144 podejmowanych w ramach zaanga\u017cowania interesariuszy<\/li>\n<\/ul>\n\n\n\n<h3 class=\"wp-block-heading\">Zadania polskiego partnera<\/h3>\n\n\n\n<p>Projekt EOSC Focus sk\u0142ada si\u0119 z sze\u015bciu tzw. Work Packages: <em>WP1: Project Coordination; WP2: Stakeholder Engagement and Management; WP3: SRIA Update and Technical Development; WP4: Monitoring and Impact Assessment, WP5: Sustainability of EOSC, and WP6: Communication, Dissemination &amp; Stakeholder Forum<\/em>.<\/p>\n\n\n\n<p>Narodowe Centrum Nauki jest odpowiedzialne za koordynacj\u0119 pakietu WP4: <em>Monitoring and Impact Assessment<\/em>. Celem WP4 jest wspieranie Partnerstwa EOSC w realizacji jego zobowi\u0105za\u0144, zdefiniowanych w <em>Memorandum of Understanding<\/em>, oraz w monitorowaniu rozwoju ekosystemu EOSC dla wsp\u00f3\u0142programowanych Partnerstw Europejskich. Dodatkowo NCN uczestniczy w pracach WP2 poprzez zaanga\u017cowanie w zadaniu <em>Task 2.2: Engaging Organizations and Supporting the EOSC-Partnership Regional Relations<\/em>. <em>Task 2.2<\/em> obejmuje dzia\u0142ania maj\u0105ce na celu nawi\u0105zanie kontaktu z organizacjami regionalnymi (np. organizacje prowadz\u0105ce badania naukowe, infrastruktury badawcze, instytucje szkolnictwa wy\u017cszego), zbieranie informacji, np. z raport\u00f3w krajowych, a tak\u017ce prowadzenie dzia\u0142a\u0144 podejmowanych w ramach zaanga\u017cowania interesariuszy.<\/p>\n\n\n\n<div class=\"wp-block-buttons is-layout-flex wp-block-buttons-is-layout-flex\">\n<div class=\"wp-block-button\"><a class=\"wp-block-button__link has-green-color has-white-background-color has-text-color has-background wp-element-button\" href=\"https:\/\/eosc.eu\/eosc-focus-project\/\" target=\"_blank\" rel=\"noreferrer noopener\">Link do strony<\/a><\/div>\n<\/div>\n<\/div>\n<\/div>\n","protected":false},"excerpt":{"rendered":"<p>Skills4EOSC Pe\u0142na nazwa projektu:&nbsp;Tworzenie ekosystemu szkoleniowego dla nauki otwartej i zgodnej z zasadami FAIR Akronim projektu: Skills4EOSC Numer projektu:&nbsp;101058527 Okres realizacji projektu: 01.09.2022-31.08.2025 Lider projektu: CONSORTIUM GARR Kontakt: Raimundas Tuminauskas, raimis@man.poznan.pl, 61 858 2129 Rola polskiego podmiotu: partner Polscy partnerzy: Pozna\u0144skie Centrum Superkomputerowo\u2011Sieciowe afiliowane przy Instytucie Chemii Bioorganicznej Polskiej Akademii Nauk Cele projektu Celami projektu Skills4EOSC s\u0105: Zadania polskiego partnera Polski partner odpowiedzialny za: AI4EOSC Pe\u0142na nazwa projektu: Artificial Intelligence for the European Open Science Cloud &#8211; Sztuczna iinteligencja dla europejskiej chmury otwartej nauki Akronim projektu:&nbsp;AI4EOSC Numer projektu:&nbsp;101058593 Okres realizacji projektu: 09.01.2022-31.08.2025 Lider projektu: AGENCIA ESTATAL CONSEJO SUPERIOR DE INVESTIGACIONES CIENTIFICAS &#8211; CSIC Kontakt: Marcin Plociennik, marcinp@man.poznan.pl, +48 618 582 181 Rola polskiego podmiotu: koordynator zadania Polscy partnerzy: Cele projektu Projekt AI4EOSC (sztuczna inteligencja dla europejskiej chmury otwartej nauki) dostarczy ulepszony zestaw zaawansowanych us\u0142ug do opracowywania modeli i aplikacji sztucznej inteligencji (AI), uczenia maszynowego (ML) i g\u0142\u0119bokiego uczenia si\u0119 (DL) w europejskiej chmurze otwartej nauki ( EOSC). Us\u0142ugi te s\u0105 po\u0142\u0105czone w kompleksow\u0105 platform\u0119 zapewniaj\u0105c\u0105 zaawansowane funkcje, takie jak nauczanie rozproszone I sfederowane ; us\u0142ugi zwi\u0105zane z metadanymi dotycz\u0105ce pochodzenia dla modeli AI\/ML\/DL; us\u0142ugi przetwarzania danych sterowane zdarzeniami lub \u015bwiadczenie us\u0142ug AI\/ML\/DL w oparciu o przetwarzanie bezserwerowe. Aby zapewni\u0107 t\u0119 wyspecjalizowan\u0105 platform\u0119 obliczeniow\u0105, projekt opiera si\u0119 na wynikach projektu DEEP-Hybrid-DataCloud oraz platformie obliczeniowej i us\u0142ugach EOSC. Ponadto AI4EOSC oferuje komponenty dostosowywania w celu zapewnienia szytych na miar\u0119 wdro\u017ce\u0144 platformy, dostosowuj\u0105c si\u0119 do zmieniaj\u0105cych si\u0119 potrzeb u\u017cytkownik\u00f3w. G\u0142\u00f3wnymi rezultatami projektu AI4EOSC b\u0119d\u0105: nowe us\u0142ugi dla naukowc\u00f3w w zakresie wykorzystania AI; wymierny wzrost liczby zaawansowanych, konfigurowalnych us\u0142ug wysokiego poziomu dost\u0119pnych za po\u015brednictwem platformy Portal EOSC; nowy kana\u0142 wspieraj\u0105cy budowanie spo\u0142eczno\u015bci praktyk\u00f3w EOSC w zakresie sztucznej inteligencji i uczenia maszynowego. Zadania polskiego partnera PCSS jest szczeg\u00f3lnie aktywny w obszarze zastosowa\u0144 technologii w rolnictwie, \u015bwiadcz\u0105c us\u0142ugi dla administracji publicznej, organ\u00f3w rz\u0105dowych i rolnik\u00f3w. Jako partner przypadku u\u017cycia \u201eScenariusz zintegrowanej ochrony ro\u015blin\u201d wraz z Wielkopolskim Centrum Doradztwa Rolniczego opracowuj\u0105 rozwi\u0105zanie oparte na sztucznej inteligencji do rozpoznawania chor\u00f3b ro\u015blin i zintegruj\u0105 wyniki, w ramach eksploatacji, z krajow\u0105 platform\u0105 doradcz\u0105 oraz zaoferuj\u0105 dane r\u00f3wnie\u017c do innych system\u00f3w. PCSS odpowiada za pakiet roboczy dotycz\u0105cy wsp\u00f3\u0142pracy projektu z innymi inicjatywami i propagacji wynik\u00f3w projektu, b\u0119d\u0105c jednym z g\u0142\u00f3wnych partner\u00f3w \u0142\u0105cznikowych z innymi inicjatywami i sektorem prywatnym. PCSS odpowiada tak\u017ce za dzia\u0142alno\u015b\u0107 szkoleniow\u0105 w projekcie. EOSC Focus Pe\u0142na nazwa projektu: EOSC Focus (Focusing on Open, Collaboration and Useful Science) Akronim projektu:\u00a0EOSC Focus Numer projektu:\u00a0101058527 Okres realizacji projektu: 01.06.2022-31.05.2025 Lider projektu: EUROPEAN OPEN SCIENCE CLOUD ASSOCIATION AISBL (EOSCAssociation) Kontakt: Aneta Pazik-Aybar, aneta.pazik@ncn.gov.pl Rola polskiego podmiotu: partner Polscy partnerzy: Narodowe Centrum Nauki Cele projektu Cele projektu EOSC Focus (Focusing on Open, Collaboration and Useful Science) to: Zadania polskiego partnera Projekt EOSC Focus sk\u0142ada si\u0119 z sze\u015bciu tzw. Work Packages: WP1: Project Coordination; WP2: Stakeholder Engagement and Management; WP3: SRIA Update and Technical Development; WP4: Monitoring and Impact Assessment, WP5: Sustainability of EOSC, and WP6: Communication, Dissemination &amp; Stakeholder Forum. Narodowe Centrum Nauki jest odpowiedzialne za koordynacj\u0119 pakietu WP4: Monitoring and Impact Assessment. Celem WP4 jest wspieranie Partnerstwa EOSC w realizacji jego zobowi\u0105za\u0144, zdefiniowanych w Memorandum of Understanding, oraz w monitorowaniu rozwoju ekosystemu EOSC dla wsp\u00f3\u0142programowanych Partnerstw Europejskich. Dodatkowo NCN uczestniczy w pracach WP2 poprzez zaanga\u017cowanie w zadaniu Task 2.2: Engaging Organizations and Supporting the EOSC-Partnership Regional Relations. Task 2.2 obejmuje dzia\u0142ania maj\u0105ce na celu nawi\u0105zanie kontaktu z organizacjami regionalnymi (np. organizacje prowadz\u0105ce badania naukowe, infrastruktury badawcze, instytucje szkolnictwa wy\u017cszego), zbieranie informacji, np. z raport\u00f3w krajowych, a tak\u017ce prowadzenie dzia\u0142a\u0144 podejmowanych w ramach zaanga\u017cowania interesariuszy.<\/p>\n","protected":false},"author":1,"featured_media":0,"parent":28,"menu_order":13,"comment_status":"closed","ping_status":"closed","template":"","meta":{"_acf_changed":false,"footnotes":""},"class_list":["post-30","page","type-page","status-publish","hentry"],"acf":[],"_links":{"self":[{"href":"https:\/\/dev.papercut.pl\/ncn\/wp-json\/wp\/v2\/pages\/30","targetHints":{"allow":["GET"]}}],"collection":[{"href":"https:\/\/dev.papercut.pl\/ncn\/wp-json\/wp\/v2\/pages"}],"about":[{"href":"https:\/\/dev.papercut.pl\/ncn\/wp-json\/wp\/v2\/types\/page"}],"author":[{"embeddable":true,"href":"https:\/\/dev.papercut.pl\/ncn\/wp-json\/wp\/v2\/users\/1"}],"replies":[{"embeddable":true,"href":"https:\/\/dev.papercut.pl\/ncn\/wp-json\/wp\/v2\/comments?post=30"}],"version-history":[{"count":31,"href":"https:\/\/dev.papercut.pl\/ncn\/wp-json\/wp\/v2\/pages\/30\/revisions"}],"predecessor-version":[{"id":896,"href":"https:\/\/dev.papercut.pl\/ncn\/wp-json\/wp\/v2\/pages\/30\/revisions\/896"}],"up":[{"embeddable":true,"href":"https:\/\/dev.papercut.pl\/ncn\/wp-json\/wp\/v2\/pages\/28"}],"wp:attachment":[{"href":"https:\/\/dev.papercut.pl\/ncn\/wp-json\/wp\/v2\/media?parent=30"}],"curies":[{"name":"wp","href":"https:\/\/api.w.org\/{rel}","templated":true}]}}