{"id":19,"date":"2023-09-13T14:23:25","date_gmt":"2023-09-13T12:23:25","guid":{"rendered":"https:\/\/dev.papercut.pl\/ncn\/?page_id=19"},"modified":"2023-12-17T19:17:40","modified_gmt":"2023-12-17T18:17:40","slug":"kontakt","status":"publish","type":"page","link":"https:\/\/dev.papercut.pl\/ncn\/kontakt\/","title":{"rendered":"Kontakt"},"content":{"rendered":"\n<div class=\"wp-block-columns is-layout-flex wp-container-core-columns-is-layout-9d6595d7 wp-block-columns-is-layout-flex\">\n<div class=\"wp-block-column is-layout-flow wp-block-column-is-layout-flow\">\n<h2 class=\"wp-block-heading is-style-h3\">Informacja o administratorze strony<\/h2>\n\n\n\n<p><strong>Skontaktuj si\u0119 z nami:<\/strong><br>Zesp\u00f3\u0142 ds. Otwartej Nauki<br>Narodowe Centrum Nauki<br>(Polska Organizacja Przedstawicielska w Stowarzyszeniu EOSC)<br>ul. Twardowskiego 16, 30-312 Krak\u00f3w (wej\u015bcie od strony ul. Bu\u0142haka)<br>email: <a href=\"mailto:otwarta.nauka@ncn.gov.pl\">otwarta.nauka@ncn.gov.pl<\/a><\/p>\n<\/div>\n\n\n\n<div class=\"wp-block-column is-layout-flow wp-block-column-is-layout-flow\">\n<h2 class=\"wp-block-heading is-style-h3\">Napisz do nas<\/h2>\n\n\n\n<div class=\"wpcf7 no-js\" id=\"wpcf7-f426-o1\" lang=\"pl-PL\" dir=\"ltr\" data-wpcf7-id=\"426\">\n<div class=\"screen-reader-response\"><p role=\"status\" aria-live=\"polite\" aria-atomic=\"true\"><\/p> <ul><\/ul><\/div>\n<form action=\"\/ncn\/wp-json\/wp\/v2\/pages\/19#wpcf7-f426-o1\" method=\"post\" class=\"wpcf7-form init\" aria-label=\"Contact form\" novalidate=\"novalidate\" data-status=\"init\">\n<fieldset class=\"hidden-fields-container\"><input type=\"hidden\" name=\"_wpcf7\" value=\"426\" \/><input type=\"hidden\" name=\"_wpcf7_version\" value=\"6.1.5\" \/><input type=\"hidden\" name=\"_wpcf7_locale\" value=\"pl_PL\" \/><input type=\"hidden\" name=\"_wpcf7_unit_tag\" value=\"wpcf7-f426-o1\" \/><input type=\"hidden\" name=\"_wpcf7_container_post\" value=\"0\" \/><input type=\"hidden\" name=\"_wpcf7_posted_data_hash\" value=\"\" \/>\n<\/fieldset>\n<div class=\"form section--primary\">\n\t<div class=\"form__columnWrapper\">\n\t\t<div class=\"form__column form__column--noPadding\">\n\t\t\t<div class=\"form__inputContainer\">\n\t\t\t\t<p><label class=\"form__label\">Imi\u0119 i nazwisko<br \/>\n<\/label>\n\t\t\t\t<\/p>\n\t\t\t\t<div class=\"form__input\">\n\t\t\t\t\t<p><span class=\"wpcf7-form-control-wrap\" data-name=\"name\"><input size=\"40\" maxlength=\"400\" class=\"wpcf7-form-control wpcf7-text wpcf7-validates-as-required\" aria-required=\"true\" aria-invalid=\"false\" value=\"\" type=\"text\" name=\"name\" \/><\/span>\n\t\t\t\t\t<\/p>\n\t\t\t\t<\/div>\n\t\t\t<\/div>\n\t\t\t<div class=\"form__inputContainer\">\n\t\t\t\t<p><label class=\"form__label\">Instytucja<\/label>\n\t\t\t\t<\/p>\n\t\t\t\t<div class=\"form__input\">\n\t\t\t\t\t<p><span class=\"wpcf7-form-control-wrap\" data-name=\"institution\"><input size=\"40\" maxlength=\"400\" class=\"wpcf7-form-control wpcf7-text wpcf7-validates-as-required\" aria-required=\"true\" aria-invalid=\"false\" value=\"\" type=\"text\" name=\"institution\" \/><\/span>\n\t\t\t\t\t<\/p>\n\t\t\t\t<\/div>\n\t\t\t<\/div>\n\t\t\t<div class=\"form__inputContainer\">\n\t\t\t\t<p><label class=\"form__label\">Adres e-mail<\/label>\n\t\t\t\t<\/p>\n\t\t\t\t<div class=\"form__input\">\n\t\t\t\t\t<p><span class=\"wpcf7-form-control-wrap\" data-name=\"email\"><input size=\"40\" maxlength=\"400\" class=\"wpcf7-form-control wpcf7-email wpcf7-validates-as-required wpcf7-text wpcf7-validates-as-email\" aria-required=\"true\" aria-invalid=\"false\" value=\"\" type=\"email\" name=\"email\" \/><\/span>\n\t\t\t\t\t<\/p>\n\t\t\t\t<\/div>\n\t\t\t<\/div>\n\t\t\t<div class=\"form__inputContainer\">\n\t\t\t\t<p><label class=\"form__label\">Temat<\/label>\n\t\t\t\t<\/p>\n\t\t\t\t<div class=\"form__input\">\n\t\t\t\t\t<p><span class=\"wpcf7-form-control-wrap\" data-name=\"topic\"><input size=\"40\" maxlength=\"400\" class=\"wpcf7-form-control wpcf7-text wpcf7-validates-as-required\" aria-required=\"true\" aria-invalid=\"false\" value=\"\" type=\"text\" name=\"topic\" \/><\/span>\n\t\t\t\t\t<\/p>\n\t\t\t\t<\/div>\n\t\t\t<\/div>\n\t\t\t<div class=\"form__inputContainer form__inputContainer--full\">\n\t\t\t\t<p><label class=\"form__label\">Tre\u015b\u0107 wiadomo\u015bci<\/label>\n\t\t\t\t<\/p>\n\t\t\t\t<div class=\"form__input\">\n\t\t\t\t\t<p><span class=\"wpcf7-form-control-wrap\" data-name=\"content\"><textarea cols=\"40\" rows=\"10\" maxlength=\"2000\" class=\"wpcf7-form-control wpcf7-textarea wpcf7-validates-as-required\" aria-required=\"true\" aria-invalid=\"false\" name=\"content\"><\/textarea><\/span>\n\t\t\t\t\t<\/p>\n\t\t\t\t<\/div>\n\t\t\t<\/div>\n\t\t<\/div>\n\t<\/div>\n\t<div class=\"form__submit\">\n\t\t<p><button type=\"submit\" class=\"btn btn--tertiary btn--withArrow\"><br \/>\n<span class=\"btn__label\">Wy\u015blij<\/span><br \/>\n<span class=\"btn__arrow\"><\/span><br \/>\n<\/button>\n\t\t<\/p>\n\t<\/div>\n<\/div><div class=\"wpcf7-response-output\" aria-hidden=\"true\"><\/div>\n<\/form>\n<\/div>\n\n<\/div>\n<\/div>\n","protected":false},"excerpt":{"rendered":"<p>Informacja o administratorze strony Skontaktuj si\u0119 z nami:Zesp\u00f3\u0142 ds. Otwartej NaukiNarodowe Centrum Nauki(Polska Organizacja Przedstawicielska w Stowarzyszeniu EOSC)ul. Twardowskiego 16, 30-312 Krak\u00f3w (wej\u015bcie od strony ul. Bu\u0142haka)email: otwarta.nauka@ncn.gov.pl Napisz do nas<\/p>\n","protected":false},"author":1,"featured_media":0,"parent":0,"menu_order":29,"comment_status":"closed","ping_status":"closed","template":"","meta":{"_acf_changed":false,"footnotes":""},"class_list":["post-19","page","type-page","status-publish","hentry"],"acf":[],"_links":{"self":[{"href":"https:\/\/dev.papercut.pl\/ncn\/wp-json\/wp\/v2\/pages\/19","targetHints":{"allow":["GET"]}}],"collection":[{"href":"https:\/\/dev.papercut.pl\/ncn\/wp-json\/wp\/v2\/pages"}],"about":[{"href":"https:\/\/dev.papercut.pl\/ncn\/wp-json\/wp\/v2\/types\/page"}],"author":[{"embeddable":true,"href":"https:\/\/dev.papercut.pl\/ncn\/wp-json\/wp\/v2\/users\/1"}],"replies":[{"embeddable":true,"href":"https:\/\/dev.papercut.pl\/ncn\/wp-json\/wp\/v2\/comments?post=19"}],"version-history":[{"count":3,"href":"https:\/\/dev.papercut.pl\/ncn\/wp-json\/wp\/v2\/pages\/19\/revisions"}],"predecessor-version":[{"id":428,"href":"https:\/\/dev.papercut.pl\/ncn\/wp-json\/wp\/v2\/pages\/19\/revisions\/428"}],"wp:attachment":[{"href":"https:\/\/dev.papercut.pl\/ncn\/wp-json\/wp\/v2\/media?parent=19"}],"curies":[{"name":"wp","href":"https:\/\/api.w.org\/{rel}","templated":true}]}}