{"id":13,"date":"2023-09-13T14:22:41","date_gmt":"2023-09-13T12:22:41","guid":{"rendered":"https:\/\/dev.papercut.pl\/ncn\/?page_id=13"},"modified":"2023-12-17T19:17:40","modified_gmt":"2023-12-17T18:17:40","slug":"aktualnosci-i-wydarzenia","status":"publish","type":"page","link":"https:\/\/dev.papercut.pl\/ncn\/aktualnosci-i-wydarzenia\/","title":{"rendered":"Aktualno\u015bci i Wydarzenia"},"content":{"rendered":"\n<h2 class=\"wp-block-heading is-style-h3\">Zg\u0142o\u015b wydarzenie<\/h2>\n\n\n\n<p>Do\u0142\u0105cz do naszej rozwijaj\u0105cej si\u0119 sieci EOSC Polska, dziel\u0105c si\u0119 swoimi inicjatywami, badaniami lub projektami. Twoje wydarzenie mo\u017ce by\u0107 kluczowe dla rozwoju Otwartej Nauki w Polsce. Wype\u0142nij poni\u017cszy formularz i wsp\u00f3lnie budujmy przysz\u0142o\u015b\u0107 nauki.<\/p>\n\n\n\n<div class=\"wpcf7 no-js\" id=\"wpcf7-f424-o1\" lang=\"pl-PL\" dir=\"ltr\" data-wpcf7-id=\"424\">\n<div class=\"screen-reader-response\"><p role=\"status\" aria-live=\"polite\" aria-atomic=\"true\"><\/p> <ul><\/ul><\/div>\n<form action=\"\/ncn\/wp-json\/wp\/v2\/pages\/13#wpcf7-f424-o1\" method=\"post\" class=\"wpcf7-form init\" aria-label=\"Contact form\" novalidate=\"novalidate\" data-status=\"init\">\n<fieldset class=\"hidden-fields-container\"><input type=\"hidden\" name=\"_wpcf7\" value=\"424\" \/><input type=\"hidden\" name=\"_wpcf7_version\" value=\"6.1.5\" \/><input type=\"hidden\" name=\"_wpcf7_locale\" value=\"pl_PL\" \/><input type=\"hidden\" name=\"_wpcf7_unit_tag\" value=\"wpcf7-f424-o1\" \/><input type=\"hidden\" name=\"_wpcf7_container_post\" value=\"0\" \/><input type=\"hidden\" name=\"_wpcf7_posted_data_hash\" value=\"\" \/>\n<\/fieldset>\n<div class=\"form section--primary\">\n\t<div class=\"form__columnWrapper\">\n\t\t<div class=\"form__column\">\n\t\t\t<div class=\"form__inputContainer\">\n\t\t\t\t<p><label class=\"form__label\">Imi\u0119 i nazwisko<br \/>\n<\/label>\n\t\t\t\t<\/p>\n\t\t\t\t<div class=\"form__input\">\n\t\t\t\t\t<p><span class=\"wpcf7-form-control-wrap\" data-name=\"name\"><input size=\"40\" maxlength=\"400\" class=\"wpcf7-form-control wpcf7-text wpcf7-validates-as-required\" aria-required=\"true\" aria-invalid=\"false\" value=\"\" type=\"text\" name=\"name\" \/><\/span>\n\t\t\t\t\t<\/p>\n\t\t\t\t<\/div>\n\t\t\t<\/div>\n\t\t\t<div class=\"form__inputContainer\">\n\t\t\t\t<p><label class=\"form__label\">Instytucja<\/label>\n\t\t\t\t<\/p>\n\t\t\t\t<div class=\"form__input\">\n\t\t\t\t\t<p><span class=\"wpcf7-form-control-wrap\" data-name=\"institution\"><input size=\"40\" maxlength=\"400\" class=\"wpcf7-form-control wpcf7-text wpcf7-validates-as-required\" aria-required=\"true\" aria-invalid=\"false\" value=\"\" type=\"text\" name=\"institution\" \/><\/span>\n\t\t\t\t\t<\/p>\n\t\t\t\t<\/div>\n\t\t\t<\/div>\n\t\t\t<div class=\"form__inputContainer\">\n\t\t\t\t<p><label class=\"form__label\">Adres e-mail<\/label>\n\t\t\t\t<\/p>\n\t\t\t\t<div class=\"form__input\">\n\t\t\t\t\t<p><span class=\"wpcf7-form-control-wrap\" data-name=\"email\"><input size=\"40\" maxlength=\"400\" class=\"wpcf7-form-control wpcf7-email wpcf7-validates-as-required wpcf7-text wpcf7-validates-as-email\" aria-required=\"true\" aria-invalid=\"false\" value=\"\" type=\"email\" name=\"email\" \/><\/span>\n\t\t\t\t\t<\/p>\n\t\t\t\t<\/div>\n\t\t\t<\/div>\n\t\t\t<div class=\"form__inputContainer\">\n\t\t\t\t<p><label class=\"form__label\">Temat<\/label>\n\t\t\t\t<\/p>\n\t\t\t\t<div class=\"form__input\">\n\t\t\t\t\t<p><span class=\"wpcf7-form-control-wrap\" data-name=\"topic\"><input size=\"40\" maxlength=\"400\" class=\"wpcf7-form-control wpcf7-text wpcf7-validates-as-required\" aria-required=\"true\" aria-invalid=\"false\" value=\"\" type=\"text\" name=\"topic\" \/><\/span>\n\t\t\t\t\t<\/p>\n\t\t\t\t<\/div>\n\t\t\t<\/div>\n\t\t\t<div class=\"form__inputContainer form__inputContainer--full\">\n\t\t\t\t<p><label class=\"form__label\">Tre\u015b\u0107 wiadomo\u015bci<\/label>\n\t\t\t\t<\/p>\n\t\t\t\t<div class=\"form__input\">\n\t\t\t\t\t<p><span class=\"wpcf7-form-control-wrap\" data-name=\"content\"><textarea cols=\"40\" rows=\"10\" maxlength=\"2000\" class=\"wpcf7-form-control wpcf7-textarea wpcf7-validates-as-required\" aria-required=\"true\" aria-invalid=\"false\" name=\"content\"><\/textarea><\/span>\n\t\t\t\t\t<\/p>\n\t\t\t\t<\/div>\n\t\t\t<\/div>\n\t\t<\/div>\n\t\t<div class=\"form__column\">\n\t\t\t<div class=\"form__inputContainer\">\n\t\t\t\t<p><label class=\"form__label\">Data wydarzenia<br \/>\n<\/label>\n\t\t\t\t<\/p>\n\t\t\t\t<div class=\"form__input\">\n\t\t\t\t\t<p><span class=\"wpcf7-form-control-wrap\" data-name=\"event-date\"><input class=\"wpcf7-form-control wpcf7-date wpcf7-validates-as-required wpcf7-validates-as-date\" aria-required=\"true\" aria-invalid=\"false\" value=\"\" type=\"date\" name=\"event-date\" \/><\/span>\n\t\t\t\t\t<\/p>\n\t\t\t\t<\/div>\n\t\t\t<\/div>\n\t\t\t<div class=\"form__inputContainer\">\n\t\t\t\t<p><label class=\"form__label\">Miejsce wydarzenia (miasto, kraj)<\/label>\n\t\t\t\t<\/p>\n\t\t\t\t<div class=\"form__input\">\n\t\t\t\t\t<p><span class=\"wpcf7-form-control-wrap\" data-name=\"place\"><input size=\"40\" maxlength=\"400\" class=\"wpcf7-form-control wpcf7-text wpcf7-validates-as-required\" aria-required=\"true\" aria-invalid=\"false\" value=\"\" type=\"text\" name=\"place\" \/><\/span>\n\t\t\t\t\t<\/p>\n\t\t\t\t<\/div>\n\t\t\t<\/div>\n\t\t\t<div class=\"form__inputContainer\">\n\t\t\t\t<p><label class=\"form__label\">Nazwa wydarzenia<\/label>\n\t\t\t\t<\/p>\n\t\t\t\t<div class=\"form__input\">\n\t\t\t\t\t<p><span class=\"wpcf7-form-control-wrap\" data-name=\"event-name\"><input size=\"40\" maxlength=\"400\" class=\"wpcf7-form-control wpcf7-text wpcf7-validates-as-required\" aria-required=\"true\" aria-invalid=\"false\" value=\"\" type=\"text\" name=\"event-name\" \/><\/span>\n\t\t\t\t\t<\/p>\n\t\t\t\t<\/div>\n\t\t\t<\/div>\n\t\t\t<div class=\"form__inputContainer\">\n\t\t\t\t<p><label class=\"form__label\">Organizator<\/label>\n\t\t\t\t<\/p>\n\t\t\t\t<div class=\"form__input\">\n\t\t\t\t\t<p><span class=\"wpcf7-form-control-wrap\" data-name=\"organizer\"><input size=\"40\" maxlength=\"400\" class=\"wpcf7-form-control wpcf7-text wpcf7-validates-as-required\" aria-required=\"true\" aria-invalid=\"false\" value=\"\" type=\"text\" name=\"organizer\" \/><\/span>\n\t\t\t\t\t<\/p>\n\t\t\t\t<\/div>\n\t\t\t<\/div>\n\t\t\t<div class=\"form__inputContainer\">\n\t\t\t\t<p><label class=\"form__label\">Termin rejestracji<br \/>\n<\/label>\n\t\t\t\t<\/p>\n\t\t\t\t<div class=\"form__input\">\n\t\t\t\t\t<p><span class=\"wpcf7-form-control-wrap\" data-name=\"register-date\"><input class=\"wpcf7-form-control wpcf7-date wpcf7-validates-as-required wpcf7-validates-as-date\" aria-required=\"true\" aria-invalid=\"false\" value=\"\" type=\"date\" name=\"register-date\" \/><\/span>\n\t\t\t\t\t<\/p>\n\t\t\t\t<\/div>\n\t\t\t<\/div>\n\t\t\t<div class=\"form__inputContainer\">\n\t\t\t\t<p><label class=\"form__label\">Link do strony<\/label>\n\t\t\t\t<\/p>\n\t\t\t\t<div class=\"form__input\">\n\t\t\t\t\t<p><span class=\"wpcf7-form-control-wrap\" data-name=\"www\"><input size=\"40\" maxlength=\"400\" class=\"wpcf7-form-control wpcf7-text wpcf7-validates-as-required\" aria-required=\"true\" aria-invalid=\"false\" value=\"\" type=\"text\" name=\"www\" \/><\/span>\n\t\t\t\t\t<\/p>\n\t\t\t\t<\/div>\n\t\t\t<\/div>\n\t\t\t<div class=\"form__inputContainer\">\n\t\t\t\t<div class=\"form__input\">\n\t\t\t\t\t<p><span class=\"wpcf7-form-control-wrap\" data-name=\"event-type\"><span class=\"wpcf7-form-control wpcf7-radio\"><span class=\"wpcf7-list-item first\"><label><input type=\"radio\" name=\"event-type\" value=\"Hybryda\" checked=\"checked\" \/><span class=\"wpcf7-list-item-label\">Hybryda<\/span><\/label><\/span><span class=\"wpcf7-list-item\"><label><input type=\"radio\" name=\"event-type\" value=\"Online\" \/><span class=\"wpcf7-list-item-label\">Online<\/span><\/label><\/span><span class=\"wpcf7-list-item last\"><label><input type=\"radio\" name=\"event-type\" value=\"Stacjonarne\" \/><span class=\"wpcf7-list-item-label\">Stacjonarne<\/span><\/label><\/span><\/span><\/span>\n\t\t\t\t\t<\/p>\n\t\t\t\t<\/div>\n\t\t\t<\/div>\n\t\t\t<div class=\"form__inputContainer\">\n\t\t\t\t<div class=\"form__input\">\n\t\t\t\t\t<p><span class=\"wpcf7-form-control-wrap\" data-name=\"event-payment\"><span class=\"wpcf7-form-control wpcf7-radio\"><span class=\"wpcf7-list-item first\"><label><input type=\"radio\" name=\"event-payment\" value=\"P\u0142atne\" checked=\"checked\" \/><span class=\"wpcf7-list-item-label\">P\u0142atne<\/span><\/label><\/span><span class=\"wpcf7-list-item last\"><label><input type=\"radio\" name=\"event-payment\" value=\"Bezp\u0142atne\" \/><span class=\"wpcf7-list-item-label\">Bezp\u0142atne<\/span><\/label><\/span><\/span><\/span>\n\t\t\t\t\t<\/p>\n\t\t\t\t<\/div>\n\t\t\t<\/div>\n\t\t<\/div>\n\t<\/div>\n\t<div class=\"form__submit\">\n\t\t<p><button type=\"submit\" class=\"btn btn--tertiary btn--withArrow\"><br \/>\n<span class=\"btn__label\">Zg\u0142o\u015b wydarzenie<\/span><br \/>\n<span class=\"btn__arrow\"><\/span><br \/>\n<\/button>\n\t\t<\/p>\n\t<\/div>\n<\/div><div class=\"wpcf7-response-output\" aria-hidden=\"true\"><\/div>\n<\/form>\n<\/div>\n\n","protected":false},"excerpt":{"rendered":"<p>Zg\u0142o\u015b wydarzenie Do\u0142\u0105cz do naszej rozwijaj\u0105cej si\u0119 sieci EOSC Polska, dziel\u0105c si\u0119 swoimi inicjatywami, badaniami lub projektami. Twoje wydarzenie mo\u017ce by\u0107 kluczowe dla rozwoju Otwartej Nauki w Polsce. Wype\u0142nij poni\u017cszy formularz i wsp\u00f3lnie budujmy przysz\u0142o\u015b\u0107 nauki.<\/p>\n","protected":false},"author":1,"featured_media":0,"parent":0,"menu_order":24,"comment_status":"closed","ping_status":"closed","template":"templates\/news.php","meta":{"_acf_changed":false,"footnotes":""},"class_list":["post-13","page","type-page","status-publish","hentry"],"acf":[],"_links":{"self":[{"href":"https:\/\/dev.papercut.pl\/ncn\/wp-json\/wp\/v2\/pages\/13","targetHints":{"allow":["GET"]}}],"collection":[{"href":"https:\/\/dev.papercut.pl\/ncn\/wp-json\/wp\/v2\/pages"}],"about":[{"href":"https:\/\/dev.papercut.pl\/ncn\/wp-json\/wp\/v2\/types\/page"}],"author":[{"embeddable":true,"href":"https:\/\/dev.papercut.pl\/ncn\/wp-json\/wp\/v2\/users\/1"}],"replies":[{"embeddable":true,"href":"https:\/\/dev.papercut.pl\/ncn\/wp-json\/wp\/v2\/comments?post=13"}],"version-history":[{"count":4,"href":"https:\/\/dev.papercut.pl\/ncn\/wp-json\/wp\/v2\/pages\/13\/revisions"}],"predecessor-version":[{"id":902,"href":"https:\/\/dev.papercut.pl\/ncn\/wp-json\/wp\/v2\/pages\/13\/revisions\/902"}],"wp:attachment":[{"href":"https:\/\/dev.papercut.pl\/ncn\/wp-json\/wp\/v2\/media?parent=13"}],"curies":[{"name":"wp","href":"https:\/\/api.w.org\/{rel}","templated":true}]}}