{"id":11,"date":"2023-09-13T14:22:23","date_gmt":"2023-09-13T12:22:23","guid":{"rendered":"https:\/\/dev.papercut.pl\/ncn\/?page_id=11"},"modified":"2023-12-17T19:17:40","modified_gmt":"2023-12-17T18:17:40","slug":"konkursy","status":"publish","type":"page","link":"https:\/\/dev.papercut.pl\/ncn\/konkursy\/","title":{"rendered":"Konkursy"},"content":{"rendered":"\n<div class=\"wp-block-columns is-layout-flex wp-container-core-columns-is-layout-9d6595d7 wp-block-columns-is-layout-flex\">\n<div class=\"wp-block-column is-layout-flow wp-block-column-is-layout-flow\" style=\"flex-basis:33.33%\">\n<h2 class=\"wp-block-heading is-style-h2 has-green-color has-text-color\">Konkursy<\/h2>\n<\/div>\n\n\n\n<div class=\"wp-block-column is-layout-flow wp-block-column-is-layout-flow\" style=\"flex-basis:66.66%\">\n<p>Nadrz\u0119dnym celem Programu Infrastruktury Badawcze (<em>ang. Research Infrastructures Programme<\/em>) w ramach programu Horyzont Europa jest wzmocnienie Europy poprzez stworzenie \u015bwiatowej klasy i \u0142atwo dost\u0119pnej infrastruktury badawczej, zintegrowanej z szerszym krajobrazem europejskiej infrastruktury badawczej i technologicznej.&nbsp;<\/p>\n\n\n\n<p>Program prac w zakresie infrastruktury badawczej podzielony jest na pi\u0119\u0107 obszar\u00f3w docelowych. Jeden z nich po\u015bwi\u0119cony jest Europejskiej Chmurze Otwartej Nauki. Jego celem jest u\u0142atwienie rozwoju operacyjnego, otwartego i opartego o zasady FAIR ekosystemu EOSC (INFRAEOSC).<\/p>\n<\/div>\n<\/div>\n\n\n\n<hr class=\"wp-block-separator has-text-color has-green-color has-alpha-channel-opacity has-green-background-color has-background\"\/>\n\n\n\n<div class=\"wp-block-columns is-layout-flex wp-container-core-columns-is-layout-9d6595d7 wp-block-columns-is-layout-flex\">\n<div class=\"wp-block-column is-layout-flow wp-block-column-is-layout-flow\" style=\"flex-basis:33.33%\">\n<h4 class=\"wp-block-heading is-style-h3 has-green-color has-text-color has-medium-font-size\">FAIR and open data sharing in support of the mission adaptation to climate change<\/h4>\n\n\n\n<h4 class=\"wp-block-heading is-style-h3 has-green-color has-text-color has-medium-font-size\"><strong>HORIZON-INFRA-2024-EOSC-01-01<\/strong><\/h4>\n<\/div>\n\n\n\n<div class=\"wp-block-column is-layout-flow wp-block-column-is-layout-flow\" style=\"flex-basis:66.66%\">\n<p><strong><strong><strong><strong>Konkurs<\/strong><\/strong><\/strong>:<\/strong> Enabling an operational, open and FAIR EOSC ecosystem (2024) (HORIZON-INFRA-2024-EOSC-01) <strong>ID:<\/strong> HORIZON-INFRA-2024-EOSC-01-01 <strong>Temat:<\/strong> FAIR and open data sharing in support of the mission adaptation to climate change <strong>Rodzaj dzia\u0142ania:<\/strong> HORIZON-RIA HORIZON Research and Innovation Actions <strong>Model oceniania:<\/strong> jednoetapowy <strong>Data rozpocz\u0119cia naboru wniosk\u00f3w:<\/strong> 6 grudnia 2023 <strong>Data zako\u0144czenia naboru wniosk\u00f3w:<\/strong> 12 marca 2024 17:00:00 czasu brukselskiego <strong>Status:<\/strong> Nadchodz\u0105cy<\/p>\n\n\n\n<div class=\"wp-block-buttons is-layout-flex wp-block-buttons-is-layout-flex\">\n<div class=\"wp-block-button\"><a class=\"wp-block-button__link has-green-color has-white-background-color has-text-color has-background wp-element-button\" href=\"https:\/\/ec.europa.eu\/info\/funding-tenders\/opportunities\/portal\/screen\/opportunities\/topic-details\/horizon-infra-2024-eosc-01-01;callCode=null;freeTextSearchKeyword=eosc;matchWholeText=divue;typeCodes=1,0;statusCodes=31094501,31094502,31094503;programmePe\" target=\"_blank\" rel=\"noreferrer noopener\">Czytaj wi\u0119cej<\/a><\/div>\n<\/div>\n<\/div>\n<\/div>\n\n\n\n<hr class=\"wp-block-separator has-text-color has-green-color has-alpha-channel-opacity has-green-background-color has-background\"\/>\n\n\n\n<div class=\"wp-block-columns is-layout-flex wp-container-core-columns-is-layout-9d6595d7 wp-block-columns-is-layout-flex\">\n<div class=\"wp-block-column is-layout-flow wp-block-column-is-layout-flow\" style=\"flex-basis:33.33%\">\n<h2 class=\"wp-block-heading is-style-h3 has-green-color has-text-color has-link-color has-medium-font-size wp-elements-2fe5c76e85b1891a8d7143c6614b605b\">Supporting the EOSC Partnership in further consolidating the coordination and sustainability of the EOSC ecosystem\u00a0<\/h2>\n\n\n\n<h2 class=\"wp-block-heading is-style-h3 has-green-color has-text-color has-link-color has-medium-font-size wp-elements-35584448c5afe776f823392327fa6686\"><strong>HORIZON-INFRA-2024-EOSC-01-02\u00a0<\/strong><\/h2>\n<\/div>\n\n\n\n<div class=\"wp-block-column is-layout-flow wp-block-column-is-layout-flow\" style=\"flex-basis:66.66%\">\n<p><strong>Konkurs:<\/strong> Enabling an operational, open and FAIR EOSC ecosystem (2024) (HORIZON-INFRA-2024-EOSC-01) <strong>ID: <\/strong>HORIZON-INFRA-2024-EOSC-01-02 <strong>Temat:<\/strong> Supporting the EOSC Partnership in further consolidating the coordination and sustainability of the EOSC ecosystem <strong>Rodzaj dzia\u0142ania:<\/strong> HORIZON-CSA HORIZON Coordination and Support Actions <strong>Model oceniania:<\/strong> jednoetapowy <strong>Data rozpocz\u0119cia naboru wniosk\u00f3w:<\/strong> 6 grudnia 2023 <strong>Data zako\u0144czenia naboru wniosk\u00f3w:<\/strong> 12 marca 2024 17:00:00 czasu brukselskiego <strong>Status:<\/strong> Nadchodz\u0105cy <\/p>\n\n\n\n<div class=\"wp-block-buttons is-layout-flex wp-block-buttons-is-layout-flex\">\n<div class=\"wp-block-button\"><a class=\"wp-block-button__link has-green-color has-white-background-color has-text-color has-background wp-element-button\" href=\"https:\/\/ec.europa.eu\/info\/funding-tenders\/opportunities\/portal\/screen\/opportunities\/topic-details\/horizon-infra-2024-eosc-01-02?tenders=false&amp;callIdentifier=HORIZON-INFRA-2024-EOSC-01\" target=\"_blank\" rel=\"noreferrer noopener\">Czytaj wi\u0119cej<\/a><\/div>\n<\/div>\n<\/div>\n<\/div>\n\n\n\n<hr class=\"wp-block-separator has-text-color has-green-color has-alpha-channel-opacity has-green-background-color has-background\"\/>\n\n\n\n<div class=\"wp-block-columns is-layout-flex wp-container-core-columns-is-layout-9d6595d7 wp-block-columns-is-layout-flex\">\n<div class=\"wp-block-column is-layout-flow wp-block-column-is-layout-flow\" style=\"flex-basis:33.33%\">\n<h2 class=\"wp-block-heading has-green-color has-text-color has-link-color has-medium-font-size wp-elements-692bc1d7ceb61806d9e3cd7837a4da57\">Enabling a network of EOSC federated and trustworthy repositories and enhancing the framework of generic and discipline specific services for data and other research digital objects&nbsp;<\/h2>\n\n\n\n<h2 class=\"wp-block-heading has-green-color has-text-color has-link-color has-medium-font-size wp-elements-c6609c4afbae0e23b253ee94884698e0\"><strong>HORIZON-INFRA-2024-EOSC-01-03\u00a0<\/strong><\/h2>\n<\/div>\n\n\n\n<div class=\"wp-block-column is-layout-flow wp-block-column-is-layout-flow\" style=\"flex-basis:66.66%\">\n<p><strong>Konkurs:<\/strong> Enabling an operational, open and FAIR EOSC ecosystem (2024) (HORIZON-INFRA-2024-EOSC-01) <strong>ID:<\/strong> HORIZON-INFRA-2024-EOSC-01-03 <strong>Temat:<\/strong> Enabling a network of EOSC federated and trustworthy repositories and enhancing the framework of generic and discipline specific services for data and other research digital objects <strong>Rodzaj dzia\u0142ania:<\/strong> HORIZON-CSA HORIZON Coordination and Support Actions <strong>Model oceniania:<\/strong> jednoetapowy <strong>Data rozpocz\u0119cia naboru wniosk\u00f3w:<\/strong> 6 grudnia 2023 <strong>Data zako\u0144czenia naboru wniosk\u00f3w:<\/strong> 12 marca 2024 17:00:00 czasu brukselskiego <strong>Status:<\/strong> Nadchodz\u0105cy<\/p>\n\n\n\n<div class=\"wp-block-buttons is-layout-flex wp-block-buttons-is-layout-flex\">\n<div class=\"wp-block-button\"><a class=\"wp-block-button__link has-green-color has-white-background-color has-text-color has-background wp-element-button\" href=\"https:\/\/ec.europa.eu\/info\/funding-tenders\/opportunities\/portal\/screen\/opportunities\/topic-details\/horizon-infra-2024-eosc-01-03?tenders=false&amp;callIdentifier=HORIZON-INFRA-2024-EOSC-01\" target=\"_blank\" rel=\"noreferrer noopener\">Czytaj wi\u0119cej &nbsp;<\/a><\/div>\n<\/div>\n<\/div>\n<\/div>\n\n\n\n<hr class=\"wp-block-separator has-text-color has-green-color has-alpha-channel-opacity has-green-background-color has-background\"\/>\n\n\n\n<div class=\"wp-block-columns is-layout-flex wp-container-core-columns-is-layout-9d6595d7 wp-block-columns-is-layout-flex\">\n<div class=\"wp-block-column is-layout-flow wp-block-column-is-layout-flow\" style=\"flex-basis:33.33%\">\n<h2 class=\"wp-block-heading is-style-h3 has-green-color has-text-color has-link-color has-medium-font-size wp-elements-69ca2daff96fa0986a72a62c9e9f5aed\">Long-term access and preservation infrastructure development for EOSC, including data quality aspects&nbsp;<\/h2>\n\n\n\n<h2 class=\"wp-block-heading is-style-h3 has-green-color has-text-color has-link-color has-medium-font-size wp-elements-26182e2eea3a4de37d6ef36e174e4b02\"><strong>HORIZON-INFRA-2024-EOSC-01-04\u00a0<\/strong><\/h2>\n<\/div>\n\n\n\n<div class=\"wp-block-column is-layout-flow wp-block-column-is-layout-flow\" style=\"flex-basis:66.66%\">\n<p><strong>Konkurs:<\/strong> Enabling an operational, open and FAIR EOSC ecosystem (2024) (HORIZON-INFRA-2024-EOSC-01) <strong>ID:<\/strong> HORIZON-INFRA-2024-EOSC-01-04 <strong>Temat:<\/strong> Long-term access and preservation infrastructure development for EOSC, including data quality aspects <strong>Rodzaj dzia\u0142ania:<\/strong> HORIZON-RIA HORIZON Research and Innovation Actions <strong>Model oceniania:<\/strong> jednoetapowy <strong>Data rozpocz\u0119cia naboru wniosk\u00f3w:<\/strong> 6 grudnia 2023 <strong>Data zako\u0144czenia naboru wniosk\u00f3w:<\/strong> 12 marca 2024 17:00:00 czasu brukselskiego <strong>Status:<\/strong> Nadchodz\u0105cy<\/p>\n\n\n\n<div class=\"wp-block-buttons is-layout-flex wp-block-buttons-is-layout-flex\">\n<div class=\"wp-block-button\"><a class=\"wp-block-button__link has-green-color has-white-background-color has-text-color has-background wp-element-button\" href=\"https:\/\/ec.europa.eu\/info\/funding-tenders\/opportunities\/portal\/screen\/opportunities\/topic-details\/horizon-infra-2024-eosc-01-04?tenders=false&amp;callIdentifier=HORIZON-INFRA-2024-EOSC-01\" target=\"_blank\" rel=\"noreferrer noopener\">Czytaj wi\u0119cej&nbsp;<\/a><\/div>\n<\/div>\n<\/div>\n<\/div>\n\n\n\n<hr class=\"wp-block-separator has-text-color has-green-color has-alpha-channel-opacity has-green-background-color has-background\"\/>\n\n\n\n<div class=\"wp-block-columns is-layout-flex wp-container-core-columns-is-layout-9d6595d7 wp-block-columns-is-layout-flex\">\n<div class=\"wp-block-column is-layout-flow wp-block-column-is-layout-flow\" style=\"flex-basis:33.33%\">\n<h2 class=\"wp-block-heading is-style-h3 has-green-color has-text-color has-link-color has-medium-font-size wp-elements-15fb58c221a8880288ece8a98dbacd86\">Innovative and customizable services for EOSC Exchange&nbsp;<\/h2>\n\n\n\n<h2 class=\"wp-block-heading is-style-h3 has-green-color has-text-color has-link-color has-medium-font-size wp-elements-89229765091b3713fb4af0e37356976e\"><strong>HORIZON-INFRA-2024-EOSC-01-05\u00a0<\/strong><\/h2>\n<\/div>\n\n\n\n<div class=\"wp-block-column is-layout-flow wp-block-column-is-layout-flow\" style=\"flex-basis:66.66%\">\n<p><strong>Konkurs:<\/strong> Enabling an operational, open and FAIR EOSC ecosystem (2024) (HORIZON-INFRA-2024-EOSC-01) <strong>ID:<\/strong> HORIZON-INFRA-2024-EOSC-01-05 <strong>Temat:<\/strong> Innovative and customizable services for EOSC Exchange <strong>Rodzaj dzia\u0142ania:<\/strong> HORIZON-RIA HORIZON Research and Innovation Actions <strong>Model oceniania:<\/strong> jednoetapowy <strong>Data rozpocz\u0119cia naboru wniosk\u00f3w:<\/strong> 6 grudnia 2023 <strong>Data zako\u0144czenia naboru wniosk\u00f3w:<\/strong> 12 marca 2024 17:00:00 czasu brukselskiego <strong>Status:<\/strong> Nadchodz\u0105cy<\/p>\n\n\n\n<div class=\"wp-block-buttons is-layout-flex wp-block-buttons-is-layout-flex\">\n<div class=\"wp-block-button\"><a class=\"wp-block-button__link has-green-color has-white-background-color has-text-color has-background wp-element-button\" href=\"https:\/\/ec.europa.eu\/info\/funding-tenders\/opportunities\/portal\/screen\/opportunities\/topic-details\/horizon-infra-2024-eosc-01-05?tenders=false&amp;programmePart=&amp;callIdentifier=HORIZON-INFRA-2024-EOSC-01\" target=\"_blank\" rel=\"noreferrer noopener\">Czytaj wi\u0119cej<\/a><\/div>\n<\/div>\n<\/div>\n<\/div>\n","protected":false},"excerpt":{"rendered":"<p>Konkursy Nadrz\u0119dnym celem Programu Infrastruktury Badawcze (ang. Research Infrastructures Programme) w ramach programu Horyzont Europa jest wzmocnienie Europy poprzez stworzenie \u015bwiatowej klasy i \u0142atwo dost\u0119pnej infrastruktury badawczej, zintegrowanej z szerszym krajobrazem europejskiej infrastruktury badawczej i technologicznej.&nbsp; Program prac w zakresie infrastruktury badawczej podzielony jest na pi\u0119\u0107 obszar\u00f3w docelowych. Jeden z nich po\u015bwi\u0119cony jest Europejskiej Chmurze Otwartej Nauki. Jego celem jest u\u0142atwienie rozwoju operacyjnego, otwartego i opartego o zasady FAIR ekosystemu EOSC (INFRAEOSC). FAIR and open data sharing in support of the mission adaptation to climate change HORIZON-INFRA-2024-EOSC-01-01 Konkurs: Enabling an operational, open and FAIR EOSC ecosystem (2024) (HORIZON-INFRA-2024-EOSC-01) ID: HORIZON-INFRA-2024-EOSC-01-01 Temat: FAIR and open data sharing in support of the mission adaptation to climate change Rodzaj dzia\u0142ania: HORIZON-RIA HORIZON Research and Innovation Actions Model oceniania: jednoetapowy Data rozpocz\u0119cia naboru wniosk\u00f3w: 6 grudnia 2023 Data zako\u0144czenia naboru wniosk\u00f3w: 12 marca 2024 17:00:00 czasu brukselskiego Status: Nadchodz\u0105cy Supporting the EOSC Partnership in further consolidating the coordination and sustainability of the EOSC ecosystem\u00a0 HORIZON-INFRA-2024-EOSC-01-02\u00a0 Konkurs: Enabling an operational, open and FAIR EOSC ecosystem (2024) (HORIZON-INFRA-2024-EOSC-01) ID: HORIZON-INFRA-2024-EOSC-01-02 Temat: Supporting the EOSC Partnership in further consolidating the coordination and sustainability of the EOSC ecosystem Rodzaj dzia\u0142ania: HORIZON-CSA HORIZON Coordination and Support Actions Model oceniania: jednoetapowy Data rozpocz\u0119cia naboru wniosk\u00f3w: 6 grudnia 2023 Data zako\u0144czenia naboru wniosk\u00f3w: 12 marca 2024 17:00:00 czasu brukselskiego Status: Nadchodz\u0105cy Enabling a network of EOSC federated and trustworthy repositories and enhancing the framework of generic and discipline specific services for data and other research digital objects&nbsp; HORIZON-INFRA-2024-EOSC-01-03\u00a0 Konkurs: Enabling an operational, open and FAIR EOSC ecosystem (2024) (HORIZON-INFRA-2024-EOSC-01) ID: HORIZON-INFRA-2024-EOSC-01-03 Temat: Enabling a network of EOSC federated and trustworthy repositories and enhancing the framework of generic and discipline specific services for data and other research digital objects Rodzaj dzia\u0142ania: HORIZON-CSA HORIZON Coordination and Support Actions Model oceniania: jednoetapowy Data rozpocz\u0119cia naboru wniosk\u00f3w: 6 grudnia 2023 Data zako\u0144czenia naboru wniosk\u00f3w: 12 marca 2024 17:00:00 czasu brukselskiego Status: Nadchodz\u0105cy Long-term access and preservation infrastructure development for EOSC, including data quality aspects&nbsp; HORIZON-INFRA-2024-EOSC-01-04\u00a0 Konkurs: Enabling an operational, open and FAIR EOSC ecosystem (2024) (HORIZON-INFRA-2024-EOSC-01) ID: HORIZON-INFRA-2024-EOSC-01-04 Temat: Long-term access and preservation infrastructure development for EOSC, including data quality aspects Rodzaj dzia\u0142ania: HORIZON-RIA HORIZON Research and Innovation Actions Model oceniania: jednoetapowy Data rozpocz\u0119cia naboru wniosk\u00f3w: 6 grudnia 2023 Data zako\u0144czenia naboru wniosk\u00f3w: 12 marca 2024 17:00:00 czasu brukselskiego Status: Nadchodz\u0105cy Innovative and customizable services for EOSC Exchange&nbsp; HORIZON-INFRA-2024-EOSC-01-05\u00a0 Konkurs: Enabling an operational, open and FAIR EOSC ecosystem (2024) (HORIZON-INFRA-2024-EOSC-01) ID: HORIZON-INFRA-2024-EOSC-01-05 Temat: Innovative and customizable services for EOSC Exchange Rodzaj dzia\u0142ania: HORIZON-RIA HORIZON Research and Innovation Actions Model oceniania: jednoetapowy Data rozpocz\u0119cia naboru wniosk\u00f3w: 6 grudnia 2023 Data zako\u0144czenia naboru wniosk\u00f3w: 12 marca 2024 17:00:00 czasu brukselskiego Status: Nadchodz\u0105cy<\/p>\n","protected":false},"author":1,"featured_media":0,"parent":0,"menu_order":22,"comment_status":"closed","ping_status":"closed","template":"","meta":{"_acf_changed":false,"footnotes":""},"class_list":["post-11","page","type-page","status-publish","hentry"],"acf":[],"_links":{"self":[{"href":"https:\/\/dev.papercut.pl\/ncn\/wp-json\/wp\/v2\/pages\/11","targetHints":{"allow":["GET"]}}],"collection":[{"href":"https:\/\/dev.papercut.pl\/ncn\/wp-json\/wp\/v2\/pages"}],"about":[{"href":"https:\/\/dev.papercut.pl\/ncn\/wp-json\/wp\/v2\/types\/page"}],"author":[{"embeddable":true,"href":"https:\/\/dev.papercut.pl\/ncn\/wp-json\/wp\/v2\/users\/1"}],"replies":[{"embeddable":true,"href":"https:\/\/dev.papercut.pl\/ncn\/wp-json\/wp\/v2\/comments?post=11"}],"version-history":[{"count":14,"href":"https:\/\/dev.papercut.pl\/ncn\/wp-json\/wp\/v2\/pages\/11\/revisions"}],"predecessor-version":[{"id":979,"href":"https:\/\/dev.papercut.pl\/ncn\/wp-json\/wp\/v2\/pages\/11\/revisions\/979"}],"wp:attachment":[{"href":"https:\/\/dev.papercut.pl\/ncn\/wp-json\/wp\/v2\/media?parent=11"}],"curies":[{"name":"wp","href":"https:\/\/api.w.org\/{rel}","templated":true}]}}