{"id":828,"date":"2021-02-02T12:13:22","date_gmt":"2021-02-02T11:13:22","guid":{"rendered":"http:\/\/dev.papercut.pl\/mda\/dla-akcjonariuszy-copy\/"},"modified":"2021-02-02T15:04:42","modified_gmt":"2021-02-02T14:04:42","slug":"dla-akcjonariuszy","status":"publish","type":"page","link":"https:\/\/dev.papercut.pl\/mda\/dla-akcjonariuszy\/","title":{"rendered":"Dla akcjonariuszy"},"content":{"rendered":"\n<div class=\"wp-block-group fade-up\"><div class=\"wp-block-group__inner-container is-layout-flow wp-block-group-is-layout-flow\">\n<h2 class=\"wp-block-heading\">Informacje<\/h2>\n\n\n\n<h4 class=\"wp-block-heading\">28.09.2020 <a href=\"https:\/\/admin.mda.malopolska.pl\/08-06-2020-wylozenie-listy-akcjonariuszy\/\"><\/a><a href=\"https:\/\/admin.mda.malopolska.pl\/28-09-2020-dematerializacja-akcji\/\">DEMATERIALIZACJA AKCJI<\/a><\/h4>\n\n\n\n<hr>\n\n\n\n<h4 class=\"wp-block-heading\">28.09.2020 <a href=\"https:\/\/admin.mda.malopolska.pl\/28-09-2020-prowadzenie-rejestru-akcjonariuszy\/\">PROWADZENIE REJESTRU AKCJONARIUSZY PRZEZ PKO BP BM<\/a><\/h4>\n\n\n\n<hr>\n\n\n\n<h4 class=\"wp-block-heading\">08.06.2020 <a href=\"https:\/\/admin.mda.malopolska.pl\/08-06-2020-wylozenie-listy-akcjonariuszy\/\">WY\u0141O\u017bENIE LISTY AKCJONARIUSZY<\/a><\/h4>\n\n\n\n<hr>\n\n\n\n<h4 class=\"wp-block-heading\">18.05.2020 <a href=\"https:\/\/admin.mda.malopolska.pl\/18-05-2020-zwyczajne-walne-zgromadzenie-spolki\/\">ZWYCZAJNE WALNE ZGROMADZENIE SP\u00d3\u0141KI<\/a><\/h4>\n<\/div><\/div>\n","protected":false},"excerpt":{"rendered":"<p>Informacje 28.09.2020 DEMATERIALIZACJA AKCJI 28.09.2020 PROWADZENIE REJESTRU AKCJONARIUSZY PRZEZ PKO BP BM 08.06.2020 WY\u0141O\u017bENIE LISTY AKCJONARIUSZY 18.05.2020 ZWYCZAJNE WALNE ZGROMADZENIE SP\u00d3\u0141KI<\/p>\n","protected":false},"author":1,"featured_media":260,"parent":0,"menu_order":22,"comment_status":"closed","ping_status":"closed","template":"","meta":{"footnotes":""},"class_list":["post-828","page","type-page","status-publish","has-post-thumbnail","hentry"],"yoast_head":"<!-- This site is optimized with the Yoast SEO plugin v26.9 - https:\/\/yoast.com\/product\/yoast-seo-wordpress\/ -->\n<title>Dla akcjonariuszy - MDA<\/title>\n<meta name=\"robots\" content=\"noindex, follow, max-snippet:-1, max-image-preview:large, max-video-preview:-1\" \/>\n<meta property=\"og:locale\" content=\"pl_PL\" \/>\n<meta property=\"og:type\" content=\"article\" \/>\n<meta property=\"og:title\" content=\"Dla akcjonariuszy - MDA\" \/>\n<meta property=\"og:description\" content=\"Informacje 28.09.2020 DEMATERIALIZACJA AKCJI 28.09.2020 PROWADZENIE REJESTRU AKCJONARIUSZY PRZEZ PKO BP BM 08.06.2020 WY\u0141O\u017bENIE LISTY AKCJONARIUSZY 18.05.2020 ZWYCZAJNE WALNE ZGROMADZENIE SP\u00d3\u0141KI\" \/>\n<meta property=\"og:url\" content=\"https:\/\/dev.papercut.pl\/mda\/dla-akcjonariuszy\/\" \/>\n<meta property=\"og:site_name\" content=\"MDA\" \/>\n<meta property=\"article:publisher\" content=\"https:\/\/www.facebook.com\/MalopolskieDworceAutobusowe\" \/>\n<meta property=\"article:modified_time\" content=\"2021-02-02T14:04:42+00:00\" \/>\n<meta property=\"og:image\" content=\"https:\/\/dev.papercut.pl\/mda\/wp-content\/uploads\/2021\/01\/bgm4.jpg\" \/>\n\t<meta property=\"og:image:width\" content=\"1920\" \/>\n\t<meta property=\"og:image:height\" content=\"1200\" \/>\n\t<meta property=\"og:image:type\" content=\"image\/jpeg\" \/>\n<meta name=\"twitter:card\" content=\"summary_large_image\" \/>\n<meta name=\"twitter:label1\" content=\"Szacowany czas czytania\" \/>\n\t<meta name=\"twitter:data1\" content=\"1 minuta\" \/>\n<script type=\"application\/ld+json\" class=\"yoast-schema-graph\">{\"@context\":\"https:\/\/schema.org\",\"@graph\":[{\"@type\":\"WebPage\",\"@id\":\"https:\/\/dev.papercut.pl\/mda\/dla-akcjonariuszy\/\",\"url\":\"https:\/\/dev.papercut.pl\/mda\/dla-akcjonariuszy\/\",\"name\":\"Dla akcjonariuszy - MDA\",\"isPartOf\":{\"@id\":\"https:\/\/dev.papercut.pl\/mda\/#website\"},\"primaryImageOfPage\":{\"@id\":\"https:\/\/dev.papercut.pl\/mda\/dla-akcjonariuszy\/#primaryimage\"},\"image\":{\"@id\":\"https:\/\/dev.papercut.pl\/mda\/dla-akcjonariuszy\/#primaryimage\"},\"thumbnailUrl\":\"https:\/\/dev.papercut.pl\/mda\/wp-content\/uploads\/2021\/01\/bgm4.jpg\",\"datePublished\":\"2021-02-02T11:13:22+00:00\",\"dateModified\":\"2021-02-02T14:04:42+00:00\",\"breadcrumb\":{\"@id\":\"https:\/\/dev.papercut.pl\/mda\/dla-akcjonariuszy\/#breadcrumb\"},\"inLanguage\":\"pl-PL\",\"potentialAction\":[{\"@type\":\"ReadAction\",\"target\":[\"https:\/\/dev.papercut.pl\/mda\/dla-akcjonariuszy\/\"]}]},{\"@type\":\"ImageObject\",\"inLanguage\":\"pl-PL\",\"@id\":\"https:\/\/dev.papercut.pl\/mda\/dla-akcjonariuszy\/#primaryimage\",\"url\":\"https:\/\/dev.papercut.pl\/mda\/wp-content\/uploads\/2021\/01\/bgm4.jpg\",\"contentUrl\":\"https:\/\/dev.papercut.pl\/mda\/wp-content\/uploads\/2021\/01\/bgm4.jpg\",\"width\":1920,\"height\":1200},{\"@type\":\"BreadcrumbList\",\"@id\":\"https:\/\/dev.papercut.pl\/mda\/dla-akcjonariuszy\/#breadcrumb\",\"itemListElement\":[{\"@type\":\"ListItem\",\"position\":1,\"name\":\"Strona g\u0142\u00f3wna\",\"item\":\"https:\/\/dev.papercut.pl\/mda\/\"},{\"@type\":\"ListItem\",\"position\":2,\"name\":\"Dla akcjonariuszy\"}]},{\"@type\":\"WebSite\",\"@id\":\"https:\/\/dev.papercut.pl\/mda\/#website\",\"url\":\"https:\/\/dev.papercut.pl\/mda\/\",\"name\":\"MDA\",\"description\":\"\",\"publisher\":{\"@id\":\"https:\/\/dev.papercut.pl\/mda\/#organization\"},\"potentialAction\":[{\"@type\":\"SearchAction\",\"target\":{\"@type\":\"EntryPoint\",\"urlTemplate\":\"https:\/\/dev.papercut.pl\/mda\/?s={search_term_string}\"},\"query-input\":{\"@type\":\"PropertyValueSpecification\",\"valueRequired\":true,\"valueName\":\"search_term_string\"}}],\"inLanguage\":\"pl-PL\"},{\"@type\":\"Organization\",\"@id\":\"https:\/\/dev.papercut.pl\/mda\/#organization\",\"name\":\"MDA\",\"url\":\"https:\/\/dev.papercut.pl\/mda\/\",\"logo\":{\"@type\":\"ImageObject\",\"inLanguage\":\"pl-PL\",\"@id\":\"https:\/\/dev.papercut.pl\/mda\/#\/schema\/logo\/image\/\",\"url\":\"https:\/\/dev.papercut.pl\/mda\/wp-content\/uploads\/2021\/01\/MDA-logo.png\",\"contentUrl\":\"https:\/\/dev.papercut.pl\/mda\/wp-content\/uploads\/2021\/01\/MDA-logo.png\",\"width\":527,\"height\":160,\"caption\":\"MDA\"},\"image\":{\"@id\":\"https:\/\/dev.papercut.pl\/mda\/#\/schema\/logo\/image\/\"},\"sameAs\":[\"https:\/\/www.facebook.com\/MalopolskieDworceAutobusowe\",\"https:\/\/www.instagram.com\/mpk_krakow\/\"]}]}<\/script>\n<!-- \/ Yoast SEO plugin. -->","yoast_head_json":{"title":"Dla akcjonariuszy - MDA","robots":{"index":"noindex","follow":"follow","max-snippet":"max-snippet:-1","max-image-preview":"max-image-preview:large","max-video-preview":"max-video-preview:-1"},"og_locale":"pl_PL","og_type":"article","og_title":"Dla akcjonariuszy - MDA","og_description":"Informacje 28.09.2020 DEMATERIALIZACJA AKCJI 28.09.2020 PROWADZENIE REJESTRU AKCJONARIUSZY PRZEZ PKO BP BM 08.06.2020 WY\u0141O\u017bENIE LISTY AKCJONARIUSZY 18.05.2020 ZWYCZAJNE WALNE ZGROMADZENIE SP\u00d3\u0141KI","og_url":"https:\/\/dev.papercut.pl\/mda\/dla-akcjonariuszy\/","og_site_name":"MDA","article_publisher":"https:\/\/www.facebook.com\/MalopolskieDworceAutobusowe","article_modified_time":"2021-02-02T14:04:42+00:00","og_image":[{"width":1920,"height":1200,"url":"https:\/\/dev.papercut.pl\/mda\/wp-content\/uploads\/2021\/01\/bgm4.jpg","type":"image\/jpeg"}],"twitter_card":"summary_large_image","twitter_misc":{"Szacowany czas czytania":"1 minuta"},"schema":{"@context":"https:\/\/schema.org","@graph":[{"@type":"WebPage","@id":"https:\/\/dev.papercut.pl\/mda\/dla-akcjonariuszy\/","url":"https:\/\/dev.papercut.pl\/mda\/dla-akcjonariuszy\/","name":"Dla akcjonariuszy - MDA","isPartOf":{"@id":"https:\/\/dev.papercut.pl\/mda\/#website"},"primaryImageOfPage":{"@id":"https:\/\/dev.papercut.pl\/mda\/dla-akcjonariuszy\/#primaryimage"},"image":{"@id":"https:\/\/dev.papercut.pl\/mda\/dla-akcjonariuszy\/#primaryimage"},"thumbnailUrl":"https:\/\/dev.papercut.pl\/mda\/wp-content\/uploads\/2021\/01\/bgm4.jpg","datePublished":"2021-02-02T11:13:22+00:00","dateModified":"2021-02-02T14:04:42+00:00","breadcrumb":{"@id":"https:\/\/dev.papercut.pl\/mda\/dla-akcjonariuszy\/#breadcrumb"},"inLanguage":"pl-PL","potentialAction":[{"@type":"ReadAction","target":["https:\/\/dev.papercut.pl\/mda\/dla-akcjonariuszy\/"]}]},{"@type":"ImageObject","inLanguage":"pl-PL","@id":"https:\/\/dev.papercut.pl\/mda\/dla-akcjonariuszy\/#primaryimage","url":"https:\/\/dev.papercut.pl\/mda\/wp-content\/uploads\/2021\/01\/bgm4.jpg","contentUrl":"https:\/\/dev.papercut.pl\/mda\/wp-content\/uploads\/2021\/01\/bgm4.jpg","width":1920,"height":1200},{"@type":"BreadcrumbList","@id":"https:\/\/dev.papercut.pl\/mda\/dla-akcjonariuszy\/#breadcrumb","itemListElement":[{"@type":"ListItem","position":1,"name":"Strona g\u0142\u00f3wna","item":"https:\/\/dev.papercut.pl\/mda\/"},{"@type":"ListItem","position":2,"name":"Dla akcjonariuszy"}]},{"@type":"WebSite","@id":"https:\/\/dev.papercut.pl\/mda\/#website","url":"https:\/\/dev.papercut.pl\/mda\/","name":"MDA","description":"","publisher":{"@id":"https:\/\/dev.papercut.pl\/mda\/#organization"},"potentialAction":[{"@type":"SearchAction","target":{"@type":"EntryPoint","urlTemplate":"https:\/\/dev.papercut.pl\/mda\/?s={search_term_string}"},"query-input":{"@type":"PropertyValueSpecification","valueRequired":true,"valueName":"search_term_string"}}],"inLanguage":"pl-PL"},{"@type":"Organization","@id":"https:\/\/dev.papercut.pl\/mda\/#organization","name":"MDA","url":"https:\/\/dev.papercut.pl\/mda\/","logo":{"@type":"ImageObject","inLanguage":"pl-PL","@id":"https:\/\/dev.papercut.pl\/mda\/#\/schema\/logo\/image\/","url":"https:\/\/dev.papercut.pl\/mda\/wp-content\/uploads\/2021\/01\/MDA-logo.png","contentUrl":"https:\/\/dev.papercut.pl\/mda\/wp-content\/uploads\/2021\/01\/MDA-logo.png","width":527,"height":160,"caption":"MDA"},"image":{"@id":"https:\/\/dev.papercut.pl\/mda\/#\/schema\/logo\/image\/"},"sameAs":["https:\/\/www.facebook.com\/MalopolskieDworceAutobusowe","https:\/\/www.instagram.com\/mpk_krakow\/"]}]}},"_links":{"self":[{"href":"https:\/\/dev.papercut.pl\/mda\/wp-json\/wp\/v2\/pages\/828","targetHints":{"allow":["GET"]}}],"collection":[{"href":"https:\/\/dev.papercut.pl\/mda\/wp-json\/wp\/v2\/pages"}],"about":[{"href":"https:\/\/dev.papercut.pl\/mda\/wp-json\/wp\/v2\/types\/page"}],"author":[{"embeddable":true,"href":"https:\/\/dev.papercut.pl\/mda\/wp-json\/wp\/v2\/users\/1"}],"replies":[{"embeddable":true,"href":"https:\/\/dev.papercut.pl\/mda\/wp-json\/wp\/v2\/comments?post=828"}],"version-history":[{"count":15,"href":"https:\/\/dev.papercut.pl\/mda\/wp-json\/wp\/v2\/pages\/828\/revisions"}],"predecessor-version":[{"id":873,"href":"https:\/\/dev.papercut.pl\/mda\/wp-json\/wp\/v2\/pages\/828\/revisions\/873"}],"wp:featuredmedia":[{"embeddable":true,"href":"https:\/\/dev.papercut.pl\/mda\/wp-json\/wp\/v2\/media\/260"}],"wp:attachment":[{"href":"https:\/\/dev.papercut.pl\/mda\/wp-json\/wp\/v2\/media?parent=828"}],"curies":[{"name":"wp","href":"https:\/\/api.w.org\/{rel}","templated":true}]}}