{"id":769,"date":"2021-02-01T14:29:28","date_gmt":"2021-02-01T13:29:28","guid":{"rendered":"http:\/\/dev.papercut.pl\/mda\/dla-podroznych-copy\/"},"modified":"2021-02-02T10:36:56","modified_gmt":"2021-02-02T09:36:56","slug":"dojazd","status":"publish","type":"page","link":"https:\/\/dev.papercut.pl\/mda\/kontakt\/dojazd\/","title":{"rendered":"DOJAZD"},"content":{"rendered":"\n<h2 class=\"has-text-align-left mb__1 fade-up wp-block-heading\">Dojazd Krak\u00f3w<\/h2>\n\n\n\n<div class=\"wp-block-columns mt__0 is-layout-flex wp-container-core-columns-is-layout-9d6595d7 wp-block-columns-is-layout-flex\">\n<div class=\"wp-block-column fade-columns is-layout-flow wp-block-column-is-layout-flow\">\n<h3 class=\"wp-block-heading\">Samoch\u00f3d<\/h3>\n\n\n\n<p>Pasa\u017cerowie mog\u0105 dojecha\u0107 do dworca autobusowego<br>MDA w Krakowie:<\/p>\n\n\n\n<ul class=\"wp-block-list\"><li><strong><span style=\"color:#003a77\">korzystaj\u0105c z KISS&amp;RIDE<\/span><\/strong><br>(wyznaczone miejsca s\u0142u\u017c\u0105 do kr\u00f3tkiego postoju 1-2 minut).<\/li><li><strong><span style=\"color:#003a77\">od strony ul. Pawiej<\/span><\/strong><br>z wykorzystaniem wjazdu na parking Galerii Krakowskiej, po\u0142\u0105czony z g\u00f3rn\u0105 oraz doln\u0105 p\u0142yt\u0105 dworca wind\u0105.<\/li><\/ul>\n\n\n\n<p><strong>Parking wewn\u0119trzny czynny<\/strong>:<br>poniedzia\u0142ek\u2013sobota: 08:00 \u2013 23:00<br>niedziela: 09:00 \u2013 22:00<\/p>\n\n\n\n<p><strong>Parking zewn\u0119trzny czynny 24\/7<\/strong>.<br>Do 15 minut parkowanie jest bezp\u0142atne.<\/p>\n\n\n\n<ul class=\"wp-block-list\"><li><strong><span style=\"color:#003a77\">od strony ul. Rakowickiej<\/span><\/strong><br>(skr\u0119t w ul. Kurkow\u0105)<\/li><\/ul>\n\n\n\n<p>Ze wzgl\u0119d\u00f3w bezpiecze\u0144stwa wjazd na p\u0142yt\u0119 dworca MDA mo\u017cliwy jest wy\u0142\u0105cznie dla pojazd\u00f3w posiadaj\u0105cych zezwolenie.<\/p>\n<\/div>\n\n\n\n<div class=\"wp-block-column fade-columns is-layout-flow wp-block-column-is-layout-flow\">\n<h3 class=\"wp-block-heading\">Komunikacja miejska<\/h3>\n\n\n\n<p>W pobli\u017cu Dworca autobusowego znajduj\u0105 si\u0119 liczne przystanki komunikacji miejskiej. W celu wyboru dogodnego dojazdu zamieszczamy poni\u017cej nazwy przystank\u00f3w oraz numery linii autobusowych i tramwajowych zlokalizowanych<br>w bezpo\u015brednim s\u0105siedztwie Dworca MDA.<\/p>\n\n\n\n<p><strong><span style=\"color:#003a77\">Przystanek Teatr S\u0142owackiego<\/span><\/strong><br>tramwaje 2, 3, 4, 10, 14, 20, 24, 52.<br>autobusy 124, 152, 424, 502, 601, 605, 608, 610, 662, 664, 669 (linie miejskie), 902<br>i 904 (linie aglomeracyjne).<\/p>\n\n\n\n<p><strong><span style=\"color:#003a77\">Przystanek Dworzec G\u0142\u00f3wny Wsch\u00f3d<\/span><\/strong><br>autobusy 182, 189, 192, 537 (linie miejskie), 208 oraz 902 (linie aglomeracyjne)<\/p>\n\n\n\n<p><strong><span style=\"color:#003a77\">Przystanek Dworzec G\u0142\u00f3wny Zach\u00f3d<\/span><\/strong><br>tramwaje 3<br>autobusy 105, 129, 130, 179, 405, 608, 610, 669 (linie miejskie) 304, 902 oraz 904<br>(linie aglomeracyjne)<\/p>\n\n\n\n<p><strong><span style=\"color:#003a77\">Przystanek Dworzec G\u0142\u00f3wny Tunel<\/span><br><\/strong>tramwaje 5, 19, 50 (miejskie)<\/p>\n\n\n\n<p>Aktualne rozk\u0142ady dost\u0119pne na stronie: <a href=\"http:\/\/rozklady.mpk.krakow.pl\/\" target=\"_blank\" rel=\"noreferrer noopener\">rozklady.mpk.krakow.pl<\/a><\/p>\n<\/div>\n<\/div>\n\n\n\n<div class=\"wp-block-columns is-layout-flex wp-container-core-columns-is-layout-9d6595d7 wp-block-columns-is-layout-flex\">\n<div class=\"wp-block-column fade-columns is-layout-flow wp-block-column-is-layout-flow\">\n<h3 class=\"wp-block-heading\">Poci\u0105g<\/h3>\n\n\n\n<p>Stacja kolejowa PKP Krak\u00f3w G\u0142\u00f3wny znajduje si\u0119 w bezpo\u015brednim s\u0105siedztwie<br>Dworca Autobusowego MDA w Krakowie. Pasa\u017cerowie chc\u0105cy przemie\u015bci\u0107 si\u0119 pomi\u0119dzy dworcami mog\u0105 skorzysta\u0107 z tunelu Magda, pasa\u017cu dworca PKP oraz windy \u0142\u0105cz\u0105cej hol dworca kolejowego z doln\u0105 i g\u00f3rn\u0105 p\u0142yt\u0105 dworca MDA.<\/p>\n\n\n\n<h3 class=\"wp-block-heading\">TAXI<\/h3>\n\n\n\n<p>Numer telefonu: <strong>518 91 92 55<\/strong> (op\u0142ata za po\u0142\u0105czenie zgodna z cennikiem operatora).<\/p>\n<\/div>\n\n\n\n<div class=\"wp-block-column fade-columns is-layout-flow wp-block-column-is-layout-flow\">\n<h3 class=\"wp-block-heading\">Samolot<\/h3>\n\n\n\n<p>Transport pomi\u0119dzy Dworcem Autobusowym MDA w Krakowie a Portem Lotniczym<br>im. Jana Paw\u0142a II w Balicach obs\u0142uguj\u0105 linie autobusowe komunikacji miejskiej oraz poci\u0105gi Kolei Ma\u0142opolskich.<br><\/p>\n\n\n\n<ul class=\"wp-block-list\"><li>linia autobusowa dzienna 208<\/li><li>linia autobusowa nocna 902. Czas przejazdu to oko\u0142o 40 minut.<\/li><li>poci\u0105gi Kolei Ma\u0142opolskich na trasie Krak\u00f3w Lotnisko \u2013 Krak\u00f3w G\u0142\u00f3wny.<\/li><\/ul>\n<\/div>\n<\/div>\n\n\n\n<h2 class=\"has-text-align-left mb__1 fade-up wp-block-heading\">Dojazd Nowy S\u0105cz<\/h2>\n\n\n\n<div class=\"wp-block-columns mt__0 is-layout-flex wp-container-core-columns-is-layout-9d6595d7 wp-block-columns-is-layout-flex\">\n<div class=\"wp-block-column fade-columns is-layout-flow wp-block-column-is-layout-flow\">\n<h3 class=\"wp-block-heading\">Samoch\u00f3d<\/h3>\n\n\n\n<p class=\"has-text-align-left\">Pasa\u017cerowie mog\u0105 dojecha\u0107 do dworca autobusowego MDA od strony placu gen. Henryka D\u0105browskiego, <span style=\"color:#003a77\"><strong>korzystaj\u0105c ze stanowiska KISS&amp;RIDE<\/strong><\/span> (wyznaczone miejsce s\u0142u\u017cy do kr\u00f3tkiego postoju 1-2 minut).<\/p>\n\n\n\n<p class=\"has-text-align-left\">Ze wzgl\u0119d\u00f3w bezpiecze\u0144stwa wjazd na p\u0142yt\u0119 dworca MDA mo\u017cliwy jest wy\u0142\u0105cznie dla pojazd\u00f3w posiadaj\u0105cych zezwolenie.<\/p>\n<\/div>\n\n\n\n<div class=\"wp-block-column fade-columns is-layout-flow wp-block-column-is-layout-flow\">\n<h3 class=\"wp-block-heading\">Komunikacja miejska<\/h3>\n\n\n\n<p>Przy al. Wolno\u015bci znajduje si\u0119 przystanek komunikacji miejskiej oraz podmiejskiej obs\u0142uguj\u0105cy nast\u0119puj\u0105ce linie autobusowe:<\/p>\n\n\n\n<p><strong><span style=\"color:#003a77\">Miejskie<\/span><\/strong> <br>3, 5, 7, 9, 12, 17, 25, 31, 41, 42<\/p>\n\n\n\n<p><strong><span style=\"color:#003a77\">Podmiejskie<\/span><\/strong><br>2, 11, 14, 15, 18, 24, 26, 27, 33, 34, 37, 39, 43, 47, 49<\/p>\n\n\n\n<p><strong><span style=\"color: #003a77;\">Nocne<\/span><\/strong><br>101, 102<\/p>\n\n\n\n<p>Aktualne rozk\u0142ady dost\u0119pne na stronie: <a href=\"http:\/\/www.mpk.nowysacz.pl\/\" target=\"_blank\" rel=\"noreferrer noopener\">www.mpk.nowysacz.pl<\/a><\/p>\n<\/div>\n<\/div>\n","protected":false},"excerpt":{"rendered":"<p>Dojazd Krak\u00f3w Samoch\u00f3d Pasa\u017cerowie mog\u0105 dojecha\u0107 do dworca autobusowegoMDA w Krakowie: korzystaj\u0105c z KISS&amp;RIDE(wyznaczone miejsca s\u0142u\u017c\u0105 do kr\u00f3tkiego postoju 1-2 minut). od strony ul. Pawiejz wykorzystaniem wjazdu na parking Galerii Krakowskiej, po\u0142\u0105czony z g\u00f3rn\u0105 oraz doln\u0105 p\u0142yt\u0105 dworca wind\u0105. Parking wewn\u0119trzny czynny:poniedzia\u0142ek\u2013sobota: 08:00 \u2013 23:00niedziela: 09:00 \u2013 22:00 Parking zewn\u0119trzny czynny 24\/7.Do 15 minut parkowanie [&hellip;]<\/p>\n","protected":false},"author":1,"featured_media":113,"parent":763,"menu_order":16,"comment_status":"closed","ping_status":"closed","template":"templates\/template-history.php","meta":{"footnotes":""},"class_list":["post-769","page","type-page","status-publish","has-post-thumbnail","hentry"],"yoast_head":"<!-- This site is optimized with the Yoast SEO plugin v26.9 - https:\/\/yoast.com\/product\/yoast-seo-wordpress\/ -->\n<title>DOJAZD - MDA<\/title>\n<meta name=\"robots\" content=\"noindex, follow, max-snippet:-1, max-image-preview:large, max-video-preview:-1\" \/>\n<meta property=\"og:locale\" content=\"pl_PL\" \/>\n<meta property=\"og:type\" content=\"article\" \/>\n<meta property=\"og:title\" content=\"DOJAZD - MDA\" \/>\n<meta property=\"og:description\" content=\"Dojazd Krak\u00f3w Samoch\u00f3d Pasa\u017cerowie mog\u0105 dojecha\u0107 do dworca autobusowegoMDA w Krakowie: korzystaj\u0105c z KISS&amp;RIDE(wyznaczone miejsca s\u0142u\u017c\u0105 do kr\u00f3tkiego postoju 1-2 minut). od strony ul. Pawiejz wykorzystaniem wjazdu na parking Galerii Krakowskiej, po\u0142\u0105czony z g\u00f3rn\u0105 oraz doln\u0105 p\u0142yt\u0105 dworca wind\u0105. Parking wewn\u0119trzny czynny:poniedzia\u0142ek\u2013sobota: 08:00 \u2013 23:00niedziela: 09:00 \u2013 22:00 Parking zewn\u0119trzny czynny 24\/7.Do 15 minut parkowanie [&hellip;]\" \/>\n<meta property=\"og:url\" content=\"https:\/\/dev.papercut.pl\/mda\/kontakt\/dojazd\/\" \/>\n<meta property=\"og:site_name\" content=\"MDA\" \/>\n<meta property=\"article:publisher\" content=\"https:\/\/www.facebook.com\/MalopolskieDworceAutobusowe\" \/>\n<meta property=\"article:modified_time\" content=\"2021-02-02T09:36:56+00:00\" \/>\n<meta property=\"og:image\" content=\"https:\/\/dev.papercut.pl\/mda\/wp-content\/uploads\/2021\/01\/dla-podroznych-head.png\" \/>\n\t<meta property=\"og:image:width\" content=\"1920\" \/>\n\t<meta property=\"og:image:height\" content=\"503\" \/>\n\t<meta property=\"og:image:type\" content=\"image\/png\" \/>\n<meta name=\"twitter:card\" content=\"summary_large_image\" \/>\n<meta name=\"twitter:label1\" content=\"Szacowany czas czytania\" \/>\n\t<meta name=\"twitter:data1\" content=\"2 minuty\" \/>\n<script type=\"application\/ld+json\" class=\"yoast-schema-graph\">{\"@context\":\"https:\/\/schema.org\",\"@graph\":[{\"@type\":\"WebPage\",\"@id\":\"https:\/\/dev.papercut.pl\/mda\/kontakt\/dojazd\/\",\"url\":\"https:\/\/dev.papercut.pl\/mda\/kontakt\/dojazd\/\",\"name\":\"DOJAZD - MDA\",\"isPartOf\":{\"@id\":\"https:\/\/dev.papercut.pl\/mda\/#website\"},\"primaryImageOfPage\":{\"@id\":\"https:\/\/dev.papercut.pl\/mda\/kontakt\/dojazd\/#primaryimage\"},\"image\":{\"@id\":\"https:\/\/dev.papercut.pl\/mda\/kontakt\/dojazd\/#primaryimage\"},\"thumbnailUrl\":\"https:\/\/dev.papercut.pl\/mda\/wp-content\/uploads\/2021\/01\/dla-podroznych-head.png\",\"datePublished\":\"2021-02-01T13:29:28+00:00\",\"dateModified\":\"2021-02-02T09:36:56+00:00\",\"breadcrumb\":{\"@id\":\"https:\/\/dev.papercut.pl\/mda\/kontakt\/dojazd\/#breadcrumb\"},\"inLanguage\":\"pl-PL\",\"potentialAction\":[{\"@type\":\"ReadAction\",\"target\":[\"https:\/\/dev.papercut.pl\/mda\/kontakt\/dojazd\/\"]}]},{\"@type\":\"ImageObject\",\"inLanguage\":\"pl-PL\",\"@id\":\"https:\/\/dev.papercut.pl\/mda\/kontakt\/dojazd\/#primaryimage\",\"url\":\"https:\/\/dev.papercut.pl\/mda\/wp-content\/uploads\/2021\/01\/dla-podroznych-head.png\",\"contentUrl\":\"https:\/\/dev.papercut.pl\/mda\/wp-content\/uploads\/2021\/01\/dla-podroznych-head.png\",\"width\":1920,\"height\":503},{\"@type\":\"BreadcrumbList\",\"@id\":\"https:\/\/dev.papercut.pl\/mda\/kontakt\/dojazd\/#breadcrumb\",\"itemListElement\":[{\"@type\":\"ListItem\",\"position\":1,\"name\":\"Strona g\u0142\u00f3wna\",\"item\":\"https:\/\/dev.papercut.pl\/mda\/\"},{\"@type\":\"ListItem\",\"position\":2,\"name\":\"KONTAKT\",\"item\":\"https:\/\/dev.papercut.pl\/mda\/kontakt\/\"},{\"@type\":\"ListItem\",\"position\":3,\"name\":\"DOJAZD\"}]},{\"@type\":\"WebSite\",\"@id\":\"https:\/\/dev.papercut.pl\/mda\/#website\",\"url\":\"https:\/\/dev.papercut.pl\/mda\/\",\"name\":\"MDA\",\"description\":\"\",\"publisher\":{\"@id\":\"https:\/\/dev.papercut.pl\/mda\/#organization\"},\"potentialAction\":[{\"@type\":\"SearchAction\",\"target\":{\"@type\":\"EntryPoint\",\"urlTemplate\":\"https:\/\/dev.papercut.pl\/mda\/?s={search_term_string}\"},\"query-input\":{\"@type\":\"PropertyValueSpecification\",\"valueRequired\":true,\"valueName\":\"search_term_string\"}}],\"inLanguage\":\"pl-PL\"},{\"@type\":\"Organization\",\"@id\":\"https:\/\/dev.papercut.pl\/mda\/#organization\",\"name\":\"MDA\",\"url\":\"https:\/\/dev.papercut.pl\/mda\/\",\"logo\":{\"@type\":\"ImageObject\",\"inLanguage\":\"pl-PL\",\"@id\":\"https:\/\/dev.papercut.pl\/mda\/#\/schema\/logo\/image\/\",\"url\":\"https:\/\/dev.papercut.pl\/mda\/wp-content\/uploads\/2021\/01\/MDA-logo.png\",\"contentUrl\":\"https:\/\/dev.papercut.pl\/mda\/wp-content\/uploads\/2021\/01\/MDA-logo.png\",\"width\":527,\"height\":160,\"caption\":\"MDA\"},\"image\":{\"@id\":\"https:\/\/dev.papercut.pl\/mda\/#\/schema\/logo\/image\/\"},\"sameAs\":[\"https:\/\/www.facebook.com\/MalopolskieDworceAutobusowe\",\"https:\/\/www.instagram.com\/mpk_krakow\/\"]}]}<\/script>\n<!-- \/ Yoast SEO plugin. -->","yoast_head_json":{"title":"DOJAZD - MDA","robots":{"index":"noindex","follow":"follow","max-snippet":"max-snippet:-1","max-image-preview":"max-image-preview:large","max-video-preview":"max-video-preview:-1"},"og_locale":"pl_PL","og_type":"article","og_title":"DOJAZD - MDA","og_description":"Dojazd Krak\u00f3w Samoch\u00f3d Pasa\u017cerowie mog\u0105 dojecha\u0107 do dworca autobusowegoMDA w Krakowie: korzystaj\u0105c z KISS&amp;RIDE(wyznaczone miejsca s\u0142u\u017c\u0105 do kr\u00f3tkiego postoju 1-2 minut). od strony ul. Pawiejz wykorzystaniem wjazdu na parking Galerii Krakowskiej, po\u0142\u0105czony z g\u00f3rn\u0105 oraz doln\u0105 p\u0142yt\u0105 dworca wind\u0105. Parking wewn\u0119trzny czynny:poniedzia\u0142ek\u2013sobota: 08:00 \u2013 23:00niedziela: 09:00 \u2013 22:00 Parking zewn\u0119trzny czynny 24\/7.Do 15 minut parkowanie [&hellip;]","og_url":"https:\/\/dev.papercut.pl\/mda\/kontakt\/dojazd\/","og_site_name":"MDA","article_publisher":"https:\/\/www.facebook.com\/MalopolskieDworceAutobusowe","article_modified_time":"2021-02-02T09:36:56+00:00","og_image":[{"width":1920,"height":503,"url":"https:\/\/dev.papercut.pl\/mda\/wp-content\/uploads\/2021\/01\/dla-podroznych-head.png","type":"image\/png"}],"twitter_card":"summary_large_image","twitter_misc":{"Szacowany czas czytania":"2 minuty"},"schema":{"@context":"https:\/\/schema.org","@graph":[{"@type":"WebPage","@id":"https:\/\/dev.papercut.pl\/mda\/kontakt\/dojazd\/","url":"https:\/\/dev.papercut.pl\/mda\/kontakt\/dojazd\/","name":"DOJAZD - MDA","isPartOf":{"@id":"https:\/\/dev.papercut.pl\/mda\/#website"},"primaryImageOfPage":{"@id":"https:\/\/dev.papercut.pl\/mda\/kontakt\/dojazd\/#primaryimage"},"image":{"@id":"https:\/\/dev.papercut.pl\/mda\/kontakt\/dojazd\/#primaryimage"},"thumbnailUrl":"https:\/\/dev.papercut.pl\/mda\/wp-content\/uploads\/2021\/01\/dla-podroznych-head.png","datePublished":"2021-02-01T13:29:28+00:00","dateModified":"2021-02-02T09:36:56+00:00","breadcrumb":{"@id":"https:\/\/dev.papercut.pl\/mda\/kontakt\/dojazd\/#breadcrumb"},"inLanguage":"pl-PL","potentialAction":[{"@type":"ReadAction","target":["https:\/\/dev.papercut.pl\/mda\/kontakt\/dojazd\/"]}]},{"@type":"ImageObject","inLanguage":"pl-PL","@id":"https:\/\/dev.papercut.pl\/mda\/kontakt\/dojazd\/#primaryimage","url":"https:\/\/dev.papercut.pl\/mda\/wp-content\/uploads\/2021\/01\/dla-podroznych-head.png","contentUrl":"https:\/\/dev.papercut.pl\/mda\/wp-content\/uploads\/2021\/01\/dla-podroznych-head.png","width":1920,"height":503},{"@type":"BreadcrumbList","@id":"https:\/\/dev.papercut.pl\/mda\/kontakt\/dojazd\/#breadcrumb","itemListElement":[{"@type":"ListItem","position":1,"name":"Strona g\u0142\u00f3wna","item":"https:\/\/dev.papercut.pl\/mda\/"},{"@type":"ListItem","position":2,"name":"KONTAKT","item":"https:\/\/dev.papercut.pl\/mda\/kontakt\/"},{"@type":"ListItem","position":3,"name":"DOJAZD"}]},{"@type":"WebSite","@id":"https:\/\/dev.papercut.pl\/mda\/#website","url":"https:\/\/dev.papercut.pl\/mda\/","name":"MDA","description":"","publisher":{"@id":"https:\/\/dev.papercut.pl\/mda\/#organization"},"potentialAction":[{"@type":"SearchAction","target":{"@type":"EntryPoint","urlTemplate":"https:\/\/dev.papercut.pl\/mda\/?s={search_term_string}"},"query-input":{"@type":"PropertyValueSpecification","valueRequired":true,"valueName":"search_term_string"}}],"inLanguage":"pl-PL"},{"@type":"Organization","@id":"https:\/\/dev.papercut.pl\/mda\/#organization","name":"MDA","url":"https:\/\/dev.papercut.pl\/mda\/","logo":{"@type":"ImageObject","inLanguage":"pl-PL","@id":"https:\/\/dev.papercut.pl\/mda\/#\/schema\/logo\/image\/","url":"https:\/\/dev.papercut.pl\/mda\/wp-content\/uploads\/2021\/01\/MDA-logo.png","contentUrl":"https:\/\/dev.papercut.pl\/mda\/wp-content\/uploads\/2021\/01\/MDA-logo.png","width":527,"height":160,"caption":"MDA"},"image":{"@id":"https:\/\/dev.papercut.pl\/mda\/#\/schema\/logo\/image\/"},"sameAs":["https:\/\/www.facebook.com\/MalopolskieDworceAutobusowe","https:\/\/www.instagram.com\/mpk_krakow\/"]}]}},"_links":{"self":[{"href":"https:\/\/dev.papercut.pl\/mda\/wp-json\/wp\/v2\/pages\/769","targetHints":{"allow":["GET"]}}],"collection":[{"href":"https:\/\/dev.papercut.pl\/mda\/wp-json\/wp\/v2\/pages"}],"about":[{"href":"https:\/\/dev.papercut.pl\/mda\/wp-json\/wp\/v2\/types\/page"}],"author":[{"embeddable":true,"href":"https:\/\/dev.papercut.pl\/mda\/wp-json\/wp\/v2\/users\/1"}],"replies":[{"embeddable":true,"href":"https:\/\/dev.papercut.pl\/mda\/wp-json\/wp\/v2\/comments?post=769"}],"version-history":[{"count":14,"href":"https:\/\/dev.papercut.pl\/mda\/wp-json\/wp\/v2\/pages\/769\/revisions"}],"predecessor-version":[{"id":806,"href":"https:\/\/dev.papercut.pl\/mda\/wp-json\/wp\/v2\/pages\/769\/revisions\/806"}],"up":[{"embeddable":true,"href":"https:\/\/dev.papercut.pl\/mda\/wp-json\/wp\/v2\/pages\/763"}],"wp:featuredmedia":[{"embeddable":true,"href":"https:\/\/dev.papercut.pl\/mda\/wp-json\/wp\/v2\/media\/113"}],"wp:attachment":[{"href":"https:\/\/dev.papercut.pl\/mda\/wp-json\/wp\/v2\/media?parent=769"}],"curies":[{"name":"wp","href":"https:\/\/api.w.org\/{rel}","templated":true}]}}