{"id":763,"date":"2021-02-01T14:16:49","date_gmt":"2021-02-01T13:16:49","guid":{"rendered":"http:\/\/dev.papercut.pl\/mda\/?page_id=763"},"modified":"2021-02-03T08:19:19","modified_gmt":"2021-02-03T07:19:19","slug":"kontakt","status":"publish","type":"page","link":"https:\/\/dev.papercut.pl\/mda\/kontakt\/","title":{"rendered":"KONTAKT"},"content":{"rendered":"\n<h4 class=\"wp-block-heading\"><strong>S<\/strong>IEDZIBA SP\u00d3\u0141KI<\/h4>\n\n\n\n<p>Sp\u00f3\u0142ka Ma\u0142opolskie Dworce Autobusowe S.A.<br>ul. Mosi\u0119\u017cnicza 3<br>31-547 Krak\u00f3w<br>e-mail: sekretariat@mda.malopolska.pl<\/p>\n\n\n\n<h4 class=\"wp-block-heading\"><strong>DWORZEC AUTOBUSOWY MDA S.A. w K<\/strong>rakowie<\/h4>\n\n\n\n<p>ul. Bosacka 18<br>31-505 Krak\u00f3w<\/p>\n\n\n\n<h4 class=\"wp-block-heading\"><strong>DWORZEC AUTOBUSOWY MDA S.A. w Nowym S\u0105czu<\/strong><\/h4>\n\n\n\n<p>pl. gen. Henryka D\u0105browskiego 2<br>33-300 Nowy S\u0105cz<\/p>\n\n\n\n<h4 class=\"wp-block-heading\"><strong>WYNAJEM LOKALI<\/strong><\/h4>\n\n\n\n<p>najem@mda.malopolska.pl<\/p>\n\n\n\n<p>Anna Kusto\u015b<br>e-mail: anna.kustos@mda.malopolska.pl<\/p>\n\n\n\n<h4 class=\"wp-block-heading\"><strong>WYNAJEM POWIERZCHNI REKLAMOWYCH<\/strong><\/h4>\n\n\n\n<p>reklama@mda.malopolska.pl<\/p>\n\n\n\n<p>Katarzyna Synowiec<br>e-mail: katarzyna.synowiec@mda.malopolska.pl<br><br>Agnieszka Pawe\u0142oszek<br>e-mail: agnieszka.paweloszek@mda.malopolska.pl<\/p>\n\n\n\n<h4 class=\"wp-block-heading\"><strong>INSPEKTOR OCHRONY DANYCH OSOBOWYCH<\/strong><\/h4>\n\n\n\n<p>Joanna Olech-Kaczmarczyk<br>e-mail: iodo@mda.malopolska.pl<\/p>\n\n\n\n<h4 class=\"wp-block-heading\"><strong>DZIA\u0141 PRZEWOZ\u00d3W<\/strong><\/h4>\n\n\n\n<p>przewozy@mda.malopolska.pl<\/p>\n\n\n\n<h4 class=\"wp-block-heading\"><strong>OBS\u0141UGA ZARZ\u0104DC\u00d3W<\/strong> DWORC\u00d3W<\/h4>\n\n\n\n<p>Piotr Kulpi\u0144ski<br>e-mail: piotr.kulpinski@mda.malopolska.pl<br>tel.: 519 466 106<\/p>\n\n\n\n<h4 class=\"wp-block-heading\"><strong>OBS\u0141UGA AKCJONARIUSZY<\/strong><\/h4>\n\n\n\n<p>sekretariat@mda.malopolska.pl<\/p>\n","protected":false},"excerpt":{"rendered":"<p>SIEDZIBA SP\u00d3\u0141KI Sp\u00f3\u0142ka Ma\u0142opolskie Dworce Autobusowe S.A.ul. Mosi\u0119\u017cnicza 331-547 Krak\u00f3we-mail: sekretariat@mda.malopolska.pl DWORZEC AUTOBUSOWY MDA S.A. w Krakowie ul. Bosacka 1831-505 Krak\u00f3w DWORZEC AUTOBUSOWY MDA S.A. w Nowym S\u0105czu pl. gen. Henryka D\u0105browskiego 233-300 Nowy S\u0105cz WYNAJEM LOKALI najem@mda.malopolska.pl Anna Kusto\u015be-mail: anna.kustos@mda.malopolska.pl WYNAJEM POWIERZCHNI REKLAMOWYCH reklama@mda.malopolska.pl Katarzyna Synowiece-mail: katarzyna.synowiec@mda.malopolska.pl Agnieszka Pawe\u0142oszeke-mail: agnieszka.paweloszek@mda.malopolska.pl INSPEKTOR OCHRONY DANYCH OSOBOWYCH [&hellip;]<\/p>\n","protected":false},"author":2,"featured_media":0,"parent":0,"menu_order":8,"comment_status":"closed","ping_status":"closed","template":"","meta":{"footnotes":""},"class_list":["post-763","page","type-page","status-publish","hentry"],"yoast_head":"<!-- This site is optimized with the Yoast SEO plugin v26.9 - https:\/\/yoast.com\/product\/yoast-seo-wordpress\/ -->\n<title>KONTAKT - MDA<\/title>\n<meta name=\"robots\" content=\"noindex, follow, max-snippet:-1, max-image-preview:large, max-video-preview:-1\" \/>\n<meta property=\"og:locale\" content=\"pl_PL\" \/>\n<meta property=\"og:type\" content=\"article\" \/>\n<meta property=\"og:title\" content=\"KONTAKT - MDA\" \/>\n<meta property=\"og:description\" content=\"SIEDZIBA SP\u00d3\u0141KI Sp\u00f3\u0142ka Ma\u0142opolskie Dworce Autobusowe S.A.ul. Mosi\u0119\u017cnicza 331-547 Krak\u00f3we-mail: sekretariat@mda.malopolska.pl DWORZEC AUTOBUSOWY MDA S.A. w Krakowie ul. Bosacka 1831-505 Krak\u00f3w DWORZEC AUTOBUSOWY MDA S.A. w Nowym S\u0105czu pl. gen. Henryka D\u0105browskiego 233-300 Nowy S\u0105cz WYNAJEM LOKALI najem@mda.malopolska.pl Anna Kusto\u015be-mail: anna.kustos@mda.malopolska.pl WYNAJEM POWIERZCHNI REKLAMOWYCH reklama@mda.malopolska.pl Katarzyna Synowiece-mail: katarzyna.synowiec@mda.malopolska.pl Agnieszka Pawe\u0142oszeke-mail: agnieszka.paweloszek@mda.malopolska.pl INSPEKTOR OCHRONY DANYCH OSOBOWYCH [&hellip;]\" \/>\n<meta property=\"og:url\" content=\"https:\/\/dev.papercut.pl\/mda\/kontakt\/\" \/>\n<meta property=\"og:site_name\" content=\"MDA\" \/>\n<meta property=\"article:publisher\" content=\"https:\/\/www.facebook.com\/MalopolskieDworceAutobusowe\" \/>\n<meta property=\"article:modified_time\" content=\"2021-02-03T07:19:19+00:00\" \/>\n<meta property=\"og:image\" content=\"https:\/\/dev.papercut.pl\/mda\/wp-content\/uploads\/2021\/01\/137051683_1559589810890912_8780083932668243964_o.jpg\" \/>\n\t<meta property=\"og:image:width\" content=\"2048\" \/>\n\t<meta property=\"og:image:height\" content=\"1366\" \/>\n\t<meta property=\"og:image:type\" content=\"image\/jpeg\" \/>\n<meta name=\"twitter:card\" content=\"summary_large_image\" \/>\n<meta name=\"twitter:label1\" content=\"Szacowany czas czytania\" \/>\n\t<meta name=\"twitter:data1\" content=\"1 minuta\" \/>\n<script type=\"application\/ld+json\" class=\"yoast-schema-graph\">{\"@context\":\"https:\/\/schema.org\",\"@graph\":[{\"@type\":\"WebPage\",\"@id\":\"https:\/\/dev.papercut.pl\/mda\/kontakt\/\",\"url\":\"https:\/\/dev.papercut.pl\/mda\/kontakt\/\",\"name\":\"KONTAKT - MDA\",\"isPartOf\":{\"@id\":\"https:\/\/dev.papercut.pl\/mda\/#website\"},\"datePublished\":\"2021-02-01T13:16:49+00:00\",\"dateModified\":\"2021-02-03T07:19:19+00:00\",\"breadcrumb\":{\"@id\":\"https:\/\/dev.papercut.pl\/mda\/kontakt\/#breadcrumb\"},\"inLanguage\":\"pl-PL\",\"potentialAction\":[{\"@type\":\"ReadAction\",\"target\":[\"https:\/\/dev.papercut.pl\/mda\/kontakt\/\"]}]},{\"@type\":\"BreadcrumbList\",\"@id\":\"https:\/\/dev.papercut.pl\/mda\/kontakt\/#breadcrumb\",\"itemListElement\":[{\"@type\":\"ListItem\",\"position\":1,\"name\":\"Strona g\u0142\u00f3wna\",\"item\":\"https:\/\/dev.papercut.pl\/mda\/\"},{\"@type\":\"ListItem\",\"position\":2,\"name\":\"KONTAKT\"}]},{\"@type\":\"WebSite\",\"@id\":\"https:\/\/dev.papercut.pl\/mda\/#website\",\"url\":\"https:\/\/dev.papercut.pl\/mda\/\",\"name\":\"MDA\",\"description\":\"\",\"publisher\":{\"@id\":\"https:\/\/dev.papercut.pl\/mda\/#organization\"},\"potentialAction\":[{\"@type\":\"SearchAction\",\"target\":{\"@type\":\"EntryPoint\",\"urlTemplate\":\"https:\/\/dev.papercut.pl\/mda\/?s={search_term_string}\"},\"query-input\":{\"@type\":\"PropertyValueSpecification\",\"valueRequired\":true,\"valueName\":\"search_term_string\"}}],\"inLanguage\":\"pl-PL\"},{\"@type\":\"Organization\",\"@id\":\"https:\/\/dev.papercut.pl\/mda\/#organization\",\"name\":\"MDA\",\"url\":\"https:\/\/dev.papercut.pl\/mda\/\",\"logo\":{\"@type\":\"ImageObject\",\"inLanguage\":\"pl-PL\",\"@id\":\"https:\/\/dev.papercut.pl\/mda\/#\/schema\/logo\/image\/\",\"url\":\"https:\/\/dev.papercut.pl\/mda\/wp-content\/uploads\/2021\/01\/MDA-logo.png\",\"contentUrl\":\"https:\/\/dev.papercut.pl\/mda\/wp-content\/uploads\/2021\/01\/MDA-logo.png\",\"width\":527,\"height\":160,\"caption\":\"MDA\"},\"image\":{\"@id\":\"https:\/\/dev.papercut.pl\/mda\/#\/schema\/logo\/image\/\"},\"sameAs\":[\"https:\/\/www.facebook.com\/MalopolskieDworceAutobusowe\",\"https:\/\/www.instagram.com\/mpk_krakow\/\"]}]}<\/script>\n<!-- \/ Yoast SEO plugin. -->","yoast_head_json":{"title":"KONTAKT - MDA","robots":{"index":"noindex","follow":"follow","max-snippet":"max-snippet:-1","max-image-preview":"max-image-preview:large","max-video-preview":"max-video-preview:-1"},"og_locale":"pl_PL","og_type":"article","og_title":"KONTAKT - MDA","og_description":"SIEDZIBA SP\u00d3\u0141KI Sp\u00f3\u0142ka Ma\u0142opolskie Dworce Autobusowe S.A.ul. Mosi\u0119\u017cnicza 331-547 Krak\u00f3we-mail: sekretariat@mda.malopolska.pl DWORZEC AUTOBUSOWY MDA S.A. w Krakowie ul. Bosacka 1831-505 Krak\u00f3w DWORZEC AUTOBUSOWY MDA S.A. w Nowym S\u0105czu pl. gen. Henryka D\u0105browskiego 233-300 Nowy S\u0105cz WYNAJEM LOKALI najem@mda.malopolska.pl Anna Kusto\u015be-mail: anna.kustos@mda.malopolska.pl WYNAJEM POWIERZCHNI REKLAMOWYCH reklama@mda.malopolska.pl Katarzyna Synowiece-mail: katarzyna.synowiec@mda.malopolska.pl Agnieszka Pawe\u0142oszeke-mail: agnieszka.paweloszek@mda.malopolska.pl INSPEKTOR OCHRONY DANYCH OSOBOWYCH [&hellip;]","og_url":"https:\/\/dev.papercut.pl\/mda\/kontakt\/","og_site_name":"MDA","article_publisher":"https:\/\/www.facebook.com\/MalopolskieDworceAutobusowe","article_modified_time":"2021-02-03T07:19:19+00:00","og_image":[{"width":2048,"height":1366,"url":"https:\/\/dev.papercut.pl\/mda\/wp-content\/uploads\/2021\/01\/137051683_1559589810890912_8780083932668243964_o.jpg","type":"image\/jpeg"}],"twitter_card":"summary_large_image","twitter_misc":{"Szacowany czas czytania":"1 minuta"},"schema":{"@context":"https:\/\/schema.org","@graph":[{"@type":"WebPage","@id":"https:\/\/dev.papercut.pl\/mda\/kontakt\/","url":"https:\/\/dev.papercut.pl\/mda\/kontakt\/","name":"KONTAKT - MDA","isPartOf":{"@id":"https:\/\/dev.papercut.pl\/mda\/#website"},"datePublished":"2021-02-01T13:16:49+00:00","dateModified":"2021-02-03T07:19:19+00:00","breadcrumb":{"@id":"https:\/\/dev.papercut.pl\/mda\/kontakt\/#breadcrumb"},"inLanguage":"pl-PL","potentialAction":[{"@type":"ReadAction","target":["https:\/\/dev.papercut.pl\/mda\/kontakt\/"]}]},{"@type":"BreadcrumbList","@id":"https:\/\/dev.papercut.pl\/mda\/kontakt\/#breadcrumb","itemListElement":[{"@type":"ListItem","position":1,"name":"Strona g\u0142\u00f3wna","item":"https:\/\/dev.papercut.pl\/mda\/"},{"@type":"ListItem","position":2,"name":"KONTAKT"}]},{"@type":"WebSite","@id":"https:\/\/dev.papercut.pl\/mda\/#website","url":"https:\/\/dev.papercut.pl\/mda\/","name":"MDA","description":"","publisher":{"@id":"https:\/\/dev.papercut.pl\/mda\/#organization"},"potentialAction":[{"@type":"SearchAction","target":{"@type":"EntryPoint","urlTemplate":"https:\/\/dev.papercut.pl\/mda\/?s={search_term_string}"},"query-input":{"@type":"PropertyValueSpecification","valueRequired":true,"valueName":"search_term_string"}}],"inLanguage":"pl-PL"},{"@type":"Organization","@id":"https:\/\/dev.papercut.pl\/mda\/#organization","name":"MDA","url":"https:\/\/dev.papercut.pl\/mda\/","logo":{"@type":"ImageObject","inLanguage":"pl-PL","@id":"https:\/\/dev.papercut.pl\/mda\/#\/schema\/logo\/image\/","url":"https:\/\/dev.papercut.pl\/mda\/wp-content\/uploads\/2021\/01\/MDA-logo.png","contentUrl":"https:\/\/dev.papercut.pl\/mda\/wp-content\/uploads\/2021\/01\/MDA-logo.png","width":527,"height":160,"caption":"MDA"},"image":{"@id":"https:\/\/dev.papercut.pl\/mda\/#\/schema\/logo\/image\/"},"sameAs":["https:\/\/www.facebook.com\/MalopolskieDworceAutobusowe","https:\/\/www.instagram.com\/mpk_krakow\/"]}]}},"_links":{"self":[{"href":"https:\/\/dev.papercut.pl\/mda\/wp-json\/wp\/v2\/pages\/763","targetHints":{"allow":["GET"]}}],"collection":[{"href":"https:\/\/dev.papercut.pl\/mda\/wp-json\/wp\/v2\/pages"}],"about":[{"href":"https:\/\/dev.papercut.pl\/mda\/wp-json\/wp\/v2\/types\/page"}],"author":[{"embeddable":true,"href":"https:\/\/dev.papercut.pl\/mda\/wp-json\/wp\/v2\/users\/2"}],"replies":[{"embeddable":true,"href":"https:\/\/dev.papercut.pl\/mda\/wp-json\/wp\/v2\/comments?post=763"}],"version-history":[{"count":18,"href":"https:\/\/dev.papercut.pl\/mda\/wp-json\/wp\/v2\/pages\/763\/revisions"}],"predecessor-version":[{"id":930,"href":"https:\/\/dev.papercut.pl\/mda\/wp-json\/wp\/v2\/pages\/763\/revisions\/930"}],"wp:attachment":[{"href":"https:\/\/dev.papercut.pl\/mda\/wp-json\/wp\/v2\/media?parent=763"}],"curies":[{"name":"wp","href":"https:\/\/api.w.org\/{rel}","templated":true}]}}