{"id":503,"date":"2021-01-18T10:24:40","date_gmt":"2021-01-18T09:24:40","guid":{"rendered":"http:\/\/dev.papercut.pl\/mda\/?page_id=503"},"modified":"2021-02-11T14:59:15","modified_gmt":"2021-02-11T13:59:15","slug":"dla-zarzadcow-dworcow","status":"publish","type":"page","link":"https:\/\/dev.papercut.pl\/mda\/dla-zarzadcow-dworcow\/","title":{"rendered":"Dla Zarz\u0105dc\u00f3w dworc\u00f3w"},"content":{"rendered":"\n<h2 class=\"has-text-align-center wp-block-heading\">Zarz\u0105dzanie dworcami autobusowymi to wyzwanie wymagaj\u0105ce wszechstronnej wiedzy zar\u00f3wno w zakresie dzia\u0142alno\u015bci operacyjnej dworca, zarz\u0105dzania infrastruktur\u0105 dworcow\u0105, wsp\u00f3\u0142pracy z przewo\u017anikami, jak i zarz\u0105dzania personelem. <\/h2>\n\n\n\n<h2 class=\"wp-block-heading\"><\/h2>\n\n\n\n<p>Nasze wieloletnie do\u015bwiadczenie i rola operatora jednego z najwi\u0119kszych pod wzgl\u0119dem ilo\u015bci odpraw dworca autobusowego w Europie pozwoli\u0142a nam sta\u0107 si\u0119 liderem rozwoju i dzia\u0142alno\u015bci operacyjnej dworc\u00f3w autobusowych w Polsce.\u00a0<br><\/p>\n\n\n\n<h4 class=\"has-text-align-center width-80 fade-up wp-block-heading\"><strong>US\u0141UGI DORADCZO-SZKOLENIOWE<\/strong><\/h4>\n\n\n\n<p>Swoj\u0105 ofert\u0119 doradczo-szkoleniow\u0105 kierujemy do prywatnych i publicznych zarz\u0105dc\u00f3w dworc\u00f3w. Ka\u017cde szkolenie przygotowujemy i dostosowujemy do indywidulanych potrzeb zamawiaj\u0105cego oraz charakteru obiektu dworcowego. Podczas szkole\u0144 dzielimy si\u0119 praktyczn\u0105 wiedz\u0105 z uwzgl\u0119dnieniem aktualnych wymog\u00f3w ustawowych stawianych przed zarz\u0105dcami dworc\u00f3w autobusowych.<\/p>\n\n\n\n<p><strong>Nasza oferta obejmuje:<\/strong><\/p>\n\n\n\n<p>1. Analiz\u0119 dokumentacji projektowej pod wzgl\u0119dem funkcjonalno\u015bci proponowanych rozwi\u0105za\u0144,<\/p>\n\n\n\n<p>2. Wsp\u00f3\u0142prac\u0119 w zakresie spe\u0142niania wymog\u00f3w ustawowych dotycz\u0105cych dworca,<\/p>\n\n\n\n<p>3. Szkolenie w zakresie obs\u0142ugi przewo\u017anik\u00f3w i pasa\u017cer\u00f3w,<\/p>\n\n\n\n<p>4. Konsultacje przy tworzeniu dokument\u00f3w formalnych dworca,<\/p>\n\n\n\n<p>5. Doradztwo przy wyborze systemu operacyjnego do zarz\u0105dzania dzia\u0142alno\u015bci\u0105 dworcow\u0105,<\/p>\n\n\n\n<p>6. Doradztwo w zakresie doboru sprz\u0119tu IT pod obs\u0142ug\u0119 systemu operacyjnego do zarz\u0105dzania dzia\u0142alno\u015bci\u0105 dworcow\u0105,<\/p>\n\n\n\n<p>7. Doradztwo w zakresie ustawienia systemu CCTV.<\/p>\n\n\n\n<p><\/p>\n\n\n\n<p><\/p>\n\n\n\n<h4 class=\"has-text-align-center width-80 fade-up wp-block-heading\"><strong><strong>SYSTEM OPERACYJNY DO ZARZ\u0104DZANIA DWORCEM<\/strong><\/strong><\/h4>\n\n\n\n<p>Oferujemy\u00a0dost\u0119p do autorskiego systemu operacyjnego do zarz\u0105dzania dworcem w formie licencji na korzystanie z oprogramowania pod nazw\u0105 <strong>Platforma Komunikacji Samochodowej PKS.pl.<\/strong><\/p>\n\n\n\n<p>System funkcjonuje na rynku od 2016 roku. Dotychczas zosta\u0142 on wdro\u017cony na dworcach autobusowych w Krakowie, Nowym S\u0105czu, Kielcach\u00a0oraz Brzesku. To nie tylko narz\u0119dzie do zarz\u0105dzania odprawami autobus\u00f3w, ale tak\u017ce\u00a0komponenty dla dy\u017curnych ruchu, kt\u00f3ry w czasie rzeczywistym monitoruje ruch na dworcu oraz weryfikuje zgodno\u015b\u0107 rozk\u0142ad\u00f3w jazdy z aktualnym harmonogramem odpraw w tym system informacji pasa\u017cerskiej w postaci stanowiskowych rozk\u0142ad\u00f3w jazdy, sta\u0142y rozk\u0142ad jazdy czy zbiorcze zestawienie przyjazd\u00f3w i odjazd\u00f3w. Posiada r\u00f3wnie\u017c rozbudowany modu\u0142 do zarz\u0105dzania wjazdami i wyjazdami z obiektu dworca, posiadaj\u0105cy integracj\u0119 z miejscowym szlabanem oraz parkingiem wewn\u0119trznym dworca. <\/p>\n\n\n\n<p>Platforma jest ci\u0105gle rozwijana oraz dostosowywana do bie\u017c\u0105cych potrzeb zar\u00f3wno przewo\u017anik\u00f3w, jak i pasa\u017cer\u00f3w.\u00a0<\/p>\n\n\n\n<p><\/p>\n\n\n\n<p><br><br>Zapraszamy do wsp\u00f3\u0142pracy.<\/p>\n\n\n\n<p><strong>Piotr Kulpi\u0144ski<\/strong>, <br><strong>piotr.kulpinski@mda.malopolska.pl, tel. 519 466&nbsp;106<\/strong><\/p>\n","protected":false},"excerpt":{"rendered":"<p>Zarz\u0105dzanie dworcami autobusowymi to wyzwanie wymagaj\u0105ce wszechstronnej wiedzy zar\u00f3wno w zakresie dzia\u0142alno\u015bci operacyjnej dworca, zarz\u0105dzania infrastruktur\u0105 dworcow\u0105, wsp\u00f3\u0142pracy z przewo\u017anikami, jak i zarz\u0105dzania personelem. Nasze wieloletnie do\u015bwiadczenie i rola operatora jednego z najwi\u0119kszych pod wzgl\u0119dem ilo\u015bci odpraw dworca autobusowego w Europie pozwoli\u0142a nam sta\u0107 si\u0119 liderem rozwoju i dzia\u0142alno\u015bci operacyjnej dworc\u00f3w autobusowych w Polsce.\u00a0 US\u0141UGI [&hellip;]<\/p>\n","protected":false},"author":1,"featured_media":698,"parent":0,"menu_order":12,"comment_status":"closed","ping_status":"closed","template":"","meta":{"footnotes":""},"class_list":["post-503","page","type-page","status-publish","has-post-thumbnail","hentry"],"yoast_head":"<!-- This site is optimized with the Yoast SEO plugin v26.9 - https:\/\/yoast.com\/product\/yoast-seo-wordpress\/ -->\n<title>Dla Zarz\u0105dc\u00f3w dworc\u00f3w - MDA<\/title>\n<meta name=\"robots\" content=\"noindex, follow, max-snippet:-1, max-image-preview:large, max-video-preview:-1\" \/>\n<meta property=\"og:locale\" content=\"pl_PL\" \/>\n<meta property=\"og:type\" content=\"article\" \/>\n<meta property=\"og:title\" content=\"Dla Zarz\u0105dc\u00f3w dworc\u00f3w - MDA\" \/>\n<meta property=\"og:description\" content=\"Zarz\u0105dzanie dworcami autobusowymi to wyzwanie wymagaj\u0105ce wszechstronnej wiedzy zar\u00f3wno w zakresie dzia\u0142alno\u015bci operacyjnej dworca, zarz\u0105dzania infrastruktur\u0105 dworcow\u0105, wsp\u00f3\u0142pracy z przewo\u017anikami, jak i zarz\u0105dzania personelem. Nasze wieloletnie do\u015bwiadczenie i rola operatora jednego z najwi\u0119kszych pod wzgl\u0119dem ilo\u015bci odpraw dworca autobusowego w Europie pozwoli\u0142a nam sta\u0107 si\u0119 liderem rozwoju i dzia\u0142alno\u015bci operacyjnej dworc\u00f3w autobusowych w Polsce.\u00a0 US\u0141UGI [&hellip;]\" \/>\n<meta property=\"og:url\" content=\"https:\/\/dev.papercut.pl\/mda\/dla-zarzadcow-dworcow\/\" \/>\n<meta property=\"og:site_name\" content=\"MDA\" \/>\n<meta property=\"article:publisher\" content=\"https:\/\/www.facebook.com\/MalopolskieDworceAutobusowe\" \/>\n<meta property=\"article:modified_time\" content=\"2021-02-11T13:59:15+00:00\" \/>\n<meta property=\"og:image\" content=\"https:\/\/dev.papercut.pl\/mda\/wp-content\/uploads\/2021\/02\/PU-MDA_lato-60-scaled.jpg\" \/>\n\t<meta property=\"og:image:width\" content=\"2560\" \/>\n\t<meta property=\"og:image:height\" content=\"1709\" \/>\n\t<meta property=\"og:image:type\" content=\"image\/jpeg\" \/>\n<meta name=\"twitter:card\" content=\"summary_large_image\" \/>\n<meta name=\"twitter:label1\" content=\"Szacowany czas czytania\" \/>\n\t<meta name=\"twitter:data1\" content=\"2 minuty\" \/>\n<script type=\"application\/ld+json\" class=\"yoast-schema-graph\">{\"@context\":\"https:\/\/schema.org\",\"@graph\":[{\"@type\":\"WebPage\",\"@id\":\"https:\/\/dev.papercut.pl\/mda\/dla-zarzadcow-dworcow\/\",\"url\":\"https:\/\/dev.papercut.pl\/mda\/dla-zarzadcow-dworcow\/\",\"name\":\"Dla Zarz\u0105dc\u00f3w dworc\u00f3w - MDA\",\"isPartOf\":{\"@id\":\"https:\/\/dev.papercut.pl\/mda\/#website\"},\"primaryImageOfPage\":{\"@id\":\"https:\/\/dev.papercut.pl\/mda\/dla-zarzadcow-dworcow\/#primaryimage\"},\"image\":{\"@id\":\"https:\/\/dev.papercut.pl\/mda\/dla-zarzadcow-dworcow\/#primaryimage\"},\"thumbnailUrl\":\"https:\/\/dev.papercut.pl\/mda\/wp-content\/uploads\/2021\/02\/PU-MDA_lato-60-scaled.jpg\",\"datePublished\":\"2021-01-18T09:24:40+00:00\",\"dateModified\":\"2021-02-11T13:59:15+00:00\",\"breadcrumb\":{\"@id\":\"https:\/\/dev.papercut.pl\/mda\/dla-zarzadcow-dworcow\/#breadcrumb\"},\"inLanguage\":\"pl-PL\",\"potentialAction\":[{\"@type\":\"ReadAction\",\"target\":[\"https:\/\/dev.papercut.pl\/mda\/dla-zarzadcow-dworcow\/\"]}]},{\"@type\":\"ImageObject\",\"inLanguage\":\"pl-PL\",\"@id\":\"https:\/\/dev.papercut.pl\/mda\/dla-zarzadcow-dworcow\/#primaryimage\",\"url\":\"https:\/\/dev.papercut.pl\/mda\/wp-content\/uploads\/2021\/02\/PU-MDA_lato-60-scaled.jpg\",\"contentUrl\":\"https:\/\/dev.papercut.pl\/mda\/wp-content\/uploads\/2021\/02\/PU-MDA_lato-60-scaled.jpg\",\"width\":2560,\"height\":1709},{\"@type\":\"BreadcrumbList\",\"@id\":\"https:\/\/dev.papercut.pl\/mda\/dla-zarzadcow-dworcow\/#breadcrumb\",\"itemListElement\":[{\"@type\":\"ListItem\",\"position\":1,\"name\":\"Strona g\u0142\u00f3wna\",\"item\":\"https:\/\/dev.papercut.pl\/mda\/\"},{\"@type\":\"ListItem\",\"position\":2,\"name\":\"Dla Zarz\u0105dc\u00f3w dworc\u00f3w\"}]},{\"@type\":\"WebSite\",\"@id\":\"https:\/\/dev.papercut.pl\/mda\/#website\",\"url\":\"https:\/\/dev.papercut.pl\/mda\/\",\"name\":\"MDA\",\"description\":\"\",\"publisher\":{\"@id\":\"https:\/\/dev.papercut.pl\/mda\/#organization\"},\"potentialAction\":[{\"@type\":\"SearchAction\",\"target\":{\"@type\":\"EntryPoint\",\"urlTemplate\":\"https:\/\/dev.papercut.pl\/mda\/?s={search_term_string}\"},\"query-input\":{\"@type\":\"PropertyValueSpecification\",\"valueRequired\":true,\"valueName\":\"search_term_string\"}}],\"inLanguage\":\"pl-PL\"},{\"@type\":\"Organization\",\"@id\":\"https:\/\/dev.papercut.pl\/mda\/#organization\",\"name\":\"MDA\",\"url\":\"https:\/\/dev.papercut.pl\/mda\/\",\"logo\":{\"@type\":\"ImageObject\",\"inLanguage\":\"pl-PL\",\"@id\":\"https:\/\/dev.papercut.pl\/mda\/#\/schema\/logo\/image\/\",\"url\":\"https:\/\/dev.papercut.pl\/mda\/wp-content\/uploads\/2021\/01\/MDA-logo.png\",\"contentUrl\":\"https:\/\/dev.papercut.pl\/mda\/wp-content\/uploads\/2021\/01\/MDA-logo.png\",\"width\":527,\"height\":160,\"caption\":\"MDA\"},\"image\":{\"@id\":\"https:\/\/dev.papercut.pl\/mda\/#\/schema\/logo\/image\/\"},\"sameAs\":[\"https:\/\/www.facebook.com\/MalopolskieDworceAutobusowe\",\"https:\/\/www.instagram.com\/mpk_krakow\/\"]}]}<\/script>\n<!-- \/ Yoast SEO plugin. -->","yoast_head_json":{"title":"Dla Zarz\u0105dc\u00f3w dworc\u00f3w - MDA","robots":{"index":"noindex","follow":"follow","max-snippet":"max-snippet:-1","max-image-preview":"max-image-preview:large","max-video-preview":"max-video-preview:-1"},"og_locale":"pl_PL","og_type":"article","og_title":"Dla Zarz\u0105dc\u00f3w dworc\u00f3w - MDA","og_description":"Zarz\u0105dzanie dworcami autobusowymi to wyzwanie wymagaj\u0105ce wszechstronnej wiedzy zar\u00f3wno w zakresie dzia\u0142alno\u015bci operacyjnej dworca, zarz\u0105dzania infrastruktur\u0105 dworcow\u0105, wsp\u00f3\u0142pracy z przewo\u017anikami, jak i zarz\u0105dzania personelem. Nasze wieloletnie do\u015bwiadczenie i rola operatora jednego z najwi\u0119kszych pod wzgl\u0119dem ilo\u015bci odpraw dworca autobusowego w Europie pozwoli\u0142a nam sta\u0107 si\u0119 liderem rozwoju i dzia\u0142alno\u015bci operacyjnej dworc\u00f3w autobusowych w Polsce.\u00a0 US\u0141UGI [&hellip;]","og_url":"https:\/\/dev.papercut.pl\/mda\/dla-zarzadcow-dworcow\/","og_site_name":"MDA","article_publisher":"https:\/\/www.facebook.com\/MalopolskieDworceAutobusowe","article_modified_time":"2021-02-11T13:59:15+00:00","og_image":[{"width":2560,"height":1709,"url":"https:\/\/dev.papercut.pl\/mda\/wp-content\/uploads\/2021\/02\/PU-MDA_lato-60-scaled.jpg","type":"image\/jpeg"}],"twitter_card":"summary_large_image","twitter_misc":{"Szacowany czas czytania":"2 minuty"},"schema":{"@context":"https:\/\/schema.org","@graph":[{"@type":"WebPage","@id":"https:\/\/dev.papercut.pl\/mda\/dla-zarzadcow-dworcow\/","url":"https:\/\/dev.papercut.pl\/mda\/dla-zarzadcow-dworcow\/","name":"Dla Zarz\u0105dc\u00f3w dworc\u00f3w - MDA","isPartOf":{"@id":"https:\/\/dev.papercut.pl\/mda\/#website"},"primaryImageOfPage":{"@id":"https:\/\/dev.papercut.pl\/mda\/dla-zarzadcow-dworcow\/#primaryimage"},"image":{"@id":"https:\/\/dev.papercut.pl\/mda\/dla-zarzadcow-dworcow\/#primaryimage"},"thumbnailUrl":"https:\/\/dev.papercut.pl\/mda\/wp-content\/uploads\/2021\/02\/PU-MDA_lato-60-scaled.jpg","datePublished":"2021-01-18T09:24:40+00:00","dateModified":"2021-02-11T13:59:15+00:00","breadcrumb":{"@id":"https:\/\/dev.papercut.pl\/mda\/dla-zarzadcow-dworcow\/#breadcrumb"},"inLanguage":"pl-PL","potentialAction":[{"@type":"ReadAction","target":["https:\/\/dev.papercut.pl\/mda\/dla-zarzadcow-dworcow\/"]}]},{"@type":"ImageObject","inLanguage":"pl-PL","@id":"https:\/\/dev.papercut.pl\/mda\/dla-zarzadcow-dworcow\/#primaryimage","url":"https:\/\/dev.papercut.pl\/mda\/wp-content\/uploads\/2021\/02\/PU-MDA_lato-60-scaled.jpg","contentUrl":"https:\/\/dev.papercut.pl\/mda\/wp-content\/uploads\/2021\/02\/PU-MDA_lato-60-scaled.jpg","width":2560,"height":1709},{"@type":"BreadcrumbList","@id":"https:\/\/dev.papercut.pl\/mda\/dla-zarzadcow-dworcow\/#breadcrumb","itemListElement":[{"@type":"ListItem","position":1,"name":"Strona g\u0142\u00f3wna","item":"https:\/\/dev.papercut.pl\/mda\/"},{"@type":"ListItem","position":2,"name":"Dla Zarz\u0105dc\u00f3w dworc\u00f3w"}]},{"@type":"WebSite","@id":"https:\/\/dev.papercut.pl\/mda\/#website","url":"https:\/\/dev.papercut.pl\/mda\/","name":"MDA","description":"","publisher":{"@id":"https:\/\/dev.papercut.pl\/mda\/#organization"},"potentialAction":[{"@type":"SearchAction","target":{"@type":"EntryPoint","urlTemplate":"https:\/\/dev.papercut.pl\/mda\/?s={search_term_string}"},"query-input":{"@type":"PropertyValueSpecification","valueRequired":true,"valueName":"search_term_string"}}],"inLanguage":"pl-PL"},{"@type":"Organization","@id":"https:\/\/dev.papercut.pl\/mda\/#organization","name":"MDA","url":"https:\/\/dev.papercut.pl\/mda\/","logo":{"@type":"ImageObject","inLanguage":"pl-PL","@id":"https:\/\/dev.papercut.pl\/mda\/#\/schema\/logo\/image\/","url":"https:\/\/dev.papercut.pl\/mda\/wp-content\/uploads\/2021\/01\/MDA-logo.png","contentUrl":"https:\/\/dev.papercut.pl\/mda\/wp-content\/uploads\/2021\/01\/MDA-logo.png","width":527,"height":160,"caption":"MDA"},"image":{"@id":"https:\/\/dev.papercut.pl\/mda\/#\/schema\/logo\/image\/"},"sameAs":["https:\/\/www.facebook.com\/MalopolskieDworceAutobusowe","https:\/\/www.instagram.com\/mpk_krakow\/"]}]}},"_links":{"self":[{"href":"https:\/\/dev.papercut.pl\/mda\/wp-json\/wp\/v2\/pages\/503","targetHints":{"allow":["GET"]}}],"collection":[{"href":"https:\/\/dev.papercut.pl\/mda\/wp-json\/wp\/v2\/pages"}],"about":[{"href":"https:\/\/dev.papercut.pl\/mda\/wp-json\/wp\/v2\/types\/page"}],"author":[{"embeddable":true,"href":"https:\/\/dev.papercut.pl\/mda\/wp-json\/wp\/v2\/users\/1"}],"replies":[{"embeddable":true,"href":"https:\/\/dev.papercut.pl\/mda\/wp-json\/wp\/v2\/comments?post=503"}],"version-history":[{"count":19,"href":"https:\/\/dev.papercut.pl\/mda\/wp-json\/wp\/v2\/pages\/503\/revisions"}],"predecessor-version":[{"id":1019,"href":"https:\/\/dev.papercut.pl\/mda\/wp-json\/wp\/v2\/pages\/503\/revisions\/1019"}],"wp:featuredmedia":[{"embeddable":true,"href":"https:\/\/dev.papercut.pl\/mda\/wp-json\/wp\/v2\/media\/698"}],"wp:attachment":[{"href":"https:\/\/dev.papercut.pl\/mda\/wp-json\/wp\/v2\/media?parent=503"}],"curies":[{"name":"wp","href":"https:\/\/api.w.org\/{rel}","templated":true}]}}