{"id":48,"date":"2021-01-05T20:20:21","date_gmt":"2021-01-05T19:20:21","guid":{"rendered":"http:\/\/local.mda\/?page_id=48"},"modified":"2021-01-18T11:05:03","modified_gmt":"2021-01-18T10:05:03","slug":"aktualnosci","status":"publish","type":"page","link":"https:\/\/dev.papercut.pl\/mda\/aktualnosci\/","title":{"rendered":"Aktualno\u015bci"},"content":{"rendered":"","protected":false},"excerpt":{"rendered":"<p>B\u0105d\u017a na bie\u017c\u0105co. <\/p>\n","protected":false},"author":1,"featured_media":111,"parent":0,"menu_order":24,"comment_status":"closed","ping_status":"closed","template":"templates\/template-news.php","meta":{"footnotes":""},"class_list":["post-48","page","type-page","status-publish","has-post-thumbnail","hentry"],"yoast_head":"<!-- This site is optimized with the Yoast SEO plugin v26.9 - https:\/\/yoast.com\/product\/yoast-seo-wordpress\/ -->\n<title>Aktualno\u015bci - MDA<\/title>\n<meta name=\"robots\" content=\"noindex, follow, max-snippet:-1, max-image-preview:large, max-video-preview:-1\" \/>\n<meta property=\"og:locale\" content=\"pl_PL\" \/>\n<meta property=\"og:type\" content=\"article\" \/>\n<meta property=\"og:title\" content=\"Aktualno\u015bci - MDA\" \/>\n<meta property=\"og:description\" content=\"B\u0105d\u017a na bie\u017c\u0105co.\" \/>\n<meta property=\"og:url\" content=\"https:\/\/dev.papercut.pl\/mda\/aktualnosci\/\" \/>\n<meta property=\"og:site_name\" content=\"MDA\" \/>\n<meta property=\"article:publisher\" content=\"https:\/\/www.facebook.com\/MalopolskieDworceAutobusowe\" \/>\n<meta property=\"article:modified_time\" content=\"2021-01-18T10:05:03+00:00\" \/>\n<meta property=\"og:image\" content=\"https:\/\/dev.papercut.pl\/mda\/wp-content\/uploads\/2021\/01\/aktualnosci-head.png\" \/>\n\t<meta property=\"og:image:width\" content=\"1920\" \/>\n\t<meta property=\"og:image:height\" content=\"503\" \/>\n\t<meta property=\"og:image:type\" content=\"image\/png\" \/>\n<meta name=\"twitter:card\" content=\"summary_large_image\" \/>\n<script type=\"application\/ld+json\" class=\"yoast-schema-graph\">{\"@context\":\"https:\/\/schema.org\",\"@graph\":[{\"@type\":\"WebPage\",\"@id\":\"https:\/\/dev.papercut.pl\/mda\/aktualnosci\/\",\"url\":\"https:\/\/dev.papercut.pl\/mda\/aktualnosci\/\",\"name\":\"Aktualno\u015bci - MDA\",\"isPartOf\":{\"@id\":\"https:\/\/dev.papercut.pl\/mda\/#website\"},\"primaryImageOfPage\":{\"@id\":\"https:\/\/dev.papercut.pl\/mda\/aktualnosci\/#primaryimage\"},\"image\":{\"@id\":\"https:\/\/dev.papercut.pl\/mda\/aktualnosci\/#primaryimage\"},\"thumbnailUrl\":\"https:\/\/dev.papercut.pl\/mda\/wp-content\/uploads\/2021\/01\/aktualnosci-head.png\",\"datePublished\":\"2021-01-05T19:20:21+00:00\",\"dateModified\":\"2021-01-18T10:05:03+00:00\",\"breadcrumb\":{\"@id\":\"https:\/\/dev.papercut.pl\/mda\/aktualnosci\/#breadcrumb\"},\"inLanguage\":\"pl-PL\",\"potentialAction\":[{\"@type\":\"ReadAction\",\"target\":[\"https:\/\/dev.papercut.pl\/mda\/aktualnosci\/\"]}]},{\"@type\":\"ImageObject\",\"inLanguage\":\"pl-PL\",\"@id\":\"https:\/\/dev.papercut.pl\/mda\/aktualnosci\/#primaryimage\",\"url\":\"https:\/\/dev.papercut.pl\/mda\/wp-content\/uploads\/2021\/01\/aktualnosci-head.png\",\"contentUrl\":\"https:\/\/dev.papercut.pl\/mda\/wp-content\/uploads\/2021\/01\/aktualnosci-head.png\",\"width\":1920,\"height\":503},{\"@type\":\"BreadcrumbList\",\"@id\":\"https:\/\/dev.papercut.pl\/mda\/aktualnosci\/#breadcrumb\",\"itemListElement\":[{\"@type\":\"ListItem\",\"position\":1,\"name\":\"Strona g\u0142\u00f3wna\",\"item\":\"https:\/\/dev.papercut.pl\/mda\/\"},{\"@type\":\"ListItem\",\"position\":2,\"name\":\"Aktualno\u015bci\"}]},{\"@type\":\"WebSite\",\"@id\":\"https:\/\/dev.papercut.pl\/mda\/#website\",\"url\":\"https:\/\/dev.papercut.pl\/mda\/\",\"name\":\"MDA\",\"description\":\"\",\"publisher\":{\"@id\":\"https:\/\/dev.papercut.pl\/mda\/#organization\"},\"potentialAction\":[{\"@type\":\"SearchAction\",\"target\":{\"@type\":\"EntryPoint\",\"urlTemplate\":\"https:\/\/dev.papercut.pl\/mda\/?s={search_term_string}\"},\"query-input\":{\"@type\":\"PropertyValueSpecification\",\"valueRequired\":true,\"valueName\":\"search_term_string\"}}],\"inLanguage\":\"pl-PL\"},{\"@type\":\"Organization\",\"@id\":\"https:\/\/dev.papercut.pl\/mda\/#organization\",\"name\":\"MDA\",\"url\":\"https:\/\/dev.papercut.pl\/mda\/\",\"logo\":{\"@type\":\"ImageObject\",\"inLanguage\":\"pl-PL\",\"@id\":\"https:\/\/dev.papercut.pl\/mda\/#\/schema\/logo\/image\/\",\"url\":\"https:\/\/dev.papercut.pl\/mda\/wp-content\/uploads\/2021\/01\/MDA-logo.png\",\"contentUrl\":\"https:\/\/dev.papercut.pl\/mda\/wp-content\/uploads\/2021\/01\/MDA-logo.png\",\"width\":527,\"height\":160,\"caption\":\"MDA\"},\"image\":{\"@id\":\"https:\/\/dev.papercut.pl\/mda\/#\/schema\/logo\/image\/\"},\"sameAs\":[\"https:\/\/www.facebook.com\/MalopolskieDworceAutobusowe\",\"https:\/\/www.instagram.com\/mpk_krakow\/\"]}]}<\/script>\n<!-- \/ Yoast SEO plugin. -->","yoast_head_json":{"title":"Aktualno\u015bci - MDA","robots":{"index":"noindex","follow":"follow","max-snippet":"max-snippet:-1","max-image-preview":"max-image-preview:large","max-video-preview":"max-video-preview:-1"},"og_locale":"pl_PL","og_type":"article","og_title":"Aktualno\u015bci - MDA","og_description":"B\u0105d\u017a na bie\u017c\u0105co.","og_url":"https:\/\/dev.papercut.pl\/mda\/aktualnosci\/","og_site_name":"MDA","article_publisher":"https:\/\/www.facebook.com\/MalopolskieDworceAutobusowe","article_modified_time":"2021-01-18T10:05:03+00:00","og_image":[{"width":1920,"height":503,"url":"https:\/\/dev.papercut.pl\/mda\/wp-content\/uploads\/2021\/01\/aktualnosci-head.png","type":"image\/png"}],"twitter_card":"summary_large_image","schema":{"@context":"https:\/\/schema.org","@graph":[{"@type":"WebPage","@id":"https:\/\/dev.papercut.pl\/mda\/aktualnosci\/","url":"https:\/\/dev.papercut.pl\/mda\/aktualnosci\/","name":"Aktualno\u015bci - MDA","isPartOf":{"@id":"https:\/\/dev.papercut.pl\/mda\/#website"},"primaryImageOfPage":{"@id":"https:\/\/dev.papercut.pl\/mda\/aktualnosci\/#primaryimage"},"image":{"@id":"https:\/\/dev.papercut.pl\/mda\/aktualnosci\/#primaryimage"},"thumbnailUrl":"https:\/\/dev.papercut.pl\/mda\/wp-content\/uploads\/2021\/01\/aktualnosci-head.png","datePublished":"2021-01-05T19:20:21+00:00","dateModified":"2021-01-18T10:05:03+00:00","breadcrumb":{"@id":"https:\/\/dev.papercut.pl\/mda\/aktualnosci\/#breadcrumb"},"inLanguage":"pl-PL","potentialAction":[{"@type":"ReadAction","target":["https:\/\/dev.papercut.pl\/mda\/aktualnosci\/"]}]},{"@type":"ImageObject","inLanguage":"pl-PL","@id":"https:\/\/dev.papercut.pl\/mda\/aktualnosci\/#primaryimage","url":"https:\/\/dev.papercut.pl\/mda\/wp-content\/uploads\/2021\/01\/aktualnosci-head.png","contentUrl":"https:\/\/dev.papercut.pl\/mda\/wp-content\/uploads\/2021\/01\/aktualnosci-head.png","width":1920,"height":503},{"@type":"BreadcrumbList","@id":"https:\/\/dev.papercut.pl\/mda\/aktualnosci\/#breadcrumb","itemListElement":[{"@type":"ListItem","position":1,"name":"Strona g\u0142\u00f3wna","item":"https:\/\/dev.papercut.pl\/mda\/"},{"@type":"ListItem","position":2,"name":"Aktualno\u015bci"}]},{"@type":"WebSite","@id":"https:\/\/dev.papercut.pl\/mda\/#website","url":"https:\/\/dev.papercut.pl\/mda\/","name":"MDA","description":"","publisher":{"@id":"https:\/\/dev.papercut.pl\/mda\/#organization"},"potentialAction":[{"@type":"SearchAction","target":{"@type":"EntryPoint","urlTemplate":"https:\/\/dev.papercut.pl\/mda\/?s={search_term_string}"},"query-input":{"@type":"PropertyValueSpecification","valueRequired":true,"valueName":"search_term_string"}}],"inLanguage":"pl-PL"},{"@type":"Organization","@id":"https:\/\/dev.papercut.pl\/mda\/#organization","name":"MDA","url":"https:\/\/dev.papercut.pl\/mda\/","logo":{"@type":"ImageObject","inLanguage":"pl-PL","@id":"https:\/\/dev.papercut.pl\/mda\/#\/schema\/logo\/image\/","url":"https:\/\/dev.papercut.pl\/mda\/wp-content\/uploads\/2021\/01\/MDA-logo.png","contentUrl":"https:\/\/dev.papercut.pl\/mda\/wp-content\/uploads\/2021\/01\/MDA-logo.png","width":527,"height":160,"caption":"MDA"},"image":{"@id":"https:\/\/dev.papercut.pl\/mda\/#\/schema\/logo\/image\/"},"sameAs":["https:\/\/www.facebook.com\/MalopolskieDworceAutobusowe","https:\/\/www.instagram.com\/mpk_krakow\/"]}]}},"_links":{"self":[{"href":"https:\/\/dev.papercut.pl\/mda\/wp-json\/wp\/v2\/pages\/48","targetHints":{"allow":["GET"]}}],"collection":[{"href":"https:\/\/dev.papercut.pl\/mda\/wp-json\/wp\/v2\/pages"}],"about":[{"href":"https:\/\/dev.papercut.pl\/mda\/wp-json\/wp\/v2\/types\/page"}],"author":[{"embeddable":true,"href":"https:\/\/dev.papercut.pl\/mda\/wp-json\/wp\/v2\/users\/1"}],"replies":[{"embeddable":true,"href":"https:\/\/dev.papercut.pl\/mda\/wp-json\/wp\/v2\/comments?post=48"}],"version-history":[{"count":7,"href":"https:\/\/dev.papercut.pl\/mda\/wp-json\/wp\/v2\/pages\/48\/revisions"}],"predecessor-version":[{"id":513,"href":"https:\/\/dev.papercut.pl\/mda\/wp-json\/wp\/v2\/pages\/48\/revisions\/513"}],"wp:featuredmedia":[{"embeddable":true,"href":"https:\/\/dev.papercut.pl\/mda\/wp-json\/wp\/v2\/media\/111"}],"wp:attachment":[{"href":"https:\/\/dev.papercut.pl\/mda\/wp-json\/wp\/v2\/media?parent=48"}],"curies":[{"name":"wp","href":"https:\/\/api.w.org\/{rel}","templated":true}]}}