{"id":104,"date":"2021-01-07T21:50:41","date_gmt":"2021-01-07T20:50:41","guid":{"rendered":"http:\/\/local.mda\/?page_id=104"},"modified":"2021-01-07T21:50:42","modified_gmt":"2021-01-07T20:50:42","slug":"home","status":"publish","type":"page","link":"https:\/\/dev.papercut.pl\/mda\/en\/home\/","title":{"rendered":"Home"},"content":{"rendered":"\n<div class=\"wp-block-columns is-layout-flex wp-container-core-columns-is-layout-9d6595d7 wp-block-columns-is-layout-flex\">\n<div class=\"wp-block-column is-layout-flow wp-block-column-is-layout-flow\">\n<h5 class=\"wp-block-heading\">Mi\u0142o, \u017ce nas odwiedzi\u0142e\u015b. Chcieliby\u015bmy zaprosi\u0107 Ci\u0119 do wybrania si\u0119 z nami w podr\u00f3\u017c.<\/h5>\n\n\n\n<p>Z zarz\u0105dzanych przez nas dworc\u00f3w autobusowych w Krakowie oraz Nowym S\u0105czu odprawiane s\u0105 autobusy na trasach krajowych oraz mi\u0119dzynarodowych. Dzi\u0119ki wsp\u00f3\u0142pracy z najwi\u0119kszymi przewo\u017anikami, wyruszaj\u0105c z nami w podr\u00f3\u017c dotrzesz<br>w najdalsze zak\u0105tki Polski oraz zwiedzisz wiele europejskich miast. Bezpo\u015brednie s\u0105siedztwo dworca PKP pozwala na dogodne zaplanowanie podr\u00f3\u017cy \u0142\u0105czonej.<\/p>\n\n\n\n<p>W naszych kasach prowadzimy sprzeda\u017c bilet\u00f3w autobusowych na po\u0142\u0105czenia krajowe oraz mi\u0119dzynarodowe. Prowadzimy r\u00f3wnie\u017c serwis do sprzeda\u017cy bilet\u00f3w krajowych online.<\/p>\n<\/div>\n\n\n\n<div class=\"wp-block-column is-layout-flow wp-block-column-is-layout-flow\">\n<h5 class=\"wp-block-heading\">Podr\u00f3\u017cuj\u0105cy z naszych dworc\u00f3w Pasa\u017cerowie najbardziej doceniaj\u0105:<\/h5>\n\n\n\n<ul class=\"wp-block-list\"><li>lokalizacj\u0119 w centrum miasta, w s\u0105siedztwie przystank\u00f3w komunikacji miejskiej, pozwalaj\u0105c\u0105 na szybki dojazd do ka\u017cdej cz\u0119\u015bci miasta,<\/li><li>bogat\u0105 ofert\u0119 po\u0142\u0105cze\u0144,<\/li><li>mo\u017cliwo\u015b\u0107 zakupu bilet\u00f3w online,<\/li><li>zakup bilet\u00f3w w cenie przewo\u017anika,<\/li><li>mo\u017cliwo\u015b\u0107 p\u0142atno\u015bci bezgot\u00f3wkowej.<\/li><\/ul>\n<\/div>\n<\/div>\n","protected":false},"excerpt":{"rendered":"<p>Mi\u0142o, \u017ce nas odwiedzi\u0142e\u015b. Chcieliby\u015bmy zaprosi\u0107 Ci\u0119 do wybrania si\u0119 z nami w podr\u00f3\u017c. Z zarz\u0105dzanych przez nas dworc\u00f3w autobusowych w Krakowie oraz Nowym S\u0105czu odprawiane s\u0105 autobusy na trasach krajowych oraz mi\u0119dzynarodowych. Dzi\u0119ki wsp\u00f3\u0142pracy z najwi\u0119kszymi przewo\u017anikami, wyruszaj\u0105c z nami w podr\u00f3\u017c dotrzeszw najdalsze zak\u0105tki Polski oraz zwiedzisz wiele europejskich miast. Bezpo\u015brednie s\u0105siedztwo dworca [&hellip;]<\/p>\n","protected":false},"author":1,"featured_media":0,"parent":0,"menu_order":28,"comment_status":"closed","ping_status":"closed","template":"templates\/template-home.php","meta":{"footnotes":""},"class_list":["post-104","page","type-page","status-publish","hentry"],"yoast_head":"<!-- This site is optimized with the Yoast SEO plugin v26.9 - https:\/\/yoast.com\/product\/yoast-seo-wordpress\/ -->\n<title>Home - MDA<\/title>\n<meta name=\"robots\" content=\"noindex, follow, max-snippet:-1, max-image-preview:large, max-video-preview:-1\" \/>\n<meta property=\"og:locale\" content=\"pl_PL\" \/>\n<meta property=\"og:type\" content=\"article\" \/>\n<meta property=\"og:title\" content=\"Home - MDA\" \/>\n<meta property=\"og:description\" content=\"Mi\u0142o, \u017ce nas odwiedzi\u0142e\u015b. Chcieliby\u015bmy zaprosi\u0107 Ci\u0119 do wybrania si\u0119 z nami w podr\u00f3\u017c. Z zarz\u0105dzanych przez nas dworc\u00f3w autobusowych w Krakowie oraz Nowym S\u0105czu odprawiane s\u0105 autobusy na trasach krajowych oraz mi\u0119dzynarodowych. Dzi\u0119ki wsp\u00f3\u0142pracy z najwi\u0119kszymi przewo\u017anikami, wyruszaj\u0105c z nami w podr\u00f3\u017c dotrzeszw najdalsze zak\u0105tki Polski oraz zwiedzisz wiele europejskich miast. Bezpo\u015brednie s\u0105siedztwo dworca [&hellip;]\" \/>\n<meta property=\"og:url\" content=\"https:\/\/dev.papercut.pl\/mda\/en\/home\/\" \/>\n<meta property=\"og:site_name\" content=\"MDA\" \/>\n<meta property=\"article:publisher\" content=\"https:\/\/www.facebook.com\/MalopolskieDworceAutobusowe\" \/>\n<meta property=\"article:modified_time\" content=\"2021-01-07T20:50:42+00:00\" \/>\n<meta property=\"og:image\" content=\"https:\/\/dev.papercut.pl\/mda\/wp-content\/uploads\/2021\/01\/137051683_1559589810890912_8780083932668243964_o.jpg\" \/>\n\t<meta property=\"og:image:width\" content=\"2048\" \/>\n\t<meta property=\"og:image:height\" content=\"1366\" \/>\n\t<meta property=\"og:image:type\" content=\"image\/jpeg\" \/>\n<meta name=\"twitter:card\" content=\"summary_large_image\" \/>\n<meta name=\"twitter:label1\" content=\"Szacowany czas czytania\" \/>\n\t<meta name=\"twitter:data1\" content=\"1 minuta\" \/>\n<script type=\"application\/ld+json\" class=\"yoast-schema-graph\">{\"@context\":\"https:\/\/schema.org\",\"@graph\":[{\"@type\":\"WebPage\",\"@id\":\"https:\/\/dev.papercut.pl\/mda\/en\/home\/\",\"url\":\"https:\/\/dev.papercut.pl\/mda\/en\/home\/\",\"name\":\"Home - MDA\",\"isPartOf\":{\"@id\":\"https:\/\/dev.papercut.pl\/mda\/#website\"},\"datePublished\":\"2021-01-07T20:50:41+00:00\",\"dateModified\":\"2021-01-07T20:50:42+00:00\",\"breadcrumb\":{\"@id\":\"https:\/\/dev.papercut.pl\/mda\/en\/home\/#breadcrumb\"},\"inLanguage\":\"pl-PL\",\"potentialAction\":[{\"@type\":\"ReadAction\",\"target\":[\"https:\/\/dev.papercut.pl\/mda\/en\/home\/\"]}]},{\"@type\":\"BreadcrumbList\",\"@id\":\"https:\/\/dev.papercut.pl\/mda\/en\/home\/#breadcrumb\",\"itemListElement\":[{\"@type\":\"ListItem\",\"position\":1,\"name\":\"Strona g\u0142\u00f3wna\",\"item\":\"https:\/\/dev.papercut.pl\/mda\/\"},{\"@type\":\"ListItem\",\"position\":2,\"name\":\"Home\"}]},{\"@type\":\"WebSite\",\"@id\":\"https:\/\/dev.papercut.pl\/mda\/#website\",\"url\":\"https:\/\/dev.papercut.pl\/mda\/\",\"name\":\"MDA\",\"description\":\"\",\"publisher\":{\"@id\":\"https:\/\/dev.papercut.pl\/mda\/#organization\"},\"potentialAction\":[{\"@type\":\"SearchAction\",\"target\":{\"@type\":\"EntryPoint\",\"urlTemplate\":\"https:\/\/dev.papercut.pl\/mda\/?s={search_term_string}\"},\"query-input\":{\"@type\":\"PropertyValueSpecification\",\"valueRequired\":true,\"valueName\":\"search_term_string\"}}],\"inLanguage\":\"pl-PL\"},{\"@type\":\"Organization\",\"@id\":\"https:\/\/dev.papercut.pl\/mda\/#organization\",\"name\":\"MDA\",\"url\":\"https:\/\/dev.papercut.pl\/mda\/\",\"logo\":{\"@type\":\"ImageObject\",\"inLanguage\":\"pl-PL\",\"@id\":\"https:\/\/dev.papercut.pl\/mda\/#\/schema\/logo\/image\/\",\"url\":\"https:\/\/dev.papercut.pl\/mda\/wp-content\/uploads\/2021\/01\/MDA-logo.png\",\"contentUrl\":\"https:\/\/dev.papercut.pl\/mda\/wp-content\/uploads\/2021\/01\/MDA-logo.png\",\"width\":527,\"height\":160,\"caption\":\"MDA\"},\"image\":{\"@id\":\"https:\/\/dev.papercut.pl\/mda\/#\/schema\/logo\/image\/\"},\"sameAs\":[\"https:\/\/www.facebook.com\/MalopolskieDworceAutobusowe\",\"https:\/\/www.instagram.com\/mpk_krakow\/\"]}]}<\/script>\n<!-- \/ Yoast SEO plugin. -->","yoast_head_json":{"title":"Home - MDA","robots":{"index":"noindex","follow":"follow","max-snippet":"max-snippet:-1","max-image-preview":"max-image-preview:large","max-video-preview":"max-video-preview:-1"},"og_locale":"pl_PL","og_type":"article","og_title":"Home - MDA","og_description":"Mi\u0142o, \u017ce nas odwiedzi\u0142e\u015b. Chcieliby\u015bmy zaprosi\u0107 Ci\u0119 do wybrania si\u0119 z nami w podr\u00f3\u017c. Z zarz\u0105dzanych przez nas dworc\u00f3w autobusowych w Krakowie oraz Nowym S\u0105czu odprawiane s\u0105 autobusy na trasach krajowych oraz mi\u0119dzynarodowych. Dzi\u0119ki wsp\u00f3\u0142pracy z najwi\u0119kszymi przewo\u017anikami, wyruszaj\u0105c z nami w podr\u00f3\u017c dotrzeszw najdalsze zak\u0105tki Polski oraz zwiedzisz wiele europejskich miast. Bezpo\u015brednie s\u0105siedztwo dworca [&hellip;]","og_url":"https:\/\/dev.papercut.pl\/mda\/en\/home\/","og_site_name":"MDA","article_publisher":"https:\/\/www.facebook.com\/MalopolskieDworceAutobusowe","article_modified_time":"2021-01-07T20:50:42+00:00","og_image":[{"width":2048,"height":1366,"url":"https:\/\/dev.papercut.pl\/mda\/wp-content\/uploads\/2021\/01\/137051683_1559589810890912_8780083932668243964_o.jpg","type":"image\/jpeg"}],"twitter_card":"summary_large_image","twitter_misc":{"Szacowany czas czytania":"1 minuta"},"schema":{"@context":"https:\/\/schema.org","@graph":[{"@type":"WebPage","@id":"https:\/\/dev.papercut.pl\/mda\/en\/home\/","url":"https:\/\/dev.papercut.pl\/mda\/en\/home\/","name":"Home - MDA","isPartOf":{"@id":"https:\/\/dev.papercut.pl\/mda\/#website"},"datePublished":"2021-01-07T20:50:41+00:00","dateModified":"2021-01-07T20:50:42+00:00","breadcrumb":{"@id":"https:\/\/dev.papercut.pl\/mda\/en\/home\/#breadcrumb"},"inLanguage":"pl-PL","potentialAction":[{"@type":"ReadAction","target":["https:\/\/dev.papercut.pl\/mda\/en\/home\/"]}]},{"@type":"BreadcrumbList","@id":"https:\/\/dev.papercut.pl\/mda\/en\/home\/#breadcrumb","itemListElement":[{"@type":"ListItem","position":1,"name":"Strona g\u0142\u00f3wna","item":"https:\/\/dev.papercut.pl\/mda\/"},{"@type":"ListItem","position":2,"name":"Home"}]},{"@type":"WebSite","@id":"https:\/\/dev.papercut.pl\/mda\/#website","url":"https:\/\/dev.papercut.pl\/mda\/","name":"MDA","description":"","publisher":{"@id":"https:\/\/dev.papercut.pl\/mda\/#organization"},"potentialAction":[{"@type":"SearchAction","target":{"@type":"EntryPoint","urlTemplate":"https:\/\/dev.papercut.pl\/mda\/?s={search_term_string}"},"query-input":{"@type":"PropertyValueSpecification","valueRequired":true,"valueName":"search_term_string"}}],"inLanguage":"pl-PL"},{"@type":"Organization","@id":"https:\/\/dev.papercut.pl\/mda\/#organization","name":"MDA","url":"https:\/\/dev.papercut.pl\/mda\/","logo":{"@type":"ImageObject","inLanguage":"pl-PL","@id":"https:\/\/dev.papercut.pl\/mda\/#\/schema\/logo\/image\/","url":"https:\/\/dev.papercut.pl\/mda\/wp-content\/uploads\/2021\/01\/MDA-logo.png","contentUrl":"https:\/\/dev.papercut.pl\/mda\/wp-content\/uploads\/2021\/01\/MDA-logo.png","width":527,"height":160,"caption":"MDA"},"image":{"@id":"https:\/\/dev.papercut.pl\/mda\/#\/schema\/logo\/image\/"},"sameAs":["https:\/\/www.facebook.com\/MalopolskieDworceAutobusowe","https:\/\/www.instagram.com\/mpk_krakow\/"]}]}},"_links":{"self":[{"href":"https:\/\/dev.papercut.pl\/mda\/wp-json\/wp\/v2\/pages\/104","targetHints":{"allow":["GET"]}}],"collection":[{"href":"https:\/\/dev.papercut.pl\/mda\/wp-json\/wp\/v2\/pages"}],"about":[{"href":"https:\/\/dev.papercut.pl\/mda\/wp-json\/wp\/v2\/types\/page"}],"author":[{"embeddable":true,"href":"https:\/\/dev.papercut.pl\/mda\/wp-json\/wp\/v2\/users\/1"}],"replies":[{"embeddable":true,"href":"https:\/\/dev.papercut.pl\/mda\/wp-json\/wp\/v2\/comments?post=104"}],"version-history":[{"count":1,"href":"https:\/\/dev.papercut.pl\/mda\/wp-json\/wp\/v2\/pages\/104\/revisions"}],"predecessor-version":[{"id":105,"href":"https:\/\/dev.papercut.pl\/mda\/wp-json\/wp\/v2\/pages\/104\/revisions\/105"}],"wp:attachment":[{"href":"https:\/\/dev.papercut.pl\/mda\/wp-json\/wp\/v2\/media?parent=104"}],"curies":[{"name":"wp","href":"https:\/\/api.w.org\/{rel}","templated":true}]}}