{"id":911,"date":"2026-02-26T12:51:22","date_gmt":"2026-02-26T11:51:22","guid":{"rendered":"https:\/\/dev.papercut.pl\/logozaurus\/?page_id=911"},"modified":"2026-03-11T14:14:51","modified_gmt":"2026-03-11T13:14:51","slug":"kariera","status":"publish","type":"page","link":"https:\/\/dev.papercut.pl\/logozaurus\/kariera\/","title":{"rendered":"Kariera"},"content":{"rendered":"\n<div class=\"wp-block-group is-layout-constrained wp-block-group-is-layout-constrained\">\n<div class=\"wp-block-group is-layout-constrained wp-block-group-is-layout-constrained\">\n<div class=\"wp-block-group is-layout-constrained wp-block-group-is-layout-constrained\">\n<h2 class=\"wp-block-heading is-style-h1\">Kariera<\/h2>\n\n\n\n<div class=\"wp-block-columns is-layout-flex wp-container-core-columns-is-layout-9d6595d7 wp-block-columns-is-layout-flex\">\n<div class=\"wp-block-column is-layout-flow wp-block-column-is-layout-flow\" style=\"flex-basis:33.33%\">\n<h2 class=\"wp-block-heading is-style-h1\"><strong>Nasz\u0105 najwi\u0119ksza si\u0142\u0105 jest zesp\u00f3\u0142<\/strong><\/h2>\n<\/div>\n\n\n\n<div class=\"wp-block-column is-layout-flow wp-block-column-is-layout-flow\" style=\"flex-basis:66.66%\">\n<p><strong>Dlaczego warto do nas do\u0142\u0105czy\u0107?<\/strong><\/p>\n\n\n\n<p><strong>Wsparcie merytoryczne zespo\u0142u specjalist\u00f3w<\/strong><br>Tworzymy interdyscyplinarny zesp\u00f3\u0142 logoped\u00f3w, neurologoped\u00f3w, psycholog\u00f3w, terapeut\u00f3w integracji sensorycznej i innych specjalist\u00f3w. Wspieramy si\u0119, konsultujemy przypadki i rozwijamy wsp\u00f3lne standardy pracy.<\/p>\n\n\n\n<p><strong>Przyjazna atmosfera<\/strong><br>Dbamy o partnerskie relacje, dobr\u0105 komunikacj\u0119 i wzajemny szacunek. Zale\u017cy nam, aby ka\u017cdy cz\u0142onek zespo\u0142u czu\u0142 si\u0119 wa\u017cny i doceniany.<\/p>\n\n\n\n<p><strong>Realny wp\u0142yw na efekty terapii<\/strong><br>U nas masz przestrze\u0144 na inicjatyw\u0119, wdra\u017canie w\u0142asnych pomys\u0142\u00f3w i wsp\u00f3\u0142tworzenie kierunku rozwoju centrum.<\/p>\n\n\n\n<p><strong>Wyposa\u017cone gabinety i dost\u0119p do pomocy terapeutycznych<\/strong><\/p>\n\n\n\n<p>W&nbsp;<strong>LOGOZAURUS<\/strong>&nbsp;pracujesz w komfortowych, dobrze wyposa\u017conych gabinetach terapeutycznych, kt\u00f3re sprzyjaj\u0105 efektywnej pracy i budowaniu relacji z pacjentami. Zapewniamy dost\u0119p do r\u00f3\u017cnorodnych pomocy terapeutycznych, materia\u0142\u00f3w dydaktycznych i narz\u0119dzi wspieraj\u0105cych terapi\u0119, dzi\u0119ki czemu mo\u017cesz skupi\u0107 si\u0119 na tym, co najwa\u017cniejsze \u2013 realnym wsparciu i rozwoju swoich podopiecznych.<\/p>\n\n\n\n<p>Je\u017celi czujesz, \u017ce LOGOZAURUS mo\u017ce by\u0107 miejscem dla Ciebie odezwij si\u0119:<\/p>\n\n\n\n<a href=\"mailto:praca@logozaurus.pl\" target=\"_blank\" class=\"button button--violet \">praca@logozaurus.pl<\/a>\n\n\n<p>Ch\u0119tnie opowiemy wi\u0119cej o mo\u017cliwo\u015bciach wsp\u00f3\u0142pracy.<\/p>\n\n\n\n<p>W&nbsp;<strong>LOGOZAURUS-ie<\/strong>&nbsp;stawiamy na partnerskie podej\u015bcie z otwarto\u015bci\u0105 i przestrzeni\u0105 do rozmowy.<\/p>\n<\/div>\n<\/div>\n<\/div>\n\n\n\n<p><\/p>\n<\/div>\n<\/div>\n\n\n\n<p><\/p>\n","protected":false},"excerpt":{"rendered":"<p>Kariera Nasz\u0105 najwi\u0119ksza si\u0142\u0105 jest zesp\u00f3\u0142 Dlaczego warto do nas do\u0142\u0105czy\u0107? Wsparcie merytoryczne zespo\u0142u specjalist\u00f3wTworzymy interdyscyplinarny zesp\u00f3\u0142 logoped\u00f3w, neurologoped\u00f3w, psycholog\u00f3w, terapeut\u00f3w integracji sensorycznej i innych specjalist\u00f3w. Wspieramy si\u0119, konsultujemy przypadki i rozwijamy wsp\u00f3lne standardy pracy. Przyjazna atmosferaDbamy o partnerskie relacje, dobr\u0105 komunikacj\u0119 i wzajemny szacunek. Zale\u017cy nam, aby ka\u017cdy cz\u0142onek zespo\u0142u czu\u0142 si\u0119 wa\u017cny i [&hellip;]<\/p>\n","protected":false},"author":1,"featured_media":0,"parent":0,"menu_order":4,"comment_status":"closed","ping_status":"closed","template":"","meta":{"_acf_changed":false,"inline_featured_image":false,"footnotes":""},"class_list":["post-911","page","type-page","status-publish","hentry"],"acf":[],"_links":{"self":[{"href":"https:\/\/dev.papercut.pl\/logozaurus\/wp-json\/wp\/v2\/pages\/911","targetHints":{"allow":["GET"]}}],"collection":[{"href":"https:\/\/dev.papercut.pl\/logozaurus\/wp-json\/wp\/v2\/pages"}],"about":[{"href":"https:\/\/dev.papercut.pl\/logozaurus\/wp-json\/wp\/v2\/types\/page"}],"author":[{"embeddable":true,"href":"https:\/\/dev.papercut.pl\/logozaurus\/wp-json\/wp\/v2\/users\/1"}],"replies":[{"embeddable":true,"href":"https:\/\/dev.papercut.pl\/logozaurus\/wp-json\/wp\/v2\/comments?post=911"}],"version-history":[{"count":5,"href":"https:\/\/dev.papercut.pl\/logozaurus\/wp-json\/wp\/v2\/pages\/911\/revisions"}],"predecessor-version":[{"id":999,"href":"https:\/\/dev.papercut.pl\/logozaurus\/wp-json\/wp\/v2\/pages\/911\/revisions\/999"}],"wp:attachment":[{"href":"https:\/\/dev.papercut.pl\/logozaurus\/wp-json\/wp\/v2\/media?parent=911"}],"curies":[{"name":"wp","href":"https:\/\/api.w.org\/{rel}","templated":true}]}}