{"id":815,"date":"2026-02-05T17:02:21","date_gmt":"2026-02-05T16:02:21","guid":{"rendered":"https:\/\/dev.papercut.pl\/logozaurus\/?page_id=815"},"modified":"2026-02-23T10:21:45","modified_gmt":"2026-02-23T09:21:45","slug":"logorytmika-copy-copy","status":"publish","type":"page","link":"https:\/\/dev.papercut.pl\/logozaurus\/oferta\/logorytmika-copy-copy\/","title":{"rendered":"Terapia pedagogiczna"},"content":{"rendered":"\n<div class=\"wp-block-group is-layout-constrained wp-block-group-is-layout-constrained\">\n<div class=\"wp-block-columns is-style-post-title-proportions is-layout-flex wp-container-core-columns-is-layout-9d6595d7 wp-block-columns-is-layout-flex\">\n<div class=\"wp-block-column is-layout-flow wp-block-column-is-layout-flow\"><figure class=\"is-style-circle-image wp-block-post-featured-image\"><img loading=\"lazy\" decoding=\"async\" width=\"700\" height=\"732\" src=\"https:\/\/dev.papercut.pl\/logozaurus\/wp-content\/uploads\/2026\/02\/terapia-pedag-.png\" class=\"attachment-post-thumbnail size-post-thumbnail wp-post-image\" alt=\"\" style=\"object-fit:cover;\" \/><\/figure><\/div>\n\n\n\n<div class=\"wp-block-column is-layout-flow wp-block-column-is-layout-flow\"><h1 style=\"margin-top:0;\" class=\"is-style-violet-border wp-block-post-title\">Terapia pedagogiczna<\/h1>\n\n\n<p>Terapia pedagogiczna to indywidualne zaj\u0119cia wspieraj\u0105ce dzieci, kt\u00f3re napotykaj\u0105 trudno\u015bci w nauce oraz codziennym funkcjonowaniu w \u015brodowisku szkolnym i przedszkolnym. W Centrum Terapii&nbsp;<strong>LOGOZAURUS<\/strong>&nbsp;pomagamy dzieciom rozwija\u0107 umiej\u0119tno\u015bci niezb\u0119dne do skutecznego uczenia si\u0119, buduj\u0105c jednocze\u015bnie wiar\u0119 we w\u0142asne mo\u017cliwo\u015bci i motywacj\u0119 do dzia\u0142ania.<\/p>\n\n\n\n<p>Zaj\u0119cia prowadzone s\u0105 w przyjaznej, bezpiecznej atmosferze, z wykorzystaniem r\u00f3\u017cnorodnych metod i pomocy dydaktycznych dostosowanych do wieku oraz potrzeb dziecka. Program terapii tworzony jest indywidualnie \u2013 na podstawie diagnozy i bie\u017c\u0105cej obserwacji post\u0119p\u00f3w.<\/p>\n\n\n\n<p><strong>Terapia pedagogiczna jest szczeg\u00f3lnie polecana dla dzieci:<\/strong><\/p>\n\n\n\n<ul class=\"wp-block-list\">\n<li>z trudno\u015bciami w czytaniu i pisaniu (ryzyko dysleksji, dysleksja, dysgrafia, dysortografia),<\/li>\n\n\n\n<li>maj\u0105cych problemy z koncentracj\u0105 uwagi i zapami\u0119tywaniem,<\/li>\n\n\n\n<li>wolniej przyswajaj\u0105cych materia\u0142 szkolny,<\/li>\n\n\n\n<li>z trudno\u015bciami w rozumieniu polece\u0144 i organizacji pracy,<\/li>\n\n\n\n<li>do\u015bwiadczaj\u0105cych niepowodze\u0144 szkolnych i spadku motywacji do nauki.<\/li>\n<\/ul>\n\n\n\n<p><strong>Efekty terapii pedagogicznej:<\/strong><\/p>\n\n\n\n<ul class=\"wp-block-list\">\n<li>poprawa umiej\u0119tno\u015bci czytania, pisania i liczenia,<\/li>\n\n\n\n<li>lepsza koncentracja i organizacja pracy,<\/li>\n\n\n\n<li>rozw\u00f3j pami\u0119ci i my\u015blenia,<\/li>\n\n\n\n<li>wzrost samodzielno\u015bci w nauce,<\/li>\n\n\n\n<li>wzmocnienie poczucia w\u0142asnej warto\u015bci i wiary w siebie.<\/li>\n<\/ul>\n\n\n\n<p>W&nbsp;<strong>LOGOZAURUSIE<\/strong>&nbsp;wierzymy, \u017ce ka\u017cde dziecko ma sw\u00f3j potencja\u0142, kt\u00f3ry przy odpowiednim wsparciu, cierpliwo\u015bci i bezpiecznej przestrzeni do rozwoju mo\u017ce przynie\u015b\u0107 efekty na lata. Nasza terapia pedagogiczna pomaga dzieciom krok po kroku odnajdywa\u0107 rado\u015b\u0107 z nauki i poczucie sukcesu.<\/p>\n<\/div>\n<\/div>\n<\/div>\n\n\n\n<div class=\"wp-block-group is-layout-constrained wp-block-group-is-layout-constrained\">\n<p><\/p>\n<\/div>\n","protected":false},"excerpt":{"rendered":"<p>Terapia pedagogiczna to indywidualne zaj\u0119cia wspieraj\u0105ce dzieci, kt\u00f3re napotykaj\u0105 trudno\u015bci w nauce oraz codziennym funkcjonowaniu w \u015brodowisku szkolnym i przedszkolnym. W Centrum Terapii&nbsp;LOGOZAURUS&nbsp;pomagamy dzieciom rozwija\u0107 umiej\u0119tno\u015bci niezb\u0119dne do skutecznego uczenia si\u0119, buduj\u0105c jednocze\u015bnie wiar\u0119 we w\u0142asne mo\u017cliwo\u015bci i motywacj\u0119 do dzia\u0142ania. Zaj\u0119cia prowadzone s\u0105 w przyjaznej, bezpiecznej atmosferze, z wykorzystaniem r\u00f3\u017cnorodnych metod i pomocy dydaktycznych [&hellip;]<\/p>\n","protected":false},"author":1,"featured_media":816,"parent":239,"menu_order":25,"comment_status":"closed","ping_status":"closed","template":"","meta":{"_acf_changed":false,"inline_featured_image":false,"footnotes":""},"class_list":["post-815","page","type-page","status-publish","has-post-thumbnail","hentry"],"acf":[],"_links":{"self":[{"href":"https:\/\/dev.papercut.pl\/logozaurus\/wp-json\/wp\/v2\/pages\/815","targetHints":{"allow":["GET"]}}],"collection":[{"href":"https:\/\/dev.papercut.pl\/logozaurus\/wp-json\/wp\/v2\/pages"}],"about":[{"href":"https:\/\/dev.papercut.pl\/logozaurus\/wp-json\/wp\/v2\/types\/page"}],"author":[{"embeddable":true,"href":"https:\/\/dev.papercut.pl\/logozaurus\/wp-json\/wp\/v2\/users\/1"}],"replies":[{"embeddable":true,"href":"https:\/\/dev.papercut.pl\/logozaurus\/wp-json\/wp\/v2\/comments?post=815"}],"version-history":[{"count":1,"href":"https:\/\/dev.papercut.pl\/logozaurus\/wp-json\/wp\/v2\/pages\/815\/revisions"}],"predecessor-version":[{"id":817,"href":"https:\/\/dev.papercut.pl\/logozaurus\/wp-json\/wp\/v2\/pages\/815\/revisions\/817"}],"up":[{"embeddable":true,"href":"https:\/\/dev.papercut.pl\/logozaurus\/wp-json\/wp\/v2\/pages\/239"}],"wp:featuredmedia":[{"embeddable":true,"href":"https:\/\/dev.papercut.pl\/logozaurus\/wp-json\/wp\/v2\/media\/816"}],"wp:attachment":[{"href":"https:\/\/dev.papercut.pl\/logozaurus\/wp-json\/wp\/v2\/media?parent=815"}],"curies":[{"name":"wp","href":"https:\/\/api.w.org\/{rel}","templated":true}]}}