{"id":722,"date":"2026-01-26T11:35:55","date_gmt":"2026-01-26T10:35:55","guid":{"rendered":"https:\/\/dev.papercut.pl\/logozaurus\/?page_id=722"},"modified":"2026-02-05T16:10:25","modified_gmt":"2026-02-05T15:10:25","slug":"konsultacja-z-psychologiem-sportu","status":"publish","type":"page","link":"https:\/\/dev.papercut.pl\/logozaurus\/oferta\/konsultacja-z-psychologiem-sportu\/","title":{"rendered":"Konsultacja z Psychologiem Sportu"},"content":{"rendered":"\n<div class=\"wp-block-group is-layout-constrained wp-block-group-is-layout-constrained\">\n<div class=\"wp-block-columns is-style-post-title-proportions is-layout-flex wp-container-core-columns-is-layout-9d6595d7 wp-block-columns-is-layout-flex\">\n<div class=\"wp-block-column is-layout-flow wp-block-column-is-layout-flow\"><figure class=\"is-style-circle-image wp-block-post-featured-image\"><img loading=\"lazy\" decoding=\"async\" width=\"730\" height=\"467\" src=\"https:\/\/dev.papercut.pl\/logozaurus\/wp-content\/uploads\/2026\/01\/sport-www.png\" class=\"attachment-post-thumbnail size-post-thumbnail wp-post-image\" alt=\"\" style=\"object-fit:cover;\" \/><\/figure><\/div>\n\n\n\n<div class=\"wp-block-column is-layout-flow wp-block-column-is-layout-flow\"><h1 style=\"margin-top:0;\" class=\"is-style-violet-border wp-block-post-title\">Konsultacja z Psychologiem Sportu<\/h1>\n\n\n<p>Konsultacja z psychologiem sportu ma na celu&nbsp;<strong>wzmacnianie potencja\u0142u mentalnego zawodnik\u00f3w na ka\u017cdym poziomie zaawansowania<\/strong>&nbsp;\u2013 od amator\u00f3w po profesjonalist\u00f3w. Podczas spotka\u0144:<\/p>\n\n\n\n<ul class=\"wp-block-list\">\n<li>Sportowiec uczy si\u0119\u00a0<strong>radzenia sobie ze stresem, presj\u0105 i presj\u0105 wynik\u00f3w<\/strong>, co przek\u0142ada si\u0119 na lepsz\u0105 koncentracj\u0119 i skuteczno\u015b\u0107 w treningu oraz zawodach.<\/li>\n\n\n\n<li>Psycholog wspiera w\u00a0<strong>budowaniu motywacji, pewno\u015bci siebie i pozytywnego nastawienia<\/strong>, niezb\u0119dnych do osi\u0105gania wyznaczonych cel\u00f3w.<\/li>\n\n\n\n<li>Pracujemy nad\u00a0<strong>strategiami mentalnymi<\/strong>, kt\u00f3re pomagaj\u0105 w pokonywaniu s\u0142abszych moment\u00f3w, radzeniu sobie z pora\u017ckami oraz utrzymaniu wysokiej formy w kluczowych momentach.<\/li>\n\n\n\n<li>Sportowiec otrzymuje\u00a0<strong>indywidualne narz\u0119dzia i techniki psychologiczne<\/strong>, dostosowane do jego dyscypliny, charakteru i potrzeb treningowych.<\/li>\n<\/ul>\n\n\n\n<p>Konsultacja z psychologiem sportu to nie tylko wsparcie w trudnych sytuacjach, ale tak\u017ce&nbsp;<strong>budowanie trwa\u0142ych nawyk\u00f3w mentalnych<\/strong>, kt\u00f3re zwi\u0119kszaj\u0105 efektywno\u015b\u0107 trening\u00f3w, poprawiaj\u0105 wyniki sportowe i pomagaj\u0105 zachowa\u0107 r\u00f3wnowag\u0119 mi\u0119dzy \u017cyciem osobistym a sportem.<\/p>\n\n\n\n<p><strong>Konsultacja jest szczeg\u00f3lnie wskazana dla dzieci i m\u0142odzie\u017cy, kt\u00f3re:<\/strong><\/p>\n\n\n\n<ul class=\"wp-block-list\">\n<li>Potrzebuj\u0105 wsparcia w\u00a0<strong>utrzymaniu r\u00f3wnowagi mi\u0119dzy sportem a \u017cyciem codziennym<\/strong>.<\/li>\n\n\n\n<li>Zmagaj\u0105 si\u0119 z\u00a0<strong>stresem i trem\u0105 przed zawodami<\/strong>.<\/li>\n\n\n\n<li>Maj\u0105 trudno\u015bci z\u00a0<strong>utrzymaniem koncentracji i motywacji w treningu<\/strong>.<\/li>\n\n\n\n<li>Do\u015bwiadczaj\u0105\u00a0<strong>spadku pewno\u015bci siebie lub frustracji wynikaj\u0105cej z wynik\u00f3w sportowych<\/strong>.<\/li>\n\n\n\n<li>Chc\u0105 poprawi\u0107\u00a0<strong>radzenie sobie z presj\u0105 trener\u00f3w, rodzic\u00f3w lub r\u00f3wie\u015bnik\u00f3w<\/strong>.<\/li>\n\n\n\n<li>Potrzebuj\u0105 wsparcia w\u00a0<strong>utrzymaniu r\u00f3wnowagi mi\u0119dzy sportem a \u017cyciem codziennym<\/strong>.<\/li>\n<\/ul>\n<\/div>\n<\/div>\n<\/div>\n\n\n\n<div class=\"wp-block-group is-layout-constrained wp-block-group-is-layout-constrained\">\n<p><\/p>\n<\/div>\n","protected":false},"excerpt":{"rendered":"<p>Konsultacja z psychologiem sportu ma na celu&nbsp;wzmacnianie potencja\u0142u mentalnego zawodnik\u00f3w na ka\u017cdym poziomie zaawansowania&nbsp;\u2013 od amator\u00f3w po profesjonalist\u00f3w. Podczas spotka\u0144: Konsultacja z psychologiem sportu to nie tylko wsparcie w trudnych sytuacjach, ale tak\u017ce&nbsp;budowanie trwa\u0142ych nawyk\u00f3w mentalnych, kt\u00f3re zwi\u0119kszaj\u0105 efektywno\u015b\u0107 trening\u00f3w, poprawiaj\u0105 wyniki sportowe i pomagaj\u0105 zachowa\u0107 r\u00f3wnowag\u0119 mi\u0119dzy \u017cyciem osobistym a sportem. Konsultacja jest szczeg\u00f3lnie [&hellip;]<\/p>\n","protected":false},"author":1,"featured_media":723,"parent":239,"menu_order":21,"comment_status":"closed","ping_status":"closed","template":"","meta":{"_acf_changed":false,"inline_featured_image":false,"footnotes":""},"class_list":["post-722","page","type-page","status-publish","has-post-thumbnail","hentry"],"acf":[],"_links":{"self":[{"href":"https:\/\/dev.papercut.pl\/logozaurus\/wp-json\/wp\/v2\/pages\/722","targetHints":{"allow":["GET"]}}],"collection":[{"href":"https:\/\/dev.papercut.pl\/logozaurus\/wp-json\/wp\/v2\/pages"}],"about":[{"href":"https:\/\/dev.papercut.pl\/logozaurus\/wp-json\/wp\/v2\/types\/page"}],"author":[{"embeddable":true,"href":"https:\/\/dev.papercut.pl\/logozaurus\/wp-json\/wp\/v2\/users\/1"}],"replies":[{"embeddable":true,"href":"https:\/\/dev.papercut.pl\/logozaurus\/wp-json\/wp\/v2\/comments?post=722"}],"version-history":[{"count":1,"href":"https:\/\/dev.papercut.pl\/logozaurus\/wp-json\/wp\/v2\/pages\/722\/revisions"}],"predecessor-version":[{"id":724,"href":"https:\/\/dev.papercut.pl\/logozaurus\/wp-json\/wp\/v2\/pages\/722\/revisions\/724"}],"up":[{"embeddable":true,"href":"https:\/\/dev.papercut.pl\/logozaurus\/wp-json\/wp\/v2\/pages\/239"}],"wp:featuredmedia":[{"embeddable":true,"href":"https:\/\/dev.papercut.pl\/logozaurus\/wp-json\/wp\/v2\/media\/723"}],"wp:attachment":[{"href":"https:\/\/dev.papercut.pl\/logozaurus\/wp-json\/wp\/v2\/media?parent=722"}],"curies":[{"name":"wp","href":"https:\/\/api.w.org\/{rel}","templated":true}]}}