{"id":719,"date":"2026-01-26T11:32:25","date_gmt":"2026-01-26T10:32:25","guid":{"rendered":"https:\/\/dev.papercut.pl\/logozaurus\/?page_id=719"},"modified":"2026-03-11T13:51:05","modified_gmt":"2026-03-11T12:51:05","slug":"logorytmika","status":"publish","type":"page","link":"https:\/\/dev.papercut.pl\/logozaurus\/oferta\/logorytmika\/","title":{"rendered":"Logorytmika"},"content":{"rendered":"\n<div class=\"wp-block-group is-layout-constrained wp-block-group-is-layout-constrained\">\n<div class=\"wp-block-columns is-style-post-title-proportions is-layout-flex wp-container-core-columns-is-layout-9d6595d7 wp-block-columns-is-layout-flex\">\n<div class=\"wp-block-column is-layout-flow wp-block-column-is-layout-flow\"><figure class=\"is-style-circle-image wp-block-post-featured-image\"><img loading=\"lazy\" decoding=\"async\" width=\"264\" height=\"276\" src=\"https:\/\/dev.papercut.pl\/logozaurus\/wp-content\/uploads\/2026\/01\/logorytmika.png\" class=\"attachment-post-thumbnail size-post-thumbnail wp-post-image\" alt=\"\" style=\"object-fit:cover;\" \/><\/figure><\/div>\n\n\n\n<div class=\"wp-block-column is-layout-flow wp-block-column-is-layout-flow\"><h1 style=\"margin-top:0;\" class=\"is-style-violet-border wp-block-post-title\">Logorytmika<\/h1>\n\n\n<p>Terapia kognitywna to\u00a0<strong>kompleksowe, praktyczne podej\u015bcie terapeutyczne<\/strong>, kt\u00f3rego celem jest usprLogorytmika to zaj\u0119cia \u0142\u0105cz\u0105ce elementy&nbsp;<strong>muzyki, ruchu i terapii logopedycznej<\/strong>, kt\u00f3rych celem jest wspomaganie prawid\u0142owego rozwoju mowy dziecka. Podczas \u0107wicze\u0144 dzieci wykonuj\u0105 ruchy ca\u0142ego cia\u0142a w rytm muzyki, rymowanek i piosenek, co sprzyja lepszej koordynacji s\u0142uchowo-ruchowej oraz usprawnia aparat artykulacyjny.<\/p>\n\n\n\n<p>W trakcie zaj\u0119\u0107 dzieci:<\/p>\n\n\n\n<ul class=\"wp-block-list\">\n<li>\u0107wicz\u0105\u00a0<strong>prawid\u0142owe oddychanie, tempo i rytm mowy<\/strong>,<\/li>\n\n\n\n<li>rozwijaj\u0105\u00a0<strong>s\u0142uch fonematyczny i muzyczny<\/strong>,<\/li>\n\n\n\n<li>doskonal\u0105\u00a0<strong>motoryk\u0119 du\u017c\u0105 i ma\u0142\u0105<\/strong>,<\/li>\n\n\n\n<li>ucz\u0105 si\u0119 koncentracji, reagowania na sygna\u0142y d\u017awi\u0119kowe oraz wsp\u00f3\u0142pracy w grupie,<\/li>\n\n\n\n<li>wzbogacaj\u0105 s\u0142ownictwo i poprawiaj\u0105 wyrazisto\u015b\u0107 wypowiedzi.<\/li>\n<\/ul>\n\n\n\n<p>Podczas zaj\u0119\u0107 dzieci maj\u0105&nbsp;<strong>bezpo\u015bredni kontakt z prawdziwymi instrumentami muzycznymi<\/strong>&nbsp;(m.in. b\u0119benkami, tamburynami, marakasami, tr\u00f3jk\u0105tami), na kt\u00f3rych samodzielnie graj\u0105. Dzi\u0119ki temu rozwijaj\u0105 wra\u017cliwo\u015b\u0107 muzyczn\u0105, poczucie rytmu oraz ucz\u0105 si\u0119 rozpoznawania d\u017awi\u0119k\u00f3w i zasad wsp\u00f3lnego muzykowania.<\/p>\n\n\n\n<p>Zaj\u0119cia prowadzone s\u0105 w formie zabaw ruchowych, \u0107wicze\u0144 rytmicznych, klaskania, tupania, na\u015bladowania d\u017awi\u0119k\u00f3w, gry na instrumentach perkusyjnych oraz prostych uk\u0142ad\u00f3w ruchowych. Logorytmika ma charakter&nbsp;<strong>profilaktyczny i wspieraj\u0105cy<\/strong>, jest dostosowana do wieku i mo\u017cliwo\u015bci dzieci oraz prowadzona w atmosferze zabawy i bezpiecze\u0144stwa.<\/p>\n<\/div>\n<\/div>\n<\/div>\n\n\n\n<div class=\"wp-block-group is-layout-constrained wp-block-group-is-layout-constrained\">\n<p><\/p>\n<\/div>\n","protected":false},"excerpt":{"rendered":"<p>Terapia kognitywna to\u00a0kompleksowe, praktyczne podej\u015bcie terapeutyczne, kt\u00f3rego celem jest usprLogorytmika to zaj\u0119cia \u0142\u0105cz\u0105ce elementy&nbsp;muzyki, ruchu i terapii logopedycznej, kt\u00f3rych celem jest wspomaganie prawid\u0142owego rozwoju mowy dziecka. Podczas \u0107wicze\u0144 dzieci wykonuj\u0105 ruchy ca\u0142ego cia\u0142a w rytm muzyki, rymowanek i piosenek, co sprzyja lepszej koordynacji s\u0142uchowo-ruchowej oraz usprawnia aparat artykulacyjny. W trakcie zaj\u0119\u0107 dzieci: Podczas zaj\u0119\u0107 dzieci [&hellip;]<\/p>\n","protected":false},"author":1,"featured_media":720,"parent":239,"menu_order":13,"comment_status":"closed","ping_status":"closed","template":"","meta":{"_acf_changed":false,"inline_featured_image":false,"footnotes":""},"class_list":["post-719","page","type-page","status-publish","has-post-thumbnail","hentry"],"acf":[],"_links":{"self":[{"href":"https:\/\/dev.papercut.pl\/logozaurus\/wp-json\/wp\/v2\/pages\/719","targetHints":{"allow":["GET"]}}],"collection":[{"href":"https:\/\/dev.papercut.pl\/logozaurus\/wp-json\/wp\/v2\/pages"}],"about":[{"href":"https:\/\/dev.papercut.pl\/logozaurus\/wp-json\/wp\/v2\/types\/page"}],"author":[{"embeddable":true,"href":"https:\/\/dev.papercut.pl\/logozaurus\/wp-json\/wp\/v2\/users\/1"}],"replies":[{"embeddable":true,"href":"https:\/\/dev.papercut.pl\/logozaurus\/wp-json\/wp\/v2\/comments?post=719"}],"version-history":[{"count":1,"href":"https:\/\/dev.papercut.pl\/logozaurus\/wp-json\/wp\/v2\/pages\/719\/revisions"}],"predecessor-version":[{"id":721,"href":"https:\/\/dev.papercut.pl\/logozaurus\/wp-json\/wp\/v2\/pages\/719\/revisions\/721"}],"up":[{"embeddable":true,"href":"https:\/\/dev.papercut.pl\/logozaurus\/wp-json\/wp\/v2\/pages\/239"}],"wp:featuredmedia":[{"embeddable":true,"href":"https:\/\/dev.papercut.pl\/logozaurus\/wp-json\/wp\/v2\/media\/720"}],"wp:attachment":[{"href":"https:\/\/dev.papercut.pl\/logozaurus\/wp-json\/wp\/v2\/media?parent=719"}],"curies":[{"name":"wp","href":"https:\/\/api.w.org\/{rel}","templated":true}]}}