{"id":711,"date":"2026-01-26T11:13:07","date_gmt":"2026-01-26T10:13:07","guid":{"rendered":"https:\/\/dev.papercut.pl\/logozaurus\/?page_id=711"},"modified":"2026-02-05T16:10:07","modified_gmt":"2026-02-05T15:10:07","slug":"konsultacja-dietetyczna","status":"publish","type":"page","link":"https:\/\/dev.papercut.pl\/logozaurus\/oferta\/konsultacja-dietetyczna\/","title":{"rendered":"Konsultacja Dietetyczna"},"content":{"rendered":"\n<div class=\"wp-block-group is-layout-constrained wp-block-group-is-layout-constrained\">\n<div class=\"wp-block-columns is-style-post-title-proportions is-layout-flex wp-container-core-columns-is-layout-9d6595d7 wp-block-columns-is-layout-flex\">\n<div class=\"wp-block-column is-layout-flow wp-block-column-is-layout-flow\"><figure class=\"is-style-circle-image wp-block-post-featured-image\"><img loading=\"lazy\" decoding=\"async\" width=\"827\" height=\"560\" src=\"https:\/\/dev.papercut.pl\/logozaurus\/wp-content\/uploads\/2026\/01\/dietetyka-www.png\" class=\"attachment-post-thumbnail size-post-thumbnail wp-post-image\" alt=\"\" style=\"object-fit:cover;\" srcset=\"https:\/\/dev.papercut.pl\/logozaurus\/wp-content\/uploads\/2026\/01\/dietetyka-www.png 827w, https:\/\/dev.papercut.pl\/logozaurus\/wp-content\/uploads\/2026\/01\/dietetyka-www-800x542.png 800w, https:\/\/dev.papercut.pl\/logozaurus\/wp-content\/uploads\/2026\/01\/dietetyka-www-768x520.png 768w\" sizes=\"auto, (max-width: 827px) 100vw, 827px\" \/><\/figure><\/div>\n\n\n\n<div class=\"wp-block-column is-layout-flow wp-block-column-is-layout-flow\"><h1 style=\"margin-top:0;\" class=\"is-style-violet-border wp-block-post-title\">Konsultacja Dietetyczna<\/h1>\n\n\n<p><strong>Podczas konsultacji dietetycznej wspieramy osoby, kt\u00f3re chc\u0105 zadba\u0107 o swoje zdrowie, poprawi\u0107 wyniki bada\u0144 oraz wprowadzi\u0107 trwa\u0142e zmiany w codziennych nawykach \u017cywieniowych. Pracujemy z pacjentami, kt\u00f3rzy:<\/strong><\/p>\n\n\n\n<ul class=\"wp-block-list\">\n<li>Zmagaj\u0105 si\u0119 z\u00a0<strong>insulinooporno\u015bci\u0105, nadci\u015bnieniem, mia\u017cd\u017cyc\u0105<\/strong>\u00a0oraz innymi chorobami metabolicznymi.<\/li>\n\n\n\n<li>Do\u015bwiadczaj\u0105\u00a0<strong>trudno\u015bci w budowaniu zdrowej relacji z jedzeniem<\/strong>, w tym kompulsywnego objadania si\u0119 lub skutk\u00f3w wielu nieskutecznych diet.<\/li>\n\n\n\n<li>Chc\u0105\u00a0<strong>poprawi\u0107 wyniki zdrowotne<\/strong>\u00a0i nauczy\u0107 si\u0119 praktycznych strategii wprowadzania zdrowych nawyk\u00f3w.<\/li>\n\n\n\n<li>Maj\u0105\u00a0<strong>wybi\u00f3rczo\u015b\u0107 pokarmow\u0105<\/strong>\u00a0lub problemy z\u00a0<strong>nietolerancjami<\/strong>\u00a0i alergiami.<\/li>\n\n\n\n<li>Zmagaj\u0105 si\u0119 z\u00a0<strong>trudno\u015bciami metabolicznymi<\/strong>, takimi jak nadwaga lub niedowaga.<\/li>\n\n\n\n<li>S\u0105\u00a0<strong>m\u0142odymi sportowcami<\/strong>, kt\u00f3rzy chc\u0105 poprawi\u0107 form\u0119 i zoptymalizowa\u0107 diet\u0119 pod k\u0105tem aktywno\u015bci fizycznej.<\/li>\n\n\n\n<li>Chc\u0105\u00a0<strong>rozszerzy\u0107 swoj\u0105 diet\u0119<\/strong>\u00a0i wprowadzi\u0107 wi\u0119ksz\u0105 r\u00f3\u017cnorodno\u015b\u0107 produkt\u00f3w w codziennym jad\u0142ospisie.<\/li>\n<\/ul>\n\n\n\n<p>Podczas konsultacji:<\/p>\n\n\n\n<ul class=\"wp-block-list\">\n<li>Analizujemy indywidualne potrzeby i wyniki bada\u0144.<\/li>\n\n\n\n<li>Ustalamy\u00a0<strong>realistyczne i dopasowane do Ciebie cele<\/strong>\u00a0zdrowotne i \u017cywieniowe.<\/li>\n\n\n\n<li>Otrzymujesz wsparcie w radzeniu sobie z trudno\u015bciami, takimi jak wybi\u00f3rczo\u015b\u0107 pokarmowa, kompulsywne objadanie si\u0119 czy nietolerancje.<\/li>\n<\/ul>\n\n\n\n<p>Celem naszej pracy jest nie tylko poprawa wynik\u00f3w zdrowotnych, ale tak\u017ce budowanie&nbsp;<strong>zdrowej, \u015bwiadomej relacji z jedzeniem<\/strong>, kt\u00f3ra stanie si\u0119 fundamentem dobrego samopoczucia pacjenta.<\/p>\n<\/div>\n<\/div>\n<\/div>\n\n\n\n<div class=\"wp-block-group is-layout-constrained wp-block-group-is-layout-constrained\">\n<p><\/p>\n<\/div>\n","protected":false},"excerpt":{"rendered":"<p>Podczas konsultacji dietetycznej wspieramy osoby, kt\u00f3re chc\u0105 zadba\u0107 o swoje zdrowie, poprawi\u0107 wyniki bada\u0144 oraz wprowadzi\u0107 trwa\u0142e zmiany w codziennych nawykach \u017cywieniowych. Pracujemy z pacjentami, kt\u00f3rzy: Podczas konsultacji: Celem naszej pracy jest nie tylko poprawa wynik\u00f3w zdrowotnych, ale tak\u017ce budowanie&nbsp;zdrowej, \u015bwiadomej relacji z jedzeniem, kt\u00f3ra stanie si\u0119 fundamentem dobrego samopoczucia pacjenta.<\/p>\n","protected":false},"author":1,"featured_media":712,"parent":239,"menu_order":24,"comment_status":"closed","ping_status":"closed","template":"","meta":{"_acf_changed":false,"inline_featured_image":false,"footnotes":""},"class_list":["post-711","page","type-page","status-publish","has-post-thumbnail","hentry"],"acf":[],"_links":{"self":[{"href":"https:\/\/dev.papercut.pl\/logozaurus\/wp-json\/wp\/v2\/pages\/711","targetHints":{"allow":["GET"]}}],"collection":[{"href":"https:\/\/dev.papercut.pl\/logozaurus\/wp-json\/wp\/v2\/pages"}],"about":[{"href":"https:\/\/dev.papercut.pl\/logozaurus\/wp-json\/wp\/v2\/types\/page"}],"author":[{"embeddable":true,"href":"https:\/\/dev.papercut.pl\/logozaurus\/wp-json\/wp\/v2\/users\/1"}],"replies":[{"embeddable":true,"href":"https:\/\/dev.papercut.pl\/logozaurus\/wp-json\/wp\/v2\/comments?post=711"}],"version-history":[{"count":1,"href":"https:\/\/dev.papercut.pl\/logozaurus\/wp-json\/wp\/v2\/pages\/711\/revisions"}],"predecessor-version":[{"id":713,"href":"https:\/\/dev.papercut.pl\/logozaurus\/wp-json\/wp\/v2\/pages\/711\/revisions\/713"}],"up":[{"embeddable":true,"href":"https:\/\/dev.papercut.pl\/logozaurus\/wp-json\/wp\/v2\/pages\/239"}],"wp:featuredmedia":[{"embeddable":true,"href":"https:\/\/dev.papercut.pl\/logozaurus\/wp-json\/wp\/v2\/media\/712"}],"wp:attachment":[{"href":"https:\/\/dev.papercut.pl\/logozaurus\/wp-json\/wp\/v2\/media?parent=711"}],"curies":[{"name":"wp","href":"https:\/\/api.w.org\/{rel}","templated":true}]}}