{"id":701,"date":"2026-01-26T11:03:58","date_gmt":"2026-01-26T10:03:58","guid":{"rendered":"https:\/\/dev.papercut.pl\/logozaurus\/?page_id=701"},"modified":"2026-02-05T16:09:34","modified_gmt":"2026-02-05T15:09:34","slug":"opinia-logopedyczna","status":"publish","type":"page","link":"https:\/\/dev.papercut.pl\/logozaurus\/oferta\/opinia-logopedyczna\/","title":{"rendered":"Opinia Logopedyczna"},"content":{"rendered":"\n<div class=\"wp-block-group is-layout-constrained wp-block-group-is-layout-constrained\">\n<div class=\"wp-block-columns is-style-post-title-proportions is-layout-flex wp-container-core-columns-is-layout-9d6595d7 wp-block-columns-is-layout-flex\">\n<div class=\"wp-block-column is-layout-flow wp-block-column-is-layout-flow\"><figure class=\"is-style-circle-image wp-block-post-featured-image\"><img loading=\"lazy\" decoding=\"async\" width=\"500\" height=\"500\" src=\"https:\/\/dev.papercut.pl\/logozaurus\/wp-content\/uploads\/2026\/01\/2.png\" class=\"attachment-post-thumbnail size-post-thumbnail wp-post-image\" alt=\"\" style=\"object-fit:cover;\" \/><\/figure><\/div>\n\n\n\n<div class=\"wp-block-column is-layout-flow wp-block-column-is-layout-flow\"><h1 style=\"margin-top:0;\" class=\"is-style-violet-border wp-block-post-title\">Opinia Logopedyczna<\/h1>\n\n\n<p>Na wniosek rodzica wydawana jest opinia logopedyczn\u0105 zawieraj\u0105ca diagnoz\u0119 logopedyczn\u0105, opis umiej\u0119tno\u015bci oraz trudno\u015bci dziecka oraz zalecenia do zaj\u0119\u0107 logopedycznych \u00a0w przedszkolu, szkole lub plac\u00f3wce . Dokument stanowi kompleksowe streszczenie terapii uwzgl\u0119dniaj\u0105c dokonane post\u0119py w toku terapii.<\/p>\n<\/div>\n<\/div>\n<\/div>\n\n\n\n<div class=\"wp-block-group is-layout-constrained wp-block-group-is-layout-constrained\">\n<p><\/p>\n<\/div>\n","protected":false},"excerpt":{"rendered":"<p>Na wniosek rodzica wydawana jest opinia logopedyczn\u0105 zawieraj\u0105ca diagnoz\u0119 logopedyczn\u0105, opis umiej\u0119tno\u015bci oraz trudno\u015bci dziecka oraz zalecenia do zaj\u0119\u0107 logopedycznych \u00a0w przedszkolu, szkole lub plac\u00f3wce . Dokument stanowi kompleksowe streszczenie terapii uwzgl\u0119dniaj\u0105c dokonane post\u0119py w toku terapii.<\/p>\n","protected":false},"author":1,"featured_media":702,"parent":239,"menu_order":14,"comment_status":"closed","ping_status":"closed","template":"","meta":{"_acf_changed":false,"inline_featured_image":false,"footnotes":""},"class_list":["post-701","page","type-page","status-publish","has-post-thumbnail","hentry"],"acf":[],"_links":{"self":[{"href":"https:\/\/dev.papercut.pl\/logozaurus\/wp-json\/wp\/v2\/pages\/701","targetHints":{"allow":["GET"]}}],"collection":[{"href":"https:\/\/dev.papercut.pl\/logozaurus\/wp-json\/wp\/v2\/pages"}],"about":[{"href":"https:\/\/dev.papercut.pl\/logozaurus\/wp-json\/wp\/v2\/types\/page"}],"author":[{"embeddable":true,"href":"https:\/\/dev.papercut.pl\/logozaurus\/wp-json\/wp\/v2\/users\/1"}],"replies":[{"embeddable":true,"href":"https:\/\/dev.papercut.pl\/logozaurus\/wp-json\/wp\/v2\/comments?post=701"}],"version-history":[{"count":1,"href":"https:\/\/dev.papercut.pl\/logozaurus\/wp-json\/wp\/v2\/pages\/701\/revisions"}],"predecessor-version":[{"id":703,"href":"https:\/\/dev.papercut.pl\/logozaurus\/wp-json\/wp\/v2\/pages\/701\/revisions\/703"}],"up":[{"embeddable":true,"href":"https:\/\/dev.papercut.pl\/logozaurus\/wp-json\/wp\/v2\/pages\/239"}],"wp:featuredmedia":[{"embeddable":true,"href":"https:\/\/dev.papercut.pl\/logozaurus\/wp-json\/wp\/v2\/media\/702"}],"wp:attachment":[{"href":"https:\/\/dev.papercut.pl\/logozaurus\/wp-json\/wp\/v2\/media?parent=701"}],"curies":[{"name":"wp","href":"https:\/\/api.w.org\/{rel}","templated":true}]}}