{"id":698,"date":"2026-01-26T11:01:27","date_gmt":"2026-01-26T10:01:27","guid":{"rendered":"https:\/\/dev.papercut.pl\/logozaurus\/?page_id=698"},"modified":"2026-02-23T10:12:50","modified_gmt":"2026-02-23T09:12:50","slug":"konsultacja-neurologopedyczna","status":"publish","type":"page","link":"https:\/\/dev.papercut.pl\/logozaurus\/oferta\/konsultacja-neurologopedyczna\/","title":{"rendered":"Konsultacja Neurologopedyczna"},"content":{"rendered":"\n<div class=\"wp-block-group is-layout-constrained wp-block-group-is-layout-constrained\">\n<div class=\"wp-block-columns is-style-post-title-proportions is-layout-flex wp-container-core-columns-is-layout-9d6595d7 wp-block-columns-is-layout-flex\">\n<div class=\"wp-block-column is-layout-flow wp-block-column-is-layout-flow\"><figure class=\"is-style-circle-image wp-block-post-featured-image\"><img loading=\"lazy\" decoding=\"async\" width=\"1024\" height=\"1024\" src=\"https:\/\/dev.papercut.pl\/logozaurus\/wp-content\/uploads\/2025\/12\/oferta-logo-1.png\" class=\"attachment-post-thumbnail size-post-thumbnail wp-post-image\" alt=\"\" style=\"object-fit:cover;\" srcset=\"https:\/\/dev.papercut.pl\/logozaurus\/wp-content\/uploads\/2025\/12\/oferta-logo-1.png 1024w, https:\/\/dev.papercut.pl\/logozaurus\/wp-content\/uploads\/2025\/12\/oferta-logo-1-800x800.png 800w, https:\/\/dev.papercut.pl\/logozaurus\/wp-content\/uploads\/2025\/12\/oferta-logo-1-500x500.png 500w, https:\/\/dev.papercut.pl\/logozaurus\/wp-content\/uploads\/2025\/12\/oferta-logo-1-768x768.png 768w, https:\/\/dev.papercut.pl\/logozaurus\/wp-content\/uploads\/2025\/12\/oferta-logo-1-300x300.png 300w, https:\/\/dev.papercut.pl\/logozaurus\/wp-content\/uploads\/2025\/12\/oferta-logo-1-150x150.png 150w\" sizes=\"auto, (max-width: 1024px) 100vw, 1024px\" \/><\/figure><\/div>\n\n\n\n<div class=\"wp-block-column is-layout-flow wp-block-column-is-layout-flow\"><h1 style=\"margin-top:0;\" class=\"is-style-violet-border wp-block-post-title\">Konsultacja Neurologopedyczna<\/h1>\n\n\n<p><strong>Konsultacja neurologopedyczna mo\u017ce mie\u0107 charakter diagnostyczny (gdy odbywa si\u0119 po raz pierwszy i s\u0142u\u017cy rozpoznaniu trudno\u015bci) lub kontrolny (ewaluacyjny), kiedy pozwala oceni\u0107 post\u0119py oraz skuteczno\u015b\u0107 dotychczasowej terapii.<\/strong><\/p>\n\n\n\n<p>Podczas spotkania specjalista przeprowadza szczeg\u00f3\u0142owy wywiad dotycz\u0105cy rozwoju mowy i komunikacji, sposobu oddychania, przyjmowania pokarm\u00f3w oraz innych funkcji fizjologicznych w obr\u0119bie narz\u0105d\u00f3w mowy. Nast\u0119pnie ocenia budow\u0119 i sprawno\u015b\u0107 aparatu artykulacyjnego (j\u0119zyka, warg, podniebienia, \u017cuchwy), a tak\u017ce jako\u015b\u0107 artykulacji i spos\u00f3b realizacji d\u017awi\u0119k\u00f3w mowy.<\/p>\n\n\n\n<p><strong>Warto\u015bci p\u0142yn\u0105ce z konsultacji<\/strong><\/p>\n\n\n\n<ul class=\"wp-block-list\">\n<li>wczesne wykrycie nieprawid\u0142owo\u015bci i mo\u017cliwo\u015b\u0107 szybkiego wdro\u017cenia wsparcia,<\/li>\n\n\n\n<li>indywidualnie dopasowane zalecenia terapeutyczne,<\/li>\n\n\n\n<li>wskaz\u00f3wki do pracy w domu dla rodzic\u00f3w lub opiekun\u00f3w,<\/li>\n\n\n\n<li>okre\u015blenie kierunku dalszej diagnostyki (np. laryngologicznej, ortodontycznej, neurologicznej),<\/li>\n\n\n\n<li>wsparcie w doborze odpowiednich metod dalszej pracy,<\/li>\n\n\n\n<li>poczucie wi\u0119kszej \u015bwiadomo\u015bci i bezpiecze\u0144stwa w zakresie rozwoju komunikacji.<\/li>\n<\/ul>\n\n\n\n<p class=\"is-style-h3\"><strong>Dla kogo jest konsultacja?<\/strong><\/p>\n\n\n\n<ul class=\"wp-block-list\">\n<li>dla dzieci z op\u00f3\u017anionym rozwojem mowy,<\/li>\n\n\n\n<li>dla dzieci i doros\u0142ych z zaburzeniami przetwarzania s\u0142uchowego,<\/li>\n\n\n\n<li>dla os\u00f3b z op\u00f3\u017anionym rozwojem mowy,<\/li>\n\n\n\n<li>dla os\u00f3b z niep\u0142ynno\u015bci\u0105 mowy,<\/li>\n\n\n\n<li>dla dzieci z wadami wymowy i trudno\u015bciami komunikacyjnymi,<\/li>\n\n\n\n<li>dla os\u00f3b potrzebuj\u0105cych wsparcia w zakresie komunikacji alternatywnej i wspomagaj\u0105cej (AAC),<\/li>\n\n\n\n<li>dla m\u0142odzie\u017cy i doros\u0142ych po urazach neurologicznych (np. udarze),<\/li>\n\n\n\n<li>dla os\u00f3b z zaburzeniami g\u0142osu, artykulacji lub funkcji prymarnych,<\/li>\n\n\n\n<li>dla rodzic\u00f3w, kt\u00f3rzy chc\u0105 upewni\u0107 si\u0119, czy rozw\u00f3j mowy dziecka przebiega prawid\u0142owo.<\/li>\n<\/ul>\n\n\n\n<p><strong>Konsultacja neurologopedyczna to pierwszy krok do \u015bwiadomego i skutecznego wsparcia rozwoju komunikacji na ka\u017cdym etapie \u017cycia.<\/strong><\/p>\n<\/div>\n<\/div>\n<\/div>\n\n\n\n<div class=\"wp-block-group is-layout-constrained wp-block-group-is-layout-constrained\">\n<p><\/p>\n<\/div>\n","protected":false},"excerpt":{"rendered":"<p>Konsultacja neurologopedyczna mo\u017ce mie\u0107 charakter diagnostyczny (gdy odbywa si\u0119 po raz pierwszy i s\u0142u\u017cy rozpoznaniu trudno\u015bci) lub kontrolny (ewaluacyjny), kiedy pozwala oceni\u0107 post\u0119py oraz skuteczno\u015b\u0107 dotychczasowej terapii. Podczas spotkania specjalista przeprowadza szczeg\u00f3\u0142owy wywiad dotycz\u0105cy rozwoju mowy i komunikacji, sposobu oddychania, przyjmowania pokarm\u00f3w oraz innych funkcji fizjologicznych w obr\u0119bie narz\u0105d\u00f3w mowy. Nast\u0119pnie ocenia budow\u0119 i sprawno\u015b\u0107 [&hellip;]<\/p>\n","protected":false},"author":1,"featured_media":319,"parent":239,"menu_order":7,"comment_status":"closed","ping_status":"closed","template":"","meta":{"_acf_changed":false,"inline_featured_image":false,"footnotes":""},"class_list":["post-698","page","type-page","status-publish","has-post-thumbnail","hentry"],"acf":[],"_links":{"self":[{"href":"https:\/\/dev.papercut.pl\/logozaurus\/wp-json\/wp\/v2\/pages\/698","targetHints":{"allow":["GET"]}}],"collection":[{"href":"https:\/\/dev.papercut.pl\/logozaurus\/wp-json\/wp\/v2\/pages"}],"about":[{"href":"https:\/\/dev.papercut.pl\/logozaurus\/wp-json\/wp\/v2\/types\/page"}],"author":[{"embeddable":true,"href":"https:\/\/dev.papercut.pl\/logozaurus\/wp-json\/wp\/v2\/users\/1"}],"replies":[{"embeddable":true,"href":"https:\/\/dev.papercut.pl\/logozaurus\/wp-json\/wp\/v2\/comments?post=698"}],"version-history":[{"count":5,"href":"https:\/\/dev.papercut.pl\/logozaurus\/wp-json\/wp\/v2\/pages\/698\/revisions"}],"predecessor-version":[{"id":901,"href":"https:\/\/dev.papercut.pl\/logozaurus\/wp-json\/wp\/v2\/pages\/698\/revisions\/901"}],"up":[{"embeddable":true,"href":"https:\/\/dev.papercut.pl\/logozaurus\/wp-json\/wp\/v2\/pages\/239"}],"wp:featuredmedia":[{"embeddable":true,"href":"https:\/\/dev.papercut.pl\/logozaurus\/wp-json\/wp\/v2\/media\/319"}],"wp:attachment":[{"href":"https:\/\/dev.papercut.pl\/logozaurus\/wp-json\/wp\/v2\/media?parent=698"}],"curies":[{"name":"wp","href":"https:\/\/api.w.org\/{rel}","templated":true}]}}