{"id":695,"date":"2026-01-26T11:00:09","date_gmt":"2026-01-26T10:00:09","guid":{"rendered":"https:\/\/dev.papercut.pl\/logozaurus\/?page_id=695"},"modified":"2026-01-26T11:01:16","modified_gmt":"2026-01-26T10:01:16","slug":"konsultacja-logopedyczna-copy-2-copy-2-copy-2","status":"publish","type":"page","link":"https:\/\/dev.papercut.pl\/logozaurus\/oferta\/konsultacja-logopedyczna-copy-2-copy-2-copy-2\/","title":{"rendered":"Sensozaury"},"content":{"rendered":"\n<div class=\"wp-block-group is-layout-constrained wp-block-group-is-layout-constrained\">\n<div class=\"wp-block-columns is-style-post-title-proportions is-layout-flex wp-container-core-columns-is-layout-9d6595d7 wp-block-columns-is-layout-flex\">\n<div class=\"wp-block-column is-layout-flow wp-block-column-is-layout-flow\"><figure class=\"is-style-circle-image wp-block-post-featured-image\"><img loading=\"lazy\" decoding=\"async\" width=\"1024\" height=\"1024\" src=\"https:\/\/dev.papercut.pl\/logozaurus\/wp-content\/uploads\/2026\/01\/maly-dinus.png\" class=\"attachment-post-thumbnail size-post-thumbnail wp-post-image\" alt=\"\" style=\"object-fit:cover;\" srcset=\"https:\/\/dev.papercut.pl\/logozaurus\/wp-content\/uploads\/2026\/01\/maly-dinus.png 1024w, https:\/\/dev.papercut.pl\/logozaurus\/wp-content\/uploads\/2026\/01\/maly-dinus-800x800.png 800w, https:\/\/dev.papercut.pl\/logozaurus\/wp-content\/uploads\/2026\/01\/maly-dinus-500x500.png 500w, https:\/\/dev.papercut.pl\/logozaurus\/wp-content\/uploads\/2026\/01\/maly-dinus-768x768.png 768w\" sizes=\"auto, (max-width: 1024px) 100vw, 1024px\" \/><\/figure><\/div>\n\n\n\n<div class=\"wp-block-column is-layout-flow wp-block-column-is-layout-flow\"><h1 style=\"margin-top:0;\" class=\"is-style-violet-border wp-block-post-title\">Sensozaury<\/h1>\n\n\n<p><strong>Zaj\u0119cia sensoryczne, maj\u0105ce na celu wspieranie og\u00f3lnego rozwoju niemowl\u0105t oraz ma\u0142ych dzieci.<\/strong><\/p>\n\n\n\n<p>Poprzez zabaw\u0119, ruch oraz dotyk, pobudzamy i rozwijamy zmys\u0142y najm\u0142odszych.<\/p>\n\n\n\n<p>W bezpiecznych i kontrolowanych, przez terapeut\u0119 SI, warunkach, niemowl\u0119ta wsp\u00f3lnie mog\u0105 pr\u00f3bowa\u0107, do\u015bwiadcza\u0107, poznawa\u0107 wiele nowych bod\u017ac\u00f3w oraz od ma\u0142ego uczy\u0107 si\u0119 integrowa\u0107 swoje zamys\u0142y.<\/p>\n<\/div>\n<\/div>\n<\/div>\n\n\n\n<div class=\"wp-block-group is-layout-constrained wp-block-group-is-layout-constrained\">\n<p><\/p>\n<\/div>\n","protected":false},"excerpt":{"rendered":"<p>Zaj\u0119cia sensoryczne, maj\u0105ce na celu wspieranie og\u00f3lnego rozwoju niemowl\u0105t oraz ma\u0142ych dzieci. Poprzez zabaw\u0119, ruch oraz dotyk, pobudzamy i rozwijamy zmys\u0142y najm\u0142odszych. W bezpiecznych i kontrolowanych, przez terapeut\u0119 SI, warunkach, niemowl\u0119ta wsp\u00f3lnie mog\u0105 pr\u00f3bowa\u0107, do\u015bwiadcza\u0107, poznawa\u0107 wiele nowych bod\u017ac\u00f3w oraz od ma\u0142ego uczy\u0107 si\u0119 integrowa\u0107 swoje zamys\u0142y.<\/p>\n","protected":false},"author":1,"featured_media":696,"parent":239,"menu_order":18,"comment_status":"closed","ping_status":"closed","template":"","meta":{"_acf_changed":false,"inline_featured_image":false,"footnotes":""},"class_list":["post-695","page","type-page","status-publish","has-post-thumbnail","hentry"],"acf":[],"_links":{"self":[{"href":"https:\/\/dev.papercut.pl\/logozaurus\/wp-json\/wp\/v2\/pages\/695","targetHints":{"allow":["GET"]}}],"collection":[{"href":"https:\/\/dev.papercut.pl\/logozaurus\/wp-json\/wp\/v2\/pages"}],"about":[{"href":"https:\/\/dev.papercut.pl\/logozaurus\/wp-json\/wp\/v2\/types\/page"}],"author":[{"embeddable":true,"href":"https:\/\/dev.papercut.pl\/logozaurus\/wp-json\/wp\/v2\/users\/1"}],"replies":[{"embeddable":true,"href":"https:\/\/dev.papercut.pl\/logozaurus\/wp-json\/wp\/v2\/comments?post=695"}],"version-history":[{"count":1,"href":"https:\/\/dev.papercut.pl\/logozaurus\/wp-json\/wp\/v2\/pages\/695\/revisions"}],"predecessor-version":[{"id":697,"href":"https:\/\/dev.papercut.pl\/logozaurus\/wp-json\/wp\/v2\/pages\/695\/revisions\/697"}],"up":[{"embeddable":true,"href":"https:\/\/dev.papercut.pl\/logozaurus\/wp-json\/wp\/v2\/pages\/239"}],"wp:featuredmedia":[{"embeddable":true,"href":"https:\/\/dev.papercut.pl\/logozaurus\/wp-json\/wp\/v2\/media\/696"}],"wp:attachment":[{"href":"https:\/\/dev.papercut.pl\/logozaurus\/wp-json\/wp\/v2\/media?parent=695"}],"curies":[{"name":"wp","href":"https:\/\/api.w.org\/{rel}","templated":true}]}}