{"id":688,"date":"2026-01-26T10:54:52","date_gmt":"2026-01-26T09:54:52","guid":{"rendered":"https:\/\/dev.papercut.pl\/logozaurus\/?page_id=688"},"modified":"2026-02-26T14:11:32","modified_gmt":"2026-02-26T13:11:32","slug":"konsultacja-logopedyczna-copy-2-copy-2-copy-copy","status":"publish","type":"page","link":"https:\/\/dev.papercut.pl\/logozaurus\/oferta\/konsultacja-logopedyczna-copy-2-copy-2-copy-copy\/","title":{"rendered":"Konsultacja Psychologiczna"},"content":{"rendered":"\n<div class=\"wp-block-group is-layout-constrained wp-block-group-is-layout-constrained\">\n<div class=\"wp-block-columns is-style-post-title-proportions is-layout-flex wp-container-core-columns-is-layout-9d6595d7 wp-block-columns-is-layout-flex\">\n<div class=\"wp-block-column is-layout-flow wp-block-column-is-layout-flow\"><figure class=\"is-style-circle-image wp-block-post-featured-image\"><img loading=\"lazy\" decoding=\"async\" width=\"320\" height=\"350\" src=\"https:\/\/dev.papercut.pl\/logozaurus\/wp-content\/uploads\/2026\/02\/konsul-psych.png\" class=\"attachment-post-thumbnail size-post-thumbnail wp-post-image\" alt=\"\" style=\"object-fit:cover;\" \/><\/figure><\/div>\n\n\n\n<div class=\"wp-block-column is-layout-flow wp-block-column-is-layout-flow\"><h1 style=\"margin-top:0;\" class=\"is-style-violet-border wp-block-post-title\">Konsultacja Psychologiczna<\/h1>\n\n\n<p><strong>Celem konsultacji psychologicznej jest\u00a0<strong>wspieranie zar\u00f3wno dzieci i m\u0142odzie\u017cy, jak i ich rodzic\u00f3w<\/strong>\u00a0w radzeniu sobie z wyzwaniami emocjonalnymi, spo\u0142ecznymi i rozwojowymi. Podczas spotka\u0144:<\/strong><\/p>\n\n\n\n<ul class=\"wp-block-list\">\n<li>Rodzice otrzymuj\u0105\u00a0<strong>fachow\u0105 pomoc w zrozumieniu zachowa\u0144 swojego dziecka<\/strong>, dzi\u0119ki czemu mog\u0105 skuteczniej wspiera\u0107 jego rozw\u00f3j i reagowa\u0107 na trudno\u015bci.<\/li>\n\n\n\n<li>Dzieci i m\u0142odzie\u017c otrzymuj\u0105\u00a0<strong>bezpo\u015brednie wsparcie psychologiczne<\/strong>, kt\u00f3re pozwala im lepiej radzi\u0107 sobie z emocjami, stresem, l\u0119kiem, trudno\u015bciami w nauce, relacjach r\u00f3wie\u015bniczych czy konfliktach rodzinnych.<\/li>\n\n\n\n<li>Psycholog wsp\u00f3lnie z rodzin\u0105 opracowuje\u00a0<strong>praktyczne strategie i rozwi\u0105zania<\/strong>, kt\u00f3re mog\u0105 poprawi\u0107 codzienne funkcjonowanie dziecka i wspiera\u0107 jego zdrowy rozw\u00f3j emocjonalny.<\/li>\n\n\n\n<li>Konsultacja umo\u017cliwia tak\u017ce\u00a0<strong>wczesn\u0105 identyfikacj\u0119 trudno\u015bci<\/strong>, co pozwala szybko reagowa\u0107 i przeciwdzia\u0142a\u0107 eskalacji problem\u00f3w.<\/li>\n<\/ul>\n\n\n\n<p>Spotkania odbywaj\u0105 si\u0119 w atmosferze&nbsp;<strong>zaufania i bezpiecze\u0144stwa<\/strong>, dzi\u0119ki czemu dzieci i m\u0142odzie\u017c mog\u0105 otwarcie wyra\u017ca\u0107 swoje uczucia, a rodzice otrzymuj\u0105 konkretne narz\u0119dzia do wspierania dziecka w codziennym \u017cyciu.<\/p>\n\n\n\n<p>Konsultacja psychologiczna to inwestycja w&nbsp;<strong>zdrowie emocjonalne ca\u0142ej rodziny<\/strong>, kt\u00f3ra pomaga nie tylko rozwi\u0105zywa\u0107 bie\u017c\u0105ce trudno\u015bci, ale tak\u017ce budowa\u0107 silniejsze i zdrowsze relacje rodzinne.<\/p>\n<\/div>\n<\/div>\n<\/div>\n\n\n\n<div class=\"wp-block-group is-layout-constrained wp-block-group-is-layout-constrained\">\n<p><\/p>\n<\/div>\n","protected":false},"excerpt":{"rendered":"<p>Celem konsultacji psychologicznej jest\u00a0wspieranie zar\u00f3wno dzieci i m\u0142odzie\u017cy, jak i ich rodzic\u00f3w\u00a0w radzeniu sobie z wyzwaniami emocjonalnymi, spo\u0142ecznymi i rozwojowymi. Podczas spotka\u0144: Spotkania odbywaj\u0105 si\u0119 w atmosferze&nbsp;zaufania i bezpiecze\u0144stwa, dzi\u0119ki czemu dzieci i m\u0142odzie\u017c mog\u0105 otwarcie wyra\u017ca\u0107 swoje uczucia, a rodzice otrzymuj\u0105 konkretne narz\u0119dzia do wspierania dziecka w codziennym \u017cyciu. Konsultacja psychologiczna to inwestycja w&nbsp;zdrowie [&hellip;]<\/p>\n","protected":false},"author":1,"featured_media":946,"parent":239,"menu_order":20,"comment_status":"closed","ping_status":"closed","template":"","meta":{"_acf_changed":false,"inline_featured_image":false,"footnotes":""},"class_list":["post-688","page","type-page","status-publish","has-post-thumbnail","hentry"],"acf":[],"_links":{"self":[{"href":"https:\/\/dev.papercut.pl\/logozaurus\/wp-json\/wp\/v2\/pages\/688","targetHints":{"allow":["GET"]}}],"collection":[{"href":"https:\/\/dev.papercut.pl\/logozaurus\/wp-json\/wp\/v2\/pages"}],"about":[{"href":"https:\/\/dev.papercut.pl\/logozaurus\/wp-json\/wp\/v2\/types\/page"}],"author":[{"embeddable":true,"href":"https:\/\/dev.papercut.pl\/logozaurus\/wp-json\/wp\/v2\/users\/1"}],"replies":[{"embeddable":true,"href":"https:\/\/dev.papercut.pl\/logozaurus\/wp-json\/wp\/v2\/comments?post=688"}],"version-history":[{"count":1,"href":"https:\/\/dev.papercut.pl\/logozaurus\/wp-json\/wp\/v2\/pages\/688\/revisions"}],"predecessor-version":[{"id":690,"href":"https:\/\/dev.papercut.pl\/logozaurus\/wp-json\/wp\/v2\/pages\/688\/revisions\/690"}],"up":[{"embeddable":true,"href":"https:\/\/dev.papercut.pl\/logozaurus\/wp-json\/wp\/v2\/pages\/239"}],"wp:featuredmedia":[{"embeddable":true,"href":"https:\/\/dev.papercut.pl\/logozaurus\/wp-json\/wp\/v2\/media\/946"}],"wp:attachment":[{"href":"https:\/\/dev.papercut.pl\/logozaurus\/wp-json\/wp\/v2\/media?parent=688"}],"curies":[{"name":"wp","href":"https:\/\/api.w.org\/{rel}","templated":true}]}}