{"id":685,"date":"2026-01-26T10:52:49","date_gmt":"2026-01-26T09:52:49","guid":{"rendered":"https:\/\/dev.papercut.pl\/logozaurus\/?page_id=685"},"modified":"2026-02-05T16:09:08","modified_gmt":"2026-02-05T15:09:08","slug":"diagnoza-integracji-sensorycznej","status":"publish","type":"page","link":"https:\/\/dev.papercut.pl\/logozaurus\/oferta\/diagnoza-integracji-sensorycznej\/","title":{"rendered":"Diagnoza Integracji Sensorycznej"},"content":{"rendered":"\n<div class=\"wp-block-group is-layout-constrained wp-block-group-is-layout-constrained\">\n<div class=\"wp-block-columns is-style-post-title-proportions is-layout-flex wp-container-core-columns-is-layout-9d6595d7 wp-block-columns-is-layout-flex\">\n<div class=\"wp-block-column is-layout-flow wp-block-column-is-layout-flow\"><figure class=\"is-style-circle-image wp-block-post-featured-image\"><img loading=\"lazy\" decoding=\"async\" width=\"1024\" height=\"1024\" src=\"https:\/\/dev.papercut.pl\/logozaurus\/wp-content\/uploads\/2026\/01\/diagnoza-si.png\" class=\"attachment-post-thumbnail size-post-thumbnail wp-post-image\" alt=\"\" style=\"object-fit:cover;\" srcset=\"https:\/\/dev.papercut.pl\/logozaurus\/wp-content\/uploads\/2026\/01\/diagnoza-si.png 1024w, https:\/\/dev.papercut.pl\/logozaurus\/wp-content\/uploads\/2026\/01\/diagnoza-si-800x800.png 800w, https:\/\/dev.papercut.pl\/logozaurus\/wp-content\/uploads\/2026\/01\/diagnoza-si-500x500.png 500w, https:\/\/dev.papercut.pl\/logozaurus\/wp-content\/uploads\/2026\/01\/diagnoza-si-768x768.png 768w\" sizes=\"auto, (max-width: 1024px) 100vw, 1024px\" \/><\/figure><\/div>\n\n\n\n<div class=\"wp-block-column is-layout-flow wp-block-column-is-layout-flow\"><h1 style=\"margin-top:0;\" class=\"is-style-violet-border wp-block-post-title\">Diagnoza Integracji Sensorycznej<\/h1>\n\n\n<p><strong>Diagnoza zaburzenia integracji sensorycznej obejmuje:<\/strong><\/p>\n\n\n\n<ul class=\"wp-block-list\">\n<li>Telefoniczny wywiad z\u00a0rodzicami dziecka<\/li>\n\n\n\n<li>Wype\u0142nienie kwestionariusza pokazuj\u0105cego, w\u00a0jaki spos\u00f3b dziecko funkcjonuje na\u00a0co\u00a0dzie\u0144<\/li>\n\n\n\n<li>Spotkanie diagnostyczne z dzieckiem<\/li>\n\n\n\n<li>Om\u00f3wienie diagnozy w formie telefonicznej<\/li>\n<\/ul>\n\n\n\n<p>Celem diagnozy jest stwierdzenie czy u pod\u0142o\u017ca trudno\u015bci napotykanych przez dziecko le\u017c\u0105 zaburzenia proces\u00f3w integracji sensorycznej.<\/p>\n\n\n\n<p>Diagnoza do 4 r.\u017c. dziecka ma form\u0119 opisow\u0105. Na diagnoz\u0119 dziecka od 4 r.\u017c. sk\u0142adaj\u0105 si\u0119 wybrane pr\u00f3by obserwacji klinicznej, testy po\u0142udniowo-kalifornijskie oraz obserwacja swobodnej aktywno\u015bci.<\/p>\n\n\n\n<p>Maluchy mo\u017cna um\u00f3wi\u0107 na konsultacj\u0119, b\u0119d\u0105c\u0105 wst\u0119pn\u0105 diagnoz\u0105 przetwarzania bod\u017ac\u00f3w sensorycznych.<\/p>\n<\/div>\n<\/div>\n<\/div>\n\n\n\n<div class=\"wp-block-group is-layout-constrained wp-block-group-is-layout-constrained\">\n<p><\/p>\n<\/div>\n","protected":false},"excerpt":{"rendered":"<p>Diagnoza zaburzenia integracji sensorycznej obejmuje: Celem diagnozy jest stwierdzenie czy u pod\u0142o\u017ca trudno\u015bci napotykanych przez dziecko le\u017c\u0105 zaburzenia proces\u00f3w integracji sensorycznej. Diagnoza do 4 r.\u017c. dziecka ma form\u0119 opisow\u0105. Na diagnoz\u0119 dziecka od 4 r.\u017c. sk\u0142adaj\u0105 si\u0119 wybrane pr\u00f3by obserwacji klinicznej, testy po\u0142udniowo-kalifornijskie oraz obserwacja swobodnej aktywno\u015bci. Maluchy mo\u017cna um\u00f3wi\u0107 na konsultacj\u0119, b\u0119d\u0105c\u0105 wst\u0119pn\u0105 diagnoz\u0105 [&hellip;]<\/p>\n","protected":false},"author":1,"featured_media":686,"parent":239,"menu_order":16,"comment_status":"closed","ping_status":"closed","template":"","meta":{"_acf_changed":false,"inline_featured_image":false,"footnotes":""},"class_list":["post-685","page","type-page","status-publish","has-post-thumbnail","hentry"],"acf":[],"_links":{"self":[{"href":"https:\/\/dev.papercut.pl\/logozaurus\/wp-json\/wp\/v2\/pages\/685","targetHints":{"allow":["GET"]}}],"collection":[{"href":"https:\/\/dev.papercut.pl\/logozaurus\/wp-json\/wp\/v2\/pages"}],"about":[{"href":"https:\/\/dev.papercut.pl\/logozaurus\/wp-json\/wp\/v2\/types\/page"}],"author":[{"embeddable":true,"href":"https:\/\/dev.papercut.pl\/logozaurus\/wp-json\/wp\/v2\/users\/1"}],"replies":[{"embeddable":true,"href":"https:\/\/dev.papercut.pl\/logozaurus\/wp-json\/wp\/v2\/comments?post=685"}],"version-history":[{"count":1,"href":"https:\/\/dev.papercut.pl\/logozaurus\/wp-json\/wp\/v2\/pages\/685\/revisions"}],"predecessor-version":[{"id":687,"href":"https:\/\/dev.papercut.pl\/logozaurus\/wp-json\/wp\/v2\/pages\/685\/revisions\/687"}],"up":[{"embeddable":true,"href":"https:\/\/dev.papercut.pl\/logozaurus\/wp-json\/wp\/v2\/pages\/239"}],"wp:featuredmedia":[{"embeddable":true,"href":"https:\/\/dev.papercut.pl\/logozaurus\/wp-json\/wp\/v2\/media\/686"}],"wp:attachment":[{"href":"https:\/\/dev.papercut.pl\/logozaurus\/wp-json\/wp\/v2\/media?parent=685"}],"curies":[{"name":"wp","href":"https:\/\/api.w.org\/{rel}","templated":true}]}}