{"id":681,"date":"2026-01-26T10:51:05","date_gmt":"2026-01-26T09:51:05","guid":{"rendered":"https:\/\/dev.papercut.pl\/logozaurus\/?page_id=681"},"modified":"2026-02-05T16:08:49","modified_gmt":"2026-02-05T15:08:49","slug":"integracja-sensoryczna","status":"publish","type":"page","link":"https:\/\/dev.papercut.pl\/logozaurus\/oferta\/integracja-sensoryczna\/","title":{"rendered":"Integracja Sensoryczna (SI)"},"content":{"rendered":"\n<div class=\"wp-block-group is-layout-constrained wp-block-group-is-layout-constrained\">\n<div class=\"wp-block-columns is-style-post-title-proportions is-layout-flex wp-container-core-columns-is-layout-9d6595d7 wp-block-columns-is-layout-flex\">\n<div class=\"wp-block-column is-layout-flow wp-block-column-is-layout-flow\"><figure class=\"is-style-circle-image wp-block-post-featured-image\"><img loading=\"lazy\" decoding=\"async\" width=\"500\" height=\"500\" src=\"https:\/\/dev.papercut.pl\/logozaurus\/wp-content\/uploads\/2026\/01\/SI.png\" class=\"attachment-post-thumbnail size-post-thumbnail wp-post-image\" alt=\"\" style=\"object-fit:cover;\" \/><\/figure><\/div>\n\n\n\n<div class=\"wp-block-column is-layout-flow wp-block-column-is-layout-flow\"><h1 style=\"margin-top:0;\" class=\"is-style-violet-border wp-block-post-title\">Integracja Sensoryczna (SI)<\/h1>\n\n\n<p><strong>Terapia zaburze\u0144 Integracji Sensorycznej polega na dostarczaniu dziecku kontrolowanej dawki\u00a0dozna\u0144 sensorycznych, kt\u00f3rych intensywno\u015b\u0107 jest dostosowana do charakteru i nasilenia zaburze\u0144.\u00a0<\/strong><\/p>\n\n\n\n<p>Metoda skierowana jest g\u0142\u00f3wnie dla dzieci z trudno\u015bciami w zakresie: r\u00f3wnowagi, koordynacji, zgrabno\u015bci ruch\u00f3w, umiej\u0119tno\u015bci na\u015bladowania i powtarzania sekwencji ruchowych, jak i dla pacjent\u00f3w z niew\u0142a\u015bciwym poziomem uwagi, trudno\u015bciami w zachowaniu oraz generalnie obni\u017conym poziomem koordynacji ruchowej<\/p>\n\n\n\n<p>Na terapie SI ucz\u0119szczaj\u0105 dzieci nadwra\u017cliwe na wybrane bod\u017ace sensoryczne, wycofane, z os\u0142abion\u0105 sprawno\u015bci\u0105 manualn\u0105, dzieci nadpobudliwe psycho-motorycznie.<\/p>\n\n\n\n<p>Wszystkie dzia\u0142ania w terapii SI s\u0105 aran\u017cowane w oparciu o funkcjonowanie zmys\u0142\u00f3w. Powinny mie\u0107 one charakter aktywnej stymulacji dopasowanym do potrzeb. Oznacza to, \u017ce podejmowane za zaj\u0119ciach aktywno\u015bci maj\u0105 charakter indywidualny<\/p>\n\n\n\n<p><strong>Terapi\u0119 SI bazuje na wcze\u015bniej przeprowadzonej diagnozie.\u00a0<\/strong><\/p>\n<\/div>\n<\/div>\n<\/div>\n\n\n\n<div class=\"wp-block-group is-layout-constrained wp-block-group-is-layout-constrained\">\n<p><\/p>\n<\/div>\n","protected":false},"excerpt":{"rendered":"<p>Terapia zaburze\u0144 Integracji Sensorycznej polega na dostarczaniu dziecku kontrolowanej dawki\u00a0dozna\u0144 sensorycznych, kt\u00f3rych intensywno\u015b\u0107 jest dostosowana do charakteru i nasilenia zaburze\u0144.\u00a0 Metoda skierowana jest g\u0142\u00f3wnie dla dzieci z trudno\u015bciami w zakresie: r\u00f3wnowagi, koordynacji, zgrabno\u015bci ruch\u00f3w, umiej\u0119tno\u015bci na\u015bladowania i powtarzania sekwencji ruchowych, jak i dla pacjent\u00f3w z niew\u0142a\u015bciwym poziomem uwagi, trudno\u015bciami w zachowaniu oraz generalnie obni\u017conym poziomem [&hellip;]<\/p>\n","protected":false},"author":1,"featured_media":682,"parent":239,"menu_order":17,"comment_status":"closed","ping_status":"closed","template":"","meta":{"_acf_changed":false,"inline_featured_image":false,"footnotes":""},"class_list":["post-681","page","type-page","status-publish","has-post-thumbnail","hentry"],"acf":[],"_links":{"self":[{"href":"https:\/\/dev.papercut.pl\/logozaurus\/wp-json\/wp\/v2\/pages\/681","targetHints":{"allow":["GET"]}}],"collection":[{"href":"https:\/\/dev.papercut.pl\/logozaurus\/wp-json\/wp\/v2\/pages"}],"about":[{"href":"https:\/\/dev.papercut.pl\/logozaurus\/wp-json\/wp\/v2\/types\/page"}],"author":[{"embeddable":true,"href":"https:\/\/dev.papercut.pl\/logozaurus\/wp-json\/wp\/v2\/users\/1"}],"replies":[{"embeddable":true,"href":"https:\/\/dev.papercut.pl\/logozaurus\/wp-json\/wp\/v2\/comments?post=681"}],"version-history":[{"count":1,"href":"https:\/\/dev.papercut.pl\/logozaurus\/wp-json\/wp\/v2\/pages\/681\/revisions"}],"predecessor-version":[{"id":683,"href":"https:\/\/dev.papercut.pl\/logozaurus\/wp-json\/wp\/v2\/pages\/681\/revisions\/683"}],"up":[{"embeddable":true,"href":"https:\/\/dev.papercut.pl\/logozaurus\/wp-json\/wp\/v2\/pages\/239"}],"wp:featuredmedia":[{"embeddable":true,"href":"https:\/\/dev.papercut.pl\/logozaurus\/wp-json\/wp\/v2\/media\/682"}],"wp:attachment":[{"href":"https:\/\/dev.papercut.pl\/logozaurus\/wp-json\/wp\/v2\/media?parent=681"}],"curies":[{"name":"wp","href":"https:\/\/api.w.org\/{rel}","templated":true}]}}