{"id":675,"date":"2026-01-26T10:45:24","date_gmt":"2026-01-26T09:45:24","guid":{"rendered":"https:\/\/dev.papercut.pl\/logozaurus\/?page_id=675"},"modified":"2026-02-23T10:11:40","modified_gmt":"2026-02-23T09:11:40","slug":"logopeda-neurologopeda","status":"publish","type":"page","link":"https:\/\/dev.papercut.pl\/logozaurus\/oferta\/logopeda-neurologopeda\/","title":{"rendered":"Logopeda | Neurologopeda"},"content":{"rendered":"\n<div class=\"wp-block-group is-layout-constrained wp-block-group-is-layout-constrained\">\n<div class=\"wp-block-columns is-style-post-title-proportions is-layout-flex wp-container-core-columns-is-layout-9d6595d7 wp-block-columns-is-layout-flex\">\n<div class=\"wp-block-column is-layout-flow wp-block-column-is-layout-flow\"><figure class=\"is-style-circle-image wp-block-post-featured-image\"><img loading=\"lazy\" decoding=\"async\" width=\"500\" height=\"500\" src=\"https:\/\/dev.papercut.pl\/logozaurus\/wp-content\/uploads\/2026\/01\/1.png\" class=\"attachment-post-thumbnail size-post-thumbnail wp-post-image\" alt=\"\" style=\"object-fit:cover;\" \/><\/figure><\/div>\n\n\n\n<div class=\"wp-block-column is-layout-flow wp-block-column-is-layout-flow\"><h1 style=\"margin-top:0;\" class=\"is-style-violet-border wp-block-post-title\">Logopeda | Neurologopeda<\/h1>\n\n\n<p><strong>Zaj\u0119cia terapeutyczne skoncentrowane na rozwoju prawid\u0142owej mowy oraz zwi\u0119kszeniu komfortu komunikacji. Terapia obejmuje prac\u0119 nad narz\u0105dami artykulacyjnymi, usprawnianie funkcji j\u0119zykowych oraz diagnoz\u0119 i korekcj\u0119 szeroko rozumianych zaburze\u0144 komunikacji.<\/strong><\/p>\n\n\n\n<p>W ramach terapii prowadzona jest r\u00f3wnie\u017c ocena funkcjonowania oraz budowy traktu ustno-twarzowego, szczeg\u00f3lnie u pacjent\u00f3w b\u0119d\u0105cych w trakcie leczenia ortodontycznego. Wsp\u00f3\u0142praca ze specjalistami pozwala na kompleksowe wsparcie rozwoju mowy oraz prawid\u0142owych funkcji prymarnych (oddychanie, po\u0142ykanie, \u017cucie).<\/p>\n\n\n\n<p>Ka\u017cde spotkanie opiera si\u0119 na indywidualnie opracowanym planie terapii, dostosowanym do potrzeb, mo\u017cliwo\u015bci i tempa pracy dziecka. Terapia ma charakter systematyczny, wspieraj\u0105cy i dostosowany do wieku oraz poziomu rozwoju pacjenta.<\/p>\n\n\n\n<p><strong>Dla kogo?<\/strong><\/p>\n\n\n\n<ul class=\"wp-block-list\">\n<li>Terapia logopedyczna i neurologopedyczna skierowana jest do:<\/li>\n\n\n\n<li>dzieci z op\u00f3\u017anionym rozwojem mowy<\/li>\n\n\n\n<li>dzieci z wadami wymowy<\/li>\n\n\n\n<li>dzieci z trudno\u015bciami w komunikacji<\/li>\n\n\n\n<li>dzieci z zaburzeniami przetwarzania s\u0142uchowego<\/li>\n\n\n\n<li>dzieci z trudno\u015bciami w jedzeniu, po\u0142ykaniu oraz oddychaniu przez usta<\/li>\n\n\n\n<li>dzieci z wyzwaniami neurorozwojowymi (ASD, ADHD, MPD i inne)<\/li>\n<\/ul>\n\n\n\n<p><strong>Zakres wsparcia:<\/strong><\/p>\n\n\n\n<ul class=\"wp-block-list\">\n<li>op\u00f3\u017aniony rozw\u00f3j mowy<\/li>\n\n\n\n<li>wady wymowy (rotacyzm, sygmatyzm, kappacyzm i inne)<\/li>\n\n\n\n<li>trudno\u015bci artykulacyjne<\/li>\n\n\n\n<li>niep\u0142ynno\u015b\u0107 mowy<\/li>\n\n\n\n<li>zaburzenia przetwarzania s\u0142uchowego<\/li>\n\n\n\n<li>wsparcie komunikacji u dzieci z ASD, ADHD, Zespo\u0142em Downa<\/li>\n\n\n\n<li>trudno\u015bci w koncentracji i funkcjach j\u0119zykowych<\/li>\n\n\n\n<li>profilaktyka logopedyczna<\/li>\n\n\n\n<li>komunikacja alternatywna i wspomagaj\u0105ca (AAC)<\/li>\n<\/ul>\n\n\n\n<p><strong>Dlaczego to wa\u017cne?<\/strong><\/p>\n\n\n\n<p>Sprawna komunikacja wp\u0142ywa na:<\/p>\n\n\n\n<ul class=\"wp-block-list\">\n<li>rozw\u00f3j emocjonalny<\/li>\n\n\n\n<li>relacje r\u00f3wie\u015bnicze<\/li>\n\n\n\n<li>gotowo\u015b\u0107 szkoln\u0105<\/li>\n\n\n\n<li>poczucie w\u0142asnej warto\u015bci dziecka<\/li>\n<\/ul>\n\n\n\n<p><strong>Im wcze\u015bniej rozpoczynamy wsparcie, tym wi\u0119ksza skuteczno\u015b\u0107 terapii oraz szybsze i trwalsze efekty.<\/strong><\/p>\n\n\n\n<p><strong>Jak wygl\u0105da wsp\u00f3\u0142praca?<\/strong><\/p>\n\n\n\n<p>Dbam o to, aby terapia by\u0142a nie tylko skuteczna, ale tak\u017ce przyjazna i zrozumia\u0142a zar\u00f3wno dla dziecka, jak i rodzica.<\/p>\n\n\n\n<ul class=\"wp-block-list\">\n<li>Spotykamy si\u0119 zazwyczaj raz w tygodniu. W niekt\u00f3rych sytuacjach, je\u015bli potrzeby terapeutyczne tego wymagaj\u0105, spotkania mog\u0105 odbywa\u0107 si\u0119 dwa razy w tygodniu.<\/li>\n\n\n\n<li>Po ka\u017cdych zaj\u0119ciach rodzic otrzymuje kr\u00f3tk\u0105 informacj\u0119 zwrotn\u0105 oraz \u0107wiczenia do pracy w domu.<\/li>\n\n\n\n<li>Pozostajemy w sta\u0142ym kontakcie, aby wsp\u00f3lnie monitorowa\u0107 post\u0119py i odpowiada\u0107 na bie\u017c\u0105ce potrzeby dziecka.<\/li>\n\n\n\n<li>W razie potrzeby mo\u017cliwa jest wsp\u00f3\u0142praca z innymi specjalistami (psycholog, terapeuta SI, fizjoterapeuta), aby zapewni\u0107 kompleksowe wsparcie.<\/li>\n<\/ul>\n\n\n\n<p><strong>Terapia to indywidualny proces oparty na relacji, zaufaniu i ma\u0142ych krokach, kt\u00f3re prowadz\u0105 do du\u017cych zmian.<\/strong><\/p>\n<\/div>\n<\/div>\n<\/div>\n\n\n\n<div class=\"wp-block-group is-layout-constrained wp-block-group-is-layout-constrained\">\n<p><\/p>\n<\/div>\n","protected":false},"excerpt":{"rendered":"<p>Zaj\u0119cia terapeutyczne skoncentrowane na rozwoju prawid\u0142owej mowy oraz zwi\u0119kszeniu komfortu komunikacji. Terapia obejmuje prac\u0119 nad narz\u0105dami artykulacyjnymi, usprawnianie funkcji j\u0119zykowych oraz diagnoz\u0119 i korekcj\u0119 szeroko rozumianych zaburze\u0144 komunikacji. W ramach terapii prowadzona jest r\u00f3wnie\u017c ocena funkcjonowania oraz budowy traktu ustno-twarzowego, szczeg\u00f3lnie u pacjent\u00f3w b\u0119d\u0105cych w trakcie leczenia ortodontycznego. Wsp\u00f3\u0142praca ze specjalistami pozwala na kompleksowe wsparcie [&hellip;]<\/p>\n","protected":false},"author":1,"featured_media":700,"parent":239,"menu_order":9,"comment_status":"closed","ping_status":"closed","template":"","meta":{"_acf_changed":false,"inline_featured_image":false,"footnotes":""},"class_list":["post-675","page","type-page","status-publish","has-post-thumbnail","hentry"],"acf":[],"_links":{"self":[{"href":"https:\/\/dev.papercut.pl\/logozaurus\/wp-json\/wp\/v2\/pages\/675","targetHints":{"allow":["GET"]}}],"collection":[{"href":"https:\/\/dev.papercut.pl\/logozaurus\/wp-json\/wp\/v2\/pages"}],"about":[{"href":"https:\/\/dev.papercut.pl\/logozaurus\/wp-json\/wp\/v2\/types\/page"}],"author":[{"embeddable":true,"href":"https:\/\/dev.papercut.pl\/logozaurus\/wp-json\/wp\/v2\/users\/1"}],"replies":[{"embeddable":true,"href":"https:\/\/dev.papercut.pl\/logozaurus\/wp-json\/wp\/v2\/comments?post=675"}],"version-history":[{"count":2,"href":"https:\/\/dev.papercut.pl\/logozaurus\/wp-json\/wp\/v2\/pages\/675\/revisions"}],"predecessor-version":[{"id":899,"href":"https:\/\/dev.papercut.pl\/logozaurus\/wp-json\/wp\/v2\/pages\/675\/revisions\/899"}],"up":[{"embeddable":true,"href":"https:\/\/dev.papercut.pl\/logozaurus\/wp-json\/wp\/v2\/pages\/239"}],"wp:featuredmedia":[{"embeddable":true,"href":"https:\/\/dev.papercut.pl\/logozaurus\/wp-json\/wp\/v2\/media\/700"}],"wp:attachment":[{"href":"https:\/\/dev.papercut.pl\/logozaurus\/wp-json\/wp\/v2\/media?parent=675"}],"curies":[{"name":"wp","href":"https:\/\/api.w.org\/{rel}","templated":true}]}}