{"id":660,"date":"2026-01-23T16:22:34","date_gmt":"2026-01-23T15:22:34","guid":{"rendered":"https:\/\/dev.papercut.pl\/logozaurus\/?page_id=660"},"modified":"2026-03-25T11:04:53","modified_gmt":"2026-03-25T10:04:53","slug":"faq","status":"publish","type":"page","link":"https:\/\/dev.papercut.pl\/logozaurus\/faq\/","title":{"rendered":"FAQ"},"content":{"rendered":"\n<div class=\"wp-block-group is-style-dino-bg-3 is-layout-constrained wp-block-group-is-layout-constrained\">\n<h1 class=\"wp-block-heading is-style-violet-border\" style=\"margin-top:0;margin-bottom:var(--wp--preset--spacing--50)\">FAQ<\/h1>\n\n\n\n    <div class=\"price-table\">\n                    <div class=\"price-table__section\">\n                                    <p class=\"price-table__title noMarginTop noMarginBottom\" data-price-table-toggle role=\"button\" tabindex=\"0\">\n                        <strong>Czym si\u0119 r\u00f3\u017cni neurologopeda od logopedy?<\/strong>\n                        <span class=\"price-table__icons\" aria-hidden=\"true\">\n                            <span class=\"price-table__icon price-table__icon--plus\">+<\/span>\n                            <span class=\"price-table__icon price-table__icon--minus\">&#8211;<\/span>\n                        <\/span>\n                    <\/p>\n                \n                                    <div class=\"price-table__tableWrapper\" data-price-table-panel>\n                        <table class=\"price-table__table\">\n                            <tbody>\n                                                                    <tr>\n                                        <td class=\"price-table__name\">Neurologopeda jest logoped\u0105 z dodatkowymi kwalifikacjami w zakresie diagnozy oraz terapii zaburze\u0144 mowy i komunikacji pochodzenia neurologicznego. Neurologopeda jest logoped\u0105 pracuj\u0105cym z pacjentami z uszkodzeniami i  dysfunkcjami  o\u015brodkowego uk\u0142adu nerwowego, ma\u0142ymi dzie\u0107mi z obci\u0105\u017conym okresem ci\u0105\u017cowym i  oko\u0142oporodowym, zespo\u0142ami genetycznymi, dzie\u0107mi z op\u00f3\u017anionym rozwojem mowy, zaburzeniami mowy i komunikacji oraz osobami doros\u0142ymi z zaburzeniami mowy o pod\u0142o\u017cu neurologicznym. <\/td>\n                                        <td class=\"price-table__price\"><\/td>\n                                    <\/tr>\n                                                            <\/tbody>\n                        <\/table>\n                    <\/div>\n                            <\/div>\n                    <div class=\"price-table__section\">\n                                    <p class=\"price-table__title noMarginTop noMarginBottom\" data-price-table-toggle role=\"button\" tabindex=\"0\">\n                        <strong>Czy neurologopeda potrafi oceni\u0107 w\u0119dzide\u0142ko j\u0119zyka i w\u0119dzide\u0142ko wargi g\u00f3rnej\/dolnej?<\/strong>\n                        <span class=\"price-table__icons\" aria-hidden=\"true\">\n                            <span class=\"price-table__icon price-table__icon--plus\">+<\/span>\n                            <span class=\"price-table__icon price-table__icon--minus\">&#8211;<\/span>\n                        <\/span>\n                    <\/p>\n                \n                                    <div class=\"price-table__tableWrapper\" data-price-table-panel>\n                        <table class=\"price-table__table\">\n                            <tbody>\n                                                                    <tr>\n                                        <td class=\"price-table__name\">Neurologopeda jest jednym ze specjalist\u00f3w, kt\u00f3rzy potrafi\u0105 oceni\u0107 budow\u0119 w\u0119dzide\u0142ka i ruchomo\u015b\u0107 j\u0119zyka. Jego zadaniem jest zdiagnozowanie ewentualnych nieprawid\u0142owo\u015bci oraz skierowanie na ewentualny zabieg przeci\u0119cia w\u0119dzide\u0142ka. Po zabiegu neurologopeda prowadzi terapi\u0119 uwzgl\u0119dniaj\u0105c w pierwszej kolejno\u015bci terapi\u0119 blizny po ci\u0119ciu.<\/td>\n                                        <td class=\"price-table__price\"><\/td>\n                                    <\/tr>\n                                                            <\/tbody>\n                        <\/table>\n                    <\/div>\n                            <\/div>\n                    <div class=\"price-table__section\">\n                                    <p class=\"price-table__title noMarginTop noMarginBottom\" data-price-table-toggle role=\"button\" tabindex=\"0\">\n                        <strong>Czy doro\u015bli mog\u0105 odnosi\u0107 sukcesy w terapii logopedycznej?<\/strong>\n                        <span class=\"price-table__icons\" aria-hidden=\"true\">\n                            <span class=\"price-table__icon price-table__icon--plus\">+<\/span>\n                            <span class=\"price-table__icon price-table__icon--minus\">&#8211;<\/span>\n                        <\/span>\n                    <\/p>\n                \n                                    <div class=\"price-table__tableWrapper\" data-price-table-panel>\n                        <table class=\"price-table__table\">\n                            <tbody>\n                                                                    <tr>\n                                        <td class=\"price-table__name\">Oczywi\u015bcie ! Dawniej twierdzono, \u017ce  12 rok \u017cycia stanowi okres krytyczny dla opanowania prawid\u0142owej artykulacji. Obecnie wiemy, \u017ce doro\u015bli pacjenci odnosz\u0105 sukcesy w terapii nierzadko szybciej ni\u017c dzieci.<\/td>\n                                        <td class=\"price-table__price\"><\/td>\n                                    <\/tr>\n                                                            <\/tbody>\n                        <\/table>\n                    <\/div>\n                            <\/div>\n                    <div class=\"price-table__section\">\n                                    <p class=\"price-table__title noMarginTop noMarginBottom\" data-price-table-toggle role=\"button\" tabindex=\"0\">\n                        <strong>Czym jest terapia miofunkcjonalna i kto mo\u017ce z niej korzysta\u0107?<\/strong>\n                        <span class=\"price-table__icons\" aria-hidden=\"true\">\n                            <span class=\"price-table__icon price-table__icon--plus\">+<\/span>\n                            <span class=\"price-table__icon price-table__icon--minus\">&#8211;<\/span>\n                        <\/span>\n                    <\/p>\n                \n                                    <div class=\"price-table__tableWrapper\" data-price-table-panel>\n                        <table class=\"price-table__table\">\n                            <tbody>\n                                                                    <tr>\n                                        <td class=\"price-table__name\">Terapia miofunkcjonalna jest zalecana dla dzieci i doros\u0142ych z wadami wymowy, nieprawid\u0142owym torem oddychania, problemami z napi\u0119ciem w obr\u0119bie aparatu artykulacyjnego. Ten rodzaj terapii dedykowany jest osobom odczuwaj\u0105cym nieprawid\u0142owe napi\u0119cie mi\u0119\u015bni w obszarze ust, kt\u00f3re powoduje, \u017ce j\u0119zyk znajduje si\u0119 w nieprawid\u0142owej pozycji spoczynkowej lub nie potrafi jej utrzyma\u0107. Terapia jest  bezbolesna i nieinwazyjna, polega na wykonywaniu \u0107wicze\u0144 logopedycznych aktywuj\u0105cych mi\u0119\u015bnie w celu wypracowania w\u0142a\u015bciwej koordynacji funkcji aparatu mi\u0119\u015bniowo-szkieletowego.<\/td>\n                                        <td class=\"price-table__price\"><\/td>\n                                    <\/tr>\n                                                            <\/tbody>\n                        <\/table>\n                    <\/div>\n                            <\/div>\n                    <div class=\"price-table__section\">\n                                    <p class=\"price-table__title noMarginTop noMarginBottom\" data-price-table-toggle role=\"button\" tabindex=\"0\">\n                        <strong>W jakim wieku mo\u017cna si\u0119 zg\u0142osi\u0107 na terapie logopedyczn\u0105?<\/strong>\n                        <span class=\"price-table__icons\" aria-hidden=\"true\">\n                            <span class=\"price-table__icon price-table__icon--plus\">+<\/span>\n                            <span class=\"price-table__icon price-table__icon--minus\">&#8211;<\/span>\n                        <\/span>\n                    <\/p>\n                \n                                    <div class=\"price-table__tableWrapper\" data-price-table-panel>\n                        <table class=\"price-table__table\">\n                            <tbody>\n                                                                    <tr>\n                                        <td class=\"price-table__name\">Nasi Logopedzi specjalizuj\u0105 si\u0119 w pracy zar\u00f3wno z noworodkami, niemowlakami, przedszkolakami, nastolatkami, jak i doros\u0142ymi, a nawet z seniorami.<\/td>\n                                        <td class=\"price-table__price\"><\/td>\n                                    <\/tr>\n                                                            <\/tbody>\n                        <\/table>\n                    <\/div>\n                            <\/div>\n                    <div class=\"price-table__section\">\n                                    <p class=\"price-table__title noMarginTop noMarginBottom\" data-price-table-toggle role=\"button\" tabindex=\"0\">\n                        <strong>W jaki spos\u00f3b uzyska\u0107 opini\u0119 od logopedy?<\/strong>\n                        <span class=\"price-table__icons\" aria-hidden=\"true\">\n                            <span class=\"price-table__icon price-table__icon--plus\">+<\/span>\n                            <span class=\"price-table__icon price-table__icon--minus\">&#8211;<\/span>\n                        <\/span>\n                    <\/p>\n                \n                                    <div class=\"price-table__tableWrapper\" data-price-table-panel>\n                        <table class=\"price-table__table\">\n                            <tbody>\n                                                                    <tr>\n                                        <td class=\"price-table__name\">Na wniosek rodzica wydawana jest opinia logopedyczn\u0105 zawieraj\u0105ca diagnoz\u0119 logopedyczn\u0105, opis umiej\u0119tno\u015bci oraz trudno\u015bci dziecka oraz zalecenia do zaj\u0119\u0107 logopedycznych  w przedszkolu, szkole lub plac\u00f3wce . Dokument stanowi kompleksowe streszczenie terapii uwzgl\u0119dniaj\u0105c dokonane post\u0119py w toku terapii. Opinia jest dodatkowo p\u0142atna 150 z\u0142 i jest wystawiona po 2\/3 miesi\u0105cach terapii.<\/td>\n                                        <td class=\"price-table__price\"><\/td>\n                                    <\/tr>\n                                                            <\/tbody>\n                        <\/table>\n                    <\/div>\n                            <\/div>\n                    <div class=\"price-table__section\">\n                                    <p class=\"price-table__title noMarginTop noMarginBottom\" data-price-table-toggle role=\"button\" tabindex=\"0\">\n                        <strong>W jakiej formie odbywaj\u0105 si\u0119 zaj\u0119cia TUS?<\/strong>\n                        <span class=\"price-table__icons\" aria-hidden=\"true\">\n                            <span class=\"price-table__icon price-table__icon--plus\">+<\/span>\n                            <span class=\"price-table__icon price-table__icon--minus\">&#8211;<\/span>\n                        <\/span>\n                    <\/p>\n                \n                                    <div class=\"price-table__tableWrapper\" data-price-table-panel>\n                        <table class=\"price-table__table\">\n                            <tbody>\n                                                                    <tr>\n                                        <td class=\"price-table__name\">Trening umiej\u0119tno\u015bci spo\u0142ecznych to cykl 10-12 spotka\u0144 w grupie 4-6 osobowej. Grupy s\u0105 dobierane na podstawie wcze\u015bniejszych konsultacji trenera z rodzicami. Spotkania startuj\u0105 w momencie, gdy grupa zostanie zebrana. Po odbytym cyklu spotka\u0144 nast\u0119puj\u0119 om\u00f3wienia dzia\u0142a\u0144 i post\u0119p\u00f3w dziecka z rodzicami.<\/td>\n                                        <td class=\"price-table__price\"><\/td>\n                                    <\/tr>\n                                                            <\/tbody>\n                        <\/table>\n                    <\/div>\n                            <\/div>\n                    <div class=\"price-table__section\">\n                                    <p class=\"price-table__title noMarginTop noMarginBottom\" data-price-table-toggle role=\"button\" tabindex=\"0\">\n                        <strong>Ile trwaj\u0105 zaj\u0119cia?<\/strong>\n                        <span class=\"price-table__icons\" aria-hidden=\"true\">\n                            <span class=\"price-table__icon price-table__icon--plus\">+<\/span>\n                            <span class=\"price-table__icon price-table__icon--minus\">&#8211;<\/span>\n                        <\/span>\n                    <\/p>\n                \n                                    <div class=\"price-table__tableWrapper\" data-price-table-panel>\n                        <table class=\"price-table__table\">\n                            <tbody>\n                                                                    <tr>\n                                        <td class=\"price-table__name\">Standardowy czas trwania zaj\u0119\u0107 logopedycznych to 45 minut. W przypadku m\u0142odszych dzieci jest tez mo\u017cliwo\u015b\u0107 wybrania opcji 30 minutowej. Zaj\u0119cia fizjoterapeutyczne oraz z integracji sensorycznej trwaj\u0105 po 45 minut. Zaj\u0119cia TUS trwaj\u0105 50 minut.<\/td>\n                                        <td class=\"price-table__price\"><\/td>\n                                    <\/tr>\n                                                            <\/tbody>\n                        <\/table>\n                    <\/div>\n                            <\/div>\n                    <div class=\"price-table__section\">\n                                    <p class=\"price-table__title noMarginTop noMarginBottom\" data-price-table-toggle role=\"button\" tabindex=\"0\">\n                        <strong>Jak przygotowa\u0107 si\u0119 na diagnoz\u0119 integracji sensorycznej?<\/strong>\n                        <span class=\"price-table__icons\" aria-hidden=\"true\">\n                            <span class=\"price-table__icon price-table__icon--plus\">+<\/span>\n                            <span class=\"price-table__icon price-table__icon--minus\">&#8211;<\/span>\n                        <\/span>\n                    <\/p>\n                \n                                    <div class=\"price-table__tableWrapper\" data-price-table-panel>\n                        <table class=\"price-table__table\">\n                            <tbody>\n                                                                    <tr>\n                                        <td class=\"price-table__name\">Wa\u017cne jest, aby przed badaniem uzupe\u0142ni\u0107 i odes\u0142a\u0107 kwestionariusz lub odby\u0107 wywiad telefoniczny z terapeut\u0105 SI. Na sal\u0119 SI wchodzimy w skarpetach, dlatego obuwie na zmian\u0119 nie b\u0119dzie potrzebne. Warto natomiast zadba\u0107 o komfort dziecka, wybieraj\u0105c wygodne ubranie oraz buduj\u0105c pozytywne nastawienie do spotkania.  Zalecamy, aby dziecko wchodzi\u0142o na badanie do sali bez obecno\u015bci rodzic\u00f3w. Prosimy o wcze\u015bniejsze poinformowanie o tym dziecka, tak aby w dniu wizyty w Logozaurusie mog\u0142o w spokojnej i przyjaznej atmosferze przej\u015b\u0107 przez ca\u0142y proces diagnozy.<\/td>\n                                        <td class=\"price-table__price\"><\/td>\n                                    <\/tr>\n                                                            <\/tbody>\n                        <\/table>\n                    <\/div>\n                            <\/div>\n                    <div class=\"price-table__section\">\n                                    <p class=\"price-table__title noMarginTop noMarginBottom\" data-price-table-toggle role=\"button\" tabindex=\"0\">\n                        <strong>Jak przygotowa\u0107 si\u0119 na konsultacje logopedyczn\u0105?<\/strong>\n                        <span class=\"price-table__icons\" aria-hidden=\"true\">\n                            <span class=\"price-table__icon price-table__icon--plus\">+<\/span>\n                            <span class=\"price-table__icon price-table__icon--minus\">&#8211;<\/span>\n                        <\/span>\n                    <\/p>\n                \n                                    <div class=\"price-table__tableWrapper\" data-price-table-panel>\n                        <table class=\"price-table__table\">\n                            <tbody>\n                                                                    <tr>\n                                        <td class=\"price-table__name\">Na spotkanie konsultacyjne warto zabra\u0107 ze sob\u0105 istotn\u0105, w kontek\u015bcie problematyki, dokumentacje medyczn\u0105. W przypadku konsultacji niemowl\u0105t pod k\u0105tem diety prosimy o zabranie ze sob\u0105 jedzenia dla maluszka.W przypadku dzieci do 6 miesi\u0105ca \u017cycia zalecane jest zabranie ze sob\u0105 smoczka, butelki oraz ksi\u0105\u017ceczki zdrowia dziecka. Warunkiem uczestnictwa w konsultacji jest terminowa wp\u0142ata zaliczki.<\/td>\n                                        <td class=\"price-table__price\"><\/td>\n                                    <\/tr>\n                                                            <\/tbody>\n                        <\/table>\n                    <\/div>\n                            <\/div>\n                    <div class=\"price-table__section\">\n                                    <p class=\"price-table__title noMarginTop noMarginBottom\" data-price-table-toggle role=\"button\" tabindex=\"0\">\n                        <strong>Jak d\u0142ugo b\u0119dzie trwa\u0142a terapia?<\/strong>\n                        <span class=\"price-table__icons\" aria-hidden=\"true\">\n                            <span class=\"price-table__icon price-table__icon--plus\">+<\/span>\n                            <span class=\"price-table__icon price-table__icon--minus\">&#8211;<\/span>\n                        <\/span>\n                    <\/p>\n                \n                                    <div class=\"price-table__tableWrapper\" data-price-table-panel>\n                        <table class=\"price-table__table\">\n                            <tbody>\n                                                                    <tr>\n                                        <td class=\"price-table__name\">Terapia jest procesem indywidualnym opieraj\u0105cym si\u0119 na pracy z terapeut\u0105 pracy w\u0142asnej. Jest zale\u017cna od potrzeby i mo\u017cliwo\u015bci dziecka dlatego z pocz\u0105tkiem terapii trudno jest okre\u015bli\u0107 czas trwania spotka\u0144, jednak przy wsp\u00f3lnej pracy gwarantujemy, \u017ce efekty s\u0105 tu\u017c za rogiem.<\/td>\n                                        <td class=\"price-table__price\"><\/td>\n                                    <\/tr>\n                                                            <\/tbody>\n                        <\/table>\n                    <\/div>\n                            <\/div>\n                    <div class=\"price-table__section\">\n                                    <p class=\"price-table__title noMarginTop noMarginBottom\" data-price-table-toggle role=\"button\" tabindex=\"0\">\n                        <strong>pytanie<\/strong>\n                        <span class=\"price-table__icons\" aria-hidden=\"true\">\n                            <span class=\"price-table__icon price-table__icon--plus\">+<\/span>\n                            <span class=\"price-table__icon price-table__icon--minus\">&#8211;<\/span>\n                        <\/span>\n                    <\/p>\n                \n                                    <div class=\"price-table__tableWrapper\" data-price-table-panel>\n                        <table class=\"price-table__table\">\n                            <tbody>\n                                                                    <tr>\n                                        <td class=\"price-table__name\">odpowiedz<\/td>\n                                        <td class=\"price-table__price\"><\/td>\n                                    <\/tr>\n                                                            <\/tbody>\n                        <\/table>\n                    <\/div>\n                            <\/div>\n            <\/div>\n<\/div>\n","protected":false},"excerpt":{"rendered":"<p>FAQ<\/p>\n","protected":false},"author":1,"featured_media":0,"parent":0,"menu_order":27,"comment_status":"closed","ping_status":"closed","template":"","meta":{"_acf_changed":false,"inline_featured_image":false,"footnotes":""},"class_list":["post-660","page","type-page","status-publish","hentry"],"acf":[],"_links":{"self":[{"href":"https:\/\/dev.papercut.pl\/logozaurus\/wp-json\/wp\/v2\/pages\/660","targetHints":{"allow":["GET"]}}],"collection":[{"href":"https:\/\/dev.papercut.pl\/logozaurus\/wp-json\/wp\/v2\/pages"}],"about":[{"href":"https:\/\/dev.papercut.pl\/logozaurus\/wp-json\/wp\/v2\/types\/page"}],"author":[{"embeddable":true,"href":"https:\/\/dev.papercut.pl\/logozaurus\/wp-json\/wp\/v2\/users\/1"}],"replies":[{"embeddable":true,"href":"https:\/\/dev.papercut.pl\/logozaurus\/wp-json\/wp\/v2\/comments?post=660"}],"version-history":[{"count":5,"href":"https:\/\/dev.papercut.pl\/logozaurus\/wp-json\/wp\/v2\/pages\/660\/revisions"}],"predecessor-version":[{"id":1043,"href":"https:\/\/dev.papercut.pl\/logozaurus\/wp-json\/wp\/v2\/pages\/660\/revisions\/1043"}],"wp:attachment":[{"href":"https:\/\/dev.papercut.pl\/logozaurus\/wp-json\/wp\/v2\/media?parent=660"}],"curies":[{"name":"wp","href":"https:\/\/api.w.org\/{rel}","templated":true}]}}