{"id":327,"date":"2025-12-17T11:06:47","date_gmt":"2025-12-17T10:06:47","guid":{"rendered":"https:\/\/dev.papercut.pl\/logozaurus\/?page_id=327"},"modified":"2026-02-20T09:42:31","modified_gmt":"2026-02-20T08:42:31","slug":"zajecia-fizjoterapetyczne","status":"publish","type":"page","link":"https:\/\/dev.papercut.pl\/logozaurus\/oferta\/zajecia-fizjoterapetyczne\/","title":{"rendered":"Zaj\u0119cia fizjoterapeutyczne"},"content":{"rendered":"\n<div class=\"wp-block-group is-layout-constrained wp-block-group-is-layout-constrained\">\n<div class=\"wp-block-columns is-style-post-title-proportions is-layout-flex wp-container-core-columns-is-layout-9d6595d7 wp-block-columns-is-layout-flex\">\n<div class=\"wp-block-column is-layout-flow wp-block-column-is-layout-flow\"><figure class=\"is-style-circle-image wp-block-post-featured-image\"><img loading=\"lazy\" decoding=\"async\" width=\"500\" height=\"500\" src=\"https:\/\/dev.papercut.pl\/logozaurus\/wp-content\/uploads\/2026\/01\/fizjo.png\" class=\"attachment-post-thumbnail size-post-thumbnail wp-post-image\" alt=\"\" style=\"object-fit:cover;\" \/><\/figure><\/div>\n\n\n\n<div class=\"wp-block-column is-layout-flow wp-block-column-is-layout-flow\"><h1 style=\"margin-top:0;\" class=\"is-style-violet-border wp-block-post-title\">Zaj\u0119cia fizjoterapeutyczne<\/h1>\n\n\n<p><strong>Zaj\u0119cia terapeutyczne wi\u0105\u017c\u0105ce elementy obserwacji, jak i starannie dostosowanego plany \u0107wicze\u0144 maj\u0105cych na celu zmniejszenie dolegliwo\u015bci b\u00f3lowych, skorygowanie postawy cia\u0142a oraz popraw\u0119 stanu zdrowia dziecka poprzez przywr\u00f3cenie w\u0142a\u015bciwych wzorc\u00f3w ruchowych.<\/strong><\/p>\n\n\n\n<p>Podczas terapii dziecko, jak i rodzic poznaje elementy prawid\u0142owej piel\u0119gnacji oraz niezb\u0119dne \u0107wiczenia do pracy.<\/p>\n\n\n\n<p>Terapeuta tworzy plan terapii&nbsp;dostosowany do indywidualnych potrzeb maj\u0105cych na celu korygowanie wad postawy, przywr\u00f3cenie prawid\u0142owych wzorc\u00f3w ruchowych, popraw\u0119 motoryki du\u017cej i ma\u0142ej.&nbsp;Terapia jest przeznaczone dla dzieci z obni\u017conym i podwy\u017cszonym napi\u0119ciem mi\u0119\u015bniowym, asymetri\u0105, wadami postawy cia\u0142a ( tj. plecy okr\u0105g\u0142e, skolioza, plecy p\u0142askie, ko\u015blawe kolana i stopy).&nbsp;<\/p>\n<\/div>\n<\/div>\n<\/div>\n\n\n\n<div class=\"wp-block-group is-layout-constrained wp-block-group-is-layout-constrained\">\n<p><\/p>\n<\/div>\n","protected":false},"excerpt":{"rendered":"<p>Zaj\u0119cia terapeutyczne wi\u0105\u017c\u0105ce elementy obserwacji, jak i starannie dostosowanego plany \u0107wicze\u0144 maj\u0105cych na celu zmniejszenie dolegliwo\u015bci b\u00f3lowych, skorygowanie postawy cia\u0142a oraz popraw\u0119 stanu zdrowia dziecka poprzez przywr\u00f3cenie w\u0142a\u015bciwych wzorc\u00f3w ruchowych. Podczas terapii dziecko, jak i rodzic poznaje elementy prawid\u0142owej piel\u0119gnacji oraz niezb\u0119dne \u0107wiczenia do pracy. Terapeuta tworzy plan terapii&nbsp;dostosowany do indywidualnych potrzeb maj\u0105cych na celu [&hellip;]<\/p>\n","protected":false},"author":1,"featured_media":678,"parent":239,"menu_order":15,"comment_status":"closed","ping_status":"closed","template":"","meta":{"_acf_changed":false,"inline_featured_image":false,"footnotes":""},"class_list":["post-327","page","type-page","status-publish","has-post-thumbnail","hentry"],"acf":[],"_links":{"self":[{"href":"https:\/\/dev.papercut.pl\/logozaurus\/wp-json\/wp\/v2\/pages\/327","targetHints":{"allow":["GET"]}}],"collection":[{"href":"https:\/\/dev.papercut.pl\/logozaurus\/wp-json\/wp\/v2\/pages"}],"about":[{"href":"https:\/\/dev.papercut.pl\/logozaurus\/wp-json\/wp\/v2\/types\/page"}],"author":[{"embeddable":true,"href":"https:\/\/dev.papercut.pl\/logozaurus\/wp-json\/wp\/v2\/users\/1"}],"replies":[{"embeddable":true,"href":"https:\/\/dev.papercut.pl\/logozaurus\/wp-json\/wp\/v2\/comments?post=327"}],"version-history":[{"count":5,"href":"https:\/\/dev.papercut.pl\/logozaurus\/wp-json\/wp\/v2\/pages\/327\/revisions"}],"predecessor-version":[{"id":855,"href":"https:\/\/dev.papercut.pl\/logozaurus\/wp-json\/wp\/v2\/pages\/327\/revisions\/855"}],"up":[{"embeddable":true,"href":"https:\/\/dev.papercut.pl\/logozaurus\/wp-json\/wp\/v2\/pages\/239"}],"wp:featuredmedia":[{"embeddable":true,"href":"https:\/\/dev.papercut.pl\/logozaurus\/wp-json\/wp\/v2\/media\/678"}],"wp:attachment":[{"href":"https:\/\/dev.papercut.pl\/logozaurus\/wp-json\/wp\/v2\/media?parent=327"}],"curies":[{"name":"wp","href":"https:\/\/api.w.org\/{rel}","templated":true}]}}