{"id":245,"date":"2025-12-09T11:17:40","date_gmt":"2025-12-09T10:17:40","guid":{"rendered":"https:\/\/dev.papercut.pl\/logozaurus\/?page_id=245"},"modified":"2026-02-23T09:45:27","modified_gmt":"2026-02-23T08:45:27","slug":"kontakt","status":"publish","type":"page","link":"https:\/\/dev.papercut.pl\/logozaurus\/kontakt\/","title":{"rendered":"Kontakt"},"content":{"rendered":"\n<div class=\"wp-block-group is-style-dino-bg-5 is-layout-constrained wp-block-group-is-layout-constrained\">\n<h1 class=\"wp-block-heading is-style-violet-border\" style=\"margin-top:0;margin-bottom:0\">Kontakt<\/h1>\n\n\n\n<p>Sprawd\u017a gdzie nas znale\u017a\u0107!<\/p>\n\n\n\n<div class=\"wp-block-columns is-layout-flex wp-container-core-columns-is-layout-3784d9d3 wp-block-columns-is-layout-flex\" style=\"margin-top:var(--wp--preset--spacing--60)\">\n<div class=\"wp-block-column is-style-border-radius has-white-background-color has-background is-layout-flow wp-block-column-is-layout-flow\" style=\"padding-top:var(--wp--preset--spacing--60);padding-right:var(--wp--preset--spacing--60);padding-bottom:var(--wp--preset--spacing--60);padding-left:var(--wp--preset--spacing--60)\">\n<h2 class=\"wp-block-heading has-text-align-center is-style-violet-border\" style=\"margin-top:0;margin-bottom:var(--wp--preset--spacing--50)\">Oddzia\u0142 <strong>Gda\u0144sk<\/strong><\/h2>\n\n\n    <script>\n        window.logozaurusMapQueue = window.logozaurusMapQueue || [];\n        if (!window.logozaurusInitMaps) {\n            window.logozaurusInitMaps = function () {\n                var queue = window.logozaurusMapQueue || [];\n                while (queue.length) {\n                    (queue.shift())();\n                }\n            };\n        }\n    <\/script>\n    <script async defer src=\"https:\/\/maps.googleapis.com\/maps\/api\/js?key=AIzaSyC6zxxyNPoDJpmB2dW4hFKnEjtnAEMd2BA&#038;v=weekly&#038;callback=logozaurusInitMaps&#038;libraries=marker&#038;loading=async\"><\/script>\n    \n<div\n    id=\"google-map-1\"\n    class=\"google-map-block\"\n    style=\"height: 394px;\"\n    data-lat=\"54.35104146689873\"\n    data-lng=\"18.587799640460727\"\n    data-zoom=\"14\"\n    data-style=\"\"\n    data-title=\"Centrum terapii\"\n    data-link=\"\"\n    data-link-label=\"Otworz w Google Maps\"\n    data-map-id=\"\"\n><\/div>\n\n<script>\n    window.logozaurusMapQueue = window.logozaurusMapQueue || [];\n    window.logozaurusMapQueue.push(function () {\n        var el = document.getElementById('google-map-1');\n        if (!el || !window.google || !window.google.maps) {\n            return;\n        }\n        if (el.dataset.initialized) {\n            return;\n        }\n        el.dataset.initialized = '1';\n\n        var lat = parseFloat(el.dataset.lat);\n        var lng = parseFloat(el.dataset.lng);\n        var zoom = parseInt(el.dataset.zoom, 10) || 14;\n        var mapOptions = {\n            center: { lat: lat, lng: lng },\n            zoom: zoom,\n            mapTypeControl: false,\n            streetViewControl: false,\n            fullscreenControl: false\n        };\n\n        if (el.dataset.mapId) {\n            mapOptions.mapId = el.dataset.mapId;\n        }\n\n        if (el.dataset.style) {\n            try {\n                mapOptions.styles = JSON.parse(el.dataset.style);\n            } catch (error) {\n                mapOptions.styles = null;\n            }\n        }\n\n        var map = new google.maps.Map(el, mapOptions);\n        var marker;\n        if (window.google.maps.marker && window.google.maps.marker.AdvancedMarkerElement && mapOptions.mapId) {\n            marker = new google.maps.marker.AdvancedMarkerElement({\n                position: { lat: lat, lng: lng },\n                map: map,\n                title: el.dataset.title || ''\n            });\n        } else {\n            marker = new google.maps.Marker({\n                position: { lat: lat, lng: lng },\n                map: map,\n                title: el.dataset.title || ''\n            });\n        }\n\n        if (el.dataset.link) {\n            var infoWindow = new google.maps.InfoWindow({\n                content: '<a href=\"' + el.dataset.link + '\" target=\"_blank\" rel=\"noopener\">' + el.dataset.linkLabel + '<\/a>'\n            });\n            marker.addListener('click', function () {\n                infoWindow.open(map, marker);\n            });\n        }\n    });\n\n    if (window.google && window.google.maps && window.logozaurusInitMaps) {\n        window.logozaurusInitMaps();\n    }\n<\/script>\n\n\n\n<p><strong>Stanis\u0142awa Lema 2\/2,<br>80-126 Gda\u0144sk<br><br>tel: 501 111 554<br>email: kontakt@logozaurus.pl<\/strong><\/p>\n<\/div>\n\n\n\n<div class=\"wp-block-column is-style-border-radius has-white-background-color has-background is-layout-flow wp-block-column-is-layout-flow\" style=\"padding-top:var(--wp--preset--spacing--60);padding-right:var(--wp--preset--spacing--60);padding-bottom:var(--wp--preset--spacing--60);padding-left:var(--wp--preset--spacing--60)\">\n<h2 class=\"wp-block-heading has-text-align-center is-style-violet-border\" style=\"margin-top:0;margin-bottom:var(--wp--preset--spacing--50)\">Oddzia\u0142 <strong>Kowale<\/strong><\/h2>\n\n\n\n<div\n    id=\"google-map-2\"\n    class=\"google-map-block\"\n    style=\"height: 394px;\"\n    data-lat=\"54.30889311103574\"\n    data-lng=\"18.56127345796304\"\n    data-zoom=\"14\"\n    data-style=\"\"\n    data-title=\"Centrum terapii\"\n    data-link=\"\"\n    data-link-label=\"Otworz w Google Maps\"\n    data-map-id=\"\"\n><\/div>\n\n<script>\n    window.logozaurusMapQueue = window.logozaurusMapQueue || [];\n    window.logozaurusMapQueue.push(function () {\n        var el = document.getElementById('google-map-2');\n        if (!el || !window.google || !window.google.maps) {\n            return;\n        }\n        if (el.dataset.initialized) {\n            return;\n        }\n        el.dataset.initialized = '1';\n\n        var lat = parseFloat(el.dataset.lat);\n        var lng = parseFloat(el.dataset.lng);\n        var zoom = parseInt(el.dataset.zoom, 10) || 14;\n        var mapOptions = {\n            center: { lat: lat, lng: lng },\n            zoom: zoom,\n            mapTypeControl: false,\n            streetViewControl: false,\n            fullscreenControl: false\n        };\n\n        if (el.dataset.mapId) {\n            mapOptions.mapId = el.dataset.mapId;\n        }\n\n        if (el.dataset.style) {\n            try {\n                mapOptions.styles = JSON.parse(el.dataset.style);\n            } catch (error) {\n                mapOptions.styles = null;\n            }\n        }\n\n        var map = new google.maps.Map(el, mapOptions);\n        var marker;\n        if (window.google.maps.marker && window.google.maps.marker.AdvancedMarkerElement && mapOptions.mapId) {\n            marker = new google.maps.marker.AdvancedMarkerElement({\n                position: { lat: lat, lng: lng },\n                map: map,\n                title: el.dataset.title || ''\n            });\n        } else {\n            marker = new google.maps.Marker({\n                position: { lat: lat, lng: lng },\n                map: map,\n                title: el.dataset.title || ''\n            });\n        }\n\n        if (el.dataset.link) {\n            var infoWindow = new google.maps.InfoWindow({\n                content: '<a href=\"' + el.dataset.link + '\" target=\"_blank\" rel=\"noopener\">' + el.dataset.linkLabel + '<\/a>'\n            });\n            marker.addListener('click', function () {\n                infoWindow.open(map, marker);\n            });\n        }\n    });\n\n    if (window.google && window.google.maps && window.logozaurusInitMaps) {\n        window.logozaurusInitMaps();\n    }\n<\/script>\n\n\n\n<p><strong>Glazurowa 2A,<br>80-180 Kowale<br><br>tel: 501 111 554<br>email: kontakt@logozaurus.pl<\/strong><\/p>\n<\/div>\n<\/div>\n\n\n\n<h2 class=\"wp-block-heading has-text-align-center is-style-violet-border\" style=\"margin-top:var(--wp--preset--spacing--70)\"><strong>Skontaktuj<\/strong> si\u0119 z nami<\/h2>\n\n\n\n<div class=\"wp-block-group is-style-border-radius is-style-narrow-group has-white-background-color has-background is-layout-constrained wp-block-group-is-layout-constrained\" style=\"margin-bottom:var(--wp--preset--spacing--50)\"><p>\n<div class=\"wpcf7 no-js\" id=\"wpcf7-f587-o1\" lang=\"pl-PL\" dir=\"ltr\" data-wpcf7-id=\"587\">\n<div class=\"screen-reader-response\"><p role=\"status\" aria-live=\"polite\" aria-atomic=\"true\"><\/p> <ul><\/ul><\/div>\n<form action=\"\/logozaurus\/wp-json\/wp\/v2\/pages\/245#wpcf7-f587-o1\" method=\"post\" class=\"wpcf7-form init\" aria-label=\"Formularz kontaktowy\" novalidate=\"novalidate\" data-status=\"init\">\n<fieldset class=\"hidden-fields-container\"><input type=\"hidden\" name=\"_wpcf7\" value=\"587\" \/><input type=\"hidden\" name=\"_wpcf7_version\" value=\"6.1.4\" \/><input type=\"hidden\" name=\"_wpcf7_locale\" value=\"pl_PL\" \/><input type=\"hidden\" name=\"_wpcf7_unit_tag\" value=\"wpcf7-f587-o1\" \/><input type=\"hidden\" name=\"_wpcf7_container_post\" value=\"0\" \/><input type=\"hidden\" name=\"_wpcf7_posted_data_hash\" value=\"\" \/>\n<\/fieldset>\n<div class=\"formContainer\">\n<div class=\"formRow formRow--borderBottom\">\n<span class=\"wpcf7-form-control-wrap\" data-name=\"your-name\"><input size=\"40\" maxlength=\"400\" class=\"wpcf7-form-control wpcf7-text wpcf7-validates-as-required has-name-icon\" aria-required=\"true\" aria-invalid=\"false\" placeholder=\"Imi\u0119 i Nazwisko\" value=\"\" type=\"text\" name=\"your-name\" \/><\/span>\n<\/div>\n<div class=\"formRow formRow--borderBottom\">\n<span class=\"wpcf7-form-control-wrap\" data-name=\"phone\"><input size=\"40\" maxlength=\"400\" class=\"wpcf7-form-control wpcf7-tel wpcf7-validates-as-required wpcf7-text wpcf7-validates-as-tel has-phone-icon\" aria-required=\"true\" aria-invalid=\"false\" placeholder=\"Numer telefonu\" value=\"\" type=\"tel\" name=\"phone\" \/><\/span>\n<\/div>\n<div class=\"formRow formRow--borderBottom\">\n<span class=\"wpcf7-form-control-wrap\" data-name=\"email\"><input size=\"40\" maxlength=\"400\" class=\"wpcf7-form-control wpcf7-email wpcf7-validates-as-required wpcf7-text wpcf7-validates-as-email has-email-icon\" aria-required=\"true\" aria-invalid=\"false\" placeholder=\"Adres email\" value=\"\" type=\"email\" name=\"email\" \/><\/span>\n<\/div>\n<div class=\"formRow\">\n<span class=\"wpcf7-form-control-wrap\" data-name=\"content\"><textarea cols=\"40\" rows=\"10\" maxlength=\"2000\" class=\"wpcf7-form-control wpcf7-textarea\" aria-invalid=\"false\" placeholder=\"W czym mo\u017cemy pom\u00f3c\" name=\"content\"><\/textarea><\/span>\n<\/div>\n\n<div class=\"formRow\">\n<span class=\"wpcf7-form-control-wrap\" data-name=\"acceptance\"><span class=\"wpcf7-form-control wpcf7-acceptance\"><span class=\"wpcf7-list-item\"><label><input type=\"checkbox\" name=\"acceptance\" value=\"1\" class=\"normal-checkbox\" aria-invalid=\"false\" \/><span class=\"wpcf7-list-item-label\">Wyra\u017cam zgod\u0119 na przetwarzanie moich danych<\/span><\/label><\/span><\/span><\/span>\n<\/div>\n<div class=\"formRow formRow--submitRow\">\n<input class=\"wpcf7-form-control wpcf7-submit has-spinner button--violet\" type=\"submit\" value=\"Wy\u015blij\" \/>\n<\/div>\n<\/div><div class=\"wpcf7-response-output\" aria-hidden=\"true\"><\/div>\n<\/form>\n<\/div>\n<\/p>\n<\/div>\n<\/div>\n","protected":false},"excerpt":{"rendered":"<p>Kontakt Sprawd\u017a gdzie nas znale\u017a\u0107! Oddzia\u0142 Gda\u0144sk Stanis\u0142awa Lema 2\/2,80-126 Gda\u0144sk tel: 501 111 554email: kontakt@logozaurus.pl Oddzia\u0142 Kowale Glazurowa 2A,80-180 Kowale tel: 501 111 554email: kontakt@logozaurus.pl Skontaktuj si\u0119 z nami<\/p>\n","protected":false},"author":1,"featured_media":0,"parent":0,"menu_order":30,"comment_status":"closed","ping_status":"closed","template":"","meta":{"_acf_changed":false,"inline_featured_image":false,"footnotes":""},"class_list":["post-245","page","type-page","status-publish","hentry"],"acf":[],"_links":{"self":[{"href":"https:\/\/dev.papercut.pl\/logozaurus\/wp-json\/wp\/v2\/pages\/245","targetHints":{"allow":["GET"]}}],"collection":[{"href":"https:\/\/dev.papercut.pl\/logozaurus\/wp-json\/wp\/v2\/pages"}],"about":[{"href":"https:\/\/dev.papercut.pl\/logozaurus\/wp-json\/wp\/v2\/types\/page"}],"author":[{"embeddable":true,"href":"https:\/\/dev.papercut.pl\/logozaurus\/wp-json\/wp\/v2\/users\/1"}],"replies":[{"embeddable":true,"href":"https:\/\/dev.papercut.pl\/logozaurus\/wp-json\/wp\/v2\/comments?post=245"}],"version-history":[{"count":6,"href":"https:\/\/dev.papercut.pl\/logozaurus\/wp-json\/wp\/v2\/pages\/245\/revisions"}],"predecessor-version":[{"id":1050,"href":"https:\/\/dev.papercut.pl\/logozaurus\/wp-json\/wp\/v2\/pages\/245\/revisions\/1050"}],"wp:attachment":[{"href":"https:\/\/dev.papercut.pl\/logozaurus\/wp-json\/wp\/v2\/media?parent=245"}],"curies":[{"name":"wp","href":"https:\/\/api.w.org\/{rel}","templated":true}]}}