{"id":241,"date":"2025-12-09T11:17:11","date_gmt":"2025-12-09T10:17:11","guid":{"rendered":"https:\/\/dev.papercut.pl\/logozaurus\/?page_id=241"},"modified":"2026-03-25T10:59:58","modified_gmt":"2026-03-25T09:59:58","slug":"cennik","status":"publish","type":"page","link":"https:\/\/dev.papercut.pl\/logozaurus\/cennik\/","title":{"rendered":"Cennik"},"content":{"rendered":"\n<div class=\"wp-block-group is-style-dino-bg-3 is-layout-constrained wp-block-group-is-layout-constrained\">\n<h1 class=\"wp-block-heading is-style-violet-border\" style=\"margin-top:0;margin-bottom:var(--wp--preset--spacing--50)\">Cennik<\/h1>\n\n\n\n    <div class=\"price-table\">\n                    <div class=\"price-table__section\">\n                                    <p class=\"price-table__title noMarginTop noMarginBottom\" data-price-table-toggle role=\"button\" tabindex=\"0\">\n                        <strong>Logopedia<\/strong>\n                        <span class=\"price-table__icons\" aria-hidden=\"true\">\n                            <span class=\"price-table__icon price-table__icon--plus\">+<\/span>\n                            <span class=\"price-table__icon price-table__icon--minus\">&#8211;<\/span>\n                        <\/span>\n                    <\/p>\n                \n                                    <div class=\"price-table__tableWrapper\" data-price-table-panel>\n                        <table class=\"price-table__table\">\n                            <tbody>\n                                                                    <tr>\n                                        <td class=\"price-table__name\">Konsultacja logopedyczna \/ Neurologopedyczna<\/td>\n                                        <td class=\"price-table__price\">240 z\u0142<\/td>\n                                    <\/tr>\n                                                                    <tr>\n                                        <td class=\"price-table__name\">Terapia logopedyczna \/ Neurologopedyczna 45 min<\/td>\n                                        <td class=\"price-table__price\">160 z\u0142<\/td>\n                                    <\/tr>\n                                                                    <tr>\n                                        <td class=\"price-table__name\">Terapia logopedyczna \/ Neurologopedyczna 30 min<\/td>\n                                        <td class=\"price-table__price\">130z\u0142<\/td>\n                                    <\/tr>\n                                                                    <tr>\n                                        <td class=\"price-table__name\">Konsultacja neurologopedyczna dla niemowl\u0105t<\/td>\n                                        <td class=\"price-table__price\">300 z\u0142<\/td>\n                                    <\/tr>\n                                                                    <tr>\n                                        <td class=\"price-table__name\">Opinia<\/td>\n                                        <td class=\"price-table__price\">150 z\u0142<\/td>\n                                    <\/tr>\n                                                                    <tr>\n                                        <td class=\"price-table__name\">MFS (konsultacja + koszt stymulatora)<\/td>\n                                        <td class=\"price-table__price\">240 z\u0142 + 260 z\u0142<\/td>\n                                    <\/tr>\n                                                                    <tr>\n                                        <td class=\"price-table__name\">Logorytmika<\/td>\n                                        <td class=\"price-table__price\">110 z\u0142<\/td>\n                                    <\/tr>\n                                                                    <tr>\n                                        <td class=\"price-table__name\">Terapia logopedyczna online 45 min<\/td>\n                                        <td class=\"price-table__price\">190 z\u0142<\/td>\n                                    <\/tr>\n                                                                    <tr>\n                                        <td class=\"price-table__name\">kdofjojf<\/td>\n                                        <td class=\"price-table__price\">120 z\u0142<\/td>\n                                    <\/tr>\n                                                            <\/tbody>\n                        <\/table>\n                    <\/div>\n                            <\/div>\n                    <div class=\"price-table__section\">\n                                    <p class=\"price-table__title noMarginTop noMarginBottom\" data-price-table-toggle role=\"button\" tabindex=\"0\">\n                        <strong>Terapia wybi\u00f3rczo\u015bci pokarmowej<\/strong>\n                        <span class=\"price-table__icons\" aria-hidden=\"true\">\n                            <span class=\"price-table__icon price-table__icon--plus\">+<\/span>\n                            <span class=\"price-table__icon price-table__icon--minus\">&#8211;<\/span>\n                        <\/span>\n                    <\/p>\n                \n                                    <div class=\"price-table__tableWrapper\" data-price-table-panel>\n                        <table class=\"price-table__table\">\n                            <tbody>\n                                                                    <tr>\n                                        <td class=\"price-table__name\">Terapia wybi\u00f3rczo\u015bci pokarmowej 45 minut<\/td>\n                                        <td class=\"price-table__price\">160 z\u0142<\/td>\n                                    <\/tr>\n                                                            <\/tbody>\n                        <\/table>\n                    <\/div>\n                            <\/div>\n                    <div class=\"price-table__section\">\n                                    <p class=\"price-table__title noMarginTop noMarginBottom\" data-price-table-toggle role=\"button\" tabindex=\"0\">\n                        <strong>Terapia pedagogiczna<\/strong>\n                        <span class=\"price-table__icons\" aria-hidden=\"true\">\n                            <span class=\"price-table__icon price-table__icon--plus\">+<\/span>\n                            <span class=\"price-table__icon price-table__icon--minus\">&#8211;<\/span>\n                        <\/span>\n                    <\/p>\n                \n                                    <div class=\"price-table__tableWrapper\" data-price-table-panel>\n                        <table class=\"price-table__table\">\n                            <tbody>\n                                                                    <tr>\n                                        <td class=\"price-table__name\">Terapia pedagogiczna 45 minut<\/td>\n                                        <td class=\"price-table__price\">160 z\u0142<\/td>\n                                    <\/tr>\n                                                            <\/tbody>\n                        <\/table>\n                    <\/div>\n                            <\/div>\n                    <div class=\"price-table__section\">\n                                    <p class=\"price-table__title noMarginTop noMarginBottom\" data-price-table-toggle role=\"button\" tabindex=\"0\">\n                        <strong>Terapia r\u0119ki<\/strong>\n                        <span class=\"price-table__icons\" aria-hidden=\"true\">\n                            <span class=\"price-table__icon price-table__icon--plus\">+<\/span>\n                            <span class=\"price-table__icon price-table__icon--minus\">&#8211;<\/span>\n                        <\/span>\n                    <\/p>\n                \n                                    <div class=\"price-table__tableWrapper\" data-price-table-panel>\n                        <table class=\"price-table__table\">\n                            <tbody>\n                                                                    <tr>\n                                        <td class=\"price-table__name\">Terapia r\u0119ki 45 minut<\/td>\n                                        <td class=\"price-table__price\">160 z\u0142<\/td>\n                                    <\/tr>\n                                                            <\/tbody>\n                        <\/table>\n                    <\/div>\n                            <\/div>\n                    <div class=\"price-table__section\">\n                                    <p class=\"price-table__title noMarginTop noMarginBottom\" data-price-table-toggle role=\"button\" tabindex=\"0\">\n                        <strong>Integracja sensoryczna<\/strong>\n                        <span class=\"price-table__icons\" aria-hidden=\"true\">\n                            <span class=\"price-table__icon price-table__icon--plus\">+<\/span>\n                            <span class=\"price-table__icon price-table__icon--minus\">&#8211;<\/span>\n                        <\/span>\n                    <\/p>\n                \n                                    <div class=\"price-table__tableWrapper\" data-price-table-panel>\n                        <table class=\"price-table__table\">\n                            <tbody>\n                                                                    <tr>\n                                        <td class=\"price-table__name\">Diagnoza<\/td>\n                                        <td class=\"price-table__price\">700 z\u0142<\/td>\n                                    <\/tr>\n                                                                    <tr>\n                                        <td class=\"price-table__name\">Terapia 45 min.<\/td>\n                                        <td class=\"price-table__price\">160 z\u0142<\/td>\n                                    <\/tr>\n                                                                    <tr>\n                                        <td class=\"price-table__name\">Konsultacja<\/td>\n                                        <td class=\"price-table__price\">240 z\u0142<\/td>\n                                    <\/tr>\n                                                                    <tr>\n                                        <td class=\"price-table__name\">Opinia<\/td>\n                                        <td class=\"price-table__price\">150 z\u0142<\/td>\n                                    <\/tr>\n                                                                    <tr>\n                                        <td class=\"price-table__name\">Sensozaury<\/td>\n                                        <td class=\"price-table__price\">110 z\u0142<\/td>\n                                    <\/tr>\n                                                            <\/tbody>\n                        <\/table>\n                    <\/div>\n                            <\/div>\n                    <div class=\"price-table__section\">\n                                    <p class=\"price-table__title noMarginTop noMarginBottom\" data-price-table-toggle role=\"button\" tabindex=\"0\">\n                        <strong>Fizjoterapia<\/strong>\n                        <span class=\"price-table__icons\" aria-hidden=\"true\">\n                            <span class=\"price-table__icon price-table__icon--plus\">+<\/span>\n                            <span class=\"price-table__icon price-table__icon--minus\">&#8211;<\/span>\n                        <\/span>\n                    <\/p>\n                \n                                    <div class=\"price-table__tableWrapper\" data-price-table-panel>\n                        <table class=\"price-table__table\">\n                            <tbody>\n                                                                    <tr>\n                                        <td class=\"price-table__name\">Konsultacja fizjoterapeutyczna<\/td>\n                                        <td class=\"price-table__price\">240 z\u0142<\/td>\n                                    <\/tr>\n                                                                    <tr>\n                                        <td class=\"price-table__name\">Terapia 45 min.<\/td>\n                                        <td class=\"price-table__price\">160 z\u0142<\/td>\n                                    <\/tr>\n                                                                    <tr>\n                                        <td class=\"price-table__name\">Opinia<\/td>\n                                        <td class=\"price-table__price\">150 z\u0142<\/td>\n                                    <\/tr>\n                                                            <\/tbody>\n                        <\/table>\n                    <\/div>\n                            <\/div>\n                    <div class=\"price-table__section\">\n                                    <p class=\"price-table__title noMarginTop noMarginBottom\" data-price-table-toggle role=\"button\" tabindex=\"0\">\n                        <strong>Psycholog<\/strong>\n                        <span class=\"price-table__icons\" aria-hidden=\"true\">\n                            <span class=\"price-table__icon price-table__icon--plus\">+<\/span>\n                            <span class=\"price-table__icon price-table__icon--minus\">&#8211;<\/span>\n                        <\/span>\n                    <\/p>\n                \n                                    <div class=\"price-table__tableWrapper\" data-price-table-panel>\n                        <table class=\"price-table__table\">\n                            <tbody>\n                                                                    <tr>\n                                        <td class=\"price-table__name\">Konsultacja kwalifikuj\u0105ca TUS 30 min.<\/td>\n                                        <td class=\"price-table__price\">150 z\u0142<\/td>\n                                    <\/tr>\n                                                                    <tr>\n                                        <td class=\"price-table__name\">Konsultacja psychologiczna<\/td>\n                                        <td class=\"price-table__price\">240 z\u0142<\/td>\n                                    <\/tr>\n                                                                    <tr>\n                                        <td class=\"price-table__name\">Pakiet 5 spotka\u0144 psychologicznych<\/td>\n                                        <td class=\"price-table__price\">800 z\u0142<\/td>\n                                    <\/tr>\n                                                                    <tr>\n                                        <td class=\"price-table__name\">Pakiet 5 spotka\u0144 w ramach indywidualnych zaj\u0119\u0107 TUS<\/td>\n                                        <td class=\"price-table__price\">800 z\u0142<\/td>\n                                    <\/tr>\n                                                                    <tr>\n                                        <td class=\"price-table__name\">TUS (cena pojedynczych zaj\u0119\u0107 TUS, w terapii przewidziane 10-12 spotka\u0144)<\/td>\n                                        <td class=\"price-table__price\">110 z\u0142<\/td>\n                                    <\/tr>\n                                                                    <tr>\n                                        <td class=\"price-table__name\">Terapia kognitywna &#8211; metoda Feursteina\u00ae<\/td>\n                                        <td class=\"price-table__price\">160 z\u0142<\/td>\n                                    <\/tr>\n                                                            <\/tbody>\n                        <\/table>\n                    <\/div>\n                            <\/div>\n                    <div class=\"price-table__section\">\n                                    <p class=\"price-table__title noMarginTop noMarginBottom\" data-price-table-toggle role=\"button\" tabindex=\"0\">\n                        <strong>Dietetyk<\/strong>\n                        <span class=\"price-table__icons\" aria-hidden=\"true\">\n                            <span class=\"price-table__icon price-table__icon--plus\">+<\/span>\n                            <span class=\"price-table__icon price-table__icon--minus\">&#8211;<\/span>\n                        <\/span>\n                    <\/p>\n                \n                                    <div class=\"price-table__tableWrapper\" data-price-table-panel>\n                        <table class=\"price-table__table\">\n                            <tbody>\n                                                                    <tr>\n                                        <td class=\"price-table__name\">Konsultacja dietetyczna<\/td>\n                                        <td class=\"price-table__price\">240 z\u0142<\/td>\n                                    <\/tr>\n                                                                    <tr>\n                                        <td class=\"price-table__name\">Konsultacja kontrolna<\/td>\n                                        <td class=\"price-table__price\">170 z\u0142<\/td>\n                                    <\/tr>\n                                                                    <tr>\n                                        <td class=\"price-table__name\">Terapia dietetyczna<\/td>\n                                        <td class=\"price-table__price\">160 z\u0142 \/ 45 min. (pakiet 3\/6\/9 miesi\u0119cy)<\/td>\n                                    <\/tr>\n                                                            <\/tbody>\n                        <\/table>\n                    <\/div>\n                            <\/div>\n                    <div class=\"price-table__section\">\n                                    <p class=\"price-table__title noMarginTop noMarginBottom\" data-price-table-toggle role=\"button\" tabindex=\"0\">\n                        <strong>Psycholog sportowy<\/strong>\n                        <span class=\"price-table__icons\" aria-hidden=\"true\">\n                            <span class=\"price-table__icon price-table__icon--plus\">+<\/span>\n                            <span class=\"price-table__icon price-table__icon--minus\">&#8211;<\/span>\n                        <\/span>\n                    <\/p>\n                \n                                    <div class=\"price-table__tableWrapper\" data-price-table-panel>\n                        <table class=\"price-table__table\">\n                            <tbody>\n                                                                    <tr>\n                                        <td class=\"price-table__name\">Konsultacja<\/td>\n                                        <td class=\"price-table__price\">240 z\u0142<\/td>\n                                    <\/tr>\n                                                                    <tr>\n                                        <td class=\"price-table__name\">Pakiet 5 spotka\u0144 psychologicznych<\/td>\n                                        <td class=\"price-table__price\">800 z\u0142<\/td>\n                                    <\/tr>\n                                                                    <tr>\n                                        <td class=\"price-table__name\">Sta\u0142a terapia<\/td>\n                                        <td class=\"price-table__price\">160 z\u0142 \/ 45 min.<\/td>\n                                    <\/tr>\n                                                            <\/tbody>\n                        <\/table>\n                    <\/div>\n                            <\/div>\n            <\/div>\n<\/div>\n","protected":false},"excerpt":{"rendered":"<p>Cennik<\/p>\n","protected":false},"author":1,"featured_media":0,"parent":0,"menu_order":28,"comment_status":"closed","ping_status":"closed","template":"","meta":{"_acf_changed":false,"inline_featured_image":false,"footnotes":""},"class_list":["post-241","page","type-page","status-publish","hentry"],"acf":[],"_links":{"self":[{"href":"https:\/\/dev.papercut.pl\/logozaurus\/wp-json\/wp\/v2\/pages\/241","targetHints":{"allow":["GET"]}}],"collection":[{"href":"https:\/\/dev.papercut.pl\/logozaurus\/wp-json\/wp\/v2\/pages"}],"about":[{"href":"https:\/\/dev.papercut.pl\/logozaurus\/wp-json\/wp\/v2\/types\/page"}],"author":[{"embeddable":true,"href":"https:\/\/dev.papercut.pl\/logozaurus\/wp-json\/wp\/v2\/users\/1"}],"replies":[{"embeddable":true,"href":"https:\/\/dev.papercut.pl\/logozaurus\/wp-json\/wp\/v2\/comments?post=241"}],"version-history":[{"count":6,"href":"https:\/\/dev.papercut.pl\/logozaurus\/wp-json\/wp\/v2\/pages\/241\/revisions"}],"predecessor-version":[{"id":1042,"href":"https:\/\/dev.papercut.pl\/logozaurus\/wp-json\/wp\/v2\/pages\/241\/revisions\/1042"}],"wp:attachment":[{"href":"https:\/\/dev.papercut.pl\/logozaurus\/wp-json\/wp\/v2\/media?parent=241"}],"curies":[{"name":"wp","href":"https:\/\/api.w.org\/{rel}","templated":true}]}}