{"id":2,"date":"2020-03-27T19:23:46","date_gmt":"2020-03-27T18:23:46","guid":{"rendered":"http:\/\/local.allbim\/?page_id=2"},"modified":"2020-09-02T08:33:56","modified_gmt":"2020-09-02T06:33:56","slug":"strona-glowna","status":"publish","type":"page","link":"https:\/\/dev.papercut.pl\/interSeroh\/","title":{"rendered":"Strona g\u0142\u00f3wna"},"content":{"rendered":"\n<div id=\"podzial\" class=\"wp-block-group is-style-small-margin dark-bg\"><div class=\"wp-block-group__inner-container\">\n<div class=\"wp-block-columns\">\n<div class=\"wp-block-column\">\n<h1 class=\"is-style-h1 fade-right\">O projekcie<\/h1>\n\n\n\n<p>W 2015 roku ONZ, organizacja zrzeszaj\u0105ca 193 kraje, kt\u00f3rej celem jest dba\u0142o\u015b\u0107 o zapewnienie pokoju i wsp\u00f3\u0142pracy mi\u0119dzy cz\u0142onkami opracowa\u0142a i og\u0142osi\u0142a 17 Cel\u00f3w Zr\u00f3wnowa\u017conego Rozwoju. Sustainable Development Goals lub w skr\u00f3cie SDGs.<\/p>\n\n\n\n<div class=\"wp-block-buttons\">\n<div class=\"wp-block-button is-style-btn-blue\"><a class=\"wp-block-button__link\">Zobacz wi\u0119cej<\/a><\/div>\n<\/div>\n<\/div>\n\n\n\n<div class=\"wp-block-column\">\n<figure class=\"wp-block-image size-large\"><img loading=\"lazy\" width=\"647\" height=\"505\" src=\"http:\/\/dev.papercut.pl\/interSeroh\/wp-content\/uploads\/2020\/08\/home-image-1-new.png\" alt=\"\" class=\"wp-image-1842\"\/><\/figure>\n<\/div>\n<\/div>\n<\/div><\/div>\n\n\n\n<div class=\"wp-block-group is-style-small-margin dark-bg\"><div class=\"wp-block-group__inner-container\">\n<div class=\"wp-block-columns\">\n<div class=\"wp-block-column\">\n<figure class=\"wp-block-image size-large\"><img loading=\"lazy\" width=\"752\" height=\"518\" src=\"http:\/\/dev.papercut.pl\/interSeroh\/wp-content\/uploads\/2020\/08\/home-image-2-new.png\" alt=\"\" class=\"wp-image-1843\"\/><\/figure>\n<\/div>\n\n\n\n<div class=\"wp-block-column\">\n<h1 class=\"is-style-h1 fade-right\">Cele zr\u00f3wnowa\u017conego rozwoju<\/h1>\n\n\n\n<p>W 2015 roku ONZ, organizacja zrzeszaj\u0105ca 193 kraje, kt\u00f3rej celem jest dba\u0142o\u015b\u0107 o<br>zapewnienie pokoju i wsp\u00f3\u0142pracy mi\u0119dzy cz\u0142onkami opracowa\u0142a i og\u0142osi\u0142a 17 Cel\u00f3w<br>Zr\u00f3wnowa\u017conego Rozwoju. Sustainable Development Goals lub w skr\u00f3cie SDGs.<br>Czym one s\u0105? \u017beby to dobrze zrozumie\u0107, zacznijmy od pocz\u0105tku.<\/p>\n\n\n\n<p>Wsp\u00f3\u0142dzielimy planet\u0119 Ziemi\u0119 ze sob\u0105 nawzajem, ale r\u00f3wnie\u017c z innymi formami<br>\u017cycia takimi jak fauna i flora. Ludzi i zwierz\u0119ta \u0142\u0105czy jednak co\u015b wi\u0119cej ni\u017c tylko<br>planeta. Potrzebujemy do \u017cycia dok\u0142adnie tego samego \u2013 czystej wody, \u015bwie\u017cego<br>powietrza, jedzenia i s\u0142o\u0144ca.<\/p>\n\n\n\n<div class=\"wp-block-buttons\">\n<div class=\"wp-block-button is-style-btn-blue\"><a class=\"wp-block-button__link\">Zobacz wi\u0119cej<\/a><\/div>\n<\/div>\n<\/div>\n<\/div>\n\n\n\n<blockquote class=\"wp-block-quote has-text-align-center\"><p>Cel\u00f3w Zr\u00f3wnowa\u017conego Rozwoju jest 17 i obejmuj\u0105 dzia\u0142ania od zapewnienia zr\u00f3wnowa\u017conego rozwoju miast i spo\u0142eczno\u015bci, przez odpowiedzialn\u0105 konsumpcj\u0119 i produkcj\u0119 do tworzenia globalnych partnerstw na rzecz zr\u00f3wnowa\u017conego rozwoju<\/p><\/blockquote>\n<\/div><\/div>\n\n\n\n<div class=\"wp-block-group has-gray-background-color has-background\"><div class=\"wp-block-group__inner-container\">\n<h2 class=\"is-style-h1 fade-right\">Priorytetowe cele<br>Sustainable Circle<\/h2>\n\n\n\n<p>W naszych spotkaniach skupimy przede wszystkim na trzech najwa\u017cniejszych dla<br>nas celach.<\/p>\n\n\n\n<div class=\"wp-block-columns\">\n<div class=\"wp-block-column is-style-shadow\">\n<div class=\"wp-block-image\"><figure class=\"aligncenter size-large\"><a href=\"https:\/\/www.un.org.pl\/cel11\"><img src=\"http:\/\/dev.papercut.pl\/interSeroh\/wp-content\/uploads\/2020\/07\/cel-2.png\" alt=\"\"\/><\/a><\/figure><\/div>\n\n\n\n<p class=\"has-text-align-center has-blue-color has-text-color\"><a href=\"https:\/\/www.un.org.pl\/cel11\">CEL #11<\/a><\/p>\n\n\n\n<p class=\"has-text-align-center\">Zr\u00f3wnowa\u017cone miasta i spo\u0142eczno\u015bci<\/p>\n<\/div>\n\n\n\n<div class=\"wp-block-column is-style-shadow\">\n<div class=\"wp-block-image\"><figure class=\"aligncenter size-large\"><a href=\"https:\/\/www.un.org.pl\/cel12\"><img src=\"http:\/\/dev.papercut.pl\/interSeroh\/wp-content\/uploads\/2020\/07\/cel-3.png\" alt=\"\"\/><\/a><\/figure><\/div>\n\n\n\n<p class=\"has-text-align-center has-blue-color has-text-color\"><a href=\"https:\/\/www.un.org.pl\/cel12\">CEL #12<\/a><\/p>\n\n\n\n<p class=\"has-text-align-center\">Odpowiednia konsumpcja i produkcja<\/p>\n<\/div>\n\n\n\n<div class=\"wp-block-column is-style-shadow\">\n<div class=\"wp-block-image\"><figure class=\"aligncenter size-large\"><a href=\"https:\/\/www.un.org.pl\/cel17\"><img src=\"http:\/\/dev.papercut.pl\/interSeroh\/wp-content\/uploads\/2020\/07\/cel-1.png\" alt=\"\"\/><\/a><\/figure><\/div>\n\n\n\n<p class=\"has-text-align-center has-blue-color has-text-color\"><a href=\"https:\/\/www.un.org.pl\/cel11\">CEL #17<\/a><\/p>\n\n\n\n<p class=\"has-text-align-center\">Partnerstwa na rzecz cel\u00f3w<\/p>\n<\/div>\n<\/div>\n\n\n\n<h2 class=\"has-text-align-center is-style-h1 fade-right heading-hash\">Chcesz pozna\u0107 pozosta\u0142e cele zr\u00f3wnowa\u017conego rozwoju?<\/h2>\n\n\n\n<div class=\"wp-block-buttons is-style-center\">\n<div class=\"wp-block-button is-style-btn-blue\"><a class=\"wp-block-button__link\" href=\"https:\/\/www.un.org.pl\/\" target=\"_blank\" rel=\"noreferrer noopener\">Zobacz wszystkie<\/a><\/div>\n<\/div>\n<\/div><\/div>\n\n\n\n<div class=\"wp-block-group is-style-dark-bg\"><div class=\"wp-block-group__inner-container\"><div class=\"wp-block-group color-blue post-list meetings-list\">\n<div class=\"post-box\">\n    <a href=\"https:\/\/dev.papercut.pl\/interSeroh\/slowfashion\/\" class=\"post-box-link\">\n                                        <img src=\"https:\/\/dev.papercut.pl\/interSeroh\/wp-content\/themes\/interseroh\/dist\/img\/no-thumb.jpg\" alt=\"SlowFashion\">\n                        <\/a>\n    <div class=\"category-links color-blue\">\n                                    <a href=\"https:\/\/dev.papercut.pl\/interSeroh\/tag\/test\/\" class=\"post-category\">test<\/a>\n                        <\/div>\n    <h3 class=\"h3\">SlowFashion<\/h3>\n    <p class=\"post-excerpt\">Przemys\u0142 odzie\u017cowy to druga, po petrochemii, bran\u017ca najbardziej szkodliwa dla \u015brodowiska, kt\u00f3ra odpowiada za 10% globalnej emisji dwutlenku w\u0119gla. Oko\u0142o 80% ubra\u0144 jest produkowanych bez poszanowania praw pracownika, a nawet<\/p>\n    <a href=\"https:\/\/dev.papercut.pl\/interSeroh\/slowfashion\/\" class=\"btn btn-blue\">Zobacz wi\u0119cej<\/a>\n\n\n\n<\/div><\/div>\n\n<div class=\"wp-block-group read-more-box\">\n    <div class=\"read-more-text\"><p>Zobacz wszystkie spotkania w ramach<br \/>\nSustainable Circle<\/p>\n<\/div>\n    <a href=\"\" class=\"btn btn-blue\">Zobacz wszystkie<\/a>\n    <figure>\n            <img src=\"https:\/\/dev.papercut.pl\/interSeroh\/wp-content\/themes\/interseroh\/dist\/img\/arrows.svg\" alt=\"\">\n    <\/figure>\n<\/div>\n\n<\/div><\/div>\n\n\n\n<p><\/p>\n","protected":false},"excerpt":{"rendered":"","protected":false},"author":1,"featured_media":0,"parent":0,"menu_order":4,"comment_status":"closed","ping_status":"open","template":"templates\/home.php","meta":[],"yoast_head":"<!-- This site is optimized with the Yoast SEO plugin v15.4 - https:\/\/yoast.com\/wordpress\/plugins\/seo\/ -->\n<title>Strona g\u0142\u00f3wna - Sustainable Circle<\/title>\n<meta name=\"robots\" content=\"noindex, follow, max-snippet:-1, max-image-preview:large, max-video-preview:-1\" \/>\n<meta property=\"og:locale\" content=\"pl_PL\" \/>\n<meta property=\"og:type\" content=\"article\" \/>\n<meta property=\"og:title\" content=\"Strona g\u0142\u00f3wna - Sustainable Circle\" \/>\n<meta property=\"og:url\" content=\"https:\/\/dev.papercut.pl\/interSeroh\/\" \/>\n<meta property=\"og:site_name\" content=\"Sustainable Circle\" \/>\n<meta property=\"article:modified_time\" content=\"2020-09-02T06:33:56+00:00\" \/>\n<meta property=\"og:image\" content=\"http:\/\/dev.papercut.pl\/interSeroh\/wp-content\/uploads\/2020\/08\/home-image-1-new.png\" \/>\n<meta name=\"twitter:card\" content=\"summary_large_image\" \/>\n<meta name=\"twitter:label1\" content=\"Written by\">\n\t<meta name=\"twitter:data1\" content=\"admin\">\n\t<meta name=\"twitter:label2\" content=\"Est. reading time\">\n\t<meta name=\"twitter:data2\" content=\"1 minuta\">\n<script type=\"application\/ld+json\" class=\"yoast-schema-graph\">{\"@context\":\"https:\/\/schema.org\",\"@graph\":[{\"@type\":\"WebSite\",\"@id\":\"https:\/\/dev.papercut.pl\/interSeroh\/#website\",\"url\":\"https:\/\/dev.papercut.pl\/interSeroh\/\",\"name\":\"Sustainable Circle\",\"description\":\"\",\"potentialAction\":[{\"@type\":\"SearchAction\",\"target\":\"https:\/\/dev.papercut.pl\/interSeroh\/?s={search_term_string}\",\"query-input\":\"required name=search_term_string\"}],\"inLanguage\":\"pl-PL\"},{\"@type\":\"ImageObject\",\"@id\":\"https:\/\/dev.papercut.pl\/interSeroh\/#primaryimage\",\"inLanguage\":\"pl-PL\",\"url\":\"http:\/\/dev.papercut.pl\/interSeroh\/wp-content\/uploads\/2020\/08\/home-image-1-new.png\"},{\"@type\":\"WebPage\",\"@id\":\"https:\/\/dev.papercut.pl\/interSeroh\/#webpage\",\"url\":\"https:\/\/dev.papercut.pl\/interSeroh\/\",\"name\":\"Strona g\\u0142\\u00f3wna - Sustainable Circle\",\"isPartOf\":{\"@id\":\"https:\/\/dev.papercut.pl\/interSeroh\/#website\"},\"primaryImageOfPage\":{\"@id\":\"https:\/\/dev.papercut.pl\/interSeroh\/#primaryimage\"},\"datePublished\":\"2020-03-27T18:23:46+00:00\",\"dateModified\":\"2020-09-02T06:33:56+00:00\",\"inLanguage\":\"pl-PL\",\"potentialAction\":[{\"@type\":\"ReadAction\",\"target\":[\"https:\/\/dev.papercut.pl\/interSeroh\/\"]}]}]}<\/script>\n<!-- \/ Yoast SEO plugin. -->","_links":{"self":[{"href":"https:\/\/dev.papercut.pl\/interSeroh\/wp-json\/wp\/v2\/pages\/2"}],"collection":[{"href":"https:\/\/dev.papercut.pl\/interSeroh\/wp-json\/wp\/v2\/pages"}],"about":[{"href":"https:\/\/dev.papercut.pl\/interSeroh\/wp-json\/wp\/v2\/types\/page"}],"author":[{"embeddable":true,"href":"https:\/\/dev.papercut.pl\/interSeroh\/wp-json\/wp\/v2\/users\/1"}],"replies":[{"embeddable":true,"href":"https:\/\/dev.papercut.pl\/interSeroh\/wp-json\/wp\/v2\/comments?post=2"}],"version-history":[{"count":212,"href":"https:\/\/dev.papercut.pl\/interSeroh\/wp-json\/wp\/v2\/pages\/2\/revisions"}],"predecessor-version":[{"id":1847,"href":"https:\/\/dev.papercut.pl\/interSeroh\/wp-json\/wp\/v2\/pages\/2\/revisions\/1847"}],"wp:attachment":[{"href":"https:\/\/dev.papercut.pl\/interSeroh\/wp-json\/wp\/v2\/media?parent=2"}],"curies":[{"name":"wp","href":"https:\/\/api.w.org\/{rel}","templated":true}]}}