{"id":97,"date":"2020-03-28T02:09:22","date_gmt":"2020-03-28T01:09:22","guid":{"rendered":"http:\/\/local.franki\/?page_id=97"},"modified":"2021-05-02T14:39:19","modified_gmt":"2021-05-02T12:39:19","slug":"historia","status":"publish","type":"page","link":"https:\/\/dev.papercut.pl\/franki\/o-nas\/historia\/","title":{"rendered":"Historia"},"content":{"rendered":"<div class=\"wp-block-lazyblock-slider lazyblock-slider-ZaiAn1\"><div class=\"slider-gallery smallPaddingTop is-loading\">\r\n      <a \r\n      href=\"https:\/\/dev.papercut.pl\/franki\/wp-content\/uploads\/2020\/04\/historia2-scaled.jpg\" \r\n      class=\"slider-gallery__item\"\r\n      style=\"background-image: url(https:\/\/dev.papercut.pl\/franki\/wp-content\/uploads\/2020\/04\/historia2-scaled.jpg);\"\r\n    >\r\n    <\/a>\r\n      <a \r\n      href=\"https:\/\/dev.papercut.pl\/franki\/wp-content\/uploads\/2020\/04\/historia1-scaled.jpg\" \r\n      class=\"slider-gallery__item\"\r\n      style=\"background-image: url(https:\/\/dev.papercut.pl\/franki\/wp-content\/uploads\/2020\/04\/historia1-scaled.jpg);\"\r\n    >\r\n    <\/a>\r\n      <a \r\n      href=\"https:\/\/dev.papercut.pl\/franki\/wp-content\/uploads\/2020\/04\/historia3-scaled.jpg\" \r\n      class=\"slider-gallery__item\"\r\n      style=\"background-image: url(https:\/\/dev.papercut.pl\/franki\/wp-content\/uploads\/2020\/04\/historia3-scaled.jpg);\"\r\n    >\r\n    <\/a>\r\n  <\/div><\/div>\n\n\n<p>Historia \u2013 kamienie milowe:<\/p>\n\n\n\n<h2><strong>1908<\/strong><\/h2>\n\n\n\n<p>Edgar Frankignoul wynalaz\u0142 pala FRANKI , pala przemieszczeniowego z powi\u0119kszon\u0105 podstaw\u0105.<\/p>\n\n\n\n<h2><strong>1931<\/strong><\/h2>\n\n\n\n<p>Pierwsza palownica FRANKI w Niemczech<\/p>\n\n\n\n<h2><strong>1960<\/strong><\/h2>\n\n\n\n<p>Powstanie firmy STUMP Bohr GmbH w Niemczech<\/p>\n\n\n\n<h2><strong>1969<\/strong><\/h2>\n\n\n\n<p>Pierwsze kotwy duplex w Niemczech<\/p>\n\n\n\n<h2><strong>1985<\/strong><\/h2>\n\n\n\n<p>Wprowadzenie w pe\u0142ni przemieszczeniowych pali ATLAS<\/p>\n\n\n\n<h2><strong>2002<\/strong><\/h2>\n\n\n\n<p>Powstanie sp\u00f3\u0142ki Stump&nbsp;w Polsce<\/p>\n\n\n\n<h2><strong>2005<\/strong><\/h2>\n\n\n\n<p>Powstanie sp\u00f3\u0142ki FRANKI w Polsce<\/p>\n\n\n\n<h2><strong>2021<\/strong><\/h2>\n\n\n\n<p>Po\u0142\u0105czenie sp\u00f3\u0142ek i powstanie nowej pod firm\u0105 <strong>Stump Franki sp. z o.o.<\/strong><\/p>\n","protected":false},"excerpt":{"rendered":"<p>Historia \u2013 kamienie milowe: 1908 Edgar Frankignoul wynalaz\u0142 pala FRANKI , pala przemieszczeniowego z powi\u0119kszon\u0105 podstaw\u0105. 1931 Pierwsza palownica FRANKI w Niemczech 1960 Powstanie firmy STUMP Bohr GmbH w Niemczech 1969 Pierwsze kotwy duplex w Niemczech 1985 Wprowadzenie w pe\u0142ni przemieszczeniowych pali ATLAS 2002 Powstanie sp\u00f3\u0142ki Stump&nbsp;w Polsce 2005 Powstanie sp\u00f3\u0142ki FRANKI w Polsce 2021 [&hellip;]<\/p>\n","protected":false},"author":1,"featured_media":173,"parent":83,"menu_order":3,"comment_status":"closed","ping_status":"closed","template":"templates\/template-about.php","meta":[],"yoast_head":"<!-- This site is optimized with the Yoast SEO plugin v16.1.1 - https:\/\/yoast.com\/wordpress\/plugins\/seo\/ -->\n<title>Historia - Stump Franki sp. z o.o.<\/title>\n<meta property=\"og:locale\" content=\"pl_PL\" \/>\n<meta property=\"og:type\" content=\"article\" \/>\n<meta property=\"og:title\" content=\"Historia - Stump Franki sp. z o.o.\" \/>\n<meta property=\"og:description\" content=\"Historia \u2013 kamienie milowe: 1908 Edgar Frankignoul wynalaz\u0142 pala FRANKI , pala przemieszczeniowego z powi\u0119kszon\u0105 podstaw\u0105. 1931 Pierwsza palownica FRANKI w Niemczech 1960 Powstanie firmy STUMP Bohr GmbH w Niemczech 1969 Pierwsze kotwy duplex w Niemczech 1985 Wprowadzenie w pe\u0142ni przemieszczeniowych pali ATLAS 2002 Powstanie sp\u00f3\u0142ki Stump&nbsp;w Polsce 2005 Powstanie sp\u00f3\u0142ki FRANKI w Polsce 2021 [&hellip;]\" \/>\n<meta property=\"og:url\" content=\"https:\/\/dev.papercut.pl\/franki\/o-nas\/historia\/\" \/>\n<meta property=\"og:site_name\" content=\"Stump Franki sp. z o.o.\" \/>\n<meta property=\"article:modified_time\" content=\"2021-05-02T12:39:19+00:00\" \/>\n<meta property=\"og:image\" content=\"https:\/\/dev.papercut.pl\/franki\/wp-content\/uploads\/2020\/04\/o-nas-scaled.jpg\" \/>\n\t<meta property=\"og:image:width\" content=\"2560\" \/>\n\t<meta property=\"og:image:height\" content=\"1831\" \/>\n<meta name=\"twitter:card\" content=\"summary_large_image\" \/>\n<meta name=\"twitter:label1\" content=\"Szacowany czas czytania\">\n\t<meta name=\"twitter:data1\" content=\"1 minuta\">\n<script type=\"application\/ld+json\" class=\"yoast-schema-graph\">{\"@context\":\"https:\/\/schema.org\",\"@graph\":[{\"@type\":\"WebSite\",\"@id\":\"https:\/\/dev.papercut.pl\/franki\/#website\",\"url\":\"https:\/\/dev.papercut.pl\/franki\/\",\"name\":\"Stump Franki sp. z o.o.\",\"description\":\"\",\"potentialAction\":[{\"@type\":\"SearchAction\",\"target\":\"https:\/\/dev.papercut.pl\/franki\/?s={search_term_string}\",\"query-input\":\"required name=search_term_string\"}],\"inLanguage\":\"pl-PL\"},{\"@type\":\"ImageObject\",\"@id\":\"https:\/\/dev.papercut.pl\/franki\/o-nas\/historia\/#primaryimage\",\"inLanguage\":\"pl-PL\",\"url\":\"https:\/\/dev.papercut.pl\/franki\/wp-content\/uploads\/2020\/04\/o-nas-scaled.jpg\",\"contentUrl\":\"https:\/\/dev.papercut.pl\/franki\/wp-content\/uploads\/2020\/04\/o-nas-scaled.jpg\",\"width\":2560,\"height\":1831,\"caption\":\"Historia firmy FRANKI\"},{\"@type\":\"WebPage\",\"@id\":\"https:\/\/dev.papercut.pl\/franki\/o-nas\/historia\/#webpage\",\"url\":\"https:\/\/dev.papercut.pl\/franki\/o-nas\/historia\/\",\"name\":\"Historia - Stump Franki sp. z o.o.\",\"isPartOf\":{\"@id\":\"https:\/\/dev.papercut.pl\/franki\/#website\"},\"primaryImageOfPage\":{\"@id\":\"https:\/\/dev.papercut.pl\/franki\/o-nas\/historia\/#primaryimage\"},\"datePublished\":\"2020-03-28T01:09:22+00:00\",\"dateModified\":\"2021-05-02T12:39:19+00:00\",\"breadcrumb\":{\"@id\":\"https:\/\/dev.papercut.pl\/franki\/o-nas\/historia\/#breadcrumb\"},\"inLanguage\":\"pl-PL\",\"potentialAction\":[{\"@type\":\"ReadAction\",\"target\":[\"https:\/\/dev.papercut.pl\/franki\/o-nas\/historia\/\"]}]},{\"@type\":\"BreadcrumbList\",\"@id\":\"https:\/\/dev.papercut.pl\/franki\/o-nas\/historia\/#breadcrumb\",\"itemListElement\":[{\"@type\":\"ListItem\",\"position\":1,\"item\":{\"@type\":\"WebPage\",\"@id\":\"https:\/\/dev.papercut.pl\/franki\/\",\"url\":\"https:\/\/dev.papercut.pl\/franki\/\",\"name\":\"Home\"}},{\"@type\":\"ListItem\",\"position\":2,\"item\":{\"@type\":\"WebPage\",\"@id\":\"https:\/\/dev.papercut.pl\/franki\/o-nas\/\",\"url\":\"https:\/\/dev.papercut.pl\/franki\/o-nas\/\",\"name\":\"O nas\"}},{\"@type\":\"ListItem\",\"position\":3,\"item\":{\"@type\":\"WebPage\",\"@id\":\"https:\/\/dev.papercut.pl\/franki\/o-nas\/historia\/\",\"url\":\"https:\/\/dev.papercut.pl\/franki\/o-nas\/historia\/\",\"name\":\"Historia\"}}]}]}<\/script>\n<!-- \/ Yoast SEO plugin. -->","_links":{"self":[{"href":"https:\/\/dev.papercut.pl\/franki\/wp-json\/wp\/v2\/pages\/97"}],"collection":[{"href":"https:\/\/dev.papercut.pl\/franki\/wp-json\/wp\/v2\/pages"}],"about":[{"href":"https:\/\/dev.papercut.pl\/franki\/wp-json\/wp\/v2\/types\/page"}],"author":[{"embeddable":true,"href":"https:\/\/dev.papercut.pl\/franki\/wp-json\/wp\/v2\/users\/1"}],"replies":[{"embeddable":true,"href":"https:\/\/dev.papercut.pl\/franki\/wp-json\/wp\/v2\/comments?post=97"}],"version-history":[{"count":23,"href":"https:\/\/dev.papercut.pl\/franki\/wp-json\/wp\/v2\/pages\/97\/revisions"}],"predecessor-version":[{"id":652,"href":"https:\/\/dev.papercut.pl\/franki\/wp-json\/wp\/v2\/pages\/97\/revisions\/652"}],"up":[{"embeddable":true,"href":"https:\/\/dev.papercut.pl\/franki\/wp-json\/wp\/v2\/pages\/83"}],"wp:featuredmedia":[{"embeddable":true,"href":"https:\/\/dev.papercut.pl\/franki\/wp-json\/wp\/v2\/media\/173"}],"wp:attachment":[{"href":"https:\/\/dev.papercut.pl\/franki\/wp-json\/wp\/v2\/media?parent=97"}],"curies":[{"name":"wp","href":"https:\/\/api.w.org\/{rel}","templated":true}]}}