{"id":6,"date":"2020-02-05T19:59:42","date_gmt":"2020-02-05T18:59:42","guid":{"rendered":"http:\/\/local.franki\/?page_id=6"},"modified":"2020-10-01T15:27:04","modified_gmt":"2020-10-01T13:27:04","slug":"strona-glowna","status":"publish","type":"page","link":"https:\/\/dev.papercut.pl\/franki\/","title":{"rendered":"Strona g\u0142\u00f3wna"},"content":{"rendered":"\n<h2 class=\"has-text-align-center\">FRANKI POLSKA Sp. z o.o.<\/h2>\n\n\n\n<p class=\"has-text-align-center\">FRANKI POLSKA Sp. z o.o. ma siedzib\u0119 w Krakowie. W Polsce istnieje od 2005 roku. Specjalizuje si\u0119 w projektowaniu i wykonawstwie specjalistycznych rob\u00f3t geotechnicznych. Wprowadzi\u0142a pale nowej generacji FRANKI NG, tworz\u0105c now\u0105 klas\u0119 fundamentowania.<\/p>\n","protected":false},"excerpt":{"rendered":"<p>FRANKI POLSKA Sp. z o.o. FRANKI POLSKA Sp. z o.o. ma siedzib\u0119 w Krakowie. W Polsce istnieje od 2005 roku. Specjalizuje si\u0119 w projektowaniu i wykonawstwie specjalistycznych rob\u00f3t geotechnicznych. Wprowadzi\u0142a pale nowej generacji FRANKI NG, tworz\u0105c now\u0105 klas\u0119 fundamentowania.<\/p>\n","protected":false},"author":1,"featured_media":0,"parent":0,"menu_order":1,"comment_status":"closed","ping_status":"closed","template":"templates\/template-home.php","meta":[],"yoast_head":"<!-- This site is optimized with the Yoast SEO plugin v16.1.1 - https:\/\/yoast.com\/wordpress\/plugins\/seo\/ -->\n<title>Strona g\u0142\u00f3wna - Stump Franki sp. z o.o.<\/title>\n<meta property=\"og:locale\" content=\"pl_PL\" \/>\n<meta property=\"og:type\" content=\"article\" \/>\n<meta property=\"og:title\" content=\"Strona g\u0142\u00f3wna - Stump Franki sp. z o.o.\" \/>\n<meta property=\"og:description\" content=\"FRANKI POLSKA Sp. z o.o. FRANKI POLSKA Sp. z o.o. ma siedzib\u0119 w Krakowie. W Polsce istnieje od 2005 roku. Specjalizuje si\u0119 w projektowaniu i wykonawstwie specjalistycznych rob\u00f3t geotechnicznych. Wprowadzi\u0142a pale nowej generacji FRANKI NG, tworz\u0105c now\u0105 klas\u0119 fundamentowania.\" \/>\n<meta property=\"og:url\" content=\"https:\/\/dev.papercut.pl\/franki\/\" \/>\n<meta property=\"og:site_name\" content=\"Stump Franki sp. z o.o.\" \/>\n<meta property=\"article:modified_time\" content=\"2020-10-01T13:27:04+00:00\" \/>\n<meta name=\"twitter:card\" content=\"summary_large_image\" \/>\n<script type=\"application\/ld+json\" class=\"yoast-schema-graph\">{\"@context\":\"https:\/\/schema.org\",\"@graph\":[{\"@type\":\"WebSite\",\"@id\":\"https:\/\/dev.papercut.pl\/franki\/#website\",\"url\":\"https:\/\/dev.papercut.pl\/franki\/\",\"name\":\"Stump Franki sp. z o.o.\",\"description\":\"\",\"potentialAction\":[{\"@type\":\"SearchAction\",\"target\":\"https:\/\/dev.papercut.pl\/franki\/?s={search_term_string}\",\"query-input\":\"required name=search_term_string\"}],\"inLanguage\":\"pl-PL\"},{\"@type\":\"WebPage\",\"@id\":\"https:\/\/dev.papercut.pl\/franki\/#webpage\",\"url\":\"https:\/\/dev.papercut.pl\/franki\/\",\"name\":\"Strona g\\u0142\\u00f3wna - Stump Franki sp. z o.o.\",\"isPartOf\":{\"@id\":\"https:\/\/dev.papercut.pl\/franki\/#website\"},\"datePublished\":\"2020-02-05T18:59:42+00:00\",\"dateModified\":\"2020-10-01T13:27:04+00:00\",\"breadcrumb\":{\"@id\":\"https:\/\/dev.papercut.pl\/franki\/#breadcrumb\"},\"inLanguage\":\"pl-PL\",\"potentialAction\":[{\"@type\":\"ReadAction\",\"target\":[\"https:\/\/dev.papercut.pl\/franki\/\"]}]},{\"@type\":\"BreadcrumbList\",\"@id\":\"https:\/\/dev.papercut.pl\/franki\/#breadcrumb\",\"itemListElement\":[{\"@type\":\"ListItem\",\"position\":1,\"item\":{\"@type\":\"WebPage\",\"@id\":\"https:\/\/dev.papercut.pl\/franki\/\",\"url\":\"https:\/\/dev.papercut.pl\/franki\/\",\"name\":\"Home\"}},{\"@type\":\"ListItem\",\"position\":2,\"item\":{\"@type\":\"WebPage\",\"@id\":\"https:\/\/dev.papercut.pl\/franki\/\",\"url\":\"https:\/\/dev.papercut.pl\/franki\/\",\"name\":\"Strona g\\u0142\\u00f3wna\"}}]}]}<\/script>\n<!-- \/ Yoast SEO plugin. -->","_links":{"self":[{"href":"https:\/\/dev.papercut.pl\/franki\/wp-json\/wp\/v2\/pages\/6"}],"collection":[{"href":"https:\/\/dev.papercut.pl\/franki\/wp-json\/wp\/v2\/pages"}],"about":[{"href":"https:\/\/dev.papercut.pl\/franki\/wp-json\/wp\/v2\/types\/page"}],"author":[{"embeddable":true,"href":"https:\/\/dev.papercut.pl\/franki\/wp-json\/wp\/v2\/users\/1"}],"replies":[{"embeddable":true,"href":"https:\/\/dev.papercut.pl\/franki\/wp-json\/wp\/v2\/comments?post=6"}],"version-history":[{"count":3,"href":"https:\/\/dev.papercut.pl\/franki\/wp-json\/wp\/v2\/pages\/6\/revisions"}],"predecessor-version":[{"id":28,"href":"https:\/\/dev.papercut.pl\/franki\/wp-json\/wp\/v2\/pages\/6\/revisions\/28"}],"wp:attachment":[{"href":"https:\/\/dev.papercut.pl\/franki\/wp-json\/wp\/v2\/media?parent=6"}],"curies":[{"name":"wp","href":"https:\/\/api.w.org\/{rel}","templated":true}]}}