{"id":552,"date":"2020-10-01T18:20:50","date_gmt":"2020-10-01T16:20:50","guid":{"rendered":"https:\/\/frankipolska.pl\/?page_id=552"},"modified":"2020-10-01T18:44:58","modified_gmt":"2020-10-01T16:44:58","slug":"pale-atlas","status":"publish","type":"page","link":"https:\/\/dev.papercut.pl\/franki\/technologie\/pale-atlas\/","title":{"rendered":"Pale Atlas"},"content":{"rendered":"\n<p>PALE ATLAS znajduj\u0105 zastosowanie w szczeg\u00f3lno\u015bci tam, gdzie pale wbijane, kt\u00f3re s\u0105 korzystniejsze gospodarczo, nie mog\u0105 by\u0107 zastosowane z przyczyn technicznych lub z uwagi na ska\u017cenie nie mo\u017ce doj\u015b\u0107 do wydobycia gruntu.<\/p>\n\n\n\n<div class=\"wp-block-columns\">\n<div class=\"wp-block-column\">\n<p><\/p>\n<\/div>\n\n\n\n<div class=\"wp-block-column\"><\/div>\n<\/div>\n\n\n\n<h2>Wykonanie<\/h2>\n\n\n\n<p>Rura stalowa, do kt\u00f3rej przymocowana jest wymienna \u015brubowa g\u0142owica, zostaje wkr\u0119cona w grunt. G\u0142owica rozpycha grunt na boki, zag\u0119szcza. Zewn\u0119trzna kraw\u0119d\u017a g\u0142owicy okre\u015bla \u015brednic\u0119 pala. G\u0142owica jest szczelnie zamkni\u0119ta tracon\u0105 ko\u0144c\u00f3wk\u0105. Rura wraz z g\u0142owic\u0105 zostaj\u0105 bezdrganiowo wkr\u0119cone w grunt przez nap\u0119d obrotowy przy jednoczesnym dociskaniu.<\/p>\n\n\n\n<p>Ci\u015bnienie hydrauliczne jest mierzone przy wkr\u0119caniu i por\u00f3wnywane z wynikami bada\u0144 gruntu (profilami otwor\u00f3w wiertniczych, diagramami sondowa\u0144). Po osi\u0105gni\u0119ciu odpowiedniej g\u0142\u0119boko\u015bci wk\u0142adany jest kosz zbrojeniowy. Rura oraz zasobnik s\u0105 wype\u0142niane betonem. Nast\u0119pnie rura wraz z g\u0142owic\u0105 zostaj\u0105 wykr\u0119cone. Jednocze\u015bnie tracone ostrze zostaje oddzielone a g\u0142owica formuje trzon pala. Sta\u0142e ci\u015bnienie wytwarzane przez beton wype\u0142niaj\u0105cy rur\u0119 i zasobnik sprawia, \u017ce przestrzenie powstaj\u0105ce po wykr\u0119caniu g\u0142owicy s\u0105 natychmiast wype\u0142niane betonem. Powsta\u0142y w ten spos\u00f3b pal kszta\u0142tem przypomina gwint. Proces produkcji pala odbywa si\u0119 przy pomocy sprawdzonego sprz\u0119tu oraz wykwalifikowanego personelu. W celu zapewnienia jako\u015bci parametry produkcji s\u0105 rejestrowane automatycznie.<\/p>\n\n\n\n<figure class=\"wp-block-image size-large\"><img loading=\"lazy\" width=\"581\" height=\"443\" src=\"https:\/\/frankipolska.pl\/wp-content\/uploads\/2020\/10\/franki_atlas.jpg\" alt=\"Pale Atlas FRANKI POLSKA\" class=\"wp-image-554\" srcset=\"https:\/\/dev.papercut.pl\/franki\/wp-content\/uploads\/2020\/10\/franki_atlas.jpg 581w, https:\/\/dev.papercut.pl\/franki\/wp-content\/uploads\/2020\/10\/franki_atlas-300x229.jpg 300w\" sizes=\"(max-width: 581px) 100vw, 581px\" \/><figcaption>Pale Atlas FRANKI POLSKA<\/figcaption><\/figure>\n\n\n\n<h2>Wp\u0142yw na \u015brodowisko<\/h2>\n\n\n\n<p>PALE ATLAS s\u0105 wykonywane bezdrganiowo, przy niskiej emisji ha\u0142asu. Dlatego znajduje zastosowanie w g\u0119sto zabudowanych terenach, uzdrowiskach czy w bliskiej odleg\u0142o\u015bci obiekt\u00f3w wra\u017cliwych na drgania. Nie ma urobku, grunt wok\u00f3\u0142 trzonu pala jest rozpychany na boki i dodatkowo zag\u0119szczony to sprawia, \u017ce rozlu\u017anienie gruntu nie jest mo\u017cliwe. Minimalny odst\u0119p od istniej\u0105cych budowli wynosi 80 cm.<\/p>\n\n\n\n<p><\/p>\n\n\n\n<h2><strong>Korzy\u015bci<\/strong><\/h2>\n\n\n\n<p>Kr\u00f3tki czas rozruchu maszyny, szybkie wytwarzanie i wysoka no\u015bno\u015b\u0107 wkr\u0119canego pala, daj\u0105 wysokie korzy\u015bci ekonomiczne oraz kr\u00f3tki czas budowy. Spos\u00f3b wykonywania i sta\u0142a kontrola oporu wkr\u0119cania pala umo\u017cliwiaj\u0105 dopasowanie d\u0142ugo\u015bci do zmieniaj\u0105cych si\u0119 warstw gruntu.<\/p>\n","protected":false},"excerpt":{"rendered":"<p>PALE ATLAS znajduj\u0105 zastosowanie w szczeg\u00f3lno\u015bci tam, gdzie pale wbijane, kt\u00f3re s\u0105 korzystniejsze gospodarczo, nie mog\u0105 by\u0107 zastosowane z przyczyn technicznych lub z uwagi na ska\u017cenie nie mo\u017ce doj\u015b\u0107 do wydobycia gruntu. Wykonanie Rura stalowa, do kt\u00f3rej przymocowana jest wymienna \u015brubowa g\u0142owica, zostaje wkr\u0119cona w grunt. G\u0142owica rozpycha grunt na boki, zag\u0119szcza. Zewn\u0119trzna kraw\u0119d\u017a g\u0142owicy [&hellip;]<\/p>\n","protected":false},"author":1,"featured_media":423,"parent":155,"menu_order":7,"comment_status":"closed","ping_status":"closed","template":"templates\/template-technology.php","meta":[],"yoast_head":"<!-- This site is optimized with the Yoast SEO plugin v16.1.1 - https:\/\/yoast.com\/wordpress\/plugins\/seo\/ -->\n<title>Pale Atlas - Stump Franki sp. z o.o.<\/title>\n<meta property=\"og:locale\" content=\"pl_PL\" \/>\n<meta property=\"og:type\" content=\"article\" \/>\n<meta property=\"og:title\" content=\"Pale Atlas - Stump Franki sp. z o.o.\" \/>\n<meta property=\"og:description\" content=\"PALE ATLAS znajduj\u0105 zastosowanie w szczeg\u00f3lno\u015bci tam, gdzie pale wbijane, kt\u00f3re s\u0105 korzystniejsze gospodarczo, nie mog\u0105 by\u0107 zastosowane z przyczyn technicznych lub z uwagi na ska\u017cenie nie mo\u017ce doj\u015b\u0107 do wydobycia gruntu. Wykonanie Rura stalowa, do kt\u00f3rej przymocowana jest wymienna \u015brubowa g\u0142owica, zostaje wkr\u0119cona w grunt. G\u0142owica rozpycha grunt na boki, zag\u0119szcza. Zewn\u0119trzna kraw\u0119d\u017a g\u0142owicy [&hellip;]\" \/>\n<meta property=\"og:url\" content=\"https:\/\/dev.papercut.pl\/franki\/technologie\/pale-atlas\/\" \/>\n<meta property=\"og:site_name\" content=\"Stump Franki sp. z o.o.\" \/>\n<meta property=\"article:modified_time\" content=\"2020-10-01T16:44:58+00:00\" \/>\n<meta property=\"og:image\" content=\"https:\/\/dev.papercut.pl\/franki\/wp-content\/uploads\/2020\/05\/FRANKI-tech-scaled.jpeg\" \/>\n\t<meta property=\"og:image:width\" content=\"2560\" \/>\n\t<meta property=\"og:image:height\" content=\"1707\" \/>\n<meta name=\"twitter:card\" content=\"summary_large_image\" \/>\n<meta name=\"twitter:label1\" content=\"Szacowany czas czytania\">\n\t<meta name=\"twitter:data1\" content=\"2 minuty\">\n<script type=\"application\/ld+json\" class=\"yoast-schema-graph\">{\"@context\":\"https:\/\/schema.org\",\"@graph\":[{\"@type\":\"WebSite\",\"@id\":\"https:\/\/dev.papercut.pl\/franki\/#website\",\"url\":\"https:\/\/dev.papercut.pl\/franki\/\",\"name\":\"Stump Franki sp. z o.o.\",\"description\":\"\",\"potentialAction\":[{\"@type\":\"SearchAction\",\"target\":\"https:\/\/dev.papercut.pl\/franki\/?s={search_term_string}\",\"query-input\":\"required name=search_term_string\"}],\"inLanguage\":\"pl-PL\"},{\"@type\":\"ImageObject\",\"@id\":\"https:\/\/dev.papercut.pl\/franki\/technologie\/pale-atlas\/#primaryimage\",\"inLanguage\":\"pl-PL\",\"url\":\"https:\/\/dev.papercut.pl\/franki\/wp-content\/uploads\/2020\/05\/FRANKI-tech-scaled.jpeg\",\"contentUrl\":\"https:\/\/dev.papercut.pl\/franki\/wp-content\/uploads\/2020\/05\/FRANKI-tech-scaled.jpeg\",\"width\":2560,\"height\":1707},{\"@type\":\"WebPage\",\"@id\":\"https:\/\/dev.papercut.pl\/franki\/technologie\/pale-atlas\/#webpage\",\"url\":\"https:\/\/dev.papercut.pl\/franki\/technologie\/pale-atlas\/\",\"name\":\"Pale Atlas - Stump Franki sp. z o.o.\",\"isPartOf\":{\"@id\":\"https:\/\/dev.papercut.pl\/franki\/#website\"},\"primaryImageOfPage\":{\"@id\":\"https:\/\/dev.papercut.pl\/franki\/technologie\/pale-atlas\/#primaryimage\"},\"datePublished\":\"2020-10-01T16:20:50+00:00\",\"dateModified\":\"2020-10-01T16:44:58+00:00\",\"breadcrumb\":{\"@id\":\"https:\/\/dev.papercut.pl\/franki\/technologie\/pale-atlas\/#breadcrumb\"},\"inLanguage\":\"pl-PL\",\"potentialAction\":[{\"@type\":\"ReadAction\",\"target\":[\"https:\/\/dev.papercut.pl\/franki\/technologie\/pale-atlas\/\"]}]},{\"@type\":\"BreadcrumbList\",\"@id\":\"https:\/\/dev.papercut.pl\/franki\/technologie\/pale-atlas\/#breadcrumb\",\"itemListElement\":[{\"@type\":\"ListItem\",\"position\":1,\"item\":{\"@type\":\"WebPage\",\"@id\":\"https:\/\/dev.papercut.pl\/franki\/\",\"url\":\"https:\/\/dev.papercut.pl\/franki\/\",\"name\":\"Home\"}},{\"@type\":\"ListItem\",\"position\":2,\"item\":{\"@type\":\"WebPage\",\"@id\":\"https:\/\/dev.papercut.pl\/franki\/technologie\/\",\"url\":\"https:\/\/dev.papercut.pl\/franki\/technologie\/\",\"name\":\"Technologie\"}},{\"@type\":\"ListItem\",\"position\":3,\"item\":{\"@type\":\"WebPage\",\"@id\":\"https:\/\/dev.papercut.pl\/franki\/technologie\/pale-atlas\/\",\"url\":\"https:\/\/dev.papercut.pl\/franki\/technologie\/pale-atlas\/\",\"name\":\"Pale Atlas\"}}]}]}<\/script>\n<!-- \/ Yoast SEO plugin. -->","_links":{"self":[{"href":"https:\/\/dev.papercut.pl\/franki\/wp-json\/wp\/v2\/pages\/552"}],"collection":[{"href":"https:\/\/dev.papercut.pl\/franki\/wp-json\/wp\/v2\/pages"}],"about":[{"href":"https:\/\/dev.papercut.pl\/franki\/wp-json\/wp\/v2\/types\/page"}],"author":[{"embeddable":true,"href":"https:\/\/dev.papercut.pl\/franki\/wp-json\/wp\/v2\/users\/1"}],"replies":[{"embeddable":true,"href":"https:\/\/dev.papercut.pl\/franki\/wp-json\/wp\/v2\/comments?post=552"}],"version-history":[{"count":2,"href":"https:\/\/dev.papercut.pl\/franki\/wp-json\/wp\/v2\/pages\/552\/revisions"}],"predecessor-version":[{"id":562,"href":"https:\/\/dev.papercut.pl\/franki\/wp-json\/wp\/v2\/pages\/552\/revisions\/562"}],"up":[{"embeddable":true,"href":"https:\/\/dev.papercut.pl\/franki\/wp-json\/wp\/v2\/pages\/155"}],"wp:featuredmedia":[{"embeddable":true,"href":"https:\/\/dev.papercut.pl\/franki\/wp-json\/wp\/v2\/media\/423"}],"wp:attachment":[{"href":"https:\/\/dev.papercut.pl\/franki\/wp-json\/wp\/v2\/media?parent=552"}],"curies":[{"name":"wp","href":"https:\/\/api.w.org\/{rel}","templated":true}]}}