{"id":261,"date":"2020-04-18T17:10:38","date_gmt":"2020-04-18T15:10:38","guid":{"rendered":"http:\/\/dev.papercut.pl\/franki\/?page_id=261"},"modified":"2020-05-17T21:45:18","modified_gmt":"2020-05-17T19:45:18","slug":"history","status":"publish","type":"page","link":"https:\/\/dev.papercut.pl\/franki\/en\/about\/history\/","title":{"rendered":"History"},"content":{"rendered":"<div class=\"wp-block-lazyblock-slider lazyblock-slider-ZaiAn1\"><div class=\"slider-gallery smallPaddingTop is-loading\">\r\n      <a \r\n      href=\"https:\/\/dev.papercut.pl\/franki\/wp-content\/uploads\/2020\/04\/historia2-scaled.jpg\" \r\n      class=\"slider-gallery__item\"\r\n      style=\"background-image: url(https:\/\/dev.papercut.pl\/franki\/wp-content\/uploads\/2020\/04\/historia2-scaled.jpg);\"\r\n    >\r\n    <\/a>\r\n      <a \r\n      href=\"https:\/\/dev.papercut.pl\/franki\/wp-content\/uploads\/2020\/04\/historia1-scaled.jpg\" \r\n      class=\"slider-gallery__item\"\r\n      style=\"background-image: url(https:\/\/dev.papercut.pl\/franki\/wp-content\/uploads\/2020\/04\/historia1-scaled.jpg);\"\r\n    >\r\n    <\/a>\r\n      <a \r\n      href=\"https:\/\/dev.papercut.pl\/franki\/wp-content\/uploads\/2020\/04\/historia3-scaled.jpg\" \r\n      class=\"slider-gallery__item\"\r\n      style=\"background-image: url(https:\/\/dev.papercut.pl\/franki\/wp-content\/uploads\/2020\/04\/historia3-scaled.jpg);\"\r\n    >\r\n    <\/a>\r\n  <\/div><\/div>\n\n\n<p>Milestones:<\/p>\n\n\n\n<h2><strong>1908<\/strong><\/h2>\n\n\n\n<p>Edgard Frankignoul invents the FRANKIPFAHL, an in-situ concrete pile with an enlarged pile foot.<\/p>\n\n\n\n<h2><strong>1910<\/strong><\/h2>\n\n\n\n<p>FRANKIPFAHL is granted a patent. Foundation of the Belgian FRANKIPFAHL company.<\/p>\n\n\n\n<h2><strong>1912<\/strong><\/h2>\n\n\n\n<p>Implementation in Europe, Egypt, Russia, China and Hong Kong.<\/p>\n\n\n\n<h2><strong>1932<\/strong><\/h2>\n\n\n\n<p>Foundation of the FRANKIPFAHL construction company in D\u00fcsseldorf.<\/p>\n\n\n\n<h2><strong>1985<\/strong><\/h2>\n\n\n\n<p>Introduction of the Atlas pile.<\/p>\n\n\n\n<h2><strong>1990<\/strong><\/h2>\n\n\n\n<p>Expansion of diaphragm wall technology.<\/p>\n\n\n\n<h2><strong>1991<\/strong><\/h2>\n\n\n\n<p>Change of company name to FRANKI Grundbau.<\/p>\n\n\n\n<h2><strong>2001<\/strong><\/h2>\n\n\n\n<p>The company headquarters is moved from D\u00fcsseldorf to Seevetal near Hamburg.<\/p>\n\n\n\n<h2><strong>2005<\/strong><\/h2>\n\n\n\n<p>Establishment of a share company FRANKI-KPRM Sp. z o.o. in Poland.<\/p>\n\n\n\n<h2><strong>2008<\/strong><\/h2>\n\n\n\n<p>Change of company name to <strong>FRANKI SK Sp. z o.o.<\/strong><\/p>\n\n\n\n<h2><strong>2009<\/strong><\/h2>\n\n\n\n<p>Change of the company&#8217;s registered office to <strong>Krak\u00f3w, 44 Jasnog\u00f3rska Street 31-358 Krak\u00f3w<\/strong><\/p>\n\n\n\n<h2><strong>2015<\/strong><\/h2>\n\n\n\n<p>Change of name to <strong>FRANKI POLSKA Sp. z o.o.<\/strong><\/p>\n","protected":false},"excerpt":{"rendered":"<p>Milestones: 1908 Edgard Frankignoul invents the FRANKIPFAHL, an in-situ concrete pile with an enlarged pile foot. 1910 FRANKIPFAHL is granted a patent. Foundation of the Belgian FRANKIPFAHL company. 1912 Implementation in Europe, Egypt, Russia, China and Hong Kong. 1932 Foundation of the FRANKIPFAHL construction company in D\u00fcsseldorf. 1985 Introduction of the Atlas pile. 1990 Expansion [&hellip;]<\/p>\n","protected":false},"author":1,"featured_media":173,"parent":259,"menu_order":15,"comment_status":"closed","ping_status":"closed","template":"templates\/template-about.php","meta":[],"yoast_head":"<!-- This site is optimized with the Yoast SEO plugin v16.1.1 - https:\/\/yoast.com\/wordpress\/plugins\/seo\/ -->\n<title>History - Stump Franki sp. z o.o.<\/title>\n<meta property=\"og:locale\" content=\"pl_PL\" \/>\n<meta property=\"og:type\" content=\"article\" \/>\n<meta property=\"og:title\" content=\"History - Stump Franki sp. z o.o.\" \/>\n<meta property=\"og:description\" content=\"Milestones: 1908 Edgard Frankignoul invents the FRANKIPFAHL, an in-situ concrete pile with an enlarged pile foot. 1910 FRANKIPFAHL is granted a patent. Foundation of the Belgian FRANKIPFAHL company. 1912 Implementation in Europe, Egypt, Russia, China and Hong Kong. 1932 Foundation of the FRANKIPFAHL construction company in D\u00fcsseldorf. 1985 Introduction of the Atlas pile. 1990 Expansion [&hellip;]\" \/>\n<meta property=\"og:url\" content=\"https:\/\/dev.papercut.pl\/franki\/en\/about\/history\/\" \/>\n<meta property=\"og:site_name\" content=\"Stump Franki sp. z o.o.\" \/>\n<meta property=\"article:modified_time\" content=\"2020-05-17T19:45:18+00:00\" \/>\n<meta property=\"og:image\" content=\"https:\/\/dev.papercut.pl\/franki\/wp-content\/uploads\/2020\/04\/o-nas-scaled.jpg\" \/>\n\t<meta property=\"og:image:width\" content=\"2560\" \/>\n\t<meta property=\"og:image:height\" content=\"1831\" \/>\n<meta name=\"twitter:card\" content=\"summary_large_image\" \/>\n<meta name=\"twitter:label1\" content=\"Szacowany czas czytania\">\n\t<meta name=\"twitter:data1\" content=\"1 minuta\">\n<script type=\"application\/ld+json\" class=\"yoast-schema-graph\">{\"@context\":\"https:\/\/schema.org\",\"@graph\":[{\"@type\":\"WebSite\",\"@id\":\"https:\/\/dev.papercut.pl\/franki\/#website\",\"url\":\"https:\/\/dev.papercut.pl\/franki\/\",\"name\":\"Stump Franki sp. z o.o.\",\"description\":\"\",\"potentialAction\":[{\"@type\":\"SearchAction\",\"target\":\"https:\/\/dev.papercut.pl\/franki\/?s={search_term_string}\",\"query-input\":\"required name=search_term_string\"}],\"inLanguage\":\"pl-PL\"},{\"@type\":\"ImageObject\",\"@id\":\"https:\/\/dev.papercut.pl\/franki\/en\/about\/history\/#primaryimage\",\"inLanguage\":\"pl-PL\",\"url\":\"https:\/\/dev.papercut.pl\/franki\/wp-content\/uploads\/2020\/04\/o-nas-scaled.jpg\",\"contentUrl\":\"https:\/\/dev.papercut.pl\/franki\/wp-content\/uploads\/2020\/04\/o-nas-scaled.jpg\",\"width\":2560,\"height\":1831,\"caption\":\"Historia firmy FRANKI\"},{\"@type\":\"WebPage\",\"@id\":\"https:\/\/dev.papercut.pl\/franki\/en\/about\/history\/#webpage\",\"url\":\"https:\/\/dev.papercut.pl\/franki\/en\/about\/history\/\",\"name\":\"History - Stump Franki sp. z o.o.\",\"isPartOf\":{\"@id\":\"https:\/\/dev.papercut.pl\/franki\/#website\"},\"primaryImageOfPage\":{\"@id\":\"https:\/\/dev.papercut.pl\/franki\/en\/about\/history\/#primaryimage\"},\"datePublished\":\"2020-04-18T15:10:38+00:00\",\"dateModified\":\"2020-05-17T19:45:18+00:00\",\"breadcrumb\":{\"@id\":\"https:\/\/dev.papercut.pl\/franki\/en\/about\/history\/#breadcrumb\"},\"inLanguage\":\"pl-PL\",\"potentialAction\":[{\"@type\":\"ReadAction\",\"target\":[\"https:\/\/dev.papercut.pl\/franki\/en\/about\/history\/\"]}]},{\"@type\":\"BreadcrumbList\",\"@id\":\"https:\/\/dev.papercut.pl\/franki\/en\/about\/history\/#breadcrumb\",\"itemListElement\":[{\"@type\":\"ListItem\",\"position\":1,\"item\":{\"@type\":\"WebPage\",\"@id\":\"https:\/\/dev.papercut.pl\/franki\/\",\"url\":\"https:\/\/dev.papercut.pl\/franki\/\",\"name\":\"Home\"}},{\"@type\":\"ListItem\",\"position\":2,\"item\":{\"@type\":\"WebPage\",\"@id\":\"https:\/\/dev.papercut.pl\/franki\/en\/about\/\",\"url\":\"https:\/\/dev.papercut.pl\/franki\/en\/about\/\",\"name\":\"About\"}},{\"@type\":\"ListItem\",\"position\":3,\"item\":{\"@type\":\"WebPage\",\"@id\":\"https:\/\/dev.papercut.pl\/franki\/en\/about\/history\/\",\"url\":\"https:\/\/dev.papercut.pl\/franki\/en\/about\/history\/\",\"name\":\"History\"}}]}]}<\/script>\n<!-- \/ Yoast SEO plugin. -->","_links":{"self":[{"href":"https:\/\/dev.papercut.pl\/franki\/wp-json\/wp\/v2\/pages\/261"}],"collection":[{"href":"https:\/\/dev.papercut.pl\/franki\/wp-json\/wp\/v2\/pages"}],"about":[{"href":"https:\/\/dev.papercut.pl\/franki\/wp-json\/wp\/v2\/types\/page"}],"author":[{"embeddable":true,"href":"https:\/\/dev.papercut.pl\/franki\/wp-json\/wp\/v2\/users\/1"}],"replies":[{"embeddable":true,"href":"https:\/\/dev.papercut.pl\/franki\/wp-json\/wp\/v2\/comments?post=261"}],"version-history":[{"count":2,"href":"https:\/\/dev.papercut.pl\/franki\/wp-json\/wp\/v2\/pages\/261\/revisions"}],"predecessor-version":[{"id":430,"href":"https:\/\/dev.papercut.pl\/franki\/wp-json\/wp\/v2\/pages\/261\/revisions\/430"}],"up":[{"embeddable":true,"href":"https:\/\/dev.papercut.pl\/franki\/wp-json\/wp\/v2\/pages\/259"}],"wp:featuredmedia":[{"embeddable":true,"href":"https:\/\/dev.papercut.pl\/franki\/wp-json\/wp\/v2\/media\/173"}],"wp:attachment":[{"href":"https:\/\/dev.papercut.pl\/franki\/wp-json\/wp\/v2\/media?parent=261"}],"curies":[{"name":"wp","href":"https:\/\/api.w.org\/{rel}","templated":true}]}}