{"id":131,"date":"2020-03-29T19:16:09","date_gmt":"2020-03-29T17:16:09","guid":{"rendered":"http:\/\/local.franki\/?page_id=131"},"modified":"2021-05-02T14:24:59","modified_gmt":"2021-05-02T12:24:59","slug":"praca","status":"publish","type":"page","link":"https:\/\/dev.papercut.pl\/franki\/praca\/","title":{"rendered":"Praca"},"content":{"rendered":"\n<p>Firma FRANKI POLSKA Sp. z o.o., nale\u017c\u0105ca do mi\u0119dzynarodowej Grupy FRANKI b\u0119d\u0105cej jednym z lider\u00f3w w swojej bran\u017cy w Europie poszukuje odpowiedzialnego i gotowego na podejmowanie nowych wyzna\u0144 pracownika na stanowisko:<\/p>\n","protected":false},"excerpt":{"rendered":"<p>Firma FRANKI POLSKA Sp. z o.o., nale\u017c\u0105ca do mi\u0119dzynarodowej Grupy FRANKI b\u0119d\u0105cej jednym z lider\u00f3w w swojej bran\u017cy w Europie poszukuje odpowiedzialnego i gotowego na podejmowanie nowych wyzna\u0144 pracownika na stanowisko:<\/p>\n","protected":false},"author":1,"featured_media":45,"parent":0,"menu_order":10,"comment_status":"closed","ping_status":"closed","template":"templates\/template-job.php","meta":[],"yoast_head":"<!-- This site is optimized with the Yoast SEO plugin v16.1.1 - https:\/\/yoast.com\/wordpress\/plugins\/seo\/ -->\n<title>Praca - Stump Franki sp. z o.o.<\/title>\n<meta property=\"og:locale\" content=\"pl_PL\" \/>\n<meta property=\"og:type\" content=\"article\" \/>\n<meta property=\"og:title\" content=\"Praca - Stump Franki sp. z o.o.\" \/>\n<meta property=\"og:description\" content=\"Firma FRANKI POLSKA Sp. z o.o., nale\u017c\u0105ca do mi\u0119dzynarodowej Grupy FRANKI b\u0119d\u0105cej jednym z lider\u00f3w w swojej bran\u017cy w Europie poszukuje odpowiedzialnego i gotowego na podejmowanie nowych wyzna\u0144 pracownika na stanowisko:\" \/>\n<meta property=\"og:url\" content=\"https:\/\/dev.papercut.pl\/franki\/praca\/\" \/>\n<meta property=\"og:site_name\" content=\"Stump Franki sp. z o.o.\" \/>\n<meta property=\"article:modified_time\" content=\"2021-05-02T12:24:59+00:00\" \/>\n<meta property=\"og:image\" content=\"https:\/\/dev.papercut.pl\/franki\/wp-content\/uploads\/2020\/03\/Image.png\" \/>\n\t<meta property=\"og:image:width\" content=\"812\" \/>\n\t<meta property=\"og:image:height\" content=\"420\" \/>\n<meta name=\"twitter:card\" content=\"summary_large_image\" \/>\n<meta name=\"twitter:label1\" content=\"Szacowany czas czytania\">\n\t<meta name=\"twitter:data1\" content=\"1 minuta\">\n<script type=\"application\/ld+json\" class=\"yoast-schema-graph\">{\"@context\":\"https:\/\/schema.org\",\"@graph\":[{\"@type\":\"WebSite\",\"@id\":\"https:\/\/dev.papercut.pl\/franki\/#website\",\"url\":\"https:\/\/dev.papercut.pl\/franki\/\",\"name\":\"Stump Franki sp. z o.o.\",\"description\":\"\",\"potentialAction\":[{\"@type\":\"SearchAction\",\"target\":\"https:\/\/dev.papercut.pl\/franki\/?s={search_term_string}\",\"query-input\":\"required name=search_term_string\"}],\"inLanguage\":\"pl-PL\"},{\"@type\":\"ImageObject\",\"@id\":\"https:\/\/dev.papercut.pl\/franki\/praca\/#primaryimage\",\"inLanguage\":\"pl-PL\",\"url\":\"https:\/\/dev.papercut.pl\/franki\/wp-content\/uploads\/2020\/03\/Image.png\",\"contentUrl\":\"https:\/\/dev.papercut.pl\/franki\/wp-content\/uploads\/2020\/03\/Image.png\",\"width\":812,\"height\":420},{\"@type\":\"WebPage\",\"@id\":\"https:\/\/dev.papercut.pl\/franki\/praca\/#webpage\",\"url\":\"https:\/\/dev.papercut.pl\/franki\/praca\/\",\"name\":\"Praca - Stump Franki sp. z o.o.\",\"isPartOf\":{\"@id\":\"https:\/\/dev.papercut.pl\/franki\/#website\"},\"primaryImageOfPage\":{\"@id\":\"https:\/\/dev.papercut.pl\/franki\/praca\/#primaryimage\"},\"datePublished\":\"2020-03-29T17:16:09+00:00\",\"dateModified\":\"2021-05-02T12:24:59+00:00\",\"breadcrumb\":{\"@id\":\"https:\/\/dev.papercut.pl\/franki\/praca\/#breadcrumb\"},\"inLanguage\":\"pl-PL\",\"potentialAction\":[{\"@type\":\"ReadAction\",\"target\":[\"https:\/\/dev.papercut.pl\/franki\/praca\/\"]}]},{\"@type\":\"BreadcrumbList\",\"@id\":\"https:\/\/dev.papercut.pl\/franki\/praca\/#breadcrumb\",\"itemListElement\":[{\"@type\":\"ListItem\",\"position\":1,\"item\":{\"@type\":\"WebPage\",\"@id\":\"https:\/\/dev.papercut.pl\/franki\/\",\"url\":\"https:\/\/dev.papercut.pl\/franki\/\",\"name\":\"Home\"}},{\"@type\":\"ListItem\",\"position\":2,\"item\":{\"@type\":\"WebPage\",\"@id\":\"https:\/\/dev.papercut.pl\/franki\/praca\/\",\"url\":\"https:\/\/dev.papercut.pl\/franki\/praca\/\",\"name\":\"Praca\"}}]}]}<\/script>\n<!-- \/ Yoast SEO plugin. -->","_links":{"self":[{"href":"https:\/\/dev.papercut.pl\/franki\/wp-json\/wp\/v2\/pages\/131"}],"collection":[{"href":"https:\/\/dev.papercut.pl\/franki\/wp-json\/wp\/v2\/pages"}],"about":[{"href":"https:\/\/dev.papercut.pl\/franki\/wp-json\/wp\/v2\/types\/page"}],"author":[{"embeddable":true,"href":"https:\/\/dev.papercut.pl\/franki\/wp-json\/wp\/v2\/users\/1"}],"replies":[{"embeddable":true,"href":"https:\/\/dev.papercut.pl\/franki\/wp-json\/wp\/v2\/comments?post=131"}],"version-history":[{"count":1,"href":"https:\/\/dev.papercut.pl\/franki\/wp-json\/wp\/v2\/pages\/131\/revisions"}],"predecessor-version":[{"id":132,"href":"https:\/\/dev.papercut.pl\/franki\/wp-json\/wp\/v2\/pages\/131\/revisions\/132"}],"wp:featuredmedia":[{"embeddable":true,"href":"https:\/\/dev.papercut.pl\/franki\/wp-json\/wp\/v2\/media\/45"}],"wp:attachment":[{"href":"https:\/\/dev.papercut.pl\/franki\/wp-json\/wp\/v2\/media?parent=131"}],"curies":[{"name":"wp","href":"https:\/\/api.w.org\/{rel}","templated":true}]}}